{"id":29025,"date":"2017-01-02T15:08:27","date_gmt":"2017-01-02T14:08:27","guid":{"rendered":"http:\/\/theworldbilliards.com\/?post_type=product&#038;p=29025\/"},"modified":"2023-12-11T12:33:35","modified_gmt":"2023-12-11T11:33:35","slug":"bilhar-rasson-victory-ii-plus-9ft-competicao","status":"publish","type":"product","link":"https:\/\/theworldbilliards.com\/pt-pt\/produto\/bilhar-rasson-victory-ii-plus-9ft-competicao\/","title":{"rendered":"Bilhar Rasson Victory II Plus 9ft Competi\u00e7\u00e3o"},"content":{"rendered":"<p>A Mesa Victory II tem um pedestal \u00fanico que se parece com um &#8220;V&#8221; em cada lado da mesa.<\/p>\n<p>A Victory II \u00e9 equipada com SLS desenhado e patentado por Rasson, (<strong>sistema de nivelamento de ard\u00f3sia<\/strong>) e TPR (material de bolsas)<br \/>\nCom a sua <strong>ard\u00f3sia premium de RASSON de 30 mm de espessura<\/strong>, <strong>tabelas de ADAMATH-madeira maci\u00e7a<\/strong> e <strong>borrachas das<\/strong> <strong>tabelas KLEMATCH P59 (K55)<\/strong>pool, e feixe de liga de alum\u00ednio garante a resposta mais consistente e maior longevidade.<br \/>\nAs tabelas de Adamath-madeira maci\u00e7a s\u00e3o \u00e0 prova d&#8217;\u00e1gua, fogo, arranh\u00f5es .<\/p>\n<p>Victory II \u00e9 a mesa das competi\u00e7\u00f5es mais importantes do mundo e tem \u00e0s <strong>especifica\u00e7\u00f5es exigidas pela EPBF e WPA.<\/strong><\/p>\n<p>Pano Simonis inclu\u00eddo com diversas cores \u00e1 escolha<\/p>\n<p><img loading=\"lazy\" decoding=\"async\" class=\"aligncenter size-medium wp-image-72696\" src=\"https:\/\/theworldbilliards.com\/wp-content\/uploads\/2017\/01\/simonis-300x218.jpg\" alt=\"\" width=\"300\" height=\"218\" srcset=\"https:\/\/theworldbilliards.com\/wp-content\/uploads\/2017\/01\/simonis-300x218.jpg 300w, https:\/\/theworldbilliards.com\/wp-content\/uploads\/2017\/01\/simonis-600x437.jpg 600w, https:\/\/theworldbilliards.com\/wp-content\/uploads\/2017\/01\/simonis-768x559.jpg 768w, https:\/\/theworldbilliards.com\/wp-content\/uploads\/2017\/01\/simonis-416x303.jpg 416w, https:\/\/theworldbilliards.com\/wp-content\/uploads\/2017\/01\/simonis.jpg 920w\" sizes=\"auto, (max-width: 300px) 100vw, 300px\" \/><\/p>\n<p>Para mais informa\u00e7\u00f5es contacte-nos, temos \u00e1 sua disposi\u00e7\u00e3o um t\u00e9cnico especializado para o aconselhar.<\/p>\n<p><strong>Op\u00e7\u00f5es:<\/strong>\u00a0Taqueira, Tampo de sala de jantar, Tampo de t\u00e9nis de mesa, Carrinho vertical para arrumar o tampo da mesa, Sistema multi tabelas de Bilhar\/Pool para Carambola\/Bilhar Franc\u00eas ou Snooker Ingl\u00eas.<\/p>\n<p>Montagem e transporte assegurada pelas nossas equipas t\u00e9cnicas certificadas n\u00e3o incluido<\/p>\n","protected":false},"excerpt":{"rendered":"<div class=\"woocommerce-product-details__short-description\">\n<div class=\"woocommerce-product-details__short-description\">\n<div class=\"woocommerce-product-details__short-description\">\n<div class=\"woocommerce-product-details__short-description\">\n<div class=\"woocommerce-product-details__short-description\">\n<div class=\"woocommerce-product-details__short-description\">\n<div class=\"woocommerce-product-details__short-description\">\n<p><strong>Acess\u00f3rios inclu\u00eddos :<\/strong><br \/>\n\u2022 1 Conjunto de bolas<br \/>\n\u2022 1 Tri\u00e2ngulo (em pool)<br \/>\n\u2022 4 Tacos inteiros<br \/>\n\u2022 6 Cubos de giz<br \/>\n\u2022 1 Escova<\/p>\n<div class=\"woocommerce-product-details__short-description\">\n<div class=\"woocommerce-product-details__short-description\">\n<div class=\"woocommerce-product-details__short-description\">\n<div class=\"woocommerce-product-details__short-description\">\n<div class=\"woocommerce-product-details__short-description\">\n<div class=\"woocommerce-product-details__short-description\">\n<div class=\"woocommerce-product-details__short-description\">\n<div class=\"woocommerce-product-details__short-description\">\n<p><a href=\"https:\/\/theworldbilliards.com\/pt-pt\/categoria-produto\/bilhar\/acessorios-de-bilhar\/kits-de-acessorios\/\" target=\"_blank\" rel=\"noopener\"><strong>Outras op\u00e7\u00f5es de kit de acess\u00f3rios<\/strong><\/a><\/p>\n<\/div>\n<\/div>\n<\/div>\n<\/div>\n<\/div>\n<\/div>\n<\/div>\n<\/div>\n<\/div>\n<\/div>\n<\/div>\n<\/div>\n<\/div>\n<\/div>\n<\/div>\n","protected":false},"featured_media":86150,"template":"","meta":{"site-sidebar-layout":"default","site-content-layout":"","ast-site-content-layout":"default","site-content-style":"default","site-sidebar-style":"default","ast-global-header-display":"","ast-banner-title-visibility":"","ast-main-header-display":"","ast-hfb-above-header-display":"","ast-hfb-below-header-display":"","ast-hfb-mobile-header-display":"","site-post-title":"","ast-breadcrumbs-content":"","ast-featured-img":"","footer-sml-layout":"","ast-disable-related-posts":"","theme-transparent-header-meta":"default","adv-header-id-meta":"","stick-header-meta":"","header-above-stick-meta":"","header-main-stick-meta":"","header-below-stick-meta":"","astra-migrate-meta-layouts":"default","ast-page-background-enabled":"default","ast-page-background-meta":{"desktop":{"background-color":"var(--ast-global-color-4)","background-image":"","background-repeat":"repeat","background-position":"center center","background-size":"auto","background-attachment":"scroll","background-type":"","background-media":"","overlay-type":"","overlay-color":"","overlay-opacity":"","overlay-gradient":""},"tablet":{"background-color":"","background-image":"","background-repeat":"repeat","background-position":"center center","background-size":"auto","background-attachment":"scroll","background-type":"","background-media":"","overlay-type":"","overlay-color":"","overlay-opacity":"","overlay-gradient":""},"mobile":{"background-color":"","background-image":"","background-repeat":"repeat","background-position":"center center","background-size":"auto","background-attachment":"scroll","background-type":"","background-media":"","overlay-type":"","overlay-color":"","overlay-opacity":"","overlay-gradient":""}},"ast-content-background-meta":{"desktop":{"background-color":"var(--ast-global-color-5)","background-image":"","background-repeat":"repeat","background-position":"center center","background-size":"auto","background-attachment":"scroll","background-type":"","background-media":"","overlay-type":"","overlay-color":"","overlay-opacity":"","overlay-gradient":""},"tablet":{"background-color":"var(--ast-global-color-5)","background-image":"","background-repeat":"repeat","background-position":"center center","background-size":"auto","background-attachment":"scroll","background-type":"","background-media":"","overlay-type":"","overlay-color":"","overlay-opacity":"","overlay-gradient":""},"mobile":{"background-color":"var(--ast-global-color-5)","background-image":"","background-repeat":"repeat","background-position":"center center","background-size":"auto","background-attachment":"scroll","background-type":"","background-media":"","overlay-type":"","overlay-color":"","overlay-opacity":"","overlay-gradient":""}}},"product_brand":[5223],"product_cat":[1143],"product_tag":[],"class_list":{"0":"post-29025","1":"product","2":"type-product","3":"status-publish","4":"has-post-thumbnail","6":"product_brand-rasson-billiards-pt-pt","7":"product_cat-bilhar-de-competicao","8":"product_shipping_class-bilhares","9":"desktop-align-center","10":"tablet-align-left","11":"mobile-align-left","13":"first","14":"onbackorder","15":"taxable","16":"shipping-taxable","17":"product-type-simple"},"yoast_head":"<!-- This site is optimized with the Yoast SEO plugin v27.4 - https:\/\/yoast.com\/product\/yoast-seo-wordpress\/ -->\n<title>Bilhar Rasson Victory II Plus 9ft Competi\u00e7\u00e3o - The World Billiards<\/title>\n<meta name=\"description\" content=\"A Mesa Victory II tem um pedestal \u00fanico que se parece com um &quot;V&quot; em cada lado da mesa.  A Victory II \u00e9 equipada com SLS desenhado e patentado por Rasson, (sistema de nivelamento de ard\u00f3sia) e TPR (material de bolsas) Com a sua ard\u00f3sia premium de RASSON de 30 mm de espessura, tabelas de ADAMATH-madeira maci\u00e7a e borrachas das tabelas KLEMATCH P59 (K55)pool, e feixe de liga de alum\u00ednio garante a resposta mais consistente e maior longevidade. As tabelas de Adamath-madeira maci\u00e7a s\u00e3o \u00e0 prova d&#039;\u00e1gua, fogo, arranh\u00f5es .  Victory II \u00e9 a mesa das competi\u00e7\u00f5es mais importantes do mundo e tem \u00e0s especifica\u00e7\u00f5es exigidas pela EPBF e WPA.  Pano Simonis inclu\u00eddo com diversas cores \u00e1 escolha    Para mais informa\u00e7\u00f5es contacte-nos, temos \u00e1 sua disposi\u00e7\u00e3o um t\u00e9cnico especializado para o aconselhar.  Op\u00e7\u00f5es:\u00a0Taqueira, Tampo de sala de jantar, Tampo de t\u00e9nis de mesa, Carrinho vertical para arrumar o tampo da mesa, Sistema multi tabelas de Bilhar\/Pool para Carambola\/Bilhar Franc\u00eas ou Snooker Ingl\u00eas.  Montagem e transporte assegurada pelas nossas equipas t\u00e9cnicas certificadas n\u00e3o incluido\" \/>\n<meta name=\"robots\" content=\"index, follow, max-snippet:-1, max-image-preview:large, max-video-preview:-1\" \/>\n<link rel=\"canonical\" href=\"https:\/\/theworldbilliards.com\/pt-pt\/produto\/bilhar-rasson-victory-ii-plus-9ft-competicao\/\" \/>\n<meta property=\"og:locale\" content=\"pt_PT\" \/>\n<meta property=\"og:type\" content=\"article\" \/>\n<meta property=\"og:title\" content=\"Bilhar Rasson Victory II Plus 9ft Competi\u00e7\u00e3o - The World Billiards\" \/>\n<meta property=\"og:description\" content=\"A Mesa Victory II tem um pedestal \u00fanico que se parece com um &quot;V&quot; em cada lado da mesa.  A Victory II \u00e9 equipada com SLS desenhado e patentado por Rasson, (sistema de nivelamento de ard\u00f3sia) e TPR (material de bolsas) Com a sua ard\u00f3sia premium de RASSON de 30 mm de espessura, tabelas de ADAMATH-madeira maci\u00e7a e borrachas das tabelas KLEMATCH P59 (K55)pool, e feixe de liga de alum\u00ednio garante a resposta mais consistente e maior longevidade. As tabelas de Adamath-madeira maci\u00e7a s\u00e3o \u00e0 prova d&#039;\u00e1gua, fogo, arranh\u00f5es .  Victory II \u00e9 a mesa das competi\u00e7\u00f5es mais importantes do mundo e tem \u00e0s especifica\u00e7\u00f5es exigidas pela EPBF e WPA.  Pano Simonis inclu\u00eddo com diversas cores \u00e1 escolha    Para mais informa\u00e7\u00f5es contacte-nos, temos \u00e1 sua disposi\u00e7\u00e3o um t\u00e9cnico especializado para o aconselhar.  Op\u00e7\u00f5es:\u00a0Taqueira, Tampo de sala de jantar, Tampo de t\u00e9nis de mesa, Carrinho vertical para arrumar o tampo da mesa, Sistema multi tabelas de Bilhar\/Pool para Carambola\/Bilhar Franc\u00eas ou Snooker Ingl\u00eas.  Montagem e transporte assegurada pelas nossas equipas t\u00e9cnicas certificadas n\u00e3o incluido\" \/>\n<meta property=\"og:url\" content=\"https:\/\/theworldbilliards.com\/pt-pt\/produto\/bilhar-rasson-victory-ii-plus-9ft-competicao\/\" \/>\n<meta property=\"og:site_name\" content=\"The World Billiards\" \/>\n<meta property=\"article:publisher\" content=\"https:\/\/www.facebook.com\/baby.foot.superbes\" \/>\n<meta property=\"article:modified_time\" content=\"2023-12-11T11:33:35+00:00\" \/>\n<meta property=\"og:image\" content=\"https:\/\/theworldbilliards.com\/wp-content\/uploads\/2017\/01\/Rasson-Victori-II-Plus-9ft.png\" \/>\n\t<meta property=\"og:image:width\" content=\"1248\" \/>\n\t<meta property=\"og:image:height\" content=\"1248\" \/>\n\t<meta property=\"og:image:type\" content=\"image\/png\" \/>\n<meta name=\"twitter:card\" content=\"summary_large_image\" \/>\n<script type=\"application\/ld+json\" class=\"yoast-schema-graph\">{\"@context\":\"https:\\\/\\\/schema.org\",\"@graph\":[{\"@type\":\"WebPage\",\"@id\":\"https:\\\/\\\/theworldbilliards.com\\\/pt-pt\\\/produto\\\/bilhar-rasson-victory-ii-plus-9ft-competicao\\\/\",\"url\":\"https:\\\/\\\/theworldbilliards.com\\\/pt-pt\\\/produto\\\/bilhar-rasson-victory-ii-plus-9ft-competicao\\\/\",\"name\":\"Bilhar Rasson Victory II Plus 9ft Competi\u00e7\u00e3o - The World Billiards\",\"isPartOf\":{\"@id\":\"https:\\\/\\\/theworldbilliards.com\\\/pt-pt\\\/#website\"},\"primaryImageOfPage\":{\"@id\":\"https:\\\/\\\/theworldbilliards.com\\\/pt-pt\\\/produto\\\/bilhar-rasson-victory-ii-plus-9ft-competicao\\\/#primaryimage\"},\"image\":{\"@id\":\"https:\\\/\\\/theworldbilliards.com\\\/pt-pt\\\/produto\\\/bilhar-rasson-victory-ii-plus-9ft-competicao\\\/#primaryimage\"},\"thumbnailUrl\":\"https:\\\/\\\/theworldbilliards.com\\\/wp-content\\\/uploads\\\/2017\\\/01\\\/Rasson-Victori-II-Plus-9ft.png\",\"datePublished\":\"2017-01-02T14:08:27+00:00\",\"dateModified\":\"2023-12-11T11:33:35+00:00\",\"description\":\"A Mesa Victory II tem um pedestal \u00fanico que se parece com um \\\"V\\\" em cada lado da mesa. A Victory II \u00e9 equipada com SLS desenhado e patentado por Rasson, (sistema de nivelamento de ard\u00f3sia) e TPR (material de bolsas) Com a sua ard\u00f3sia premium de RASSON de 30 mm de espessura, tabelas de ADAMATH-madeira maci\u00e7a e borrachas das tabelas KLEMATCH P59 (K55)pool, e feixe de liga de alum\u00ednio garante a resposta mais consistente e maior longevidade. As tabelas de Adamath-madeira maci\u00e7a s\u00e3o \u00e0 prova d'\u00e1gua, fogo, arranh\u00f5es . Victory II \u00e9 a mesa das competi\u00e7\u00f5es mais importantes do mundo e tem \u00e0s especifica\u00e7\u00f5es exigidas pela EPBF e WPA. Pano Simonis inclu\u00eddo com diversas cores \u00e1 escolha Para mais informa\u00e7\u00f5es contacte-nos, temos \u00e1 sua disposi\u00e7\u00e3o um t\u00e9cnico especializado para o aconselhar. Op\u00e7\u00f5es:\u00a0Taqueira, Tampo de sala de jantar, Tampo de t\u00e9nis de mesa, Carrinho vertical para arrumar o tampo da mesa, Sistema multi tabelas de Bilhar\\\/Pool para Carambola\\\/Bilhar Franc\u00eas ou Snooker Ingl\u00eas. Montagem e transporte assegurada pelas nossas equipas t\u00e9cnicas certificadas n\u00e3o incluido\",\"breadcrumb\":{\"@id\":\"https:\\\/\\\/theworldbilliards.com\\\/pt-pt\\\/produto\\\/bilhar-rasson-victory-ii-plus-9ft-competicao\\\/#breadcrumb\"},\"inLanguage\":\"pt-PT\",\"potentialAction\":[{\"@type\":\"ReadAction\",\"target\":[\"https:\\\/\\\/theworldbilliards.com\\\/pt-pt\\\/produto\\\/bilhar-rasson-victory-ii-plus-9ft-competicao\\\/\"]}]},{\"@type\":\"ImageObject\",\"inLanguage\":\"pt-PT\",\"@id\":\"https:\\\/\\\/theworldbilliards.com\\\/pt-pt\\\/produto\\\/bilhar-rasson-victory-ii-plus-9ft-competicao\\\/#primaryimage\",\"url\":\"https:\\\/\\\/theworldbilliards.com\\\/wp-content\\\/uploads\\\/2017\\\/01\\\/Rasson-Victori-II-Plus-9ft.png\",\"contentUrl\":\"https:\\\/\\\/theworldbilliards.com\\\/wp-content\\\/uploads\\\/2017\\\/01\\\/Rasson-Victori-II-Plus-9ft.png\",\"width\":1248,\"height\":1248},{\"@type\":\"BreadcrumbList\",\"@id\":\"https:\\\/\\\/theworldbilliards.com\\\/pt-pt\\\/produto\\\/bilhar-rasson-victory-ii-plus-9ft-competicao\\\/#breadcrumb\",\"itemListElement\":[{\"@type\":\"ListItem\",\"position\":1,\"name\":\"In\u00edcio\",\"item\":\"https:\\\/\\\/theworldbilliards.com\\\/pt-pt\\\/\"},{\"@type\":\"ListItem\",\"position\":2,\"name\":\"Loja online\",\"item\":\"https:\\\/\\\/theworldbilliards.com\\\/pt-pt\\\/loja-theworldbilliards\\\/\"},{\"@type\":\"ListItem\",\"position\":3,\"name\":\"Bilhar Rasson Victory II Plus 9ft Competi\u00e7\u00e3o\"}]},{\"@type\":\"WebSite\",\"@id\":\"https:\\\/\\\/theworldbilliards.com\\\/pt-pt\\\/#website\",\"url\":\"https:\\\/\\\/theworldbilliards.com\\\/pt-pt\\\/\",\"name\":\"TheWorldBilliards\",\"description\":\"Compre aqui bilhar, matraquilho, t\u00eanis de mesa e bowling\",\"publisher\":{\"@id\":\"https:\\\/\\\/theworldbilliards.com\\\/pt-pt\\\/#organization\"},\"alternateName\":\"The world billiards\",\"potentialAction\":[{\"@type\":\"SearchAction\",\"target\":{\"@type\":\"EntryPoint\",\"urlTemplate\":\"https:\\\/\\\/theworldbilliards.com\\\/pt-pt\\\/?s={search_term_string}\"},\"query-input\":{\"@type\":\"PropertyValueSpecification\",\"valueRequired\":true,\"valueName\":\"search_term_string\"}}],\"inLanguage\":\"pt-PT\"},{\"@type\":\"Organization\",\"@id\":\"https:\\\/\\\/theworldbilliards.com\\\/pt-pt\\\/#organization\",\"name\":\"The World Billiards\",\"alternateName\":\"The World Billiards\",\"url\":\"https:\\\/\\\/theworldbilliards.com\\\/pt-pt\\\/\",\"logo\":{\"@type\":\"ImageObject\",\"inLanguage\":\"pt-PT\",\"@id\":\"https:\\\/\\\/theworldbilliards.com\\\/pt-pt\\\/#\\\/schema\\\/logo\\\/image\\\/\",\"url\":\"\",\"contentUrl\":\"\",\"caption\":\"The World Billiards\"},\"image\":{\"@id\":\"https:\\\/\\\/theworldbilliards.com\\\/pt-pt\\\/#\\\/schema\\\/logo\\\/image\\\/\"},\"sameAs\":[\"https:\\\/\\\/www.facebook.com\\\/baby.foot.superbes\",\"https:\\\/\\\/www.youtube.com\\\/channel\\\/UCIMuOVAaUcH6UpZcsZlH0Tg\",\"https:\\\/\\\/www.facebook.com\\\/people\\\/Brunswick-Billiards-EspaaPortugal\\\/100066446264309\\\/\",\"https:\\\/\\\/www.instagram.com\\\/the_world_billiards\\\/\",\"https:\\\/\\\/www.pinterest.es\\\/Theworldbilliards\\\/\"]}]}<\/script>\n<!-- \/ Yoast SEO plugin. -->","yoast_head_json":{"title":"Bilhar Rasson Victory II Plus 9ft Competi\u00e7\u00e3o - The World Billiards","description":"A Mesa Victory II tem um pedestal \u00fanico que se parece com um \"V\" em cada lado da mesa.  A Victory II \u00e9 equipada com SLS desenhado e patentado por Rasson, (sistema de nivelamento de ard\u00f3sia) e TPR (material de bolsas) Com a sua ard\u00f3sia premium de RASSON de 30 mm de espessura, tabelas de ADAMATH-madeira maci\u00e7a e borrachas das tabelas KLEMATCH P59 (K55)pool, e feixe de liga de alum\u00ednio garante a resposta mais consistente e maior longevidade. As tabelas de Adamath-madeira maci\u00e7a s\u00e3o \u00e0 prova d'\u00e1gua, fogo, arranh\u00f5es .  Victory II \u00e9 a mesa das competi\u00e7\u00f5es mais importantes do mundo e tem \u00e0s especifica\u00e7\u00f5es exigidas pela EPBF e WPA.  Pano Simonis inclu\u00eddo com diversas cores \u00e1 escolha    Para mais informa\u00e7\u00f5es contacte-nos, temos \u00e1 sua disposi\u00e7\u00e3o um t\u00e9cnico especializado para o aconselhar.  Op\u00e7\u00f5es:\u00a0Taqueira, Tampo de sala de jantar, Tampo de t\u00e9nis de mesa, Carrinho vertical para arrumar o tampo da mesa, Sistema multi tabelas de Bilhar\/Pool para Carambola\/Bilhar Franc\u00eas ou Snooker Ingl\u00eas.  Montagem e transporte assegurada pelas nossas equipas t\u00e9cnicas certificadas n\u00e3o incluido","robots":{"index":"index","follow":"follow","max-snippet":"max-snippet:-1","max-image-preview":"max-image-preview:large","max-video-preview":"max-video-preview:-1"},"canonical":"https:\/\/theworldbilliards.com\/pt-pt\/produto\/bilhar-rasson-victory-ii-plus-9ft-competicao\/","og_locale":"pt_PT","og_type":"article","og_title":"Bilhar Rasson Victory II Plus 9ft Competi\u00e7\u00e3o - The World Billiards","og_description":"A Mesa Victory II tem um pedestal \u00fanico que se parece com um \"V\" em cada lado da mesa.  A Victory II \u00e9 equipada com SLS desenhado e patentado por Rasson, (sistema de nivelamento de ard\u00f3sia) e TPR (material de bolsas) Com a sua ard\u00f3sia premium de RASSON de 30 mm de espessura, tabelas de ADAMATH-madeira maci\u00e7a e borrachas das tabelas KLEMATCH P59 (K55)pool, e feixe de liga de alum\u00ednio garante a resposta mais consistente e maior longevidade. As tabelas de Adamath-madeira maci\u00e7a s\u00e3o \u00e0 prova d'\u00e1gua, fogo, arranh\u00f5es .  Victory II \u00e9 a mesa das competi\u00e7\u00f5es mais importantes do mundo e tem \u00e0s especifica\u00e7\u00f5es exigidas pela EPBF e WPA.  Pano Simonis inclu\u00eddo com diversas cores \u00e1 escolha    Para mais informa\u00e7\u00f5es contacte-nos, temos \u00e1 sua disposi\u00e7\u00e3o um t\u00e9cnico especializado para o aconselhar.  Op\u00e7\u00f5es:\u00a0Taqueira, Tampo de sala de jantar, Tampo de t\u00e9nis de mesa, Carrinho vertical para arrumar o tampo da mesa, Sistema multi tabelas de Bilhar\/Pool para Carambola\/Bilhar Franc\u00eas ou Snooker Ingl\u00eas.  Montagem e transporte assegurada pelas nossas equipas t\u00e9cnicas certificadas n\u00e3o incluido","og_url":"https:\/\/theworldbilliards.com\/pt-pt\/produto\/bilhar-rasson-victory-ii-plus-9ft-competicao\/","og_site_name":"The World Billiards","article_publisher":"https:\/\/www.facebook.com\/baby.foot.superbes","article_modified_time":"2023-12-11T11:33:35+00:00","og_image":[{"width":1248,"height":1248,"url":"https:\/\/theworldbilliards.com\/wp-content\/uploads\/2017\/01\/Rasson-Victori-II-Plus-9ft.png","type":"image\/png"}],"twitter_card":"summary_large_image","schema":{"@context":"https:\/\/schema.org","@graph":[{"@type":"WebPage","@id":"https:\/\/theworldbilliards.com\/pt-pt\/produto\/bilhar-rasson-victory-ii-plus-9ft-competicao\/","url":"https:\/\/theworldbilliards.com\/pt-pt\/produto\/bilhar-rasson-victory-ii-plus-9ft-competicao\/","name":"Bilhar Rasson Victory II Plus 9ft Competi\u00e7\u00e3o - The World Billiards","isPartOf":{"@id":"https:\/\/theworldbilliards.com\/pt-pt\/#website"},"primaryImageOfPage":{"@id":"https:\/\/theworldbilliards.com\/pt-pt\/produto\/bilhar-rasson-victory-ii-plus-9ft-competicao\/#primaryimage"},"image":{"@id":"https:\/\/theworldbilliards.com\/pt-pt\/produto\/bilhar-rasson-victory-ii-plus-9ft-competicao\/#primaryimage"},"thumbnailUrl":"https:\/\/theworldbilliards.com\/wp-content\/uploads\/2017\/01\/Rasson-Victori-II-Plus-9ft.png","datePublished":"2017-01-02T14:08:27+00:00","dateModified":"2023-12-11T11:33:35+00:00","description":"A Mesa Victory II tem um pedestal \u00fanico que se parece com um \"V\" em cada lado da mesa. A Victory II \u00e9 equipada com SLS desenhado e patentado por Rasson, (sistema de nivelamento de ard\u00f3sia) e TPR (material de bolsas) Com a sua ard\u00f3sia premium de RASSON de 30 mm de espessura, tabelas de ADAMATH-madeira maci\u00e7a e borrachas das tabelas KLEMATCH P59 (K55)pool, e feixe de liga de alum\u00ednio garante a resposta mais consistente e maior longevidade. As tabelas de Adamath-madeira maci\u00e7a s\u00e3o \u00e0 prova d'\u00e1gua, fogo, arranh\u00f5es . Victory II \u00e9 a mesa das competi\u00e7\u00f5es mais importantes do mundo e tem \u00e0s especifica\u00e7\u00f5es exigidas pela EPBF e WPA. Pano Simonis inclu\u00eddo com diversas cores \u00e1 escolha Para mais informa\u00e7\u00f5es contacte-nos, temos \u00e1 sua disposi\u00e7\u00e3o um t\u00e9cnico especializado para o aconselhar. Op\u00e7\u00f5es:\u00a0Taqueira, Tampo de sala de jantar, Tampo de t\u00e9nis de mesa, Carrinho vertical para arrumar o tampo da mesa, Sistema multi tabelas de Bilhar\/Pool para Carambola\/Bilhar Franc\u00eas ou Snooker Ingl\u00eas. Montagem e transporte assegurada pelas nossas equipas t\u00e9cnicas certificadas n\u00e3o incluido","breadcrumb":{"@id":"https:\/\/theworldbilliards.com\/pt-pt\/produto\/bilhar-rasson-victory-ii-plus-9ft-competicao\/#breadcrumb"},"inLanguage":"pt-PT","potentialAction":[{"@type":"ReadAction","target":["https:\/\/theworldbilliards.com\/pt-pt\/produto\/bilhar-rasson-victory-ii-plus-9ft-competicao\/"]}]},{"@type":"ImageObject","inLanguage":"pt-PT","@id":"https:\/\/theworldbilliards.com\/pt-pt\/produto\/bilhar-rasson-victory-ii-plus-9ft-competicao\/#primaryimage","url":"https:\/\/theworldbilliards.com\/wp-content\/uploads\/2017\/01\/Rasson-Victori-II-Plus-9ft.png","contentUrl":"https:\/\/theworldbilliards.com\/wp-content\/uploads\/2017\/01\/Rasson-Victori-II-Plus-9ft.png","width":1248,"height":1248},{"@type":"BreadcrumbList","@id":"https:\/\/theworldbilliards.com\/pt-pt\/produto\/bilhar-rasson-victory-ii-plus-9ft-competicao\/#breadcrumb","itemListElement":[{"@type":"ListItem","position":1,"name":"In\u00edcio","item":"https:\/\/theworldbilliards.com\/pt-pt\/"},{"@type":"ListItem","position":2,"name":"Loja online","item":"https:\/\/theworldbilliards.com\/pt-pt\/loja-theworldbilliards\/"},{"@type":"ListItem","position":3,"name":"Bilhar Rasson Victory II Plus 9ft Competi\u00e7\u00e3o"}]},{"@type":"WebSite","@id":"https:\/\/theworldbilliards.com\/pt-pt\/#website","url":"https:\/\/theworldbilliards.com\/pt-pt\/","name":"TheWorldBilliards","description":"Compre aqui bilhar, matraquilho, t\u00eanis de mesa e bowling","publisher":{"@id":"https:\/\/theworldbilliards.com\/pt-pt\/#organization"},"alternateName":"The world billiards","potentialAction":[{"@type":"SearchAction","target":{"@type":"EntryPoint","urlTemplate":"https:\/\/theworldbilliards.com\/pt-pt\/?s={search_term_string}"},"query-input":{"@type":"PropertyValueSpecification","valueRequired":true,"valueName":"search_term_string"}}],"inLanguage":"pt-PT"},{"@type":"Organization","@id":"https:\/\/theworldbilliards.com\/pt-pt\/#organization","name":"The World Billiards","alternateName":"The World Billiards","url":"https:\/\/theworldbilliards.com\/pt-pt\/","logo":{"@type":"ImageObject","inLanguage":"pt-PT","@id":"https:\/\/theworldbilliards.com\/pt-pt\/#\/schema\/logo\/image\/","url":"","contentUrl":"","caption":"The World Billiards"},"image":{"@id":"https:\/\/theworldbilliards.com\/pt-pt\/#\/schema\/logo\/image\/"},"sameAs":["https:\/\/www.facebook.com\/baby.foot.superbes","https:\/\/www.youtube.com\/channel\/UCIMuOVAaUcH6UpZcsZlH0Tg","https:\/\/www.facebook.com\/people\/Brunswick-Billiards-EspaaPortugal\/100066446264309\/","https:\/\/www.instagram.com\/the_world_billiards\/","https:\/\/www.pinterest.es\/Theworldbilliards\/"]}]}},"_links":{"self":[{"href":"https:\/\/theworldbilliards.com\/pt-pt\/wp-json\/wp\/v2\/product\/29025","targetHints":{"allow":["GET"]}}],"collection":[{"href":"https:\/\/theworldbilliards.com\/pt-pt\/wp-json\/wp\/v2\/product"}],"about":[{"href":"https:\/\/theworldbilliards.com\/pt-pt\/wp-json\/wp\/v2\/types\/product"}],"wp:featuredmedia":[{"embeddable":true,"href":"https:\/\/theworldbilliards.com\/pt-pt\/wp-json\/wp\/v2\/media\/86150"}],"wp:attachment":[{"href":"https:\/\/theworldbilliards.com\/pt-pt\/wp-json\/wp\/v2\/media?parent=29025"}],"wp:term":[{"taxonomy":"product_brand","embeddable":true,"href":"https:\/\/theworldbilliards.com\/pt-pt\/wp-json\/wp\/v2\/product_brand?post=29025"},{"taxonomy":"product_cat","embeddable":true,"href":"https:\/\/theworldbilliards.com\/pt-pt\/wp-json\/wp\/v2\/product_cat?post=29025"},{"taxonomy":"product_tag","embeddable":true,"href":"https:\/\/theworldbilliards.com\/pt-pt\/wp-json\/wp\/v2\/product_tag?post=29025"}],"curies":[{"name":"wp","href":"https:\/\/api.w.org\/{rel}","templated":true}]}}