{"id":29320,"date":"2017-01-03T14:26:51","date_gmt":"2017-01-03T13:26:51","guid":{"rendered":"http:\/\/theworldbilliards.com\/?post_type=product&#038;p=29320\/"},"modified":"2026-03-26T12:40:11","modified_gmt":"2026-03-26T11:40:11","slug":"bilhar-snooker-delta-7ft","status":"publish","type":"product","link":"https:\/\/theworldbilliards.com\/pt-pt\/produto\/bilhar-snooker-delta-7ft\/","title":{"rendered":"Bilhar snooker Delta 7ft"},"content":{"rendered":"<p>Fabricada com os melhores materiais cuidadosamente escolhidos<\/p>\n<p>Personalize o bilhar ao seu gosto, escolhendo o acabamento, a cor do tecido, o tamanho e o modo de jogo<\/p>\n<p>Ard\u00f3sia certificada<\/p>\n<p>Bolsos em pele preta (exceto bilhar franc\u00eas)<\/p>\n<p>Op\u00e7\u00f5es n\u00e3o inclu\u00eddas:<\/p>\n<ul>\n<li>Madeira maci\u00e7a<\/li>\n<li>Possibilidade de acabamento de acordo com a amostra enviada pelo cliente<\/li>\n<li>Pano anti-manchas Pro Cup Teflon e competi\u00e7\u00e3o Pro Cup Tournament, Gorina, Simonis, Championship e Brunswick Centennial<\/li>\n<li>Tampos de mesa<\/li>\n<li>Tampos de ping-pong<\/li>\n<li>Carrinho para arrumar tampas<\/li>\n<li>Kit convert\u00edvel de bilhar americano para bilhar franc\u00eas ou de bilhar americano para bilhar ingl\u00eas.<\/li>\n<li>Transporte e montagem realizados pelas nossas equipas t\u00e9cnicas certificadas<\/li>\n<\/ul>\n","protected":false},"excerpt":{"rendered":"<p><strong>Acess\u00f3rios inclu\u00eddos :<\/strong><br \/>\n\u2022 1 Conjunto de bolas<br \/>\n\u2022 1 Tri\u00e2ngulo (em pool)<br \/>\n\u2022 4 Tacos inteiros<br \/>\n\u2022 6 Cubos de giz<br \/>\n\u2022 1 Escova<\/p>\n<p><a href=\"https:\/\/theworldbilliards.com\/pt-pt\/categoria-produto\/bilhares\/acessorios-de-bilhar\/kits-de-acessorios\/\" target=\"_blank\" rel=\"noopener\"><strong>Outras op\u00e7\u00f5es de kit de acess\u00f3rios<\/strong><\/a><strong><a href=\"https:\/\/theworldbilliards.com\/pt-pt\/categoria-produto\/bilhares\/acessorios-de-bilhar\/kits-de-acessorios\/\" target=\"_blank\" rel=\"noopener\"><img loading=\"lazy\" decoding=\"async\" class=\"alignnone wp-image-103074\" src=\"https:\/\/theworldbilliards.com\/wp-content\/uploads\/2024\/04\/Brunswick-kit-centennial-300x189.jpg\" alt=\"\" width=\"200\" height=\"126\" srcset=\"https:\/\/theworldbilliards.com\/wp-content\/uploads\/2024\/04\/Brunswick-kit-centennial-300x189.jpg 300w, https:\/\/theworldbilliards.com\/wp-content\/uploads\/2024\/04\/Brunswick-kit-centennial-600x379.jpg 600w, https:\/\/theworldbilliards.com\/wp-content\/uploads\/2024\/04\/Brunswick-kit-centennial.jpg 708w\" sizes=\"auto, (max-width: 200px) 100vw, 200px\" \/><\/a><\/strong><\/p>\n","protected":false},"featured_media":49579,"template":"","meta":{"site-sidebar-layout":"default","site-content-layout":"","ast-site-content-layout":"default","site-content-style":"default","site-sidebar-style":"default","ast-global-header-display":"","ast-banner-title-visibility":"","ast-main-header-display":"","ast-hfb-above-header-display":"","ast-hfb-below-header-display":"","ast-hfb-mobile-header-display":"","site-post-title":"","ast-breadcrumbs-content":"","ast-featured-img":"","footer-sml-layout":"","ast-disable-related-posts":"","theme-transparent-header-meta":"default","adv-header-id-meta":"","stick-header-meta":"","header-above-stick-meta":"","header-main-stick-meta":"","header-below-stick-meta":"","astra-migrate-meta-layouts":"default","ast-page-background-enabled":"default","ast-page-background-meta":{"desktop":{"background-color":"var(--ast-global-color-4)","background-image":"","background-repeat":"repeat","background-position":"center center","background-size":"auto","background-attachment":"scroll","background-type":"","background-media":"","overlay-type":"","overlay-color":"","overlay-opacity":"","overlay-gradient":""},"tablet":{"background-color":"","background-image":"","background-repeat":"repeat","background-position":"center center","background-size":"auto","background-attachment":"scroll","background-type":"","background-media":"","overlay-type":"","overlay-color":"","overlay-opacity":"","overlay-gradient":""},"mobile":{"background-color":"","background-image":"","background-repeat":"repeat","background-position":"center center","background-size":"auto","background-attachment":"scroll","background-type":"","background-media":"","overlay-type":"","overlay-color":"","overlay-opacity":"","overlay-gradient":""}},"ast-content-background-meta":{"desktop":{"background-color":"var(--ast-global-color-5)","background-image":"","background-repeat":"repeat","background-position":"center center","background-size":"auto","background-attachment":"scroll","background-type":"","background-media":"","overlay-type":"","overlay-color":"","overlay-opacity":"","overlay-gradient":""},"tablet":{"background-color":"var(--ast-global-color-5)","background-image":"","background-repeat":"repeat","background-position":"center center","background-size":"auto","background-attachment":"scroll","background-type":"","background-media":"","overlay-type":"","overlay-color":"","overlay-opacity":"","overlay-gradient":""},"mobile":{"background-color":"var(--ast-global-color-5)","background-image":"","background-repeat":"repeat","background-position":"center center","background-size":"auto","background-attachment":"scroll","background-type":"","background-media":"","overlay-type":"","overlay-color":"","overlay-opacity":"","overlay-gradient":""}}},"product_brand":[5219],"product_cat":[5346],"product_tag":[],"class_list":{"0":"post-29320","1":"product","2":"type-product","3":"status-publish","4":"has-post-thumbnail","6":"product_brand-twb-the-world-billiards-pt-pt","7":"product_cat-bilhares-twb-7ft","8":"product_shipping_class-bilhares-7ft","9":"desktop-align-center","10":"tablet-align-left","11":"mobile-align-left","13":"first","14":"instock","15":"taxable","16":"shipping-taxable","17":"purchasable","18":"product-type-variable"},"yoast_head":"<!-- This site is optimized with the Yoast SEO plugin v27.3 - https:\/\/yoast.com\/product\/yoast-seo-wordpress\/ -->\n<title>Bilhar snooker Delta 7ft - The World Billiards<\/title>\n<meta name=\"description\" content=\"Fabricada com os melhores materiais cuidadosamente escolhidos  Personalize o bilhar ao seu gosto, escolhendo o acabamento, a cor do tecido, o tamanho e o modo de jogo  Ard\u00f3sia certificada  Bolsos em pele preta (exceto bilhar franc\u00eas)  Op\u00e7\u00f5es n\u00e3o inclu\u00eddas:   Madeira maci\u00e7a  Possibilidade de acabamento de acordo com a amostra enviada pelo cliente  Pano anti-manchas Pro Cup Teflon e competi\u00e7\u00e3o Pro Cup Tournament, Gorina, Simonis, Championship e Brunswick Centennial  Tampos de mesa  Tampos de ping-pong  Carrinho para arrumar tampas  Kit convert\u00edvel de bilhar americano para bilhar franc\u00eas ou de bilhar americano para bilhar ingl\u00eas.  Transporte e montagem realizados pelas nossas equipas t\u00e9cnicas certificadas\" \/>\n<meta name=\"robots\" content=\"index, follow, max-snippet:-1, max-image-preview:large, max-video-preview:-1\" \/>\n<link rel=\"canonical\" href=\"https:\/\/theworldbilliards.com\/pt-pt\/produto\/bilhar-snooker-delta-7ft\/\" \/>\n<meta property=\"og:locale\" content=\"pt_PT\" \/>\n<meta property=\"og:type\" content=\"article\" \/>\n<meta property=\"og:title\" content=\"Bilhar snooker Delta 7ft - The World Billiards\" \/>\n<meta property=\"og:description\" content=\"Fabricada com os melhores materiais cuidadosamente escolhidos  Personalize o bilhar ao seu gosto, escolhendo o acabamento, a cor do tecido, o tamanho e o modo de jogo  Ard\u00f3sia certificada  Bolsos em pele preta (exceto bilhar franc\u00eas)  Op\u00e7\u00f5es n\u00e3o inclu\u00eddas:   Madeira maci\u00e7a  Possibilidade de acabamento de acordo com a amostra enviada pelo cliente  Pano anti-manchas Pro Cup Teflon e competi\u00e7\u00e3o Pro Cup Tournament, Gorina, Simonis, Championship e Brunswick Centennial  Tampos de mesa  Tampos de ping-pong  Carrinho para arrumar tampas  Kit convert\u00edvel de bilhar americano para bilhar franc\u00eas ou de bilhar americano para bilhar ingl\u00eas.  Transporte e montagem realizados pelas nossas equipas t\u00e9cnicas certificadas\" \/>\n<meta property=\"og:url\" content=\"https:\/\/theworldbilliards.com\/pt-pt\/produto\/bilhar-snooker-delta-7ft\/\" \/>\n<meta property=\"og:site_name\" content=\"The World Billiards\" \/>\n<meta property=\"article:publisher\" content=\"https:\/\/www.facebook.com\/baby.foot.superbes\" \/>\n<meta property=\"article:modified_time\" content=\"2026-03-26T11:40:11+00:00\" \/>\n<meta property=\"og:image\" content=\"https:\/\/theworldbilliards.com\/wp-content\/uploads\/2017\/01\/delta.png\" \/>\n\t<meta property=\"og:image:width\" content=\"668\" \/>\n\t<meta property=\"og:image:height\" content=\"668\" \/>\n\t<meta property=\"og:image:type\" content=\"image\/png\" \/>\n<meta name=\"twitter:card\" content=\"summary_large_image\" \/>\n<meta name=\"twitter:label1\" content=\"Tempo estimado de leitura\" \/>\n\t<meta name=\"twitter:data1\" content=\"1 minuto\" \/>\n<script type=\"application\/ld+json\" class=\"yoast-schema-graph\">{\"@context\":\"https:\\\/\\\/schema.org\",\"@graph\":[{\"@type\":\"WebPage\",\"@id\":\"https:\\\/\\\/theworldbilliards.com\\\/pt-pt\\\/produto\\\/bilhar-snooker-delta-7ft\\\/\",\"url\":\"https:\\\/\\\/theworldbilliards.com\\\/pt-pt\\\/produto\\\/bilhar-snooker-delta-7ft\\\/\",\"name\":\"Bilhar snooker Delta 7ft - The World Billiards\",\"isPartOf\":{\"@id\":\"https:\\\/\\\/theworldbilliards.com\\\/pt-pt\\\/#website\"},\"primaryImageOfPage\":{\"@id\":\"https:\\\/\\\/theworldbilliards.com\\\/pt-pt\\\/produto\\\/bilhar-snooker-delta-7ft\\\/#primaryimage\"},\"image\":{\"@id\":\"https:\\\/\\\/theworldbilliards.com\\\/pt-pt\\\/produto\\\/bilhar-snooker-delta-7ft\\\/#primaryimage\"},\"thumbnailUrl\":\"https:\\\/\\\/theworldbilliards.com\\\/wp-content\\\/uploads\\\/2017\\\/01\\\/delta.png\",\"datePublished\":\"2017-01-03T13:26:51+00:00\",\"dateModified\":\"2026-03-26T11:40:11+00:00\",\"description\":\"Fabricada com os melhores materiais cuidadosamente escolhidos Personalize o bilhar ao seu gosto, escolhendo o acabamento, a cor do tecido, o tamanho e o modo de jogo Ard\u00f3sia certificada Bolsos em pele preta (exceto bilhar franc\u00eas) Op\u00e7\u00f5es n\u00e3o inclu\u00eddas: Madeira maci\u00e7a Possibilidade de acabamento de acordo com a amostra enviada pelo cliente Pano anti-manchas Pro Cup Teflon e competi\u00e7\u00e3o Pro Cup Tournament, Gorina, Simonis, Championship e Brunswick Centennial Tampos de mesa Tampos de ping-pong Carrinho para arrumar tampas Kit convert\u00edvel de bilhar americano para bilhar franc\u00eas ou de bilhar americano para bilhar ingl\u00eas. Transporte e montagem realizados pelas nossas equipas t\u00e9cnicas certificadas\",\"breadcrumb\":{\"@id\":\"https:\\\/\\\/theworldbilliards.com\\\/pt-pt\\\/produto\\\/bilhar-snooker-delta-7ft\\\/#breadcrumb\"},\"inLanguage\":\"pt-PT\",\"potentialAction\":[{\"@type\":\"ReadAction\",\"target\":[\"https:\\\/\\\/theworldbilliards.com\\\/pt-pt\\\/produto\\\/bilhar-snooker-delta-7ft\\\/\"]}]},{\"@type\":\"ImageObject\",\"inLanguage\":\"pt-PT\",\"@id\":\"https:\\\/\\\/theworldbilliards.com\\\/pt-pt\\\/produto\\\/bilhar-snooker-delta-7ft\\\/#primaryimage\",\"url\":\"https:\\\/\\\/theworldbilliards.com\\\/wp-content\\\/uploads\\\/2017\\\/01\\\/delta.png\",\"contentUrl\":\"https:\\\/\\\/theworldbilliards.com\\\/wp-content\\\/uploads\\\/2017\\\/01\\\/delta.png\",\"width\":668,\"height\":668},{\"@type\":\"BreadcrumbList\",\"@id\":\"https:\\\/\\\/theworldbilliards.com\\\/pt-pt\\\/produto\\\/bilhar-snooker-delta-7ft\\\/#breadcrumb\",\"itemListElement\":[{\"@type\":\"ListItem\",\"position\":1,\"name\":\"In\u00edcio\",\"item\":\"https:\\\/\\\/theworldbilliards.com\\\/pt-pt\\\/\"},{\"@type\":\"ListItem\",\"position\":2,\"name\":\"Loja online\",\"item\":\"https:\\\/\\\/theworldbilliards.com\\\/pt-pt\\\/loja-theworldbilliards\\\/\"},{\"@type\":\"ListItem\",\"position\":3,\"name\":\"Bilhar snooker Delta 7ft\"}]},{\"@type\":\"WebSite\",\"@id\":\"https:\\\/\\\/theworldbilliards.com\\\/pt-pt\\\/#website\",\"url\":\"https:\\\/\\\/theworldbilliards.com\\\/pt-pt\\\/\",\"name\":\"TheWorldBilliards\",\"description\":\"Compre aqui bilhar, matraquilho, t\u00eanis de mesa e bowling\",\"publisher\":{\"@id\":\"https:\\\/\\\/theworldbilliards.com\\\/pt-pt\\\/#organization\"},\"alternateName\":\"The world billiards\",\"potentialAction\":[{\"@type\":\"SearchAction\",\"target\":{\"@type\":\"EntryPoint\",\"urlTemplate\":\"https:\\\/\\\/theworldbilliards.com\\\/pt-pt\\\/?s={search_term_string}\"},\"query-input\":{\"@type\":\"PropertyValueSpecification\",\"valueRequired\":true,\"valueName\":\"search_term_string\"}}],\"inLanguage\":\"pt-PT\"},{\"@type\":\"Organization\",\"@id\":\"https:\\\/\\\/theworldbilliards.com\\\/pt-pt\\\/#organization\",\"name\":\"The World Billiards\",\"alternateName\":\"The World Billiards\",\"url\":\"https:\\\/\\\/theworldbilliards.com\\\/pt-pt\\\/\",\"logo\":{\"@type\":\"ImageObject\",\"inLanguage\":\"pt-PT\",\"@id\":\"https:\\\/\\\/theworldbilliards.com\\\/pt-pt\\\/#\\\/schema\\\/logo\\\/image\\\/\",\"url\":\"https:\\\/\\\/theworldbilliards.com\\\/wp-content\\\/uploads\\\/2023\\\/09\\\/logo-2023-TheWorldBilliards.png\",\"contentUrl\":\"https:\\\/\\\/theworldbilliards.com\\\/wp-content\\\/uploads\\\/2023\\\/09\\\/logo-2023-TheWorldBilliards.png\",\"width\":1103,\"height\":417,\"caption\":\"The World Billiards\"},\"image\":{\"@id\":\"https:\\\/\\\/theworldbilliards.com\\\/pt-pt\\\/#\\\/schema\\\/logo\\\/image\\\/\"},\"sameAs\":[\"https:\\\/\\\/www.facebook.com\\\/baby.foot.superbes\",\"https:\\\/\\\/www.youtube.com\\\/channel\\\/UCIMuOVAaUcH6UpZcsZlH0Tg\",\"https:\\\/\\\/www.facebook.com\\\/people\\\/Brunswick-Billiards-EspaaPortugal\\\/100066446264309\\\/\",\"https:\\\/\\\/www.instagram.com\\\/the_world_billiards\\\/\",\"https:\\\/\\\/www.pinterest.es\\\/Theworldbilliards\\\/\"]}]}<\/script>\n<!-- \/ Yoast SEO plugin. -->","yoast_head_json":{"title":"Bilhar snooker Delta 7ft - The World Billiards","description":"Fabricada com os melhores materiais cuidadosamente escolhidos  Personalize o bilhar ao seu gosto, escolhendo o acabamento, a cor do tecido, o tamanho e o modo de jogo  Ard\u00f3sia certificada  Bolsos em pele preta (exceto bilhar franc\u00eas)  Op\u00e7\u00f5es n\u00e3o inclu\u00eddas:   Madeira maci\u00e7a  Possibilidade de acabamento de acordo com a amostra enviada pelo cliente  Pano anti-manchas Pro Cup Teflon e competi\u00e7\u00e3o Pro Cup Tournament, Gorina, Simonis, Championship e Brunswick Centennial  Tampos de mesa  Tampos de ping-pong  Carrinho para arrumar tampas  Kit convert\u00edvel de bilhar americano para bilhar franc\u00eas ou de bilhar americano para bilhar ingl\u00eas.  Transporte e montagem realizados pelas nossas equipas t\u00e9cnicas certificadas","robots":{"index":"index","follow":"follow","max-snippet":"max-snippet:-1","max-image-preview":"max-image-preview:large","max-video-preview":"max-video-preview:-1"},"canonical":"https:\/\/theworldbilliards.com\/pt-pt\/produto\/bilhar-snooker-delta-7ft\/","og_locale":"pt_PT","og_type":"article","og_title":"Bilhar snooker Delta 7ft - The World Billiards","og_description":"Fabricada com os melhores materiais cuidadosamente escolhidos  Personalize o bilhar ao seu gosto, escolhendo o acabamento, a cor do tecido, o tamanho e o modo de jogo  Ard\u00f3sia certificada  Bolsos em pele preta (exceto bilhar franc\u00eas)  Op\u00e7\u00f5es n\u00e3o inclu\u00eddas:   Madeira maci\u00e7a  Possibilidade de acabamento de acordo com a amostra enviada pelo cliente  Pano anti-manchas Pro Cup Teflon e competi\u00e7\u00e3o Pro Cup Tournament, Gorina, Simonis, Championship e Brunswick Centennial  Tampos de mesa  Tampos de ping-pong  Carrinho para arrumar tampas  Kit convert\u00edvel de bilhar americano para bilhar franc\u00eas ou de bilhar americano para bilhar ingl\u00eas.  Transporte e montagem realizados pelas nossas equipas t\u00e9cnicas certificadas","og_url":"https:\/\/theworldbilliards.com\/pt-pt\/produto\/bilhar-snooker-delta-7ft\/","og_site_name":"The World Billiards","article_publisher":"https:\/\/www.facebook.com\/baby.foot.superbes","article_modified_time":"2026-03-26T11:40:11+00:00","og_image":[{"width":668,"height":668,"url":"https:\/\/theworldbilliards.com\/wp-content\/uploads\/2017\/01\/delta.png","type":"image\/png"}],"twitter_card":"summary_large_image","twitter_misc":{"Tempo estimado de leitura":"1 minuto"},"schema":{"@context":"https:\/\/schema.org","@graph":[{"@type":"WebPage","@id":"https:\/\/theworldbilliards.com\/pt-pt\/produto\/bilhar-snooker-delta-7ft\/","url":"https:\/\/theworldbilliards.com\/pt-pt\/produto\/bilhar-snooker-delta-7ft\/","name":"Bilhar snooker Delta 7ft - The World Billiards","isPartOf":{"@id":"https:\/\/theworldbilliards.com\/pt-pt\/#website"},"primaryImageOfPage":{"@id":"https:\/\/theworldbilliards.com\/pt-pt\/produto\/bilhar-snooker-delta-7ft\/#primaryimage"},"image":{"@id":"https:\/\/theworldbilliards.com\/pt-pt\/produto\/bilhar-snooker-delta-7ft\/#primaryimage"},"thumbnailUrl":"https:\/\/theworldbilliards.com\/wp-content\/uploads\/2017\/01\/delta.png","datePublished":"2017-01-03T13:26:51+00:00","dateModified":"2026-03-26T11:40:11+00:00","description":"Fabricada com os melhores materiais cuidadosamente escolhidos Personalize o bilhar ao seu gosto, escolhendo o acabamento, a cor do tecido, o tamanho e o modo de jogo Ard\u00f3sia certificada Bolsos em pele preta (exceto bilhar franc\u00eas) Op\u00e7\u00f5es n\u00e3o inclu\u00eddas: Madeira maci\u00e7a Possibilidade de acabamento de acordo com a amostra enviada pelo cliente Pano anti-manchas Pro Cup Teflon e competi\u00e7\u00e3o Pro Cup Tournament, Gorina, Simonis, Championship e Brunswick Centennial Tampos de mesa Tampos de ping-pong Carrinho para arrumar tampas Kit convert\u00edvel de bilhar americano para bilhar franc\u00eas ou de bilhar americano para bilhar ingl\u00eas. Transporte e montagem realizados pelas nossas equipas t\u00e9cnicas certificadas","breadcrumb":{"@id":"https:\/\/theworldbilliards.com\/pt-pt\/produto\/bilhar-snooker-delta-7ft\/#breadcrumb"},"inLanguage":"pt-PT","potentialAction":[{"@type":"ReadAction","target":["https:\/\/theworldbilliards.com\/pt-pt\/produto\/bilhar-snooker-delta-7ft\/"]}]},{"@type":"ImageObject","inLanguage":"pt-PT","@id":"https:\/\/theworldbilliards.com\/pt-pt\/produto\/bilhar-snooker-delta-7ft\/#primaryimage","url":"https:\/\/theworldbilliards.com\/wp-content\/uploads\/2017\/01\/delta.png","contentUrl":"https:\/\/theworldbilliards.com\/wp-content\/uploads\/2017\/01\/delta.png","width":668,"height":668},{"@type":"BreadcrumbList","@id":"https:\/\/theworldbilliards.com\/pt-pt\/produto\/bilhar-snooker-delta-7ft\/#breadcrumb","itemListElement":[{"@type":"ListItem","position":1,"name":"In\u00edcio","item":"https:\/\/theworldbilliards.com\/pt-pt\/"},{"@type":"ListItem","position":2,"name":"Loja online","item":"https:\/\/theworldbilliards.com\/pt-pt\/loja-theworldbilliards\/"},{"@type":"ListItem","position":3,"name":"Bilhar snooker Delta 7ft"}]},{"@type":"WebSite","@id":"https:\/\/theworldbilliards.com\/pt-pt\/#website","url":"https:\/\/theworldbilliards.com\/pt-pt\/","name":"TheWorldBilliards","description":"Compre aqui bilhar, matraquilho, t\u00eanis de mesa e bowling","publisher":{"@id":"https:\/\/theworldbilliards.com\/pt-pt\/#organization"},"alternateName":"The world billiards","potentialAction":[{"@type":"SearchAction","target":{"@type":"EntryPoint","urlTemplate":"https:\/\/theworldbilliards.com\/pt-pt\/?s={search_term_string}"},"query-input":{"@type":"PropertyValueSpecification","valueRequired":true,"valueName":"search_term_string"}}],"inLanguage":"pt-PT"},{"@type":"Organization","@id":"https:\/\/theworldbilliards.com\/pt-pt\/#organization","name":"The World Billiards","alternateName":"The World Billiards","url":"https:\/\/theworldbilliards.com\/pt-pt\/","logo":{"@type":"ImageObject","inLanguage":"pt-PT","@id":"https:\/\/theworldbilliards.com\/pt-pt\/#\/schema\/logo\/image\/","url":"https:\/\/theworldbilliards.com\/wp-content\/uploads\/2023\/09\/logo-2023-TheWorldBilliards.png","contentUrl":"https:\/\/theworldbilliards.com\/wp-content\/uploads\/2023\/09\/logo-2023-TheWorldBilliards.png","width":1103,"height":417,"caption":"The World Billiards"},"image":{"@id":"https:\/\/theworldbilliards.com\/pt-pt\/#\/schema\/logo\/image\/"},"sameAs":["https:\/\/www.facebook.com\/baby.foot.superbes","https:\/\/www.youtube.com\/channel\/UCIMuOVAaUcH6UpZcsZlH0Tg","https:\/\/www.facebook.com\/people\/Brunswick-Billiards-EspaaPortugal\/100066446264309\/","https:\/\/www.instagram.com\/the_world_billiards\/","https:\/\/www.pinterest.es\/Theworldbilliards\/"]}]}},"_links":{"self":[{"href":"https:\/\/theworldbilliards.com\/pt-pt\/wp-json\/wp\/v2\/product\/29320","targetHints":{"allow":["GET"]}}],"collection":[{"href":"https:\/\/theworldbilliards.com\/pt-pt\/wp-json\/wp\/v2\/product"}],"about":[{"href":"https:\/\/theworldbilliards.com\/pt-pt\/wp-json\/wp\/v2\/types\/product"}],"wp:featuredmedia":[{"embeddable":true,"href":"https:\/\/theworldbilliards.com\/pt-pt\/wp-json\/wp\/v2\/media\/49579"}],"wp:attachment":[{"href":"https:\/\/theworldbilliards.com\/pt-pt\/wp-json\/wp\/v2\/media?parent=29320"}],"wp:term":[{"taxonomy":"product_brand","embeddable":true,"href":"https:\/\/theworldbilliards.com\/pt-pt\/wp-json\/wp\/v2\/product_brand?post=29320"},{"taxonomy":"product_cat","embeddable":true,"href":"https:\/\/theworldbilliards.com\/pt-pt\/wp-json\/wp\/v2\/product_cat?post=29320"},{"taxonomy":"product_tag","embeddable":true,"href":"https:\/\/theworldbilliards.com\/pt-pt\/wp-json\/wp\/v2\/product_tag?post=29320"}],"curies":[{"name":"wp","href":"https:\/\/api.w.org\/{rel}","templated":true}]}}