{"id":29359,"date":"2017-01-03T15:57:34","date_gmt":"2017-01-03T14:57:34","guid":{"rendered":"http:\/\/theworldbilliards.com\/?post_type=product&#038;p=29359\/"},"modified":"2025-01-23T10:55:27","modified_gmt":"2025-01-23T09:55:27","slug":"bilhar-piramide-russo-snooker-ingles-saint-christophe-leather","status":"publish","type":"product","link":"https:\/\/theworldbilliards.com\/pt-pt\/produto\/bilhar-piramide-russo-snooker-ingles-saint-christophe-leather\/","title":{"rendered":"Bilhar Piramide Russo \/ Snooker Ingles Saint Christophe Leather"},"content":{"rendered":"<p>Mesa de Piramide Russo ou Snooker fabricada em madeira maci\u00e7a com os melhores materiais minuciosamente escolhidos, com design \u00a0moderno e elegante para integrar perfeitamente na sua decora\u00e7ao.<\/p>\n<p>Mesa dotada de uma t\u00e9cnica de jogo extraordin\u00e1ria.<\/p>\n<p>Acabamento \u00e1 escolha do cliente.<\/p>\n<p>Pano Simonis<\/p>\n<p>Bolsas de entrada das bolas em pele.<\/p>\n<p>Ard\u00f3sia de alta qualidade.<\/p>\n","protected":false},"excerpt":{"rendered":"<p>Mesa de Piramide Russo ou Snooker fabricada em madeira maci\u00e7a com os melhores materiais minuciosamente escolhidos, com design \u00a0moderno e [&hellip;]<\/p>\n","protected":false},"featured_media":88758,"template":"","meta":{"site-sidebar-layout":"default","site-content-layout":"","ast-site-content-layout":"default","site-content-style":"default","site-sidebar-style":"default","ast-global-header-display":"","ast-banner-title-visibility":"","ast-main-header-display":"","ast-hfb-above-header-display":"","ast-hfb-below-header-display":"","ast-hfb-mobile-header-display":"","site-post-title":"","ast-breadcrumbs-content":"","ast-featured-img":"","footer-sml-layout":"","ast-disable-related-posts":"","theme-transparent-header-meta":"default","adv-header-id-meta":"","stick-header-meta":"","header-above-stick-meta":"","header-main-stick-meta":"","header-below-stick-meta":"","astra-migrate-meta-layouts":"default","ast-page-background-enabled":"default","ast-page-background-meta":{"desktop":{"background-color":"var(--ast-global-color-4)","background-image":"","background-repeat":"repeat","background-position":"center center","background-size":"auto","background-attachment":"scroll","background-type":"","background-media":"","overlay-type":"","overlay-color":"","overlay-opacity":"","overlay-gradient":""},"tablet":{"background-color":"","background-image":"","background-repeat":"repeat","background-position":"center center","background-size":"auto","background-attachment":"scroll","background-type":"","background-media":"","overlay-type":"","overlay-color":"","overlay-opacity":"","overlay-gradient":""},"mobile":{"background-color":"","background-image":"","background-repeat":"repeat","background-position":"center center","background-size":"auto","background-attachment":"scroll","background-type":"","background-media":"","overlay-type":"","overlay-color":"","overlay-opacity":"","overlay-gradient":""}},"ast-content-background-meta":{"desktop":{"background-color":"var(--ast-global-color-5)","background-image":"","background-repeat":"repeat","background-position":"center center","background-size":"auto","background-attachment":"scroll","background-type":"","background-media":"","overlay-type":"","overlay-color":"","overlay-opacity":"","overlay-gradient":""},"tablet":{"background-color":"var(--ast-global-color-5)","background-image":"","background-repeat":"repeat","background-position":"center center","background-size":"auto","background-attachment":"scroll","background-type":"","background-media":"","overlay-type":"","overlay-color":"","overlay-opacity":"","overlay-gradient":""},"mobile":{"background-color":"var(--ast-global-color-5)","background-image":"","background-repeat":"repeat","background-position":"center center","background-size":"auto","background-attachment":"scroll","background-type":"","background-media":"","overlay-type":"","overlay-color":"","overlay-opacity":"","overlay-gradient":""}}},"product_brand":[5219],"product_cat":[1153],"product_tag":[],"class_list":{"0":"post-29359","1":"product","2":"type-product","3":"status-publish","4":"has-post-thumbnail","6":"product_brand-twb-the-world-billiards-pt-pt","7":"product_cat-snooker-ingles-e-piramide-russo","8":"product_shipping_class-bilhares-grandes","9":"desktop-align-center","10":"tablet-align-left","11":"mobile-align-left","13":"first","14":"instock","15":"taxable","16":"shipping-taxable","17":"purchasable","18":"product-type-variable"},"yoast_head":"<!-- This site is optimized with the Yoast SEO plugin v27.4 - https:\/\/yoast.com\/product\/yoast-seo-wordpress\/ -->\n<title>Bilhar Piramide Russo \/ Snooker Ingles Saint Christophe Leather - The World Billiards<\/title>\n<meta name=\"description\" content=\"Mesa de Piramide Russo ou Snooker fabricada em madeira maci\u00e7a com os melhores materiais minuciosamente escolhidos, com design \u00a0moderno e elegante para integrar perfeitamente na sua decora\u00e7ao.  Mesa dotada de uma t\u00e9cnica de jogo extraordin\u00e1ria.  Acabamento \u00e1 escolha do cliente.  Pano Simonis  Bolsas de entrada das bolas em pele.  Ard\u00f3sia de alta qualidade.\" \/>\n<meta name=\"robots\" content=\"index, follow, max-snippet:-1, max-image-preview:large, max-video-preview:-1\" \/>\n<link rel=\"canonical\" href=\"https:\/\/theworldbilliards.com\/pt-pt\/produto\/bilhar-piramide-russo-snooker-ingles-saint-christophe-leather\/\" \/>\n<meta property=\"og:locale\" content=\"pt_PT\" \/>\n<meta property=\"og:type\" content=\"article\" \/>\n<meta property=\"og:title\" content=\"Bilhar Piramide Russo \/ Snooker Ingles Saint Christophe Leather - The World Billiards\" \/>\n<meta property=\"og:description\" content=\"Mesa de Piramide Russo ou Snooker fabricada em madeira maci\u00e7a com os melhores materiais minuciosamente escolhidos, com design \u00a0moderno e elegante para integrar perfeitamente na sua decora\u00e7ao.  Mesa dotada de uma t\u00e9cnica de jogo extraordin\u00e1ria.  Acabamento \u00e1 escolha do cliente.  Pano Simonis  Bolsas de entrada das bolas em pele.  Ard\u00f3sia de alta qualidade.\" \/>\n<meta property=\"og:url\" content=\"https:\/\/theworldbilliards.com\/pt-pt\/produto\/bilhar-piramide-russo-snooker-ingles-saint-christophe-leather\/\" \/>\n<meta property=\"og:site_name\" content=\"The World Billiards\" \/>\n<meta property=\"article:publisher\" content=\"https:\/\/www.facebook.com\/baby.foot.superbes\" \/>\n<meta property=\"article:modified_time\" content=\"2025-01-23T09:55:27+00:00\" \/>\n<meta property=\"og:image\" content=\"https:\/\/theworldbilliards.com\/wp-content\/uploads\/2022\/06\/Saint-Christoph-Leather-pyramid.png\" \/>\n\t<meta property=\"og:image:width\" content=\"812\" \/>\n\t<meta property=\"og:image:height\" content=\"812\" \/>\n\t<meta property=\"og:image:type\" content=\"image\/png\" \/>\n<meta name=\"twitter:card\" content=\"summary_large_image\" \/>\n<script type=\"application\/ld+json\" class=\"yoast-schema-graph\">{\"@context\":\"https:\\\/\\\/schema.org\",\"@graph\":[{\"@type\":\"WebPage\",\"@id\":\"https:\\\/\\\/theworldbilliards.com\\\/pt-pt\\\/produto\\\/bilhar-piramide-russo-snooker-ingles-saint-christophe-leather\\\/\",\"url\":\"https:\\\/\\\/theworldbilliards.com\\\/pt-pt\\\/produto\\\/bilhar-piramide-russo-snooker-ingles-saint-christophe-leather\\\/\",\"name\":\"Bilhar Piramide Russo \\\/ Snooker Ingles Saint Christophe Leather - The World Billiards\",\"isPartOf\":{\"@id\":\"https:\\\/\\\/theworldbilliards.com\\\/pt-pt\\\/#website\"},\"primaryImageOfPage\":{\"@id\":\"https:\\\/\\\/theworldbilliards.com\\\/pt-pt\\\/produto\\\/bilhar-piramide-russo-snooker-ingles-saint-christophe-leather\\\/#primaryimage\"},\"image\":{\"@id\":\"https:\\\/\\\/theworldbilliards.com\\\/pt-pt\\\/produto\\\/bilhar-piramide-russo-snooker-ingles-saint-christophe-leather\\\/#primaryimage\"},\"thumbnailUrl\":\"https:\\\/\\\/theworldbilliards.com\\\/wp-content\\\/uploads\\\/2022\\\/06\\\/Saint-Christoph-Leather-pyramid.png\",\"datePublished\":\"2017-01-03T14:57:34+00:00\",\"dateModified\":\"2025-01-23T09:55:27+00:00\",\"description\":\"Mesa de Piramide Russo ou Snooker fabricada em madeira maci\u00e7a com os melhores materiais minuciosamente escolhidos, com design \u00a0moderno e elegante para integrar perfeitamente na sua decora\u00e7ao. Mesa dotada de uma t\u00e9cnica de jogo extraordin\u00e1ria. Acabamento \u00e1 escolha do cliente. Pano Simonis Bolsas de entrada das bolas em pele. Ard\u00f3sia de alta qualidade.\",\"breadcrumb\":{\"@id\":\"https:\\\/\\\/theworldbilliards.com\\\/pt-pt\\\/produto\\\/bilhar-piramide-russo-snooker-ingles-saint-christophe-leather\\\/#breadcrumb\"},\"inLanguage\":\"pt-PT\",\"potentialAction\":[{\"@type\":\"ReadAction\",\"target\":[\"https:\\\/\\\/theworldbilliards.com\\\/pt-pt\\\/produto\\\/bilhar-piramide-russo-snooker-ingles-saint-christophe-leather\\\/\"]}]},{\"@type\":\"ImageObject\",\"inLanguage\":\"pt-PT\",\"@id\":\"https:\\\/\\\/theworldbilliards.com\\\/pt-pt\\\/produto\\\/bilhar-piramide-russo-snooker-ingles-saint-christophe-leather\\\/#primaryimage\",\"url\":\"https:\\\/\\\/theworldbilliards.com\\\/wp-content\\\/uploads\\\/2022\\\/06\\\/Saint-Christoph-Leather-pyramid.png\",\"contentUrl\":\"https:\\\/\\\/theworldbilliards.com\\\/wp-content\\\/uploads\\\/2022\\\/06\\\/Saint-Christoph-Leather-pyramid.png\",\"width\":812,\"height\":812},{\"@type\":\"BreadcrumbList\",\"@id\":\"https:\\\/\\\/theworldbilliards.com\\\/pt-pt\\\/produto\\\/bilhar-piramide-russo-snooker-ingles-saint-christophe-leather\\\/#breadcrumb\",\"itemListElement\":[{\"@type\":\"ListItem\",\"position\":1,\"name\":\"In\u00edcio\",\"item\":\"https:\\\/\\\/theworldbilliards.com\\\/pt-pt\\\/\"},{\"@type\":\"ListItem\",\"position\":2,\"name\":\"Loja online\",\"item\":\"https:\\\/\\\/theworldbilliards.com\\\/pt-pt\\\/loja-theworldbilliards\\\/\"},{\"@type\":\"ListItem\",\"position\":3,\"name\":\"Bilhar Piramide Russo \\\/ Snooker Ingles Saint Christophe Leather\"}]},{\"@type\":\"WebSite\",\"@id\":\"https:\\\/\\\/theworldbilliards.com\\\/pt-pt\\\/#website\",\"url\":\"https:\\\/\\\/theworldbilliards.com\\\/pt-pt\\\/\",\"name\":\"TheWorldBilliards\",\"description\":\"Compre aqui bilhar, matraquilho, t\u00eanis de mesa e bowling\",\"publisher\":{\"@id\":\"https:\\\/\\\/theworldbilliards.com\\\/pt-pt\\\/#organization\"},\"alternateName\":\"The world billiards\",\"potentialAction\":[{\"@type\":\"SearchAction\",\"target\":{\"@type\":\"EntryPoint\",\"urlTemplate\":\"https:\\\/\\\/theworldbilliards.com\\\/pt-pt\\\/?s={search_term_string}\"},\"query-input\":{\"@type\":\"PropertyValueSpecification\",\"valueRequired\":true,\"valueName\":\"search_term_string\"}}],\"inLanguage\":\"pt-PT\"},{\"@type\":\"Organization\",\"@id\":\"https:\\\/\\\/theworldbilliards.com\\\/pt-pt\\\/#organization\",\"name\":\"The World Billiards\",\"alternateName\":\"The World Billiards\",\"url\":\"https:\\\/\\\/theworldbilliards.com\\\/pt-pt\\\/\",\"logo\":{\"@type\":\"ImageObject\",\"inLanguage\":\"pt-PT\",\"@id\":\"https:\\\/\\\/theworldbilliards.com\\\/pt-pt\\\/#\\\/schema\\\/logo\\\/image\\\/\",\"url\":\"\",\"contentUrl\":\"\",\"caption\":\"The World Billiards\"},\"image\":{\"@id\":\"https:\\\/\\\/theworldbilliards.com\\\/pt-pt\\\/#\\\/schema\\\/logo\\\/image\\\/\"},\"sameAs\":[\"https:\\\/\\\/www.facebook.com\\\/baby.foot.superbes\",\"https:\\\/\\\/www.youtube.com\\\/channel\\\/UCIMuOVAaUcH6UpZcsZlH0Tg\",\"https:\\\/\\\/www.facebook.com\\\/people\\\/Brunswick-Billiards-EspaaPortugal\\\/100066446264309\\\/\",\"https:\\\/\\\/www.instagram.com\\\/the_world_billiards\\\/\",\"https:\\\/\\\/www.pinterest.es\\\/Theworldbilliards\\\/\"]}]}<\/script>\n<!-- \/ Yoast SEO plugin. -->","yoast_head_json":{"title":"Bilhar Piramide Russo \/ Snooker Ingles Saint Christophe Leather - The World Billiards","description":"Mesa de Piramide Russo ou Snooker fabricada em madeira maci\u00e7a com os melhores materiais minuciosamente escolhidos, com design \u00a0moderno e elegante para integrar perfeitamente na sua decora\u00e7ao.  Mesa dotada de uma t\u00e9cnica de jogo extraordin\u00e1ria.  Acabamento \u00e1 escolha do cliente.  Pano Simonis  Bolsas de entrada das bolas em pele.  Ard\u00f3sia de alta qualidade.","robots":{"index":"index","follow":"follow","max-snippet":"max-snippet:-1","max-image-preview":"max-image-preview:large","max-video-preview":"max-video-preview:-1"},"canonical":"https:\/\/theworldbilliards.com\/pt-pt\/produto\/bilhar-piramide-russo-snooker-ingles-saint-christophe-leather\/","og_locale":"pt_PT","og_type":"article","og_title":"Bilhar Piramide Russo \/ Snooker Ingles Saint Christophe Leather - The World Billiards","og_description":"Mesa de Piramide Russo ou Snooker fabricada em madeira maci\u00e7a com os melhores materiais minuciosamente escolhidos, com design \u00a0moderno e elegante para integrar perfeitamente na sua decora\u00e7ao.  Mesa dotada de uma t\u00e9cnica de jogo extraordin\u00e1ria.  Acabamento \u00e1 escolha do cliente.  Pano Simonis  Bolsas de entrada das bolas em pele.  Ard\u00f3sia de alta qualidade.","og_url":"https:\/\/theworldbilliards.com\/pt-pt\/produto\/bilhar-piramide-russo-snooker-ingles-saint-christophe-leather\/","og_site_name":"The World Billiards","article_publisher":"https:\/\/www.facebook.com\/baby.foot.superbes","article_modified_time":"2025-01-23T09:55:27+00:00","og_image":[{"width":812,"height":812,"url":"https:\/\/theworldbilliards.com\/wp-content\/uploads\/2022\/06\/Saint-Christoph-Leather-pyramid.png","type":"image\/png"}],"twitter_card":"summary_large_image","schema":{"@context":"https:\/\/schema.org","@graph":[{"@type":"WebPage","@id":"https:\/\/theworldbilliards.com\/pt-pt\/produto\/bilhar-piramide-russo-snooker-ingles-saint-christophe-leather\/","url":"https:\/\/theworldbilliards.com\/pt-pt\/produto\/bilhar-piramide-russo-snooker-ingles-saint-christophe-leather\/","name":"Bilhar Piramide Russo \/ Snooker Ingles Saint Christophe Leather - The World Billiards","isPartOf":{"@id":"https:\/\/theworldbilliards.com\/pt-pt\/#website"},"primaryImageOfPage":{"@id":"https:\/\/theworldbilliards.com\/pt-pt\/produto\/bilhar-piramide-russo-snooker-ingles-saint-christophe-leather\/#primaryimage"},"image":{"@id":"https:\/\/theworldbilliards.com\/pt-pt\/produto\/bilhar-piramide-russo-snooker-ingles-saint-christophe-leather\/#primaryimage"},"thumbnailUrl":"https:\/\/theworldbilliards.com\/wp-content\/uploads\/2022\/06\/Saint-Christoph-Leather-pyramid.png","datePublished":"2017-01-03T14:57:34+00:00","dateModified":"2025-01-23T09:55:27+00:00","description":"Mesa de Piramide Russo ou Snooker fabricada em madeira maci\u00e7a com os melhores materiais minuciosamente escolhidos, com design \u00a0moderno e elegante para integrar perfeitamente na sua decora\u00e7ao. Mesa dotada de uma t\u00e9cnica de jogo extraordin\u00e1ria. Acabamento \u00e1 escolha do cliente. Pano Simonis Bolsas de entrada das bolas em pele. Ard\u00f3sia de alta qualidade.","breadcrumb":{"@id":"https:\/\/theworldbilliards.com\/pt-pt\/produto\/bilhar-piramide-russo-snooker-ingles-saint-christophe-leather\/#breadcrumb"},"inLanguage":"pt-PT","potentialAction":[{"@type":"ReadAction","target":["https:\/\/theworldbilliards.com\/pt-pt\/produto\/bilhar-piramide-russo-snooker-ingles-saint-christophe-leather\/"]}]},{"@type":"ImageObject","inLanguage":"pt-PT","@id":"https:\/\/theworldbilliards.com\/pt-pt\/produto\/bilhar-piramide-russo-snooker-ingles-saint-christophe-leather\/#primaryimage","url":"https:\/\/theworldbilliards.com\/wp-content\/uploads\/2022\/06\/Saint-Christoph-Leather-pyramid.png","contentUrl":"https:\/\/theworldbilliards.com\/wp-content\/uploads\/2022\/06\/Saint-Christoph-Leather-pyramid.png","width":812,"height":812},{"@type":"BreadcrumbList","@id":"https:\/\/theworldbilliards.com\/pt-pt\/produto\/bilhar-piramide-russo-snooker-ingles-saint-christophe-leather\/#breadcrumb","itemListElement":[{"@type":"ListItem","position":1,"name":"In\u00edcio","item":"https:\/\/theworldbilliards.com\/pt-pt\/"},{"@type":"ListItem","position":2,"name":"Loja online","item":"https:\/\/theworldbilliards.com\/pt-pt\/loja-theworldbilliards\/"},{"@type":"ListItem","position":3,"name":"Bilhar Piramide Russo \/ Snooker Ingles Saint Christophe Leather"}]},{"@type":"WebSite","@id":"https:\/\/theworldbilliards.com\/pt-pt\/#website","url":"https:\/\/theworldbilliards.com\/pt-pt\/","name":"TheWorldBilliards","description":"Compre aqui bilhar, matraquilho, t\u00eanis de mesa e bowling","publisher":{"@id":"https:\/\/theworldbilliards.com\/pt-pt\/#organization"},"alternateName":"The world billiards","potentialAction":[{"@type":"SearchAction","target":{"@type":"EntryPoint","urlTemplate":"https:\/\/theworldbilliards.com\/pt-pt\/?s={search_term_string}"},"query-input":{"@type":"PropertyValueSpecification","valueRequired":true,"valueName":"search_term_string"}}],"inLanguage":"pt-PT"},{"@type":"Organization","@id":"https:\/\/theworldbilliards.com\/pt-pt\/#organization","name":"The World Billiards","alternateName":"The World Billiards","url":"https:\/\/theworldbilliards.com\/pt-pt\/","logo":{"@type":"ImageObject","inLanguage":"pt-PT","@id":"https:\/\/theworldbilliards.com\/pt-pt\/#\/schema\/logo\/image\/","url":"","contentUrl":"","caption":"The World Billiards"},"image":{"@id":"https:\/\/theworldbilliards.com\/pt-pt\/#\/schema\/logo\/image\/"},"sameAs":["https:\/\/www.facebook.com\/baby.foot.superbes","https:\/\/www.youtube.com\/channel\/UCIMuOVAaUcH6UpZcsZlH0Tg","https:\/\/www.facebook.com\/people\/Brunswick-Billiards-EspaaPortugal\/100066446264309\/","https:\/\/www.instagram.com\/the_world_billiards\/","https:\/\/www.pinterest.es\/Theworldbilliards\/"]}]}},"_links":{"self":[{"href":"https:\/\/theworldbilliards.com\/pt-pt\/wp-json\/wp\/v2\/product\/29359","targetHints":{"allow":["GET"]}}],"collection":[{"href":"https:\/\/theworldbilliards.com\/pt-pt\/wp-json\/wp\/v2\/product"}],"about":[{"href":"https:\/\/theworldbilliards.com\/pt-pt\/wp-json\/wp\/v2\/types\/product"}],"wp:featuredmedia":[{"embeddable":true,"href":"https:\/\/theworldbilliards.com\/pt-pt\/wp-json\/wp\/v2\/media\/88758"}],"wp:attachment":[{"href":"https:\/\/theworldbilliards.com\/pt-pt\/wp-json\/wp\/v2\/media?parent=29359"}],"wp:term":[{"taxonomy":"product_brand","embeddable":true,"href":"https:\/\/theworldbilliards.com\/pt-pt\/wp-json\/wp\/v2\/product_brand?post=29359"},{"taxonomy":"product_cat","embeddable":true,"href":"https:\/\/theworldbilliards.com\/pt-pt\/wp-json\/wp\/v2\/product_cat?post=29359"},{"taxonomy":"product_tag","embeddable":true,"href":"https:\/\/theworldbilliards.com\/pt-pt\/wp-json\/wp\/v2\/product_tag?post=29359"}],"curies":[{"name":"wp","href":"https:\/\/api.w.org\/{rel}","templated":true}]}}