{"id":29360,"date":"2017-01-03T16:06:39","date_gmt":"2017-01-03T15:06:39","guid":{"rendered":"http:\/\/theworldbilliards.com\/?post_type=product&#038;p=29360\/"},"modified":"2023-03-21T13:27:37","modified_gmt":"2023-03-21T12:27:37","slug":"pano-de-bilhar-brunswick-centennial","status":"publish","type":"product","link":"https:\/\/theworldbilliards.com\/pt-pt\/produto\/pano-de-bilhar-brunswick-centennial\/","title":{"rendered":"Pano de bilhar BRUNSWICK CENTENNIAL"},"content":{"rendered":"<h3>DURABILIDADE<\/h3>\n<ul>\n<li>O pano Centennial \u00e9 tecido com 100% de tecido de l\u00e3 merino de luxo embutido com o protetor de tecido DuPont \u2122 Teflon\u00ae\u00a0 que protege o tecido e a mesa de derramamentos ocasionais.<\/li>\n<li>Em 23 oz. de tecido por metro quadrado vs. 19 oz. Por metro quadrado de marcas competitivas, o pano Centennial dura at\u00e9 60% mais do que o tecido de l\u00e3 da concorr\u00eancia.<\/li>\n<li>O Pano Centennial foi constru\u00eddo para suportar o uso rigoroso tanto do iniciante quanto do avan\u00e7ado.<\/li>\n<\/ul>\n<h3>DESEMPENHO PROFISSIONAL<\/h3>\n<ul>\n<li>O protetor de tecido DuPont \u2122 Teflon\u00ae \u00e9 incorporado nas fibras de pano, protegendo seu investimento sem afetar o jogo.<\/li>\n<li>A velocidade ideal de reprodu\u00e7\u00e3o \u00e9 alcan\u00e7ada atrav\u00e9s de um processo exclusivo de acabamento de 5 etapas, incluindo decanta\u00e7\u00e3o a v\u00e1cuo. Este processo permite que o nosso tecido seja mais espesso, proporcionando durabilidade e velocidade.<\/li>\n<li>Endossado pelo membro do Hall da Fama do BCA e pelo profissional da WPBA Ewa Mataya Laurance.<\/li>\n<\/ul>\n<h3>ESTILO REFINADO<\/h3>\n<ul>\n<li>Dispon\u00edvel em 14 cores impressionantes para personalizar o seu gosto e estilo.<\/li>\n<li>O tecido de l\u00e3 de Merino Centennial n\u00e3o p\u00edlula ou galp\u00e3o, mantendo uma superf\u00edcie de jogo limpa e elegante.<\/li>\n<li>Cada pe\u00e7a de tecido \u00e9 100% inspecionada manualmente pelo menos quatro vezes durante a fabrica\u00e7\u00e3o, garantindo qualidade e acabamento consistentes.<\/li>\n<\/ul>\n","protected":false},"excerpt":{"rendered":"<p>DURABILIDADE O pano Centennial \u00e9 tecido com 100% de tecido de l\u00e3 merino de luxo embutido com o protetor de [&hellip;]<\/p>\n","protected":false},"featured_media":88753,"template":"","meta":{"site-sidebar-layout":"default","site-content-layout":"","ast-site-content-layout":"default","site-content-style":"default","site-sidebar-style":"default","ast-global-header-display":"","ast-banner-title-visibility":"","ast-main-header-display":"","ast-hfb-above-header-display":"","ast-hfb-below-header-display":"","ast-hfb-mobile-header-display":"","site-post-title":"","ast-breadcrumbs-content":"","ast-featured-img":"","footer-sml-layout":"","ast-disable-related-posts":"","theme-transparent-header-meta":"default","adv-header-id-meta":"","stick-header-meta":"","header-above-stick-meta":"","header-main-stick-meta":"","header-below-stick-meta":"","astra-migrate-meta-layouts":"default","ast-page-background-enabled":"default","ast-page-background-meta":{"desktop":{"background-color":"var(--ast-global-color-4)","background-image":"","background-repeat":"repeat","background-position":"center center","background-size":"auto","background-attachment":"scroll","background-type":"","background-media":"","overlay-type":"","overlay-color":"","overlay-opacity":"","overlay-gradient":""},"tablet":{"background-color":"","background-image":"","background-repeat":"repeat","background-position":"center center","background-size":"auto","background-attachment":"scroll","background-type":"","background-media":"","overlay-type":"","overlay-color":"","overlay-opacity":"","overlay-gradient":""},"mobile":{"background-color":"","background-image":"","background-repeat":"repeat","background-position":"center center","background-size":"auto","background-attachment":"scroll","background-type":"","background-media":"","overlay-type":"","overlay-color":"","overlay-opacity":"","overlay-gradient":""}},"ast-content-background-meta":{"desktop":{"background-color":"var(--ast-global-color-5)","background-image":"","background-repeat":"repeat","background-position":"center center","background-size":"auto","background-attachment":"scroll","background-type":"","background-media":"","overlay-type":"","overlay-color":"","overlay-opacity":"","overlay-gradient":""},"tablet":{"background-color":"var(--ast-global-color-5)","background-image":"","background-repeat":"repeat","background-position":"center center","background-size":"auto","background-attachment":"scroll","background-type":"","background-media":"","overlay-type":"","overlay-color":"","overlay-opacity":"","overlay-gradient":""},"mobile":{"background-color":"var(--ast-global-color-5)","background-image":"","background-repeat":"repeat","background-position":"center center","background-size":"auto","background-attachment":"scroll","background-type":"","background-media":"","overlay-type":"","overlay-color":"","overlay-opacity":"","overlay-gradient":""}}},"product_brand":[5199],"product_cat":[4947,1157],"product_tag":[],"class_list":{"0":"post-29360","1":"product","2":"type-product","3":"status-publish","4":"has-post-thumbnail","6":"product_brand-brunswick-billiards-pt-pt","7":"product_cat-acessorios-bilhar-brunswick","8":"product_cat-pano-de-bilhar","9":"product_shipping_class-acessorios-texido","10":"desktop-align-center","11":"tablet-align-left","12":"mobile-align-left","14":"first","15":"instock","16":"taxable","17":"shipping-taxable","18":"product-type-simple"},"yoast_head":"<!-- This site is optimized with the Yoast SEO plugin v27.4 - https:\/\/yoast.com\/product\/yoast-seo-wordpress\/ -->\n<title>Pano de bilhar BRUNSWICK CENTENNIAL - The World Billiards<\/title>\n<meta name=\"description\" content=\"DURABILIDADE   O pano Centennial \u00e9 tecido com 100% de tecido de l\u00e3 merino de luxo embutido com o protetor de tecido DuPont \u2122 Teflon\u00ae\u00a0 que protege o tecido e a mesa de derramamentos ocasionais.  Em 23 oz. de tecido por metro quadrado vs. 19 oz. Por metro quadrado de marcas competitivas, o pano Centennial dura at\u00e9 60% mais do que o tecido de l\u00e3 da concorr\u00eancia.  O Pano Centennial foi constru\u00eddo para suportar o uso rigoroso tanto do iniciante quanto do avan\u00e7ado.  DESEMPENHO PROFISSIONAL   O protetor de tecido DuPont \u2122 Teflon\u00ae \u00e9 incorporado nas fibras de pano, protegendo seu investimento sem afetar o jogo.  A velocidade ideal de reprodu\u00e7\u00e3o \u00e9 alcan\u00e7ada atrav\u00e9s de um processo exclusivo de acabamento de 5 etapas, incluindo decanta\u00e7\u00e3o a v\u00e1cuo. Este processo permite que o nosso tecido seja mais espesso, proporcionando durabilidade e velocidade.  Endossado pelo membro do Hall da Fama do BCA e pelo profissional da WPBA Ewa Mataya Laurance.  ESTILO REFINADO   Dispon\u00edvel em 14 cores impressionantes para personalizar o seu gosto e estilo.  O tecido de l\u00e3 de Merino Centennial n\u00e3o p\u00edlula ou galp\u00e3o, mantendo uma superf\u00edcie de jogo limpa e elegante.  Cada pe\u00e7a de tecido \u00e9 100% inspecionada manualmente pelo menos quatro vezes durante a fabrica\u00e7\u00e3o, garantindo qualidade e acabamento consistentes.\" \/>\n<meta name=\"robots\" content=\"index, follow, max-snippet:-1, max-image-preview:large, max-video-preview:-1\" \/>\n<link rel=\"canonical\" href=\"https:\/\/theworldbilliards.com\/pt-pt\/produto\/pano-de-bilhar-brunswick-centennial\/\" \/>\n<meta property=\"og:locale\" content=\"pt_PT\" \/>\n<meta property=\"og:type\" content=\"article\" \/>\n<meta property=\"og:title\" content=\"Pano de bilhar BRUNSWICK CENTENNIAL - The World Billiards\" \/>\n<meta property=\"og:description\" content=\"DURABILIDADE   O pano Centennial \u00e9 tecido com 100% de tecido de l\u00e3 merino de luxo embutido com o protetor de tecido DuPont \u2122 Teflon\u00ae\u00a0 que protege o tecido e a mesa de derramamentos ocasionais.  Em 23 oz. de tecido por metro quadrado vs. 19 oz. Por metro quadrado de marcas competitivas, o pano Centennial dura at\u00e9 60% mais do que o tecido de l\u00e3 da concorr\u00eancia.  O Pano Centennial foi constru\u00eddo para suportar o uso rigoroso tanto do iniciante quanto do avan\u00e7ado.  DESEMPENHO PROFISSIONAL   O protetor de tecido DuPont \u2122 Teflon\u00ae \u00e9 incorporado nas fibras de pano, protegendo seu investimento sem afetar o jogo.  A velocidade ideal de reprodu\u00e7\u00e3o \u00e9 alcan\u00e7ada atrav\u00e9s de um processo exclusivo de acabamento de 5 etapas, incluindo decanta\u00e7\u00e3o a v\u00e1cuo. Este processo permite que o nosso tecido seja mais espesso, proporcionando durabilidade e velocidade.  Endossado pelo membro do Hall da Fama do BCA e pelo profissional da WPBA Ewa Mataya Laurance.  ESTILO REFINADO   Dispon\u00edvel em 14 cores impressionantes para personalizar o seu gosto e estilo.  O tecido de l\u00e3 de Merino Centennial n\u00e3o p\u00edlula ou galp\u00e3o, mantendo uma superf\u00edcie de jogo limpa e elegante.  Cada pe\u00e7a de tecido \u00e9 100% inspecionada manualmente pelo menos quatro vezes durante a fabrica\u00e7\u00e3o, garantindo qualidade e acabamento consistentes.\" \/>\n<meta property=\"og:url\" content=\"https:\/\/theworldbilliards.com\/pt-pt\/produto\/pano-de-bilhar-brunswick-centennial\/\" \/>\n<meta property=\"og:site_name\" content=\"The World Billiards\" \/>\n<meta property=\"article:publisher\" content=\"https:\/\/www.facebook.com\/baby.foot.superbes\" \/>\n<meta property=\"article:modified_time\" content=\"2023-03-21T12:27:37+00:00\" \/>\n<meta property=\"og:image\" content=\"https:\/\/theworldbilliards.com\/wp-content\/uploads\/2022\/06\/BrunCMYKgold-1.png\" \/>\n\t<meta property=\"og:image:width\" content=\"1500\" \/>\n\t<meta property=\"og:image:height\" content=\"1500\" \/>\n\t<meta property=\"og:image:type\" content=\"image\/png\" \/>\n<meta name=\"twitter:card\" content=\"summary_large_image\" \/>\n<meta name=\"twitter:label1\" content=\"Tempo estimado de leitura\" \/>\n\t<meta name=\"twitter:data1\" content=\"1 minuto\" \/>\n<script type=\"application\/ld+json\" class=\"yoast-schema-graph\">{\"@context\":\"https:\\\/\\\/schema.org\",\"@graph\":[{\"@type\":\"WebPage\",\"@id\":\"https:\\\/\\\/theworldbilliards.com\\\/pt-pt\\\/produto\\\/pano-de-bilhar-brunswick-centennial\\\/\",\"url\":\"https:\\\/\\\/theworldbilliards.com\\\/pt-pt\\\/produto\\\/pano-de-bilhar-brunswick-centennial\\\/\",\"name\":\"Pano de bilhar BRUNSWICK CENTENNIAL - The World Billiards\",\"isPartOf\":{\"@id\":\"https:\\\/\\\/theworldbilliards.com\\\/pt-pt\\\/#website\"},\"primaryImageOfPage\":{\"@id\":\"https:\\\/\\\/theworldbilliards.com\\\/pt-pt\\\/produto\\\/pano-de-bilhar-brunswick-centennial\\\/#primaryimage\"},\"image\":{\"@id\":\"https:\\\/\\\/theworldbilliards.com\\\/pt-pt\\\/produto\\\/pano-de-bilhar-brunswick-centennial\\\/#primaryimage\"},\"thumbnailUrl\":\"https:\\\/\\\/theworldbilliards.com\\\/wp-content\\\/uploads\\\/2022\\\/06\\\/BrunCMYKgold-1.png\",\"datePublished\":\"2017-01-03T15:06:39+00:00\",\"dateModified\":\"2023-03-21T12:27:37+00:00\",\"description\":\"DURABILIDADE O pano Centennial \u00e9 tecido com 100% de tecido de l\u00e3 merino de luxo embutido com o protetor de tecido DuPont \u2122 Teflon\u00ae\u00a0 que protege o tecido e a mesa de derramamentos ocasionais. Em 23 oz. de tecido por metro quadrado vs. 19 oz. Por metro quadrado de marcas competitivas, o pano Centennial dura at\u00e9 60% mais do que o tecido de l\u00e3 da concorr\u00eancia. O Pano Centennial foi constru\u00eddo para suportar o uso rigoroso tanto do iniciante quanto do avan\u00e7ado. DESEMPENHO PROFISSIONAL O protetor de tecido DuPont \u2122 Teflon\u00ae \u00e9 incorporado nas fibras de pano, protegendo seu investimento sem afetar o jogo. A velocidade ideal de reprodu\u00e7\u00e3o \u00e9 alcan\u00e7ada atrav\u00e9s de um processo exclusivo de acabamento de 5 etapas, incluindo decanta\u00e7\u00e3o a v\u00e1cuo. Este processo permite que o nosso tecido seja mais espesso, proporcionando durabilidade e velocidade. Endossado pelo membro do Hall da Fama do BCA e pelo profissional da WPBA Ewa Mataya Laurance. ESTILO REFINADO Dispon\u00edvel em 14 cores impressionantes para personalizar o seu gosto e estilo. O tecido de l\u00e3 de Merino Centennial n\u00e3o p\u00edlula ou galp\u00e3o, mantendo uma superf\u00edcie de jogo limpa e elegante. Cada pe\u00e7a de tecido \u00e9 100% inspecionada manualmente pelo menos quatro vezes durante a fabrica\u00e7\u00e3o, garantindo qualidade e acabamento consistentes.\",\"breadcrumb\":{\"@id\":\"https:\\\/\\\/theworldbilliards.com\\\/pt-pt\\\/produto\\\/pano-de-bilhar-brunswick-centennial\\\/#breadcrumb\"},\"inLanguage\":\"pt-PT\",\"potentialAction\":[{\"@type\":\"ReadAction\",\"target\":[\"https:\\\/\\\/theworldbilliards.com\\\/pt-pt\\\/produto\\\/pano-de-bilhar-brunswick-centennial\\\/\"]}]},{\"@type\":\"ImageObject\",\"inLanguage\":\"pt-PT\",\"@id\":\"https:\\\/\\\/theworldbilliards.com\\\/pt-pt\\\/produto\\\/pano-de-bilhar-brunswick-centennial\\\/#primaryimage\",\"url\":\"https:\\\/\\\/theworldbilliards.com\\\/wp-content\\\/uploads\\\/2022\\\/06\\\/BrunCMYKgold-1.png\",\"contentUrl\":\"https:\\\/\\\/theworldbilliards.com\\\/wp-content\\\/uploads\\\/2022\\\/06\\\/BrunCMYKgold-1.png\",\"width\":1500,\"height\":1500},{\"@type\":\"BreadcrumbList\",\"@id\":\"https:\\\/\\\/theworldbilliards.com\\\/pt-pt\\\/produto\\\/pano-de-bilhar-brunswick-centennial\\\/#breadcrumb\",\"itemListElement\":[{\"@type\":\"ListItem\",\"position\":1,\"name\":\"In\u00edcio\",\"item\":\"https:\\\/\\\/theworldbilliards.com\\\/pt-pt\\\/\"},{\"@type\":\"ListItem\",\"position\":2,\"name\":\"Loja online\",\"item\":\"https:\\\/\\\/theworldbilliards.com\\\/pt-pt\\\/loja-theworldbilliards\\\/\"},{\"@type\":\"ListItem\",\"position\":3,\"name\":\"Pano de bilhar BRUNSWICK CENTENNIAL\"}]},{\"@type\":\"WebSite\",\"@id\":\"https:\\\/\\\/theworldbilliards.com\\\/pt-pt\\\/#website\",\"url\":\"https:\\\/\\\/theworldbilliards.com\\\/pt-pt\\\/\",\"name\":\"TheWorldBilliards\",\"description\":\"Compre aqui bilhar, matraquilho, t\u00eanis de mesa e bowling\",\"publisher\":{\"@id\":\"https:\\\/\\\/theworldbilliards.com\\\/pt-pt\\\/#organization\"},\"alternateName\":\"The world billiards\",\"potentialAction\":[{\"@type\":\"SearchAction\",\"target\":{\"@type\":\"EntryPoint\",\"urlTemplate\":\"https:\\\/\\\/theworldbilliards.com\\\/pt-pt\\\/?s={search_term_string}\"},\"query-input\":{\"@type\":\"PropertyValueSpecification\",\"valueRequired\":true,\"valueName\":\"search_term_string\"}}],\"inLanguage\":\"pt-PT\"},{\"@type\":\"Organization\",\"@id\":\"https:\\\/\\\/theworldbilliards.com\\\/pt-pt\\\/#organization\",\"name\":\"The World Billiards\",\"alternateName\":\"The World Billiards\",\"url\":\"https:\\\/\\\/theworldbilliards.com\\\/pt-pt\\\/\",\"logo\":{\"@type\":\"ImageObject\",\"inLanguage\":\"pt-PT\",\"@id\":\"https:\\\/\\\/theworldbilliards.com\\\/pt-pt\\\/#\\\/schema\\\/logo\\\/image\\\/\",\"url\":\"\",\"contentUrl\":\"\",\"caption\":\"The World Billiards\"},\"image\":{\"@id\":\"https:\\\/\\\/theworldbilliards.com\\\/pt-pt\\\/#\\\/schema\\\/logo\\\/image\\\/\"},\"sameAs\":[\"https:\\\/\\\/www.facebook.com\\\/baby.foot.superbes\",\"https:\\\/\\\/www.youtube.com\\\/channel\\\/UCIMuOVAaUcH6UpZcsZlH0Tg\",\"https:\\\/\\\/www.facebook.com\\\/people\\\/Brunswick-Billiards-EspaaPortugal\\\/100066446264309\\\/\",\"https:\\\/\\\/www.instagram.com\\\/the_world_billiards\\\/\",\"https:\\\/\\\/www.pinterest.es\\\/Theworldbilliards\\\/\"]}]}<\/script>\n<!-- \/ Yoast SEO plugin. -->","yoast_head_json":{"title":"Pano de bilhar BRUNSWICK CENTENNIAL - The World Billiards","description":"DURABILIDADE   O pano Centennial \u00e9 tecido com 100% de tecido de l\u00e3 merino de luxo embutido com o protetor de tecido DuPont \u2122 Teflon\u00ae\u00a0 que protege o tecido e a mesa de derramamentos ocasionais.  Em 23 oz. de tecido por metro quadrado vs. 19 oz. Por metro quadrado de marcas competitivas, o pano Centennial dura at\u00e9 60% mais do que o tecido de l\u00e3 da concorr\u00eancia.  O Pano Centennial foi constru\u00eddo para suportar o uso rigoroso tanto do iniciante quanto do avan\u00e7ado.  DESEMPENHO PROFISSIONAL   O protetor de tecido DuPont \u2122 Teflon\u00ae \u00e9 incorporado nas fibras de pano, protegendo seu investimento sem afetar o jogo.  A velocidade ideal de reprodu\u00e7\u00e3o \u00e9 alcan\u00e7ada atrav\u00e9s de um processo exclusivo de acabamento de 5 etapas, incluindo decanta\u00e7\u00e3o a v\u00e1cuo. Este processo permite que o nosso tecido seja mais espesso, proporcionando durabilidade e velocidade.  Endossado pelo membro do Hall da Fama do BCA e pelo profissional da WPBA Ewa Mataya Laurance.  ESTILO REFINADO   Dispon\u00edvel em 14 cores impressionantes para personalizar o seu gosto e estilo.  O tecido de l\u00e3 de Merino Centennial n\u00e3o p\u00edlula ou galp\u00e3o, mantendo uma superf\u00edcie de jogo limpa e elegante.  Cada pe\u00e7a de tecido \u00e9 100% inspecionada manualmente pelo menos quatro vezes durante a fabrica\u00e7\u00e3o, garantindo qualidade e acabamento consistentes.","robots":{"index":"index","follow":"follow","max-snippet":"max-snippet:-1","max-image-preview":"max-image-preview:large","max-video-preview":"max-video-preview:-1"},"canonical":"https:\/\/theworldbilliards.com\/pt-pt\/produto\/pano-de-bilhar-brunswick-centennial\/","og_locale":"pt_PT","og_type":"article","og_title":"Pano de bilhar BRUNSWICK CENTENNIAL - The World Billiards","og_description":"DURABILIDADE   O pano Centennial \u00e9 tecido com 100% de tecido de l\u00e3 merino de luxo embutido com o protetor de tecido DuPont \u2122 Teflon\u00ae\u00a0 que protege o tecido e a mesa de derramamentos ocasionais.  Em 23 oz. de tecido por metro quadrado vs. 19 oz. Por metro quadrado de marcas competitivas, o pano Centennial dura at\u00e9 60% mais do que o tecido de l\u00e3 da concorr\u00eancia.  O Pano Centennial foi constru\u00eddo para suportar o uso rigoroso tanto do iniciante quanto do avan\u00e7ado.  DESEMPENHO PROFISSIONAL   O protetor de tecido DuPont \u2122 Teflon\u00ae \u00e9 incorporado nas fibras de pano, protegendo seu investimento sem afetar o jogo.  A velocidade ideal de reprodu\u00e7\u00e3o \u00e9 alcan\u00e7ada atrav\u00e9s de um processo exclusivo de acabamento de 5 etapas, incluindo decanta\u00e7\u00e3o a v\u00e1cuo. Este processo permite que o nosso tecido seja mais espesso, proporcionando durabilidade e velocidade.  Endossado pelo membro do Hall da Fama do BCA e pelo profissional da WPBA Ewa Mataya Laurance.  ESTILO REFINADO   Dispon\u00edvel em 14 cores impressionantes para personalizar o seu gosto e estilo.  O tecido de l\u00e3 de Merino Centennial n\u00e3o p\u00edlula ou galp\u00e3o, mantendo uma superf\u00edcie de jogo limpa e elegante.  Cada pe\u00e7a de tecido \u00e9 100% inspecionada manualmente pelo menos quatro vezes durante a fabrica\u00e7\u00e3o, garantindo qualidade e acabamento consistentes.","og_url":"https:\/\/theworldbilliards.com\/pt-pt\/produto\/pano-de-bilhar-brunswick-centennial\/","og_site_name":"The World Billiards","article_publisher":"https:\/\/www.facebook.com\/baby.foot.superbes","article_modified_time":"2023-03-21T12:27:37+00:00","og_image":[{"width":1500,"height":1500,"url":"https:\/\/theworldbilliards.com\/wp-content\/uploads\/2022\/06\/BrunCMYKgold-1.png","type":"image\/png"}],"twitter_card":"summary_large_image","twitter_misc":{"Tempo estimado de leitura":"1 minuto"},"schema":{"@context":"https:\/\/schema.org","@graph":[{"@type":"WebPage","@id":"https:\/\/theworldbilliards.com\/pt-pt\/produto\/pano-de-bilhar-brunswick-centennial\/","url":"https:\/\/theworldbilliards.com\/pt-pt\/produto\/pano-de-bilhar-brunswick-centennial\/","name":"Pano de bilhar BRUNSWICK CENTENNIAL - The World Billiards","isPartOf":{"@id":"https:\/\/theworldbilliards.com\/pt-pt\/#website"},"primaryImageOfPage":{"@id":"https:\/\/theworldbilliards.com\/pt-pt\/produto\/pano-de-bilhar-brunswick-centennial\/#primaryimage"},"image":{"@id":"https:\/\/theworldbilliards.com\/pt-pt\/produto\/pano-de-bilhar-brunswick-centennial\/#primaryimage"},"thumbnailUrl":"https:\/\/theworldbilliards.com\/wp-content\/uploads\/2022\/06\/BrunCMYKgold-1.png","datePublished":"2017-01-03T15:06:39+00:00","dateModified":"2023-03-21T12:27:37+00:00","description":"DURABILIDADE O pano Centennial \u00e9 tecido com 100% de tecido de l\u00e3 merino de luxo embutido com o protetor de tecido DuPont \u2122 Teflon\u00ae\u00a0 que protege o tecido e a mesa de derramamentos ocasionais. Em 23 oz. de tecido por metro quadrado vs. 19 oz. Por metro quadrado de marcas competitivas, o pano Centennial dura at\u00e9 60% mais do que o tecido de l\u00e3 da concorr\u00eancia. O Pano Centennial foi constru\u00eddo para suportar o uso rigoroso tanto do iniciante quanto do avan\u00e7ado. DESEMPENHO PROFISSIONAL O protetor de tecido DuPont \u2122 Teflon\u00ae \u00e9 incorporado nas fibras de pano, protegendo seu investimento sem afetar o jogo. A velocidade ideal de reprodu\u00e7\u00e3o \u00e9 alcan\u00e7ada atrav\u00e9s de um processo exclusivo de acabamento de 5 etapas, incluindo decanta\u00e7\u00e3o a v\u00e1cuo. Este processo permite que o nosso tecido seja mais espesso, proporcionando durabilidade e velocidade. Endossado pelo membro do Hall da Fama do BCA e pelo profissional da WPBA Ewa Mataya Laurance. ESTILO REFINADO Dispon\u00edvel em 14 cores impressionantes para personalizar o seu gosto e estilo. O tecido de l\u00e3 de Merino Centennial n\u00e3o p\u00edlula ou galp\u00e3o, mantendo uma superf\u00edcie de jogo limpa e elegante. Cada pe\u00e7a de tecido \u00e9 100% inspecionada manualmente pelo menos quatro vezes durante a fabrica\u00e7\u00e3o, garantindo qualidade e acabamento consistentes.","breadcrumb":{"@id":"https:\/\/theworldbilliards.com\/pt-pt\/produto\/pano-de-bilhar-brunswick-centennial\/#breadcrumb"},"inLanguage":"pt-PT","potentialAction":[{"@type":"ReadAction","target":["https:\/\/theworldbilliards.com\/pt-pt\/produto\/pano-de-bilhar-brunswick-centennial\/"]}]},{"@type":"ImageObject","inLanguage":"pt-PT","@id":"https:\/\/theworldbilliards.com\/pt-pt\/produto\/pano-de-bilhar-brunswick-centennial\/#primaryimage","url":"https:\/\/theworldbilliards.com\/wp-content\/uploads\/2022\/06\/BrunCMYKgold-1.png","contentUrl":"https:\/\/theworldbilliards.com\/wp-content\/uploads\/2022\/06\/BrunCMYKgold-1.png","width":1500,"height":1500},{"@type":"BreadcrumbList","@id":"https:\/\/theworldbilliards.com\/pt-pt\/produto\/pano-de-bilhar-brunswick-centennial\/#breadcrumb","itemListElement":[{"@type":"ListItem","position":1,"name":"In\u00edcio","item":"https:\/\/theworldbilliards.com\/pt-pt\/"},{"@type":"ListItem","position":2,"name":"Loja online","item":"https:\/\/theworldbilliards.com\/pt-pt\/loja-theworldbilliards\/"},{"@type":"ListItem","position":3,"name":"Pano de bilhar BRUNSWICK CENTENNIAL"}]},{"@type":"WebSite","@id":"https:\/\/theworldbilliards.com\/pt-pt\/#website","url":"https:\/\/theworldbilliards.com\/pt-pt\/","name":"TheWorldBilliards","description":"Compre aqui bilhar, matraquilho, t\u00eanis de mesa e bowling","publisher":{"@id":"https:\/\/theworldbilliards.com\/pt-pt\/#organization"},"alternateName":"The world billiards","potentialAction":[{"@type":"SearchAction","target":{"@type":"EntryPoint","urlTemplate":"https:\/\/theworldbilliards.com\/pt-pt\/?s={search_term_string}"},"query-input":{"@type":"PropertyValueSpecification","valueRequired":true,"valueName":"search_term_string"}}],"inLanguage":"pt-PT"},{"@type":"Organization","@id":"https:\/\/theworldbilliards.com\/pt-pt\/#organization","name":"The World Billiards","alternateName":"The World Billiards","url":"https:\/\/theworldbilliards.com\/pt-pt\/","logo":{"@type":"ImageObject","inLanguage":"pt-PT","@id":"https:\/\/theworldbilliards.com\/pt-pt\/#\/schema\/logo\/image\/","url":"","contentUrl":"","caption":"The World Billiards"},"image":{"@id":"https:\/\/theworldbilliards.com\/pt-pt\/#\/schema\/logo\/image\/"},"sameAs":["https:\/\/www.facebook.com\/baby.foot.superbes","https:\/\/www.youtube.com\/channel\/UCIMuOVAaUcH6UpZcsZlH0Tg","https:\/\/www.facebook.com\/people\/Brunswick-Billiards-EspaaPortugal\/100066446264309\/","https:\/\/www.instagram.com\/the_world_billiards\/","https:\/\/www.pinterest.es\/Theworldbilliards\/"]}]}},"_links":{"self":[{"href":"https:\/\/theworldbilliards.com\/pt-pt\/wp-json\/wp\/v2\/product\/29360","targetHints":{"allow":["GET"]}}],"collection":[{"href":"https:\/\/theworldbilliards.com\/pt-pt\/wp-json\/wp\/v2\/product"}],"about":[{"href":"https:\/\/theworldbilliards.com\/pt-pt\/wp-json\/wp\/v2\/types\/product"}],"wp:featuredmedia":[{"embeddable":true,"href":"https:\/\/theworldbilliards.com\/pt-pt\/wp-json\/wp\/v2\/media\/88753"}],"wp:attachment":[{"href":"https:\/\/theworldbilliards.com\/pt-pt\/wp-json\/wp\/v2\/media?parent=29360"}],"wp:term":[{"taxonomy":"product_brand","embeddable":true,"href":"https:\/\/theworldbilliards.com\/pt-pt\/wp-json\/wp\/v2\/product_brand?post=29360"},{"taxonomy":"product_cat","embeddable":true,"href":"https:\/\/theworldbilliards.com\/pt-pt\/wp-json\/wp\/v2\/product_cat?post=29360"},{"taxonomy":"product_tag","embeddable":true,"href":"https:\/\/theworldbilliards.com\/pt-pt\/wp-json\/wp\/v2\/product_tag?post=29360"}],"curies":[{"name":"wp","href":"https:\/\/api.w.org\/{rel}","templated":true}]}}