{"id":29492,"date":"2017-01-05T02:02:29","date_gmt":"2017-01-05T01:02:29","guid":{"rendered":"http:\/\/theworldbilliards.com\/?post_type=product&#038;p=29492\/"},"modified":"2023-09-05T12:43:23","modified_gmt":"2023-09-05T10:43:23","slug":"matraquilho-challenger-pro-com-moedeiro","status":"publish","type":"product","link":"https:\/\/theworldbilliards.com\/pt-pt\/produto\/matraquilho-challenger-pro-com-moedeiro\/","title":{"rendered":"Matraquilho Challenger Pro com moedeiro"},"content":{"rendered":"<ul>\n<li>Dimens\u00f5es: 1,47 x 0,72 m 0,92 m x m [CxLxA]<\/li>\n<li>Acabamentos de alta qualidade \u00e1 escolha do cliente<\/li>\n<li>Matraquilho com moedeiro de 0,20 \u20ac, 0,50 \u20ac 1,00 \u20ac ou fichas<\/li>\n<li>Constru\u00e7\u00e3o em madeira maci\u00e7a<\/li>\n<li>Balizas em Alpax polido<\/li>\n<li>Campo de jogo em Gerflex<\/li>\n<li>Varoes telesc\u00f3picos em inox refor\u00e7ados<\/li>\n<li>Casquilhos em ABS Hi-tech de longa dura\u00e7\u00e3o<\/li>\n<li>Jogadores em alum\u00ednio refor\u00e7ado<\/li>\n<li>Peso &#8211; 110 kg<\/li>\n<li>Inclu\u00eddas 10 bolas (corti\u00e7a, madeira, pl\u00e1stico)<\/li>\n<\/ul>\n<picture><img loading=\"lazy\" decoding=\"async\" class=\"alignnone size-medium wp-image-64097 webpexpress-processed ls-is-cached lazyloaded smush-detected-img smush-image-1\" src=\"https:\/\/theworldbilliards.com\/wp-content\/uploads\/2019\/11\/Colores-Maderas-Billar-300x182.jpg\" sizes=\"auto, (max-width: 300px) 100vw, 300px\" srcset=\"https:\/\/theworldbilliards.com\/wp-content\/uploads\/2019\/11\/Colores-Maderas-Billar-300x182.jpg 300w, https:\/\/theworldbilliards.com\/wp-content\/uploads\/2019\/11\/Colores-Maderas-Billar-768x466.jpg 768w, https:\/\/theworldbilliards.com\/wp-content\/uploads\/2019\/11\/Colores-Maderas-Billar-416x252.jpg 416w, https:\/\/theworldbilliards.com\/wp-content\/uploads\/2019\/11\/Colores-Maderas-Billar.jpg 932w\" alt=\"\" width=\"300\" height=\"182\" data-srcset=\"https:\/\/theworldbilliards.com\/wp-content\/uploads\/2019\/11\/Colores-Maderas-Billar-300x182.jpg 300w, https:\/\/theworldbilliards.com\/wp-content\/uploads\/2019\/11\/Colores-Maderas-Billar-768x466.jpg 768w, https:\/\/theworldbilliards.com\/wp-content\/uploads\/2019\/11\/Colores-Maderas-Billar-416x252.jpg 416w, https:\/\/theworldbilliards.com\/wp-content\/uploads\/2019\/11\/Colores-Maderas-Billar.jpg 932w\" data-src=\"https:\/\/theworldbilliards.com\/wp-content\/uploads\/2019\/11\/Colores-Maderas-Billar-300x182.jpg\" data-sizes=\"(max-width: 300px) 100vw, 300px\" \/>Outras cores de madeira ou jogadores contate-nos<\/picture>\n<p>Op\u00e7\u00e3o LED RGB com controle remoto<\/p>\n","protected":false},"excerpt":{"rendered":"<p>Dimens\u00f5es: 1,47 x 0,72 m 0,92 m x m [CxLxA] Acabamentos de alta qualidade \u00e1 escolha do cliente Matraquilho com [&hellip;]<\/p>\n","protected":false},"featured_media":89060,"template":"","meta":{"site-sidebar-layout":"default","site-content-layout":"","ast-site-content-layout":"default","site-content-style":"default","site-sidebar-style":"default","ast-global-header-display":"","ast-banner-title-visibility":"","ast-main-header-display":"","ast-hfb-above-header-display":"","ast-hfb-below-header-display":"","ast-hfb-mobile-header-display":"","site-post-title":"","ast-breadcrumbs-content":"","ast-featured-img":"","footer-sml-layout":"","ast-disable-related-posts":"","theme-transparent-header-meta":"default","adv-header-id-meta":"","stick-header-meta":"","header-above-stick-meta":"","header-main-stick-meta":"","header-below-stick-meta":"","astra-migrate-meta-layouts":"default","ast-page-background-enabled":"default","ast-page-background-meta":{"desktop":{"background-color":"var(--ast-global-color-4)","background-image":"","background-repeat":"repeat","background-position":"center center","background-size":"auto","background-attachment":"scroll","background-type":"","background-media":"","overlay-type":"","overlay-color":"","overlay-opacity":"","overlay-gradient":""},"tablet":{"background-color":"","background-image":"","background-repeat":"repeat","background-position":"center center","background-size":"auto","background-attachment":"scroll","background-type":"","background-media":"","overlay-type":"","overlay-color":"","overlay-opacity":"","overlay-gradient":""},"mobile":{"background-color":"","background-image":"","background-repeat":"repeat","background-position":"center center","background-size":"auto","background-attachment":"scroll","background-type":"","background-media":"","overlay-type":"","overlay-color":"","overlay-opacity":"","overlay-gradient":""}},"ast-content-background-meta":{"desktop":{"background-color":"var(--ast-global-color-5)","background-image":"","background-repeat":"repeat","background-position":"center center","background-size":"auto","background-attachment":"scroll","background-type":"","background-media":"","overlay-type":"","overlay-color":"","overlay-opacity":"","overlay-gradient":""},"tablet":{"background-color":"var(--ast-global-color-5)","background-image":"","background-repeat":"repeat","background-position":"center center","background-size":"auto","background-attachment":"scroll","background-type":"","background-media":"","overlay-type":"","overlay-color":"","overlay-opacity":"","overlay-gradient":""},"mobile":{"background-color":"var(--ast-global-color-5)","background-image":"","background-repeat":"repeat","background-position":"center center","background-size":"auto","background-attachment":"scroll","background-type":"","background-media":"","overlay-type":"","overlay-color":"","overlay-opacity":"","overlay-gradient":""}}},"product_brand":[5219],"product_cat":[1122,4524],"product_tag":[],"class_list":{"0":"post-29492","1":"product","2":"type-product","3":"status-publish","4":"has-post-thumbnail","6":"product_brand-twb-the-world-billiards-pt-pt","7":"product_cat-matraquilhos-com-moedeiro","8":"product_cat-produtos-comerciais","9":"product_shipping_class-matraquilhos","10":"desktop-align-center","11":"tablet-align-left","12":"mobile-align-left","14":"first","15":"instock","16":"taxable","17":"shipping-taxable","18":"purchasable","19":"product-type-variable"},"yoast_head":"<!-- This site is optimized with the Yoast SEO plugin v27.4 - https:\/\/yoast.com\/product\/yoast-seo-wordpress\/ -->\n<title>Matraquilho Challenger Pro com moedeiro - The World Billiards<\/title>\n<meta name=\"description\" content=\"Dimens\u00f5es: 1,47 x 0,72 m 0,92 m x m   Acabamentos de alta qualidade \u00e1 escolha do cliente  Matraquilho com moedeiro de 0,20 \u20ac, 0,50 \u20ac 1,00 \u20ac ou fichas  Constru\u00e7\u00e3o em madeira maci\u00e7a  Balizas em Alpax polido  Campo de jogo em Gerflex  Varoes telesc\u00f3picos em inox refor\u00e7ados  Casquilhos em ABS Hi-tech de longa dura\u00e7\u00e3o  Jogadores em alum\u00ednio refor\u00e7ado  Peso - 110 kg  Inclu\u00eddas 10 bolas (corti\u00e7a, madeira, pl\u00e1stico)  Outras cores de madeira ou jogadores contate-nos  Op\u00e7\u00e3o LED RGB com controle remoto\" \/>\n<meta name=\"robots\" content=\"index, follow, max-snippet:-1, max-image-preview:large, max-video-preview:-1\" \/>\n<link rel=\"canonical\" href=\"https:\/\/theworldbilliards.com\/pt-pt\/produto\/matraquilho-challenger-pro-com-moedeiro\/\" \/>\n<meta property=\"og:locale\" content=\"pt_PT\" \/>\n<meta property=\"og:type\" content=\"article\" \/>\n<meta property=\"og:title\" content=\"Matraquilho Challenger Pro com moedeiro - The World Billiards\" \/>\n<meta property=\"og:description\" content=\"Dimens\u00f5es: 1,47 x 0,72 m 0,92 m x m   Acabamentos de alta qualidade \u00e1 escolha do cliente  Matraquilho com moedeiro de 0,20 \u20ac, 0,50 \u20ac 1,00 \u20ac ou fichas  Constru\u00e7\u00e3o em madeira maci\u00e7a  Balizas em Alpax polido  Campo de jogo em Gerflex  Varoes telesc\u00f3picos em inox refor\u00e7ados  Casquilhos em ABS Hi-tech de longa dura\u00e7\u00e3o  Jogadores em alum\u00ednio refor\u00e7ado  Peso - 110 kg  Inclu\u00eddas 10 bolas (corti\u00e7a, madeira, pl\u00e1stico)  Outras cores de madeira ou jogadores contate-nos  Op\u00e7\u00e3o LED RGB com controle remoto\" \/>\n<meta property=\"og:url\" content=\"https:\/\/theworldbilliards.com\/pt-pt\/produto\/matraquilho-challenger-pro-com-moedeiro\/\" \/>\n<meta property=\"og:site_name\" content=\"The World Billiards\" \/>\n<meta property=\"article:publisher\" content=\"https:\/\/www.facebook.com\/baby.foot.superbes\" \/>\n<meta property=\"article:modified_time\" content=\"2023-09-05T10:43:23+00:00\" \/>\n<meta property=\"og:image\" content=\"https:\/\/theworldbilliards.com\/wp-content\/uploads\/2017\/01\/challenger-pro.png\" \/>\n\t<meta property=\"og:image:width\" content=\"882\" \/>\n\t<meta property=\"og:image:height\" content=\"882\" \/>\n\t<meta property=\"og:image:type\" content=\"image\/png\" \/>\n<meta name=\"twitter:card\" content=\"summary_large_image\" \/>\n<script type=\"application\/ld+json\" class=\"yoast-schema-graph\">{\"@context\":\"https:\\\/\\\/schema.org\",\"@graph\":[{\"@type\":\"WebPage\",\"@id\":\"https:\\\/\\\/theworldbilliards.com\\\/pt-pt\\\/produto\\\/matraquilho-challenger-pro-com-moedeiro\\\/\",\"url\":\"https:\\\/\\\/theworldbilliards.com\\\/pt-pt\\\/produto\\\/matraquilho-challenger-pro-com-moedeiro\\\/\",\"name\":\"Matraquilho Challenger Pro com moedeiro - The World Billiards\",\"isPartOf\":{\"@id\":\"https:\\\/\\\/theworldbilliards.com\\\/pt-pt\\\/#website\"},\"primaryImageOfPage\":{\"@id\":\"https:\\\/\\\/theworldbilliards.com\\\/pt-pt\\\/produto\\\/matraquilho-challenger-pro-com-moedeiro\\\/#primaryimage\"},\"image\":{\"@id\":\"https:\\\/\\\/theworldbilliards.com\\\/pt-pt\\\/produto\\\/matraquilho-challenger-pro-com-moedeiro\\\/#primaryimage\"},\"thumbnailUrl\":\"https:\\\/\\\/theworldbilliards.com\\\/wp-content\\\/uploads\\\/2017\\\/01\\\/challenger-pro.png\",\"datePublished\":\"2017-01-05T01:02:29+00:00\",\"dateModified\":\"2023-09-05T10:43:23+00:00\",\"description\":\"Dimens\u00f5es: 1,47 x 0,72 m 0,92 m x m Acabamentos de alta qualidade \u00e1 escolha do cliente Matraquilho com moedeiro de 0,20 \u20ac, 0,50 \u20ac 1,00 \u20ac ou fichas Constru\u00e7\u00e3o em madeira maci\u00e7a Balizas em Alpax polido Campo de jogo em Gerflex Varoes telesc\u00f3picos em inox refor\u00e7ados Casquilhos em ABS Hi-tech de longa dura\u00e7\u00e3o Jogadores em alum\u00ednio refor\u00e7ado Peso - 110 kg Inclu\u00eddas 10 bolas (corti\u00e7a, madeira, pl\u00e1stico) Outras cores de madeira ou jogadores contate-nos Op\u00e7\u00e3o LED RGB com controle remoto\",\"breadcrumb\":{\"@id\":\"https:\\\/\\\/theworldbilliards.com\\\/pt-pt\\\/produto\\\/matraquilho-challenger-pro-com-moedeiro\\\/#breadcrumb\"},\"inLanguage\":\"pt-PT\",\"potentialAction\":[{\"@type\":\"ReadAction\",\"target\":[\"https:\\\/\\\/theworldbilliards.com\\\/pt-pt\\\/produto\\\/matraquilho-challenger-pro-com-moedeiro\\\/\"]}]},{\"@type\":\"ImageObject\",\"inLanguage\":\"pt-PT\",\"@id\":\"https:\\\/\\\/theworldbilliards.com\\\/pt-pt\\\/produto\\\/matraquilho-challenger-pro-com-moedeiro\\\/#primaryimage\",\"url\":\"https:\\\/\\\/theworldbilliards.com\\\/wp-content\\\/uploads\\\/2017\\\/01\\\/challenger-pro.png\",\"contentUrl\":\"https:\\\/\\\/theworldbilliards.com\\\/wp-content\\\/uploads\\\/2017\\\/01\\\/challenger-pro.png\",\"width\":882,\"height\":882},{\"@type\":\"BreadcrumbList\",\"@id\":\"https:\\\/\\\/theworldbilliards.com\\\/pt-pt\\\/produto\\\/matraquilho-challenger-pro-com-moedeiro\\\/#breadcrumb\",\"itemListElement\":[{\"@type\":\"ListItem\",\"position\":1,\"name\":\"In\u00edcio\",\"item\":\"https:\\\/\\\/theworldbilliards.com\\\/pt-pt\\\/\"},{\"@type\":\"ListItem\",\"position\":2,\"name\":\"Loja online\",\"item\":\"https:\\\/\\\/theworldbilliards.com\\\/pt-pt\\\/loja-theworldbilliards\\\/\"},{\"@type\":\"ListItem\",\"position\":3,\"name\":\"Matraquilho Challenger Pro com moedeiro\"}]},{\"@type\":\"WebSite\",\"@id\":\"https:\\\/\\\/theworldbilliards.com\\\/pt-pt\\\/#website\",\"url\":\"https:\\\/\\\/theworldbilliards.com\\\/pt-pt\\\/\",\"name\":\"TheWorldBilliards\",\"description\":\"Compre aqui bilhar, matraquilho, t\u00eanis de mesa e bowling\",\"publisher\":{\"@id\":\"https:\\\/\\\/theworldbilliards.com\\\/pt-pt\\\/#organization\"},\"alternateName\":\"The world billiards\",\"potentialAction\":[{\"@type\":\"SearchAction\",\"target\":{\"@type\":\"EntryPoint\",\"urlTemplate\":\"https:\\\/\\\/theworldbilliards.com\\\/pt-pt\\\/?s={search_term_string}\"},\"query-input\":{\"@type\":\"PropertyValueSpecification\",\"valueRequired\":true,\"valueName\":\"search_term_string\"}}],\"inLanguage\":\"pt-PT\"},{\"@type\":\"Organization\",\"@id\":\"https:\\\/\\\/theworldbilliards.com\\\/pt-pt\\\/#organization\",\"name\":\"The World Billiards\",\"alternateName\":\"The World Billiards\",\"url\":\"https:\\\/\\\/theworldbilliards.com\\\/pt-pt\\\/\",\"logo\":{\"@type\":\"ImageObject\",\"inLanguage\":\"pt-PT\",\"@id\":\"https:\\\/\\\/theworldbilliards.com\\\/pt-pt\\\/#\\\/schema\\\/logo\\\/image\\\/\",\"url\":\"\",\"contentUrl\":\"\",\"caption\":\"The World Billiards\"},\"image\":{\"@id\":\"https:\\\/\\\/theworldbilliards.com\\\/pt-pt\\\/#\\\/schema\\\/logo\\\/image\\\/\"},\"sameAs\":[\"https:\\\/\\\/www.facebook.com\\\/baby.foot.superbes\",\"https:\\\/\\\/www.youtube.com\\\/channel\\\/UCIMuOVAaUcH6UpZcsZlH0Tg\",\"https:\\\/\\\/www.facebook.com\\\/people\\\/Brunswick-Billiards-EspaaPortugal\\\/100066446264309\\\/\",\"https:\\\/\\\/www.instagram.com\\\/the_world_billiards\\\/\",\"https:\\\/\\\/www.pinterest.es\\\/Theworldbilliards\\\/\"]}]}<\/script>\n<!-- \/ Yoast SEO plugin. -->","yoast_head_json":{"title":"Matraquilho Challenger Pro com moedeiro - The World Billiards","description":"Dimens\u00f5es: 1,47 x 0,72 m 0,92 m x m   Acabamentos de alta qualidade \u00e1 escolha do cliente  Matraquilho com moedeiro de 0,20 \u20ac, 0,50 \u20ac 1,00 \u20ac ou fichas  Constru\u00e7\u00e3o em madeira maci\u00e7a  Balizas em Alpax polido  Campo de jogo em Gerflex  Varoes telesc\u00f3picos em inox refor\u00e7ados  Casquilhos em ABS Hi-tech de longa dura\u00e7\u00e3o  Jogadores em alum\u00ednio refor\u00e7ado  Peso - 110 kg  Inclu\u00eddas 10 bolas (corti\u00e7a, madeira, pl\u00e1stico)  Outras cores de madeira ou jogadores contate-nos  Op\u00e7\u00e3o LED RGB com controle remoto","robots":{"index":"index","follow":"follow","max-snippet":"max-snippet:-1","max-image-preview":"max-image-preview:large","max-video-preview":"max-video-preview:-1"},"canonical":"https:\/\/theworldbilliards.com\/pt-pt\/produto\/matraquilho-challenger-pro-com-moedeiro\/","og_locale":"pt_PT","og_type":"article","og_title":"Matraquilho Challenger Pro com moedeiro - The World Billiards","og_description":"Dimens\u00f5es: 1,47 x 0,72 m 0,92 m x m   Acabamentos de alta qualidade \u00e1 escolha do cliente  Matraquilho com moedeiro de 0,20 \u20ac, 0,50 \u20ac 1,00 \u20ac ou fichas  Constru\u00e7\u00e3o em madeira maci\u00e7a  Balizas em Alpax polido  Campo de jogo em Gerflex  Varoes telesc\u00f3picos em inox refor\u00e7ados  Casquilhos em ABS Hi-tech de longa dura\u00e7\u00e3o  Jogadores em alum\u00ednio refor\u00e7ado  Peso - 110 kg  Inclu\u00eddas 10 bolas (corti\u00e7a, madeira, pl\u00e1stico)  Outras cores de madeira ou jogadores contate-nos  Op\u00e7\u00e3o LED RGB com controle remoto","og_url":"https:\/\/theworldbilliards.com\/pt-pt\/produto\/matraquilho-challenger-pro-com-moedeiro\/","og_site_name":"The World Billiards","article_publisher":"https:\/\/www.facebook.com\/baby.foot.superbes","article_modified_time":"2023-09-05T10:43:23+00:00","og_image":[{"width":882,"height":882,"url":"https:\/\/theworldbilliards.com\/wp-content\/uploads\/2017\/01\/challenger-pro.png","type":"image\/png"}],"twitter_card":"summary_large_image","schema":{"@context":"https:\/\/schema.org","@graph":[{"@type":"WebPage","@id":"https:\/\/theworldbilliards.com\/pt-pt\/produto\/matraquilho-challenger-pro-com-moedeiro\/","url":"https:\/\/theworldbilliards.com\/pt-pt\/produto\/matraquilho-challenger-pro-com-moedeiro\/","name":"Matraquilho Challenger Pro com moedeiro - The World Billiards","isPartOf":{"@id":"https:\/\/theworldbilliards.com\/pt-pt\/#website"},"primaryImageOfPage":{"@id":"https:\/\/theworldbilliards.com\/pt-pt\/produto\/matraquilho-challenger-pro-com-moedeiro\/#primaryimage"},"image":{"@id":"https:\/\/theworldbilliards.com\/pt-pt\/produto\/matraquilho-challenger-pro-com-moedeiro\/#primaryimage"},"thumbnailUrl":"https:\/\/theworldbilliards.com\/wp-content\/uploads\/2017\/01\/challenger-pro.png","datePublished":"2017-01-05T01:02:29+00:00","dateModified":"2023-09-05T10:43:23+00:00","description":"Dimens\u00f5es: 1,47 x 0,72 m 0,92 m x m Acabamentos de alta qualidade \u00e1 escolha do cliente Matraquilho com moedeiro de 0,20 \u20ac, 0,50 \u20ac 1,00 \u20ac ou fichas Constru\u00e7\u00e3o em madeira maci\u00e7a Balizas em Alpax polido Campo de jogo em Gerflex Varoes telesc\u00f3picos em inox refor\u00e7ados Casquilhos em ABS Hi-tech de longa dura\u00e7\u00e3o Jogadores em alum\u00ednio refor\u00e7ado Peso - 110 kg Inclu\u00eddas 10 bolas (corti\u00e7a, madeira, pl\u00e1stico) Outras cores de madeira ou jogadores contate-nos Op\u00e7\u00e3o LED RGB com controle remoto","breadcrumb":{"@id":"https:\/\/theworldbilliards.com\/pt-pt\/produto\/matraquilho-challenger-pro-com-moedeiro\/#breadcrumb"},"inLanguage":"pt-PT","potentialAction":[{"@type":"ReadAction","target":["https:\/\/theworldbilliards.com\/pt-pt\/produto\/matraquilho-challenger-pro-com-moedeiro\/"]}]},{"@type":"ImageObject","inLanguage":"pt-PT","@id":"https:\/\/theworldbilliards.com\/pt-pt\/produto\/matraquilho-challenger-pro-com-moedeiro\/#primaryimage","url":"https:\/\/theworldbilliards.com\/wp-content\/uploads\/2017\/01\/challenger-pro.png","contentUrl":"https:\/\/theworldbilliards.com\/wp-content\/uploads\/2017\/01\/challenger-pro.png","width":882,"height":882},{"@type":"BreadcrumbList","@id":"https:\/\/theworldbilliards.com\/pt-pt\/produto\/matraquilho-challenger-pro-com-moedeiro\/#breadcrumb","itemListElement":[{"@type":"ListItem","position":1,"name":"In\u00edcio","item":"https:\/\/theworldbilliards.com\/pt-pt\/"},{"@type":"ListItem","position":2,"name":"Loja online","item":"https:\/\/theworldbilliards.com\/pt-pt\/loja-theworldbilliards\/"},{"@type":"ListItem","position":3,"name":"Matraquilho Challenger Pro com moedeiro"}]},{"@type":"WebSite","@id":"https:\/\/theworldbilliards.com\/pt-pt\/#website","url":"https:\/\/theworldbilliards.com\/pt-pt\/","name":"TheWorldBilliards","description":"Compre aqui bilhar, matraquilho, t\u00eanis de mesa e bowling","publisher":{"@id":"https:\/\/theworldbilliards.com\/pt-pt\/#organization"},"alternateName":"The world billiards","potentialAction":[{"@type":"SearchAction","target":{"@type":"EntryPoint","urlTemplate":"https:\/\/theworldbilliards.com\/pt-pt\/?s={search_term_string}"},"query-input":{"@type":"PropertyValueSpecification","valueRequired":true,"valueName":"search_term_string"}}],"inLanguage":"pt-PT"},{"@type":"Organization","@id":"https:\/\/theworldbilliards.com\/pt-pt\/#organization","name":"The World Billiards","alternateName":"The World Billiards","url":"https:\/\/theworldbilliards.com\/pt-pt\/","logo":{"@type":"ImageObject","inLanguage":"pt-PT","@id":"https:\/\/theworldbilliards.com\/pt-pt\/#\/schema\/logo\/image\/","url":"","contentUrl":"","caption":"The World Billiards"},"image":{"@id":"https:\/\/theworldbilliards.com\/pt-pt\/#\/schema\/logo\/image\/"},"sameAs":["https:\/\/www.facebook.com\/baby.foot.superbes","https:\/\/www.youtube.com\/channel\/UCIMuOVAaUcH6UpZcsZlH0Tg","https:\/\/www.facebook.com\/people\/Brunswick-Billiards-EspaaPortugal\/100066446264309\/","https:\/\/www.instagram.com\/the_world_billiards\/","https:\/\/www.pinterest.es\/Theworldbilliards\/"]}]}},"_links":{"self":[{"href":"https:\/\/theworldbilliards.com\/pt-pt\/wp-json\/wp\/v2\/product\/29492","targetHints":{"allow":["GET"]}}],"collection":[{"href":"https:\/\/theworldbilliards.com\/pt-pt\/wp-json\/wp\/v2\/product"}],"about":[{"href":"https:\/\/theworldbilliards.com\/pt-pt\/wp-json\/wp\/v2\/types\/product"}],"wp:featuredmedia":[{"embeddable":true,"href":"https:\/\/theworldbilliards.com\/pt-pt\/wp-json\/wp\/v2\/media\/89060"}],"wp:attachment":[{"href":"https:\/\/theworldbilliards.com\/pt-pt\/wp-json\/wp\/v2\/media?parent=29492"}],"wp:term":[{"taxonomy":"product_brand","embeddable":true,"href":"https:\/\/theworldbilliards.com\/pt-pt\/wp-json\/wp\/v2\/product_brand?post=29492"},{"taxonomy":"product_cat","embeddable":true,"href":"https:\/\/theworldbilliards.com\/pt-pt\/wp-json\/wp\/v2\/product_cat?post=29492"},{"taxonomy":"product_tag","embeddable":true,"href":"https:\/\/theworldbilliards.com\/pt-pt\/wp-json\/wp\/v2\/product_tag?post=29492"}],"curies":[{"name":"wp","href":"https:\/\/api.w.org\/{rel}","templated":true}]}}