{"id":29516,"date":"2017-01-05T10:40:01","date_gmt":"2017-01-05T09:40:01","guid":{"rendered":"http:\/\/theworldbilliards.com\/?post_type=product&#038;p=29516\/"},"modified":"2025-06-23T12:02:29","modified_gmt":"2025-06-23T10:02:29","slug":"matraquilho-garlando-pro-champion","status":"publish","type":"product","link":"https:\/\/theworldbilliards.com\/pt-pt\/produto\/matraquilho-garlando-pro-champion\/","title":{"rendered":"Matraquilho Garlando Pro Champion"},"content":{"rendered":"<p>A mesa de matraquilhos PRO CHAMPION, oficial ITSF para treinamento e competi\u00e7\u00f5es Pro Tour.<br \/>\nCom um design de linhas elegantes e com uma constru\u00e7\u00e3o est\u00e1vel e robusta, Pro Champion \u00e9 a mesa oficial da forma\u00e7\u00e3o ITSF para os jogadores profissionais. Tamb\u00e9m pode ser usado para as competi\u00e7\u00f5es internacionais da categoria Pro Tour.<br \/>\nEla compartilha algumas das caracter\u00edsticas do Master champion, al\u00e9m de uma apar\u00eancia semelhante, com marcadores de competi\u00e7\u00e3o e niveladores nas perna, borrachas nas barras e um alienador para manter o guarda-redes dentro da faixa da baliza.<br \/>\nOs punhos em pl\u00e1stico preto ergon\u00f3mico, permite rapidez e efic\u00e1cia nas jogadas durante o treinamento.<br \/>\nFornecido com uma placa oficial com o n\u00famero de s\u00e9rie.<\/p>\n<p>Comprimento 150cm<br \/>\nLargura 76cm<br \/>\nLargura com var\u00f5es maci\u00e7os 125cm<br \/>\nAltura 86 * \/ 88 ** cm<br \/>\nPeso 76Kg<br \/>\n* com niveladores de pernas totalmente para baixo.<br \/>\n** com os niveladores das pernas totalmente para cima.<\/p>\n<p><iframe loading=\"lazy\" width=\"560\" height=\"315\" src=\"https:\/\/www.youtube.com\/embed\/2mg_mjBGclQ?si=ddCglFA4H4Z9WBq2\" title=\"YouTube video player\" frameborder=\"0\" allow=\"accelerometer; autoplay; clipboard-write; encrypted-media; gyroscope; picture-in-picture; web-share\" referrerpolicy=\"strict-origin-when-cross-origin\" allowfullscreen><\/iframe><\/p>\n","protected":false},"excerpt":{"rendered":"<p>A mesa de matraquilhos PRO CHAMPION, oficial ITSF para treinamento e competi\u00e7\u00f5es Pro Tour. Com um design de linhas elegantes [&hellip;]<\/p>\n","protected":false},"featured_media":107945,"template":"","meta":{"site-sidebar-layout":"default","site-content-layout":"","ast-site-content-layout":"default","site-content-style":"default","site-sidebar-style":"default","ast-global-header-display":"","ast-banner-title-visibility":"","ast-main-header-display":"","ast-hfb-above-header-display":"","ast-hfb-below-header-display":"","ast-hfb-mobile-header-display":"","site-post-title":"","ast-breadcrumbs-content":"","ast-featured-img":"","footer-sml-layout":"","ast-disable-related-posts":"","theme-transparent-header-meta":"default","adv-header-id-meta":"","stick-header-meta":"","header-above-stick-meta":"","header-main-stick-meta":"","header-below-stick-meta":"","astra-migrate-meta-layouts":"default","ast-page-background-enabled":"default","ast-page-background-meta":{"desktop":{"background-color":"var(--ast-global-color-4)","background-image":"","background-repeat":"repeat","background-position":"center center","background-size":"auto","background-attachment":"scroll","background-type":"","background-media":"","overlay-type":"","overlay-color":"","overlay-opacity":"","overlay-gradient":""},"tablet":{"background-color":"","background-image":"","background-repeat":"repeat","background-position":"center center","background-size":"auto","background-attachment":"scroll","background-type":"","background-media":"","overlay-type":"","overlay-color":"","overlay-opacity":"","overlay-gradient":""},"mobile":{"background-color":"","background-image":"","background-repeat":"repeat","background-position":"center center","background-size":"auto","background-attachment":"scroll","background-type":"","background-media":"","overlay-type":"","overlay-color":"","overlay-opacity":"","overlay-gradient":""}},"ast-content-background-meta":{"desktop":{"background-color":"var(--ast-global-color-5)","background-image":"","background-repeat":"repeat","background-position":"center center","background-size":"auto","background-attachment":"scroll","background-type":"","background-media":"","overlay-type":"","overlay-color":"","overlay-opacity":"","overlay-gradient":""},"tablet":{"background-color":"var(--ast-global-color-5)","background-image":"","background-repeat":"repeat","background-position":"center center","background-size":"auto","background-attachment":"scroll","background-type":"","background-media":"","overlay-type":"","overlay-color":"","overlay-opacity":"","overlay-gradient":""},"mobile":{"background-color":"var(--ast-global-color-5)","background-image":"","background-repeat":"repeat","background-position":"center center","background-size":"auto","background-attachment":"scroll","background-type":"","background-media":"","overlay-type":"","overlay-color":"","overlay-opacity":"","overlay-gradient":""}}},"product_brand":[5231],"product_cat":[1123,1124],"product_tag":[],"class_list":{"0":"post-29516","1":"product","2":"type-product","3":"status-publish","4":"has-post-thumbnail","6":"product_brand-garlando-pt-pt","7":"product_cat-matraquilhos-competicao","8":"product_cat-matraquilhos-sem-moedeiro","9":"product_shipping_class-matraquilhos","10":"desktop-align-center","11":"tablet-align-left","12":"mobile-align-left","14":"first","15":"instock","16":"taxable","17":"shipping-taxable","18":"purchasable","19":"product-type-simple"},"yoast_head":"<!-- This site is optimized with the Yoast SEO plugin v27.4 - https:\/\/yoast.com\/product\/yoast-seo-wordpress\/ -->\n<title>Matraquilho Garlando Pro Champion - The World Billiards<\/title>\n<meta name=\"description\" content=\"A mesa de matraquilhos PRO CHAMPION, oficial ITSF para treinamento e competi\u00e7\u00f5es Pro Tour. Com um design de linhas elegantes e com uma constru\u00e7\u00e3o est\u00e1vel e robusta, Pro Champion \u00e9 a mesa oficial da forma\u00e7\u00e3o ITSF para os jogadores profissionais. Tamb\u00e9m pode ser usado para as competi\u00e7\u00f5es internacionais da categoria Pro Tour. Ela compartilha algumas das caracter\u00edsticas do Master champion, al\u00e9m de uma apar\u00eancia semelhante, com marcadores de competi\u00e7\u00e3o e niveladores nas perna, borrachas nas barras e um alienador para manter o guarda-redes dentro da faixa da baliza. Os punhos em pl\u00e1stico preto ergon\u00f3mico, permite rapidez e efic\u00e1cia nas jogadas durante o treinamento. Fornecido com uma placa oficial com o n\u00famero de s\u00e9rie.  Comprimento 150cm Largura 76cm Largura com var\u00f5es maci\u00e7os 125cm Altura 86 * \/ 88 ** cm Peso 76Kg * com niveladores de pernas totalmente para baixo. ** com os niveladores das pernas totalmente para cima.\" \/>\n<meta name=\"robots\" content=\"index, follow, max-snippet:-1, max-image-preview:large, max-video-preview:-1\" \/>\n<link rel=\"canonical\" href=\"https:\/\/theworldbilliards.com\/pt-pt\/produto\/matraquilho-garlando-pro-champion\/\" \/>\n<meta property=\"og:locale\" content=\"pt_PT\" \/>\n<meta property=\"og:type\" content=\"article\" \/>\n<meta property=\"og:title\" content=\"Matraquilho Garlando Pro Champion - The World Billiards\" \/>\n<meta property=\"og:description\" content=\"A mesa de matraquilhos PRO CHAMPION, oficial ITSF para treinamento e competi\u00e7\u00f5es Pro Tour. Com um design de linhas elegantes e com uma constru\u00e7\u00e3o est\u00e1vel e robusta, Pro Champion \u00e9 a mesa oficial da forma\u00e7\u00e3o ITSF para os jogadores profissionais. Tamb\u00e9m pode ser usado para as competi\u00e7\u00f5es internacionais da categoria Pro Tour. Ela compartilha algumas das caracter\u00edsticas do Master champion, al\u00e9m de uma apar\u00eancia semelhante, com marcadores de competi\u00e7\u00e3o e niveladores nas perna, borrachas nas barras e um alienador para manter o guarda-redes dentro da faixa da baliza. Os punhos em pl\u00e1stico preto ergon\u00f3mico, permite rapidez e efic\u00e1cia nas jogadas durante o treinamento. Fornecido com uma placa oficial com o n\u00famero de s\u00e9rie.  Comprimento 150cm Largura 76cm Largura com var\u00f5es maci\u00e7os 125cm Altura 86 * \/ 88 ** cm Peso 76Kg * com niveladores de pernas totalmente para baixo. ** com os niveladores das pernas totalmente para cima.\" \/>\n<meta property=\"og:url\" content=\"https:\/\/theworldbilliards.com\/pt-pt\/produto\/matraquilho-garlando-pro-champion\/\" \/>\n<meta property=\"og:site_name\" content=\"The World Billiards\" \/>\n<meta property=\"article:publisher\" content=\"https:\/\/www.facebook.com\/baby.foot.superbes\" \/>\n<meta property=\"article:modified_time\" content=\"2025-06-23T10:02:29+00:00\" \/>\n<meta property=\"og:image\" content=\"https:\/\/theworldbilliards.com\/wp-content\/uploads\/2017\/01\/garlando-pro-champion.jpg\" \/>\n\t<meta property=\"og:image:width\" content=\"1024\" \/>\n\t<meta property=\"og:image:height\" content=\"1024\" \/>\n\t<meta property=\"og:image:type\" content=\"image\/jpeg\" \/>\n<meta name=\"twitter:card\" content=\"summary_large_image\" \/>\n<meta name=\"twitter:label1\" content=\"Tempo estimado de leitura\" \/>\n\t<meta name=\"twitter:data1\" content=\"1 minuto\" \/>\n<script type=\"application\/ld+json\" class=\"yoast-schema-graph\">{\"@context\":\"https:\\\/\\\/schema.org\",\"@graph\":[{\"@type\":\"WebPage\",\"@id\":\"https:\\\/\\\/theworldbilliards.com\\\/pt-pt\\\/produto\\\/matraquilho-garlando-pro-champion\\\/\",\"url\":\"https:\\\/\\\/theworldbilliards.com\\\/pt-pt\\\/produto\\\/matraquilho-garlando-pro-champion\\\/\",\"name\":\"Matraquilho Garlando Pro Champion - The World Billiards\",\"isPartOf\":{\"@id\":\"https:\\\/\\\/theworldbilliards.com\\\/pt-pt\\\/#website\"},\"primaryImageOfPage\":{\"@id\":\"https:\\\/\\\/theworldbilliards.com\\\/pt-pt\\\/produto\\\/matraquilho-garlando-pro-champion\\\/#primaryimage\"},\"image\":{\"@id\":\"https:\\\/\\\/theworldbilliards.com\\\/pt-pt\\\/produto\\\/matraquilho-garlando-pro-champion\\\/#primaryimage\"},\"thumbnailUrl\":\"https:\\\/\\\/theworldbilliards.com\\\/wp-content\\\/uploads\\\/2017\\\/01\\\/garlando-pro-champion.jpg\",\"datePublished\":\"2017-01-05T09:40:01+00:00\",\"dateModified\":\"2025-06-23T10:02:29+00:00\",\"description\":\"A mesa de matraquilhos PRO CHAMPION, oficial ITSF para treinamento e competi\u00e7\u00f5es Pro Tour. Com um design de linhas elegantes e com uma constru\u00e7\u00e3o est\u00e1vel e robusta, Pro Champion \u00e9 a mesa oficial da forma\u00e7\u00e3o ITSF para os jogadores profissionais. Tamb\u00e9m pode ser usado para as competi\u00e7\u00f5es internacionais da categoria Pro Tour. Ela compartilha algumas das caracter\u00edsticas do Master champion, al\u00e9m de uma apar\u00eancia semelhante, com marcadores de competi\u00e7\u00e3o e niveladores nas perna, borrachas nas barras e um alienador para manter o guarda-redes dentro da faixa da baliza. Os punhos em pl\u00e1stico preto ergon\u00f3mico, permite rapidez e efic\u00e1cia nas jogadas durante o treinamento. Fornecido com uma placa oficial com o n\u00famero de s\u00e9rie. Comprimento 150cm Largura 76cm Largura com var\u00f5es maci\u00e7os 125cm Altura 86 * \\\/ 88 ** cm Peso 76Kg * com niveladores de pernas totalmente para baixo. ** com os niveladores das pernas totalmente para cima.\",\"breadcrumb\":{\"@id\":\"https:\\\/\\\/theworldbilliards.com\\\/pt-pt\\\/produto\\\/matraquilho-garlando-pro-champion\\\/#breadcrumb\"},\"inLanguage\":\"pt-PT\",\"potentialAction\":[{\"@type\":\"ReadAction\",\"target\":[\"https:\\\/\\\/theworldbilliards.com\\\/pt-pt\\\/produto\\\/matraquilho-garlando-pro-champion\\\/\"]}]},{\"@type\":\"ImageObject\",\"inLanguage\":\"pt-PT\",\"@id\":\"https:\\\/\\\/theworldbilliards.com\\\/pt-pt\\\/produto\\\/matraquilho-garlando-pro-champion\\\/#primaryimage\",\"url\":\"https:\\\/\\\/theworldbilliards.com\\\/wp-content\\\/uploads\\\/2017\\\/01\\\/garlando-pro-champion.jpg\",\"contentUrl\":\"https:\\\/\\\/theworldbilliards.com\\\/wp-content\\\/uploads\\\/2017\\\/01\\\/garlando-pro-champion.jpg\",\"width\":1024,\"height\":1024},{\"@type\":\"BreadcrumbList\",\"@id\":\"https:\\\/\\\/theworldbilliards.com\\\/pt-pt\\\/produto\\\/matraquilho-garlando-pro-champion\\\/#breadcrumb\",\"itemListElement\":[{\"@type\":\"ListItem\",\"position\":1,\"name\":\"In\u00edcio\",\"item\":\"https:\\\/\\\/theworldbilliards.com\\\/pt-pt\\\/\"},{\"@type\":\"ListItem\",\"position\":2,\"name\":\"Loja online\",\"item\":\"https:\\\/\\\/theworldbilliards.com\\\/pt-pt\\\/loja-theworldbilliards\\\/\"},{\"@type\":\"ListItem\",\"position\":3,\"name\":\"Matraquilho Garlando Pro Champion\"}]},{\"@type\":\"WebSite\",\"@id\":\"https:\\\/\\\/theworldbilliards.com\\\/pt-pt\\\/#website\",\"url\":\"https:\\\/\\\/theworldbilliards.com\\\/pt-pt\\\/\",\"name\":\"TheWorldBilliards\",\"description\":\"Compre aqui bilhar, matraquilho, t\u00eanis de mesa e bowling\",\"publisher\":{\"@id\":\"https:\\\/\\\/theworldbilliards.com\\\/pt-pt\\\/#organization\"},\"alternateName\":\"The world billiards\",\"potentialAction\":[{\"@type\":\"SearchAction\",\"target\":{\"@type\":\"EntryPoint\",\"urlTemplate\":\"https:\\\/\\\/theworldbilliards.com\\\/pt-pt\\\/?s={search_term_string}\"},\"query-input\":{\"@type\":\"PropertyValueSpecification\",\"valueRequired\":true,\"valueName\":\"search_term_string\"}}],\"inLanguage\":\"pt-PT\"},{\"@type\":\"Organization\",\"@id\":\"https:\\\/\\\/theworldbilliards.com\\\/pt-pt\\\/#organization\",\"name\":\"The World Billiards\",\"alternateName\":\"The World Billiards\",\"url\":\"https:\\\/\\\/theworldbilliards.com\\\/pt-pt\\\/\",\"logo\":{\"@type\":\"ImageObject\",\"inLanguage\":\"pt-PT\",\"@id\":\"https:\\\/\\\/theworldbilliards.com\\\/pt-pt\\\/#\\\/schema\\\/logo\\\/image\\\/\",\"url\":\"\",\"contentUrl\":\"\",\"caption\":\"The World Billiards\"},\"image\":{\"@id\":\"https:\\\/\\\/theworldbilliards.com\\\/pt-pt\\\/#\\\/schema\\\/logo\\\/image\\\/\"},\"sameAs\":[\"https:\\\/\\\/www.facebook.com\\\/baby.foot.superbes\",\"https:\\\/\\\/www.youtube.com\\\/channel\\\/UCIMuOVAaUcH6UpZcsZlH0Tg\",\"https:\\\/\\\/www.facebook.com\\\/people\\\/Brunswick-Billiards-EspaaPortugal\\\/100066446264309\\\/\",\"https:\\\/\\\/www.instagram.com\\\/the_world_billiards\\\/\",\"https:\\\/\\\/www.pinterest.es\\\/Theworldbilliards\\\/\"]}]}<\/script>\n<!-- \/ Yoast SEO plugin. -->","yoast_head_json":{"title":"Matraquilho Garlando Pro Champion - The World Billiards","description":"A mesa de matraquilhos PRO CHAMPION, oficial ITSF para treinamento e competi\u00e7\u00f5es Pro Tour. Com um design de linhas elegantes e com uma constru\u00e7\u00e3o est\u00e1vel e robusta, Pro Champion \u00e9 a mesa oficial da forma\u00e7\u00e3o ITSF para os jogadores profissionais. Tamb\u00e9m pode ser usado para as competi\u00e7\u00f5es internacionais da categoria Pro Tour. Ela compartilha algumas das caracter\u00edsticas do Master champion, al\u00e9m de uma apar\u00eancia semelhante, com marcadores de competi\u00e7\u00e3o e niveladores nas perna, borrachas nas barras e um alienador para manter o guarda-redes dentro da faixa da baliza. Os punhos em pl\u00e1stico preto ergon\u00f3mico, permite rapidez e efic\u00e1cia nas jogadas durante o treinamento. Fornecido com uma placa oficial com o n\u00famero de s\u00e9rie.  Comprimento 150cm Largura 76cm Largura com var\u00f5es maci\u00e7os 125cm Altura 86 * \/ 88 ** cm Peso 76Kg * com niveladores de pernas totalmente para baixo. ** com os niveladores das pernas totalmente para cima.","robots":{"index":"index","follow":"follow","max-snippet":"max-snippet:-1","max-image-preview":"max-image-preview:large","max-video-preview":"max-video-preview:-1"},"canonical":"https:\/\/theworldbilliards.com\/pt-pt\/produto\/matraquilho-garlando-pro-champion\/","og_locale":"pt_PT","og_type":"article","og_title":"Matraquilho Garlando Pro Champion - The World Billiards","og_description":"A mesa de matraquilhos PRO CHAMPION, oficial ITSF para treinamento e competi\u00e7\u00f5es Pro Tour. Com um design de linhas elegantes e com uma constru\u00e7\u00e3o est\u00e1vel e robusta, Pro Champion \u00e9 a mesa oficial da forma\u00e7\u00e3o ITSF para os jogadores profissionais. Tamb\u00e9m pode ser usado para as competi\u00e7\u00f5es internacionais da categoria Pro Tour. Ela compartilha algumas das caracter\u00edsticas do Master champion, al\u00e9m de uma apar\u00eancia semelhante, com marcadores de competi\u00e7\u00e3o e niveladores nas perna, borrachas nas barras e um alienador para manter o guarda-redes dentro da faixa da baliza. Os punhos em pl\u00e1stico preto ergon\u00f3mico, permite rapidez e efic\u00e1cia nas jogadas durante o treinamento. Fornecido com uma placa oficial com o n\u00famero de s\u00e9rie.  Comprimento 150cm Largura 76cm Largura com var\u00f5es maci\u00e7os 125cm Altura 86 * \/ 88 ** cm Peso 76Kg * com niveladores de pernas totalmente para baixo. ** com os niveladores das pernas totalmente para cima.","og_url":"https:\/\/theworldbilliards.com\/pt-pt\/produto\/matraquilho-garlando-pro-champion\/","og_site_name":"The World Billiards","article_publisher":"https:\/\/www.facebook.com\/baby.foot.superbes","article_modified_time":"2025-06-23T10:02:29+00:00","og_image":[{"width":1024,"height":1024,"url":"https:\/\/theworldbilliards.com\/wp-content\/uploads\/2017\/01\/garlando-pro-champion.jpg","type":"image\/jpeg"}],"twitter_card":"summary_large_image","twitter_misc":{"Tempo estimado de leitura":"1 minuto"},"schema":{"@context":"https:\/\/schema.org","@graph":[{"@type":"WebPage","@id":"https:\/\/theworldbilliards.com\/pt-pt\/produto\/matraquilho-garlando-pro-champion\/","url":"https:\/\/theworldbilliards.com\/pt-pt\/produto\/matraquilho-garlando-pro-champion\/","name":"Matraquilho Garlando Pro Champion - The World Billiards","isPartOf":{"@id":"https:\/\/theworldbilliards.com\/pt-pt\/#website"},"primaryImageOfPage":{"@id":"https:\/\/theworldbilliards.com\/pt-pt\/produto\/matraquilho-garlando-pro-champion\/#primaryimage"},"image":{"@id":"https:\/\/theworldbilliards.com\/pt-pt\/produto\/matraquilho-garlando-pro-champion\/#primaryimage"},"thumbnailUrl":"https:\/\/theworldbilliards.com\/wp-content\/uploads\/2017\/01\/garlando-pro-champion.jpg","datePublished":"2017-01-05T09:40:01+00:00","dateModified":"2025-06-23T10:02:29+00:00","description":"A mesa de matraquilhos PRO CHAMPION, oficial ITSF para treinamento e competi\u00e7\u00f5es Pro Tour. Com um design de linhas elegantes e com uma constru\u00e7\u00e3o est\u00e1vel e robusta, Pro Champion \u00e9 a mesa oficial da forma\u00e7\u00e3o ITSF para os jogadores profissionais. Tamb\u00e9m pode ser usado para as competi\u00e7\u00f5es internacionais da categoria Pro Tour. Ela compartilha algumas das caracter\u00edsticas do Master champion, al\u00e9m de uma apar\u00eancia semelhante, com marcadores de competi\u00e7\u00e3o e niveladores nas perna, borrachas nas barras e um alienador para manter o guarda-redes dentro da faixa da baliza. Os punhos em pl\u00e1stico preto ergon\u00f3mico, permite rapidez e efic\u00e1cia nas jogadas durante o treinamento. Fornecido com uma placa oficial com o n\u00famero de s\u00e9rie. Comprimento 150cm Largura 76cm Largura com var\u00f5es maci\u00e7os 125cm Altura 86 * \/ 88 ** cm Peso 76Kg * com niveladores de pernas totalmente para baixo. ** com os niveladores das pernas totalmente para cima.","breadcrumb":{"@id":"https:\/\/theworldbilliards.com\/pt-pt\/produto\/matraquilho-garlando-pro-champion\/#breadcrumb"},"inLanguage":"pt-PT","potentialAction":[{"@type":"ReadAction","target":["https:\/\/theworldbilliards.com\/pt-pt\/produto\/matraquilho-garlando-pro-champion\/"]}]},{"@type":"ImageObject","inLanguage":"pt-PT","@id":"https:\/\/theworldbilliards.com\/pt-pt\/produto\/matraquilho-garlando-pro-champion\/#primaryimage","url":"https:\/\/theworldbilliards.com\/wp-content\/uploads\/2017\/01\/garlando-pro-champion.jpg","contentUrl":"https:\/\/theworldbilliards.com\/wp-content\/uploads\/2017\/01\/garlando-pro-champion.jpg","width":1024,"height":1024},{"@type":"BreadcrumbList","@id":"https:\/\/theworldbilliards.com\/pt-pt\/produto\/matraquilho-garlando-pro-champion\/#breadcrumb","itemListElement":[{"@type":"ListItem","position":1,"name":"In\u00edcio","item":"https:\/\/theworldbilliards.com\/pt-pt\/"},{"@type":"ListItem","position":2,"name":"Loja online","item":"https:\/\/theworldbilliards.com\/pt-pt\/loja-theworldbilliards\/"},{"@type":"ListItem","position":3,"name":"Matraquilho Garlando Pro Champion"}]},{"@type":"WebSite","@id":"https:\/\/theworldbilliards.com\/pt-pt\/#website","url":"https:\/\/theworldbilliards.com\/pt-pt\/","name":"TheWorldBilliards","description":"Compre aqui bilhar, matraquilho, t\u00eanis de mesa e bowling","publisher":{"@id":"https:\/\/theworldbilliards.com\/pt-pt\/#organization"},"alternateName":"The world billiards","potentialAction":[{"@type":"SearchAction","target":{"@type":"EntryPoint","urlTemplate":"https:\/\/theworldbilliards.com\/pt-pt\/?s={search_term_string}"},"query-input":{"@type":"PropertyValueSpecification","valueRequired":true,"valueName":"search_term_string"}}],"inLanguage":"pt-PT"},{"@type":"Organization","@id":"https:\/\/theworldbilliards.com\/pt-pt\/#organization","name":"The World Billiards","alternateName":"The World Billiards","url":"https:\/\/theworldbilliards.com\/pt-pt\/","logo":{"@type":"ImageObject","inLanguage":"pt-PT","@id":"https:\/\/theworldbilliards.com\/pt-pt\/#\/schema\/logo\/image\/","url":"","contentUrl":"","caption":"The World Billiards"},"image":{"@id":"https:\/\/theworldbilliards.com\/pt-pt\/#\/schema\/logo\/image\/"},"sameAs":["https:\/\/www.facebook.com\/baby.foot.superbes","https:\/\/www.youtube.com\/channel\/UCIMuOVAaUcH6UpZcsZlH0Tg","https:\/\/www.facebook.com\/people\/Brunswick-Billiards-EspaaPortugal\/100066446264309\/","https:\/\/www.instagram.com\/the_world_billiards\/","https:\/\/www.pinterest.es\/Theworldbilliards\/"]}]}},"_links":{"self":[{"href":"https:\/\/theworldbilliards.com\/pt-pt\/wp-json\/wp\/v2\/product\/29516","targetHints":{"allow":["GET"]}}],"collection":[{"href":"https:\/\/theworldbilliards.com\/pt-pt\/wp-json\/wp\/v2\/product"}],"about":[{"href":"https:\/\/theworldbilliards.com\/pt-pt\/wp-json\/wp\/v2\/types\/product"}],"wp:featuredmedia":[{"embeddable":true,"href":"https:\/\/theworldbilliards.com\/pt-pt\/wp-json\/wp\/v2\/media\/107945"}],"wp:attachment":[{"href":"https:\/\/theworldbilliards.com\/pt-pt\/wp-json\/wp\/v2\/media?parent=29516"}],"wp:term":[{"taxonomy":"product_brand","embeddable":true,"href":"https:\/\/theworldbilliards.com\/pt-pt\/wp-json\/wp\/v2\/product_brand?post=29516"},{"taxonomy":"product_cat","embeddable":true,"href":"https:\/\/theworldbilliards.com\/pt-pt\/wp-json\/wp\/v2\/product_cat?post=29516"},{"taxonomy":"product_tag","embeddable":true,"href":"https:\/\/theworldbilliards.com\/pt-pt\/wp-json\/wp\/v2\/product_tag?post=29516"}],"curies":[{"name":"wp","href":"https:\/\/api.w.org\/{rel}","templated":true}]}}