{"id":29520,"date":"2017-01-05T10:47:22","date_gmt":"2017-01-05T09:47:22","guid":{"rendered":"http:\/\/theworldbilliards.com\/?post_type=product&#038;p=29520\/"},"modified":"2025-06-23T10:49:03","modified_gmt":"2025-06-23T08:49:03","slug":"matraquilhos-tornado-t3000","status":"publish","type":"product","link":"https:\/\/theworldbilliards.com\/pt-pt\/produto\/matraquilhos-tornado-t3000\/","title":{"rendered":"Matraquilhos Tornado T-3000"},"content":{"rendered":"<p>Tabela oficial da ITSF<\/p>\n<p>O desempenho de n\u00edvel profissional ficou ainda melhor. O Tournament 3000 traz para casa todos os recursos do Tornado Platinum Tour Edition&#8230; exceto o mecanismo de moedas. Apresentando as atualiza\u00e7\u00f5es que os jogadores do torneio pediram.<\/p>\n<p>Nosso design de gabinete permite que sua mesa seja enviada quase montada para uma configura\u00e7\u00e3o r\u00e1pida e f\u00e1cil no local; 30 minutos da caixa ao primeiro jogo!<\/p>\n<p>Design de arm\u00e1rio de duas pe\u00e7as<br \/>\nHomens contrabalan\u00e7ados e discretos<br \/>\nGoleiro de 1 ou 3 homens dispon\u00edvel<br \/>\nCampo de jogo laminado<br \/>\nHastes de a\u00e7o oco de 0,156&#8243;<br \/>\nRolamentos bipartidos patenteados para manuten\u00e7\u00e3o sem complica\u00e7\u00f5es<br \/>\nAl\u00e7as de pl\u00e1stico antiderrapantes<br \/>\nGabinete em MDF de 1,5\u201d de espessura<\/p>\n<p>Opcional Red Laminate ou Black Laminate<\/p>\n<p>&nbsp;<\/p>\n<p><iframe loading=\"lazy\" width=\"560\" height=\"315\" src=\"https:\/\/www.youtube.com\/embed\/R3m2__A1Ccs?si=YK-vjMDV09oRkDoQ\" title=\"YouTube video player\" frameborder=\"0\" allow=\"accelerometer; autoplay; clipboard-write; encrypted-media; gyroscope; picture-in-picture; web-share\" referrerpolicy=\"strict-origin-when-cross-origin\" allowfullscreen><\/iframe><\/p>\n","protected":false},"excerpt":{"rendered":"<p>Tabela oficial da ITSF O desempenho de n\u00edvel profissional ficou ainda melhor. O Tournament 3000 traz para casa todos os [&hellip;]<\/p>\n","protected":false},"featured_media":107862,"template":"","meta":{"site-sidebar-layout":"default","site-content-layout":"","ast-site-content-layout":"default","site-content-style":"default","site-sidebar-style":"default","ast-global-header-display":"","ast-banner-title-visibility":"","ast-main-header-display":"","ast-hfb-above-header-display":"","ast-hfb-below-header-display":"","ast-hfb-mobile-header-display":"","site-post-title":"","ast-breadcrumbs-content":"","ast-featured-img":"","footer-sml-layout":"","ast-disable-related-posts":"","theme-transparent-header-meta":"default","adv-header-id-meta":"","stick-header-meta":"","header-above-stick-meta":"","header-main-stick-meta":"","header-below-stick-meta":"","astra-migrate-meta-layouts":"default","ast-page-background-enabled":"default","ast-page-background-meta":{"desktop":{"background-color":"var(--ast-global-color-4)","background-image":"","background-repeat":"repeat","background-position":"center center","background-size":"auto","background-attachment":"scroll","background-type":"","background-media":"","overlay-type":"","overlay-color":"","overlay-opacity":"","overlay-gradient":""},"tablet":{"background-color":"","background-image":"","background-repeat":"repeat","background-position":"center center","background-size":"auto","background-attachment":"scroll","background-type":"","background-media":"","overlay-type":"","overlay-color":"","overlay-opacity":"","overlay-gradient":""},"mobile":{"background-color":"","background-image":"","background-repeat":"repeat","background-position":"center center","background-size":"auto","background-attachment":"scroll","background-type":"","background-media":"","overlay-type":"","overlay-color":"","overlay-opacity":"","overlay-gradient":""}},"ast-content-background-meta":{"desktop":{"background-color":"var(--ast-global-color-5)","background-image":"","background-repeat":"repeat","background-position":"center center","background-size":"auto","background-attachment":"scroll","background-type":"","background-media":"","overlay-type":"","overlay-color":"","overlay-opacity":"","overlay-gradient":""},"tablet":{"background-color":"var(--ast-global-color-5)","background-image":"","background-repeat":"repeat","background-position":"center center","background-size":"auto","background-attachment":"scroll","background-type":"","background-media":"","overlay-type":"","overlay-color":"","overlay-opacity":"","overlay-gradient":""},"mobile":{"background-color":"var(--ast-global-color-5)","background-image":"","background-repeat":"repeat","background-position":"center center","background-size":"auto","background-attachment":"scroll","background-type":"","background-media":"","overlay-type":"","overlay-color":"","overlay-opacity":"","overlay-gradient":""}}},"product_brand":[5207],"product_cat":[1123,1124],"product_tag":[],"class_list":{"0":"post-29520","1":"product","2":"type-product","3":"status-publish","4":"has-post-thumbnail","6":"product_brand-tornado-foosball-pt-pt","7":"product_cat-matraquilhos-competicao","8":"product_cat-matraquilhos-sem-moedeiro","9":"product_shipping_class-matraquilhos","10":"desktop-align-center","11":"tablet-align-left","12":"mobile-align-left","14":"first","15":"instock","16":"taxable","17":"shipping-taxable","18":"product-type-simple"},"yoast_head":"<!-- This site is optimized with the Yoast SEO plugin v27.5 - https:\/\/yoast.com\/product\/yoast-seo-wordpress\/ -->\n<title>Matraquilhos Tornado T-3000 - The World Billiards<\/title>\n<meta name=\"description\" content=\"Tabela oficial da ITSF  O desempenho de n\u00edvel profissional ficou ainda melhor. O Tournament 3000 traz para casa todos os recursos do Tornado Platinum Tour Edition... exceto o mecanismo de moedas. Apresentando as atualiza\u00e7\u00f5es que os jogadores do torneio pediram.  Nosso design de gabinete permite que sua mesa seja enviada quase montada para uma configura\u00e7\u00e3o r\u00e1pida e f\u00e1cil no local; 30 minutos da caixa ao primeiro jogo!  Design de arm\u00e1rio de duas pe\u00e7as Homens contrabalan\u00e7ados e discretos Goleiro de 1 ou 3 homens dispon\u00edvel Campo de jogo laminado Hastes de a\u00e7o oco de 0,156&quot; Rolamentos bipartidos patenteados para manuten\u00e7\u00e3o sem complica\u00e7\u00f5es Al\u00e7as de pl\u00e1stico antiderrapantes Gabinete em MDF de 1,5\u201d de espessura  Opcional Red Laminate ou Black Laminate  &nbsp;\" \/>\n<meta name=\"robots\" content=\"index, follow, max-snippet:-1, max-image-preview:large, max-video-preview:-1\" \/>\n<link rel=\"canonical\" href=\"https:\/\/theworldbilliards.com\/pt-pt\/produto\/matraquilhos-tornado-t3000\/\" \/>\n<meta property=\"og:locale\" content=\"pt_PT\" \/>\n<meta property=\"og:type\" content=\"article\" \/>\n<meta property=\"og:title\" content=\"Matraquilhos Tornado T-3000 - The World Billiards\" \/>\n<meta property=\"og:description\" content=\"Tabela oficial da ITSF  O desempenho de n\u00edvel profissional ficou ainda melhor. O Tournament 3000 traz para casa todos os recursos do Tornado Platinum Tour Edition... exceto o mecanismo de moedas. Apresentando as atualiza\u00e7\u00f5es que os jogadores do torneio pediram.  Nosso design de gabinete permite que sua mesa seja enviada quase montada para uma configura\u00e7\u00e3o r\u00e1pida e f\u00e1cil no local; 30 minutos da caixa ao primeiro jogo!  Design de arm\u00e1rio de duas pe\u00e7as Homens contrabalan\u00e7ados e discretos Goleiro de 1 ou 3 homens dispon\u00edvel Campo de jogo laminado Hastes de a\u00e7o oco de 0,156&quot; Rolamentos bipartidos patenteados para manuten\u00e7\u00e3o sem complica\u00e7\u00f5es Al\u00e7as de pl\u00e1stico antiderrapantes Gabinete em MDF de 1,5\u201d de espessura  Opcional Red Laminate ou Black Laminate  &nbsp;\" \/>\n<meta property=\"og:url\" content=\"https:\/\/theworldbilliards.com\/pt-pt\/produto\/matraquilhos-tornado-t3000\/\" \/>\n<meta property=\"og:site_name\" content=\"The World Billiards\" \/>\n<meta property=\"article:publisher\" content=\"https:\/\/www.facebook.com\/baby.foot.superbes\" \/>\n<meta property=\"article:modified_time\" content=\"2025-06-23T08:49:03+00:00\" \/>\n<meta property=\"og:image\" content=\"https:\/\/theworldbilliards.com\/wp-content\/uploads\/2017\/01\/Tornado-T-3000-1.jpg\" \/>\n\t<meta property=\"og:image:width\" content=\"822\" \/>\n\t<meta property=\"og:image:height\" content=\"822\" \/>\n\t<meta property=\"og:image:type\" content=\"image\/jpeg\" \/>\n<meta name=\"twitter:card\" content=\"summary_large_image\" \/>\n<script type=\"application\/ld+json\" class=\"yoast-schema-graph\">{\"@context\":\"https:\\\/\\\/schema.org\",\"@graph\":[{\"@type\":\"WebPage\",\"@id\":\"https:\\\/\\\/theworldbilliards.com\\\/pt-pt\\\/produto\\\/matraquilhos-tornado-t3000\\\/\",\"url\":\"https:\\\/\\\/theworldbilliards.com\\\/pt-pt\\\/produto\\\/matraquilhos-tornado-t3000\\\/\",\"name\":\"Matraquilhos Tornado T-3000 - The World Billiards\",\"isPartOf\":{\"@id\":\"https:\\\/\\\/theworldbilliards.com\\\/pt-pt\\\/#website\"},\"primaryImageOfPage\":{\"@id\":\"https:\\\/\\\/theworldbilliards.com\\\/pt-pt\\\/produto\\\/matraquilhos-tornado-t3000\\\/#primaryimage\"},\"image\":{\"@id\":\"https:\\\/\\\/theworldbilliards.com\\\/pt-pt\\\/produto\\\/matraquilhos-tornado-t3000\\\/#primaryimage\"},\"thumbnailUrl\":\"https:\\\/\\\/theworldbilliards.com\\\/wp-content\\\/uploads\\\/2017\\\/01\\\/Tornado-T-3000-1.jpg\",\"datePublished\":\"2017-01-05T09:47:22+00:00\",\"dateModified\":\"2025-06-23T08:49:03+00:00\",\"description\":\"Tabela oficial da ITSF O desempenho de n\u00edvel profissional ficou ainda melhor. O Tournament 3000 traz para casa todos os recursos do Tornado Platinum Tour Edition... exceto o mecanismo de moedas. Apresentando as atualiza\u00e7\u00f5es que os jogadores do torneio pediram. Nosso design de gabinete permite que sua mesa seja enviada quase montada para uma configura\u00e7\u00e3o r\u00e1pida e f\u00e1cil no local; 30 minutos da caixa ao primeiro jogo! Design de arm\u00e1rio de duas pe\u00e7as Homens contrabalan\u00e7ados e discretos Goleiro de 1 ou 3 homens dispon\u00edvel Campo de jogo laminado Hastes de a\u00e7o oco de 0,156\\\" Rolamentos bipartidos patenteados para manuten\u00e7\u00e3o sem complica\u00e7\u00f5es Al\u00e7as de pl\u00e1stico antiderrapantes Gabinete em MDF de 1,5\u201d de espessura Opcional Red Laminate ou Black Laminate &nbsp;\",\"breadcrumb\":{\"@id\":\"https:\\\/\\\/theworldbilliards.com\\\/pt-pt\\\/produto\\\/matraquilhos-tornado-t3000\\\/#breadcrumb\"},\"inLanguage\":\"pt-PT\",\"potentialAction\":[{\"@type\":\"ReadAction\",\"target\":[\"https:\\\/\\\/theworldbilliards.com\\\/pt-pt\\\/produto\\\/matraquilhos-tornado-t3000\\\/\"]}]},{\"@type\":\"ImageObject\",\"inLanguage\":\"pt-PT\",\"@id\":\"https:\\\/\\\/theworldbilliards.com\\\/pt-pt\\\/produto\\\/matraquilhos-tornado-t3000\\\/#primaryimage\",\"url\":\"https:\\\/\\\/theworldbilliards.com\\\/wp-content\\\/uploads\\\/2017\\\/01\\\/Tornado-T-3000-1.jpg\",\"contentUrl\":\"https:\\\/\\\/theworldbilliards.com\\\/wp-content\\\/uploads\\\/2017\\\/01\\\/Tornado-T-3000-1.jpg\",\"width\":822,\"height\":822},{\"@type\":\"BreadcrumbList\",\"@id\":\"https:\\\/\\\/theworldbilliards.com\\\/pt-pt\\\/produto\\\/matraquilhos-tornado-t3000\\\/#breadcrumb\",\"itemListElement\":[{\"@type\":\"ListItem\",\"position\":1,\"name\":\"In\u00edcio\",\"item\":\"https:\\\/\\\/theworldbilliards.com\\\/pt-pt\\\/\"},{\"@type\":\"ListItem\",\"position\":2,\"name\":\"Loja online\",\"item\":\"https:\\\/\\\/theworldbilliards.com\\\/pt-pt\\\/loja-theworldbilliards\\\/\"},{\"@type\":\"ListItem\",\"position\":3,\"name\":\"Matraquilhos Tornado T-3000\"}]},{\"@type\":\"WebSite\",\"@id\":\"https:\\\/\\\/theworldbilliards.com\\\/pt-pt\\\/#website\",\"url\":\"https:\\\/\\\/theworldbilliards.com\\\/pt-pt\\\/\",\"name\":\"TheWorldBilliards\",\"description\":\"Compre aqui bilhar, matraquilho, t\u00eanis de mesa e bowling\",\"publisher\":{\"@id\":\"https:\\\/\\\/theworldbilliards.com\\\/pt-pt\\\/#organization\"},\"alternateName\":\"The world billiards\",\"potentialAction\":[{\"@type\":\"SearchAction\",\"target\":{\"@type\":\"EntryPoint\",\"urlTemplate\":\"https:\\\/\\\/theworldbilliards.com\\\/pt-pt\\\/?s={search_term_string}\"},\"query-input\":{\"@type\":\"PropertyValueSpecification\",\"valueRequired\":true,\"valueName\":\"search_term_string\"}}],\"inLanguage\":\"pt-PT\"},{\"@type\":\"Organization\",\"@id\":\"https:\\\/\\\/theworldbilliards.com\\\/pt-pt\\\/#organization\",\"name\":\"The World Billiards\",\"alternateName\":\"The World Billiards\",\"url\":\"https:\\\/\\\/theworldbilliards.com\\\/pt-pt\\\/\",\"logo\":{\"@type\":\"ImageObject\",\"inLanguage\":\"pt-PT\",\"@id\":\"https:\\\/\\\/theworldbilliards.com\\\/pt-pt\\\/#\\\/schema\\\/logo\\\/image\\\/\",\"url\":\"\",\"contentUrl\":\"\",\"caption\":\"The World Billiards\"},\"image\":{\"@id\":\"https:\\\/\\\/theworldbilliards.com\\\/pt-pt\\\/#\\\/schema\\\/logo\\\/image\\\/\"},\"sameAs\":[\"https:\\\/\\\/www.facebook.com\\\/baby.foot.superbes\",\"https:\\\/\\\/www.youtube.com\\\/channel\\\/UCIMuOVAaUcH6UpZcsZlH0Tg\",\"https:\\\/\\\/www.facebook.com\\\/people\\\/Brunswick-Billiards-EspaaPortugal\\\/100066446264309\\\/\",\"https:\\\/\\\/www.instagram.com\\\/the_world_billiards\\\/\",\"https:\\\/\\\/www.pinterest.es\\\/Theworldbilliards\\\/\"]}]}<\/script>\n<!-- \/ Yoast SEO plugin. -->","yoast_head_json":{"title":"Matraquilhos Tornado T-3000 - The World Billiards","description":"Tabela oficial da ITSF  O desempenho de n\u00edvel profissional ficou ainda melhor. O Tournament 3000 traz para casa todos os recursos do Tornado Platinum Tour Edition... exceto o mecanismo de moedas. Apresentando as atualiza\u00e7\u00f5es que os jogadores do torneio pediram.  Nosso design de gabinete permite que sua mesa seja enviada quase montada para uma configura\u00e7\u00e3o r\u00e1pida e f\u00e1cil no local; 30 minutos da caixa ao primeiro jogo!  Design de arm\u00e1rio de duas pe\u00e7as Homens contrabalan\u00e7ados e discretos Goleiro de 1 ou 3 homens dispon\u00edvel Campo de jogo laminado Hastes de a\u00e7o oco de 0,156\" Rolamentos bipartidos patenteados para manuten\u00e7\u00e3o sem complica\u00e7\u00f5es Al\u00e7as de pl\u00e1stico antiderrapantes Gabinete em MDF de 1,5\u201d de espessura  Opcional Red Laminate ou Black Laminate  &nbsp;","robots":{"index":"index","follow":"follow","max-snippet":"max-snippet:-1","max-image-preview":"max-image-preview:large","max-video-preview":"max-video-preview:-1"},"canonical":"https:\/\/theworldbilliards.com\/pt-pt\/produto\/matraquilhos-tornado-t3000\/","og_locale":"pt_PT","og_type":"article","og_title":"Matraquilhos Tornado T-3000 - The World Billiards","og_description":"Tabela oficial da ITSF  O desempenho de n\u00edvel profissional ficou ainda melhor. O Tournament 3000 traz para casa todos os recursos do Tornado Platinum Tour Edition... exceto o mecanismo de moedas. Apresentando as atualiza\u00e7\u00f5es que os jogadores do torneio pediram.  Nosso design de gabinete permite que sua mesa seja enviada quase montada para uma configura\u00e7\u00e3o r\u00e1pida e f\u00e1cil no local; 30 minutos da caixa ao primeiro jogo!  Design de arm\u00e1rio de duas pe\u00e7as Homens contrabalan\u00e7ados e discretos Goleiro de 1 ou 3 homens dispon\u00edvel Campo de jogo laminado Hastes de a\u00e7o oco de 0,156\" Rolamentos bipartidos patenteados para manuten\u00e7\u00e3o sem complica\u00e7\u00f5es Al\u00e7as de pl\u00e1stico antiderrapantes Gabinete em MDF de 1,5\u201d de espessura  Opcional Red Laminate ou Black Laminate  &nbsp;","og_url":"https:\/\/theworldbilliards.com\/pt-pt\/produto\/matraquilhos-tornado-t3000\/","og_site_name":"The World Billiards","article_publisher":"https:\/\/www.facebook.com\/baby.foot.superbes","article_modified_time":"2025-06-23T08:49:03+00:00","og_image":[{"width":822,"height":822,"url":"https:\/\/theworldbilliards.com\/wp-content\/uploads\/2017\/01\/Tornado-T-3000-1.jpg","type":"image\/jpeg"}],"twitter_card":"summary_large_image","schema":{"@context":"https:\/\/schema.org","@graph":[{"@type":"WebPage","@id":"https:\/\/theworldbilliards.com\/pt-pt\/produto\/matraquilhos-tornado-t3000\/","url":"https:\/\/theworldbilliards.com\/pt-pt\/produto\/matraquilhos-tornado-t3000\/","name":"Matraquilhos Tornado T-3000 - The World Billiards","isPartOf":{"@id":"https:\/\/theworldbilliards.com\/pt-pt\/#website"},"primaryImageOfPage":{"@id":"https:\/\/theworldbilliards.com\/pt-pt\/produto\/matraquilhos-tornado-t3000\/#primaryimage"},"image":{"@id":"https:\/\/theworldbilliards.com\/pt-pt\/produto\/matraquilhos-tornado-t3000\/#primaryimage"},"thumbnailUrl":"https:\/\/theworldbilliards.com\/wp-content\/uploads\/2017\/01\/Tornado-T-3000-1.jpg","datePublished":"2017-01-05T09:47:22+00:00","dateModified":"2025-06-23T08:49:03+00:00","description":"Tabela oficial da ITSF O desempenho de n\u00edvel profissional ficou ainda melhor. O Tournament 3000 traz para casa todos os recursos do Tornado Platinum Tour Edition... exceto o mecanismo de moedas. Apresentando as atualiza\u00e7\u00f5es que os jogadores do torneio pediram. Nosso design de gabinete permite que sua mesa seja enviada quase montada para uma configura\u00e7\u00e3o r\u00e1pida e f\u00e1cil no local; 30 minutos da caixa ao primeiro jogo! Design de arm\u00e1rio de duas pe\u00e7as Homens contrabalan\u00e7ados e discretos Goleiro de 1 ou 3 homens dispon\u00edvel Campo de jogo laminado Hastes de a\u00e7o oco de 0,156\" Rolamentos bipartidos patenteados para manuten\u00e7\u00e3o sem complica\u00e7\u00f5es Al\u00e7as de pl\u00e1stico antiderrapantes Gabinete em MDF de 1,5\u201d de espessura Opcional Red Laminate ou Black Laminate &nbsp;","breadcrumb":{"@id":"https:\/\/theworldbilliards.com\/pt-pt\/produto\/matraquilhos-tornado-t3000\/#breadcrumb"},"inLanguage":"pt-PT","potentialAction":[{"@type":"ReadAction","target":["https:\/\/theworldbilliards.com\/pt-pt\/produto\/matraquilhos-tornado-t3000\/"]}]},{"@type":"ImageObject","inLanguage":"pt-PT","@id":"https:\/\/theworldbilliards.com\/pt-pt\/produto\/matraquilhos-tornado-t3000\/#primaryimage","url":"https:\/\/theworldbilliards.com\/wp-content\/uploads\/2017\/01\/Tornado-T-3000-1.jpg","contentUrl":"https:\/\/theworldbilliards.com\/wp-content\/uploads\/2017\/01\/Tornado-T-3000-1.jpg","width":822,"height":822},{"@type":"BreadcrumbList","@id":"https:\/\/theworldbilliards.com\/pt-pt\/produto\/matraquilhos-tornado-t3000\/#breadcrumb","itemListElement":[{"@type":"ListItem","position":1,"name":"In\u00edcio","item":"https:\/\/theworldbilliards.com\/pt-pt\/"},{"@type":"ListItem","position":2,"name":"Loja online","item":"https:\/\/theworldbilliards.com\/pt-pt\/loja-theworldbilliards\/"},{"@type":"ListItem","position":3,"name":"Matraquilhos Tornado T-3000"}]},{"@type":"WebSite","@id":"https:\/\/theworldbilliards.com\/pt-pt\/#website","url":"https:\/\/theworldbilliards.com\/pt-pt\/","name":"TheWorldBilliards","description":"Compre aqui bilhar, matraquilho, t\u00eanis de mesa e bowling","publisher":{"@id":"https:\/\/theworldbilliards.com\/pt-pt\/#organization"},"alternateName":"The world billiards","potentialAction":[{"@type":"SearchAction","target":{"@type":"EntryPoint","urlTemplate":"https:\/\/theworldbilliards.com\/pt-pt\/?s={search_term_string}"},"query-input":{"@type":"PropertyValueSpecification","valueRequired":true,"valueName":"search_term_string"}}],"inLanguage":"pt-PT"},{"@type":"Organization","@id":"https:\/\/theworldbilliards.com\/pt-pt\/#organization","name":"The World Billiards","alternateName":"The World Billiards","url":"https:\/\/theworldbilliards.com\/pt-pt\/","logo":{"@type":"ImageObject","inLanguage":"pt-PT","@id":"https:\/\/theworldbilliards.com\/pt-pt\/#\/schema\/logo\/image\/","url":"","contentUrl":"","caption":"The World Billiards"},"image":{"@id":"https:\/\/theworldbilliards.com\/pt-pt\/#\/schema\/logo\/image\/"},"sameAs":["https:\/\/www.facebook.com\/baby.foot.superbes","https:\/\/www.youtube.com\/channel\/UCIMuOVAaUcH6UpZcsZlH0Tg","https:\/\/www.facebook.com\/people\/Brunswick-Billiards-EspaaPortugal\/100066446264309\/","https:\/\/www.instagram.com\/the_world_billiards\/","https:\/\/www.pinterest.es\/Theworldbilliards\/"]}]}},"_links":{"self":[{"href":"https:\/\/theworldbilliards.com\/pt-pt\/wp-json\/wp\/v2\/product\/29520","targetHints":{"allow":["GET"]}}],"collection":[{"href":"https:\/\/theworldbilliards.com\/pt-pt\/wp-json\/wp\/v2\/product"}],"about":[{"href":"https:\/\/theworldbilliards.com\/pt-pt\/wp-json\/wp\/v2\/types\/product"}],"wp:featuredmedia":[{"embeddable":true,"href":"https:\/\/theworldbilliards.com\/pt-pt\/wp-json\/wp\/v2\/media\/107862"}],"wp:attachment":[{"href":"https:\/\/theworldbilliards.com\/pt-pt\/wp-json\/wp\/v2\/media?parent=29520"}],"wp:term":[{"taxonomy":"product_brand","embeddable":true,"href":"https:\/\/theworldbilliards.com\/pt-pt\/wp-json\/wp\/v2\/product_brand?post=29520"},{"taxonomy":"product_cat","embeddable":true,"href":"https:\/\/theworldbilliards.com\/pt-pt\/wp-json\/wp\/v2\/product_cat?post=29520"},{"taxonomy":"product_tag","embeddable":true,"href":"https:\/\/theworldbilliards.com\/pt-pt\/wp-json\/wp\/v2\/product_tag?post=29520"}],"curies":[{"name":"wp","href":"https:\/\/api.w.org\/{rel}","templated":true}]}}