{"id":29521,"date":"2017-01-05T10:50:21","date_gmt":"2017-01-05T09:50:21","guid":{"rendered":"http:\/\/theworldbilliards.com\/?post_type=product&#038;p=29521\/"},"modified":"2023-06-22T12:29:13","modified_gmt":"2023-06-22T10:29:13","slug":"matraquilhos-tornado-platinum-tour-edition","status":"publish","type":"product","link":"https:\/\/theworldbilliards.com\/pt-pt\/produto\/matraquilhos-tornado-platinum-tour-edition\/","title":{"rendered":"Matraquilhos Tornado Platinum Tour Edition"},"content":{"rendered":"<p>A Platinum Tour Edition combina a durabilidade e a constru\u00e7\u00e3o s\u00f3lida de 2 pe\u00e7as encontradas nos produtos Tornado h\u00e1 anos, e as atualiza\u00e7\u00f5es que os jogadores de torneios pediram. A Platinum Tour Edition \u00e9 operada por moedas e considerada por muitos como a melhor mesa de pebolim do mundo. Ele usa homens patenteados com cantos mais n\u00edtidos e se\u00e7\u00e3o transversal aumentada, permitindo melhor controle de bola e passe. Esta mesa vem com um mecanismo Push Chute de 5 moedas definido para tokens ou para a maioria dos tipos de moeda.<\/p>\n<p>Especifica\u00e7\u00f5es<br \/>\nDesign de arm\u00e1rio de duas pe\u00e7as<br \/>\nHomens contrabalan\u00e7ados e discretos<br \/>\nGoleiro de 1 ou 3 homens dispon\u00edvel<br \/>\nCampo de jogo laminado<br \/>\nHastes de a\u00e7o oco de 0,156&#8243;<br \/>\nRolamentos bipartidos patenteados para manuten\u00e7\u00e3o sem complica\u00e7\u00f5es<br \/>\nAl\u00e7as de pl\u00e1stico antiderrapantes<br \/>\nGabinete em MDF de 1,5\u201d de espessura<\/p>\n<p>Opcional Red Laminate ou Black Laminate<\/p>\n","protected":false},"excerpt":{"rendered":"<p>A Platinum Tour Edition combina a durabilidade e a constru\u00e7\u00e3o s\u00f3lida de 2 pe\u00e7as encontradas nos produtos Tornado h\u00e1 anos, [&hellip;]<\/p>\n","protected":false},"featured_media":104901,"template":"","meta":{"site-sidebar-layout":"default","site-content-layout":"","ast-site-content-layout":"default","site-content-style":"default","site-sidebar-style":"default","ast-global-header-display":"","ast-banner-title-visibility":"","ast-main-header-display":"","ast-hfb-above-header-display":"","ast-hfb-below-header-display":"","ast-hfb-mobile-header-display":"","site-post-title":"","ast-breadcrumbs-content":"","ast-featured-img":"","footer-sml-layout":"","ast-disable-related-posts":"","theme-transparent-header-meta":"default","adv-header-id-meta":"","stick-header-meta":"","header-above-stick-meta":"","header-main-stick-meta":"","header-below-stick-meta":"","astra-migrate-meta-layouts":"default","ast-page-background-enabled":"default","ast-page-background-meta":{"desktop":{"background-color":"var(--ast-global-color-4)","background-image":"","background-repeat":"repeat","background-position":"center center","background-size":"auto","background-attachment":"scroll","background-type":"","background-media":"","overlay-type":"","overlay-color":"","overlay-opacity":"","overlay-gradient":""},"tablet":{"background-color":"","background-image":"","background-repeat":"repeat","background-position":"center center","background-size":"auto","background-attachment":"scroll","background-type":"","background-media":"","overlay-type":"","overlay-color":"","overlay-opacity":"","overlay-gradient":""},"mobile":{"background-color":"","background-image":"","background-repeat":"repeat","background-position":"center center","background-size":"auto","background-attachment":"scroll","background-type":"","background-media":"","overlay-type":"","overlay-color":"","overlay-opacity":"","overlay-gradient":""}},"ast-content-background-meta":{"desktop":{"background-color":"var(--ast-global-color-5)","background-image":"","background-repeat":"repeat","background-position":"center center","background-size":"auto","background-attachment":"scroll","background-type":"","background-media":"","overlay-type":"","overlay-color":"","overlay-opacity":"","overlay-gradient":""},"tablet":{"background-color":"var(--ast-global-color-5)","background-image":"","background-repeat":"repeat","background-position":"center center","background-size":"auto","background-attachment":"scroll","background-type":"","background-media":"","overlay-type":"","overlay-color":"","overlay-opacity":"","overlay-gradient":""},"mobile":{"background-color":"var(--ast-global-color-5)","background-image":"","background-repeat":"repeat","background-position":"center center","background-size":"auto","background-attachment":"scroll","background-type":"","background-media":"","overlay-type":"","overlay-color":"","overlay-opacity":"","overlay-gradient":""}}},"product_brand":[5207],"product_cat":[1122,1123,4524],"product_tag":[],"class_list":{"0":"post-29521","1":"product","2":"type-product","3":"status-publish","4":"has-post-thumbnail","6":"product_brand-tornado-foosball-pt-pt","7":"product_cat-matraquilhos-com-moedeiro","8":"product_cat-matraquilhos-competicao","9":"product_cat-produtos-comerciais","10":"product_shipping_class-matraquilhos","11":"desktop-align-center","12":"tablet-align-left","13":"mobile-align-left","15":"first","16":"instock","17":"taxable","18":"shipping-taxable","19":"product-type-simple"},"yoast_head":"<!-- This site is optimized with the Yoast SEO plugin v27.4 - https:\/\/yoast.com\/product\/yoast-seo-wordpress\/ -->\n<title>Matraquilhos Tornado Platinum Tour Edition - The World Billiards<\/title>\n<meta name=\"description\" content=\"A Platinum Tour Edition combina a durabilidade e a constru\u00e7\u00e3o s\u00f3lida de 2 pe\u00e7as encontradas nos produtos Tornado h\u00e1 anos, e as atualiza\u00e7\u00f5es que os jogadores de torneios pediram. A Platinum Tour Edition \u00e9 operada por moedas e considerada por muitos como a melhor mesa de pebolim do mundo. Ele usa homens patenteados com cantos mais n\u00edtidos e se\u00e7\u00e3o transversal aumentada, permitindo melhor controle de bola e passe. Esta mesa vem com um mecanismo Push Chute de 5 moedas definido para tokens ou para a maioria dos tipos de moeda.  Especifica\u00e7\u00f5es Design de arm\u00e1rio de duas pe\u00e7as Homens contrabalan\u00e7ados e discretos Goleiro de 1 ou 3 homens dispon\u00edvel Campo de jogo laminado Hastes de a\u00e7o oco de 0,156&quot; Rolamentos bipartidos patenteados para manuten\u00e7\u00e3o sem complica\u00e7\u00f5es Al\u00e7as de pl\u00e1stico antiderrapantes Gabinete em MDF de 1,5\u201d de espessura  Opcional Red Laminate ou Black Laminate\" \/>\n<meta name=\"robots\" content=\"index, follow, max-snippet:-1, max-image-preview:large, max-video-preview:-1\" \/>\n<link rel=\"canonical\" href=\"https:\/\/theworldbilliards.com\/pt-pt\/produto\/matraquilhos-tornado-platinum-tour-edition\/\" \/>\n<meta property=\"og:locale\" content=\"pt_PT\" \/>\n<meta property=\"og:type\" content=\"article\" \/>\n<meta property=\"og:title\" content=\"Matraquilhos Tornado Platinum Tour Edition - The World Billiards\" \/>\n<meta property=\"og:description\" content=\"A Platinum Tour Edition combina a durabilidade e a constru\u00e7\u00e3o s\u00f3lida de 2 pe\u00e7as encontradas nos produtos Tornado h\u00e1 anos, e as atualiza\u00e7\u00f5es que os jogadores de torneios pediram. A Platinum Tour Edition \u00e9 operada por moedas e considerada por muitos como a melhor mesa de pebolim do mundo. Ele usa homens patenteados com cantos mais n\u00edtidos e se\u00e7\u00e3o transversal aumentada, permitindo melhor controle de bola e passe. Esta mesa vem com um mecanismo Push Chute de 5 moedas definido para tokens ou para a maioria dos tipos de moeda.  Especifica\u00e7\u00f5es Design de arm\u00e1rio de duas pe\u00e7as Homens contrabalan\u00e7ados e discretos Goleiro de 1 ou 3 homens dispon\u00edvel Campo de jogo laminado Hastes de a\u00e7o oco de 0,156&quot; Rolamentos bipartidos patenteados para manuten\u00e7\u00e3o sem complica\u00e7\u00f5es Al\u00e7as de pl\u00e1stico antiderrapantes Gabinete em MDF de 1,5\u201d de espessura  Opcional Red Laminate ou Black Laminate\" \/>\n<meta property=\"og:url\" content=\"https:\/\/theworldbilliards.com\/pt-pt\/produto\/matraquilhos-tornado-platinum-tour-edition\/\" \/>\n<meta property=\"og:site_name\" content=\"The World Billiards\" \/>\n<meta property=\"article:publisher\" content=\"https:\/\/www.facebook.com\/baby.foot.superbes\" \/>\n<meta property=\"article:modified_time\" content=\"2023-06-22T10:29:13+00:00\" \/>\n<meta property=\"og:image\" content=\"https:\/\/theworldbilliards.com\/wp-content\/uploads\/2017\/01\/Tornado_Platinum_Logo.png\" \/>\n\t<meta property=\"og:image:width\" content=\"450\" \/>\n\t<meta property=\"og:image:height\" content=\"450\" \/>\n\t<meta property=\"og:image:type\" content=\"image\/png\" \/>\n<meta name=\"twitter:card\" content=\"summary_large_image\" \/>\n<script type=\"application\/ld+json\" class=\"yoast-schema-graph\">{\"@context\":\"https:\\\/\\\/schema.org\",\"@graph\":[{\"@type\":\"WebPage\",\"@id\":\"https:\\\/\\\/theworldbilliards.com\\\/pt-pt\\\/produto\\\/matraquilhos-tornado-platinum-tour-edition\\\/\",\"url\":\"https:\\\/\\\/theworldbilliards.com\\\/pt-pt\\\/produto\\\/matraquilhos-tornado-platinum-tour-edition\\\/\",\"name\":\"Matraquilhos Tornado Platinum Tour Edition - The World Billiards\",\"isPartOf\":{\"@id\":\"https:\\\/\\\/theworldbilliards.com\\\/pt-pt\\\/#website\"},\"primaryImageOfPage\":{\"@id\":\"https:\\\/\\\/theworldbilliards.com\\\/pt-pt\\\/produto\\\/matraquilhos-tornado-platinum-tour-edition\\\/#primaryimage\"},\"image\":{\"@id\":\"https:\\\/\\\/theworldbilliards.com\\\/pt-pt\\\/produto\\\/matraquilhos-tornado-platinum-tour-edition\\\/#primaryimage\"},\"thumbnailUrl\":\"https:\\\/\\\/theworldbilliards.com\\\/wp-content\\\/uploads\\\/2017\\\/01\\\/Tornado_Platinum-Tour-Edition.jpg\",\"datePublished\":\"2017-01-05T09:50:21+00:00\",\"dateModified\":\"2023-06-22T10:29:13+00:00\",\"description\":\"A Platinum Tour Edition combina a durabilidade e a constru\u00e7\u00e3o s\u00f3lida de 2 pe\u00e7as encontradas nos produtos Tornado h\u00e1 anos, e as atualiza\u00e7\u00f5es que os jogadores de torneios pediram. A Platinum Tour Edition \u00e9 operada por moedas e considerada por muitos como a melhor mesa de pebolim do mundo. Ele usa homens patenteados com cantos mais n\u00edtidos e se\u00e7\u00e3o transversal aumentada, permitindo melhor controle de bola e passe. Esta mesa vem com um mecanismo Push Chute de 5 moedas definido para tokens ou para a maioria dos tipos de moeda. Especifica\u00e7\u00f5es Design de arm\u00e1rio de duas pe\u00e7as Homens contrabalan\u00e7ados e discretos Goleiro de 1 ou 3 homens dispon\u00edvel Campo de jogo laminado Hastes de a\u00e7o oco de 0,156\\\" Rolamentos bipartidos patenteados para manuten\u00e7\u00e3o sem complica\u00e7\u00f5es Al\u00e7as de pl\u00e1stico antiderrapantes Gabinete em MDF de 1,5\u201d de espessura Opcional Red Laminate ou Black Laminate\",\"breadcrumb\":{\"@id\":\"https:\\\/\\\/theworldbilliards.com\\\/pt-pt\\\/produto\\\/matraquilhos-tornado-platinum-tour-edition\\\/#breadcrumb\"},\"inLanguage\":\"pt-PT\",\"potentialAction\":[{\"@type\":\"ReadAction\",\"target\":[\"https:\\\/\\\/theworldbilliards.com\\\/pt-pt\\\/produto\\\/matraquilhos-tornado-platinum-tour-edition\\\/\"]}]},{\"@type\":\"ImageObject\",\"inLanguage\":\"pt-PT\",\"@id\":\"https:\\\/\\\/theworldbilliards.com\\\/pt-pt\\\/produto\\\/matraquilhos-tornado-platinum-tour-edition\\\/#primaryimage\",\"url\":\"https:\\\/\\\/theworldbilliards.com\\\/wp-content\\\/uploads\\\/2017\\\/01\\\/Tornado_Platinum-Tour-Edition.jpg\",\"contentUrl\":\"https:\\\/\\\/theworldbilliards.com\\\/wp-content\\\/uploads\\\/2017\\\/01\\\/Tornado_Platinum-Tour-Edition.jpg\",\"width\":804,\"height\":804},{\"@type\":\"BreadcrumbList\",\"@id\":\"https:\\\/\\\/theworldbilliards.com\\\/pt-pt\\\/produto\\\/matraquilhos-tornado-platinum-tour-edition\\\/#breadcrumb\",\"itemListElement\":[{\"@type\":\"ListItem\",\"position\":1,\"name\":\"In\u00edcio\",\"item\":\"https:\\\/\\\/theworldbilliards.com\\\/pt-pt\\\/\"},{\"@type\":\"ListItem\",\"position\":2,\"name\":\"Loja online\",\"item\":\"https:\\\/\\\/theworldbilliards.com\\\/pt-pt\\\/loja-theworldbilliards\\\/\"},{\"@type\":\"ListItem\",\"position\":3,\"name\":\"Matraquilhos Tornado Platinum Tour Edition\"}]},{\"@type\":\"WebSite\",\"@id\":\"https:\\\/\\\/theworldbilliards.com\\\/pt-pt\\\/#website\",\"url\":\"https:\\\/\\\/theworldbilliards.com\\\/pt-pt\\\/\",\"name\":\"TheWorldBilliards\",\"description\":\"Compre aqui bilhar, matraquilho, t\u00eanis de mesa e bowling\",\"publisher\":{\"@id\":\"https:\\\/\\\/theworldbilliards.com\\\/pt-pt\\\/#organization\"},\"alternateName\":\"The world billiards\",\"potentialAction\":[{\"@type\":\"SearchAction\",\"target\":{\"@type\":\"EntryPoint\",\"urlTemplate\":\"https:\\\/\\\/theworldbilliards.com\\\/pt-pt\\\/?s={search_term_string}\"},\"query-input\":{\"@type\":\"PropertyValueSpecification\",\"valueRequired\":true,\"valueName\":\"search_term_string\"}}],\"inLanguage\":\"pt-PT\"},{\"@type\":\"Organization\",\"@id\":\"https:\\\/\\\/theworldbilliards.com\\\/pt-pt\\\/#organization\",\"name\":\"The World Billiards\",\"alternateName\":\"The World Billiards\",\"url\":\"https:\\\/\\\/theworldbilliards.com\\\/pt-pt\\\/\",\"logo\":{\"@type\":\"ImageObject\",\"inLanguage\":\"pt-PT\",\"@id\":\"https:\\\/\\\/theworldbilliards.com\\\/pt-pt\\\/#\\\/schema\\\/logo\\\/image\\\/\",\"url\":\"\",\"contentUrl\":\"\",\"caption\":\"The World Billiards\"},\"image\":{\"@id\":\"https:\\\/\\\/theworldbilliards.com\\\/pt-pt\\\/#\\\/schema\\\/logo\\\/image\\\/\"},\"sameAs\":[\"https:\\\/\\\/www.facebook.com\\\/baby.foot.superbes\",\"https:\\\/\\\/www.youtube.com\\\/channel\\\/UCIMuOVAaUcH6UpZcsZlH0Tg\",\"https:\\\/\\\/www.facebook.com\\\/people\\\/Brunswick-Billiards-EspaaPortugal\\\/100066446264309\\\/\",\"https:\\\/\\\/www.instagram.com\\\/the_world_billiards\\\/\",\"https:\\\/\\\/www.pinterest.es\\\/Theworldbilliards\\\/\"]}]}<\/script>\n<!-- \/ Yoast SEO plugin. -->","yoast_head_json":{"title":"Matraquilhos Tornado Platinum Tour Edition - The World Billiards","description":"A Platinum Tour Edition combina a durabilidade e a constru\u00e7\u00e3o s\u00f3lida de 2 pe\u00e7as encontradas nos produtos Tornado h\u00e1 anos, e as atualiza\u00e7\u00f5es que os jogadores de torneios pediram. A Platinum Tour Edition \u00e9 operada por moedas e considerada por muitos como a melhor mesa de pebolim do mundo. Ele usa homens patenteados com cantos mais n\u00edtidos e se\u00e7\u00e3o transversal aumentada, permitindo melhor controle de bola e passe. Esta mesa vem com um mecanismo Push Chute de 5 moedas definido para tokens ou para a maioria dos tipos de moeda.  Especifica\u00e7\u00f5es Design de arm\u00e1rio de duas pe\u00e7as Homens contrabalan\u00e7ados e discretos Goleiro de 1 ou 3 homens dispon\u00edvel Campo de jogo laminado Hastes de a\u00e7o oco de 0,156\" Rolamentos bipartidos patenteados para manuten\u00e7\u00e3o sem complica\u00e7\u00f5es Al\u00e7as de pl\u00e1stico antiderrapantes Gabinete em MDF de 1,5\u201d de espessura  Opcional Red Laminate ou Black Laminate","robots":{"index":"index","follow":"follow","max-snippet":"max-snippet:-1","max-image-preview":"max-image-preview:large","max-video-preview":"max-video-preview:-1"},"canonical":"https:\/\/theworldbilliards.com\/pt-pt\/produto\/matraquilhos-tornado-platinum-tour-edition\/","og_locale":"pt_PT","og_type":"article","og_title":"Matraquilhos Tornado Platinum Tour Edition - The World Billiards","og_description":"A Platinum Tour Edition combina a durabilidade e a constru\u00e7\u00e3o s\u00f3lida de 2 pe\u00e7as encontradas nos produtos Tornado h\u00e1 anos, e as atualiza\u00e7\u00f5es que os jogadores de torneios pediram. A Platinum Tour Edition \u00e9 operada por moedas e considerada por muitos como a melhor mesa de pebolim do mundo. Ele usa homens patenteados com cantos mais n\u00edtidos e se\u00e7\u00e3o transversal aumentada, permitindo melhor controle de bola e passe. Esta mesa vem com um mecanismo Push Chute de 5 moedas definido para tokens ou para a maioria dos tipos de moeda.  Especifica\u00e7\u00f5es Design de arm\u00e1rio de duas pe\u00e7as Homens contrabalan\u00e7ados e discretos Goleiro de 1 ou 3 homens dispon\u00edvel Campo de jogo laminado Hastes de a\u00e7o oco de 0,156\" Rolamentos bipartidos patenteados para manuten\u00e7\u00e3o sem complica\u00e7\u00f5es Al\u00e7as de pl\u00e1stico antiderrapantes Gabinete em MDF de 1,5\u201d de espessura  Opcional Red Laminate ou Black Laminate","og_url":"https:\/\/theworldbilliards.com\/pt-pt\/produto\/matraquilhos-tornado-platinum-tour-edition\/","og_site_name":"The World Billiards","article_publisher":"https:\/\/www.facebook.com\/baby.foot.superbes","article_modified_time":"2023-06-22T10:29:13+00:00","og_image":[{"width":450,"height":450,"url":"https:\/\/theworldbilliards.com\/wp-content\/uploads\/2017\/01\/Tornado_Platinum_Logo.png","type":"image\/png"}],"twitter_card":"summary_large_image","schema":{"@context":"https:\/\/schema.org","@graph":[{"@type":"WebPage","@id":"https:\/\/theworldbilliards.com\/pt-pt\/produto\/matraquilhos-tornado-platinum-tour-edition\/","url":"https:\/\/theworldbilliards.com\/pt-pt\/produto\/matraquilhos-tornado-platinum-tour-edition\/","name":"Matraquilhos Tornado Platinum Tour Edition - The World Billiards","isPartOf":{"@id":"https:\/\/theworldbilliards.com\/pt-pt\/#website"},"primaryImageOfPage":{"@id":"https:\/\/theworldbilliards.com\/pt-pt\/produto\/matraquilhos-tornado-platinum-tour-edition\/#primaryimage"},"image":{"@id":"https:\/\/theworldbilliards.com\/pt-pt\/produto\/matraquilhos-tornado-platinum-tour-edition\/#primaryimage"},"thumbnailUrl":"https:\/\/theworldbilliards.com\/wp-content\/uploads\/2017\/01\/Tornado_Platinum-Tour-Edition.jpg","datePublished":"2017-01-05T09:50:21+00:00","dateModified":"2023-06-22T10:29:13+00:00","description":"A Platinum Tour Edition combina a durabilidade e a constru\u00e7\u00e3o s\u00f3lida de 2 pe\u00e7as encontradas nos produtos Tornado h\u00e1 anos, e as atualiza\u00e7\u00f5es que os jogadores de torneios pediram. A Platinum Tour Edition \u00e9 operada por moedas e considerada por muitos como a melhor mesa de pebolim do mundo. Ele usa homens patenteados com cantos mais n\u00edtidos e se\u00e7\u00e3o transversal aumentada, permitindo melhor controle de bola e passe. Esta mesa vem com um mecanismo Push Chute de 5 moedas definido para tokens ou para a maioria dos tipos de moeda. Especifica\u00e7\u00f5es Design de arm\u00e1rio de duas pe\u00e7as Homens contrabalan\u00e7ados e discretos Goleiro de 1 ou 3 homens dispon\u00edvel Campo de jogo laminado Hastes de a\u00e7o oco de 0,156\" Rolamentos bipartidos patenteados para manuten\u00e7\u00e3o sem complica\u00e7\u00f5es Al\u00e7as de pl\u00e1stico antiderrapantes Gabinete em MDF de 1,5\u201d de espessura Opcional Red Laminate ou Black Laminate","breadcrumb":{"@id":"https:\/\/theworldbilliards.com\/pt-pt\/produto\/matraquilhos-tornado-platinum-tour-edition\/#breadcrumb"},"inLanguage":"pt-PT","potentialAction":[{"@type":"ReadAction","target":["https:\/\/theworldbilliards.com\/pt-pt\/produto\/matraquilhos-tornado-platinum-tour-edition\/"]}]},{"@type":"ImageObject","inLanguage":"pt-PT","@id":"https:\/\/theworldbilliards.com\/pt-pt\/produto\/matraquilhos-tornado-platinum-tour-edition\/#primaryimage","url":"https:\/\/theworldbilliards.com\/wp-content\/uploads\/2017\/01\/Tornado_Platinum-Tour-Edition.jpg","contentUrl":"https:\/\/theworldbilliards.com\/wp-content\/uploads\/2017\/01\/Tornado_Platinum-Tour-Edition.jpg","width":804,"height":804},{"@type":"BreadcrumbList","@id":"https:\/\/theworldbilliards.com\/pt-pt\/produto\/matraquilhos-tornado-platinum-tour-edition\/#breadcrumb","itemListElement":[{"@type":"ListItem","position":1,"name":"In\u00edcio","item":"https:\/\/theworldbilliards.com\/pt-pt\/"},{"@type":"ListItem","position":2,"name":"Loja online","item":"https:\/\/theworldbilliards.com\/pt-pt\/loja-theworldbilliards\/"},{"@type":"ListItem","position":3,"name":"Matraquilhos Tornado Platinum Tour Edition"}]},{"@type":"WebSite","@id":"https:\/\/theworldbilliards.com\/pt-pt\/#website","url":"https:\/\/theworldbilliards.com\/pt-pt\/","name":"TheWorldBilliards","description":"Compre aqui bilhar, matraquilho, t\u00eanis de mesa e bowling","publisher":{"@id":"https:\/\/theworldbilliards.com\/pt-pt\/#organization"},"alternateName":"The world billiards","potentialAction":[{"@type":"SearchAction","target":{"@type":"EntryPoint","urlTemplate":"https:\/\/theworldbilliards.com\/pt-pt\/?s={search_term_string}"},"query-input":{"@type":"PropertyValueSpecification","valueRequired":true,"valueName":"search_term_string"}}],"inLanguage":"pt-PT"},{"@type":"Organization","@id":"https:\/\/theworldbilliards.com\/pt-pt\/#organization","name":"The World Billiards","alternateName":"The World Billiards","url":"https:\/\/theworldbilliards.com\/pt-pt\/","logo":{"@type":"ImageObject","inLanguage":"pt-PT","@id":"https:\/\/theworldbilliards.com\/pt-pt\/#\/schema\/logo\/image\/","url":"","contentUrl":"","caption":"The World Billiards"},"image":{"@id":"https:\/\/theworldbilliards.com\/pt-pt\/#\/schema\/logo\/image\/"},"sameAs":["https:\/\/www.facebook.com\/baby.foot.superbes","https:\/\/www.youtube.com\/channel\/UCIMuOVAaUcH6UpZcsZlH0Tg","https:\/\/www.facebook.com\/people\/Brunswick-Billiards-EspaaPortugal\/100066446264309\/","https:\/\/www.instagram.com\/the_world_billiards\/","https:\/\/www.pinterest.es\/Theworldbilliards\/"]}]}},"_links":{"self":[{"href":"https:\/\/theworldbilliards.com\/pt-pt\/wp-json\/wp\/v2\/product\/29521","targetHints":{"allow":["GET"]}}],"collection":[{"href":"https:\/\/theworldbilliards.com\/pt-pt\/wp-json\/wp\/v2\/product"}],"about":[{"href":"https:\/\/theworldbilliards.com\/pt-pt\/wp-json\/wp\/v2\/types\/product"}],"wp:featuredmedia":[{"embeddable":true,"href":"https:\/\/theworldbilliards.com\/pt-pt\/wp-json\/wp\/v2\/media\/104901"}],"wp:attachment":[{"href":"https:\/\/theworldbilliards.com\/pt-pt\/wp-json\/wp\/v2\/media?parent=29521"}],"wp:term":[{"taxonomy":"product_brand","embeddable":true,"href":"https:\/\/theworldbilliards.com\/pt-pt\/wp-json\/wp\/v2\/product_brand?post=29521"},{"taxonomy":"product_cat","embeddable":true,"href":"https:\/\/theworldbilliards.com\/pt-pt\/wp-json\/wp\/v2\/product_cat?post=29521"},{"taxonomy":"product_tag","embeddable":true,"href":"https:\/\/theworldbilliards.com\/pt-pt\/wp-json\/wp\/v2\/product_tag?post=29521"}],"curies":[{"name":"wp","href":"https:\/\/api.w.org\/{rel}","templated":true}]}}