{"id":29546,"date":"2017-01-05T11:36:24","date_gmt":"2017-01-05T10:36:24","guid":{"rendered":"http:\/\/theworldbilliards.com\/?post_type=product&#038;p=29546\/"},"modified":"2023-08-04T18:16:10","modified_gmt":"2023-08-04T16:16:10","slug":"matraquilhos-challenger-lux","status":"publish","type":"product","link":"https:\/\/theworldbilliards.com\/pt-pt\/produto\/matraquilhos-challenger-lux\/","title":{"rendered":"Matraquilho Challenger Lux"},"content":{"rendered":"<div id=\"wrapper\">\n<div id=\"wrapper-content\" class=\"clearfix\">\n<div class=\"container clearfix\">\n<div class=\"row clearfix\">\n<div class=\"site-content-single-product col-md-12\">\n<div class=\"single-product-inner\">\n<div id=\"product-29492\" class=\"post-29492 product type-product status-publish has-post-thumbnail product_cat-c-moedeiro product_cat-matraquilhos first instock taxable shipping-taxable purchasable product-type-simple\">\n<div class=\"woocommerce-tabs wc-tabs-wrapper\">\n<div id=\"tab-description\" class=\"woocommerce-Tabs-panel woocommerce-Tabs-panel--description panel entry-content wc-tab\">\n<ul>\n<li>Dimens\u00f5es: 1,47 x 0,72 m 0,92 m x m [CxLxA]<\/li>\n<li>Acabamentos de alta qualidade \u00e1 escolha do cliente<\/li>\n<li>Constru\u00e7\u00e3o em madeira maci\u00e7a<\/li>\n<li>Campo de jogo em Gerflex<\/li>\n<li>Barras de a\u00e7o refor\u00e7ados<\/li>\n<li>Casquilhos em ABS Hi-tech de longa dura\u00e7\u00e3o<\/li>\n<li>Jogadores em alum\u00ednio refor\u00e7ado<\/li>\n<li>Peso dos matraquilhos\u2013 110 kg<\/li>\n<li>Op\u00e7ao:\u00a0com moedeiro de 0,50 \u20ac 1,00 \u20ac ou fichas<\/li>\n<li>Inclu\u00eddas 10 bolas (corti\u00e7a, madeira, pl\u00e1stico)<\/li>\n<\/ul>\n<p>&nbsp;<\/p>\n<p>&nbsp;<\/p>\n<\/div>\n<\/div>\n<\/div>\n<\/div>\n<\/div>\n<\/div>\n<\/div>\n<\/div>\n<\/div>\n","protected":false},"excerpt":{"rendered":"<p>&nbsp;<\/p>\n<div id=\"wrapper\"><\/div>\n","protected":false},"featured_media":89238,"template":"","meta":{"site-sidebar-layout":"default","site-content-layout":"","ast-site-content-layout":"default","site-content-style":"default","site-sidebar-style":"default","ast-global-header-display":"","ast-banner-title-visibility":"","ast-main-header-display":"","ast-hfb-above-header-display":"","ast-hfb-below-header-display":"","ast-hfb-mobile-header-display":"","site-post-title":"","ast-breadcrumbs-content":"","ast-featured-img":"","footer-sml-layout":"","ast-disable-related-posts":"","theme-transparent-header-meta":"default","adv-header-id-meta":"","stick-header-meta":"","header-above-stick-meta":"","header-main-stick-meta":"","header-below-stick-meta":"","astra-migrate-meta-layouts":"default","ast-page-background-enabled":"default","ast-page-background-meta":{"desktop":{"background-color":"var(--ast-global-color-4)","background-image":"","background-repeat":"repeat","background-position":"center center","background-size":"auto","background-attachment":"scroll","background-type":"","background-media":"","overlay-type":"","overlay-color":"","overlay-opacity":"","overlay-gradient":""},"tablet":{"background-color":"","background-image":"","background-repeat":"repeat","background-position":"center center","background-size":"auto","background-attachment":"scroll","background-type":"","background-media":"","overlay-type":"","overlay-color":"","overlay-opacity":"","overlay-gradient":""},"mobile":{"background-color":"","background-image":"","background-repeat":"repeat","background-position":"center center","background-size":"auto","background-attachment":"scroll","background-type":"","background-media":"","overlay-type":"","overlay-color":"","overlay-opacity":"","overlay-gradient":""}},"ast-content-background-meta":{"desktop":{"background-color":"var(--ast-global-color-5)","background-image":"","background-repeat":"repeat","background-position":"center center","background-size":"auto","background-attachment":"scroll","background-type":"","background-media":"","overlay-type":"","overlay-color":"","overlay-opacity":"","overlay-gradient":""},"tablet":{"background-color":"var(--ast-global-color-5)","background-image":"","background-repeat":"repeat","background-position":"center center","background-size":"auto","background-attachment":"scroll","background-type":"","background-media":"","overlay-type":"","overlay-color":"","overlay-opacity":"","overlay-gradient":""},"mobile":{"background-color":"var(--ast-global-color-5)","background-image":"","background-repeat":"repeat","background-position":"center center","background-size":"auto","background-attachment":"scroll","background-type":"","background-media":"","overlay-type":"","overlay-color":"","overlay-opacity":"","overlay-gradient":""}}},"product_brand":[5219],"product_cat":[1124],"product_tag":[],"class_list":{"0":"post-29546","1":"product","2":"type-product","3":"status-publish","4":"has-post-thumbnail","6":"product_brand-twb-the-world-billiards-pt-pt","7":"product_cat-matraquilhos-sem-moedeiro","8":"product_shipping_class-matraquilhos","9":"desktop-align-center","10":"tablet-align-left","11":"mobile-align-left","13":"first","14":"instock","15":"taxable","16":"shipping-taxable","17":"purchasable","18":"product-type-simple"},"yoast_head":"<!-- This site is optimized with the Yoast SEO plugin v27.5 - https:\/\/yoast.com\/product\/yoast-seo-wordpress\/ -->\n<title>Matraquilho Challenger Lux - The World Billiards<\/title>\n<meta name=\"description\" content=\"Dimens\u00f5es: 1,47 x 0,72 m 0,92 m x m   Acabamentos de alta qualidade \u00e1 escolha do cliente  Constru\u00e7\u00e3o em madeira maci\u00e7a  Campo de jogo em Gerflex  Barras de a\u00e7o refor\u00e7ados  Casquilhos em ABS Hi-tech de longa dura\u00e7\u00e3o  Jogadores em alum\u00ednio refor\u00e7ado  Peso dos matraquilhos\u2013 110 kg  Op\u00e7ao:\u00a0com moedeiro de 0,50 \u20ac 1,00 \u20ac ou fichas  Inclu\u00eddas 10 bolas (corti\u00e7a, madeira, pl\u00e1stico)  &nbsp;  &nbsp;\" \/>\n<meta name=\"robots\" content=\"index, follow, max-snippet:-1, max-image-preview:large, max-video-preview:-1\" \/>\n<link rel=\"canonical\" href=\"https:\/\/theworldbilliards.com\/pt-pt\/produto\/matraquilhos-challenger-lux\/\" \/>\n<meta property=\"og:locale\" content=\"pt_PT\" \/>\n<meta property=\"og:type\" content=\"article\" \/>\n<meta property=\"og:title\" content=\"Matraquilho Challenger Lux - The World Billiards\" \/>\n<meta property=\"og:description\" content=\"Dimens\u00f5es: 1,47 x 0,72 m 0,92 m x m   Acabamentos de alta qualidade \u00e1 escolha do cliente  Constru\u00e7\u00e3o em madeira maci\u00e7a  Campo de jogo em Gerflex  Barras de a\u00e7o refor\u00e7ados  Casquilhos em ABS Hi-tech de longa dura\u00e7\u00e3o  Jogadores em alum\u00ednio refor\u00e7ado  Peso dos matraquilhos\u2013 110 kg  Op\u00e7ao:\u00a0com moedeiro de 0,50 \u20ac 1,00 \u20ac ou fichas  Inclu\u00eddas 10 bolas (corti\u00e7a, madeira, pl\u00e1stico)  &nbsp;  &nbsp;\" \/>\n<meta property=\"og:url\" content=\"https:\/\/theworldbilliards.com\/pt-pt\/produto\/matraquilhos-challenger-lux\/\" \/>\n<meta property=\"og:site_name\" content=\"The World Billiards\" \/>\n<meta property=\"article:publisher\" content=\"https:\/\/www.facebook.com\/baby.foot.superbes\" \/>\n<meta property=\"article:modified_time\" content=\"2023-08-04T16:16:10+00:00\" \/>\n<meta property=\"og:image\" content=\"https:\/\/theworldbilliards.com\/wp-content\/uploads\/2017\/01\/challenger-lux.png\" \/>\n\t<meta property=\"og:image:width\" content=\"1300\" \/>\n\t<meta property=\"og:image:height\" content=\"1300\" \/>\n\t<meta property=\"og:image:type\" content=\"image\/png\" \/>\n<meta name=\"twitter:card\" content=\"summary_large_image\" \/>\n<script type=\"application\/ld+json\" class=\"yoast-schema-graph\">{\"@context\":\"https:\\\/\\\/schema.org\",\"@graph\":[{\"@type\":\"WebPage\",\"@id\":\"https:\\\/\\\/theworldbilliards.com\\\/pt-pt\\\/produto\\\/matraquilhos-challenger-lux\\\/\",\"url\":\"https:\\\/\\\/theworldbilliards.com\\\/pt-pt\\\/produto\\\/matraquilhos-challenger-lux\\\/\",\"name\":\"Matraquilho Challenger Lux - The World Billiards\",\"isPartOf\":{\"@id\":\"https:\\\/\\\/theworldbilliards.com\\\/pt-pt\\\/#website\"},\"primaryImageOfPage\":{\"@id\":\"https:\\\/\\\/theworldbilliards.com\\\/pt-pt\\\/produto\\\/matraquilhos-challenger-lux\\\/#primaryimage\"},\"image\":{\"@id\":\"https:\\\/\\\/theworldbilliards.com\\\/pt-pt\\\/produto\\\/matraquilhos-challenger-lux\\\/#primaryimage\"},\"thumbnailUrl\":\"https:\\\/\\\/theworldbilliards.com\\\/wp-content\\\/uploads\\\/2017\\\/01\\\/challenger-lux.png\",\"datePublished\":\"2017-01-05T10:36:24+00:00\",\"dateModified\":\"2023-08-04T16:16:10+00:00\",\"description\":\"Dimens\u00f5es: 1,47 x 0,72 m 0,92 m x m Acabamentos de alta qualidade \u00e1 escolha do cliente Constru\u00e7\u00e3o em madeira maci\u00e7a Campo de jogo em Gerflex Barras de a\u00e7o refor\u00e7ados Casquilhos em ABS Hi-tech de longa dura\u00e7\u00e3o Jogadores em alum\u00ednio refor\u00e7ado Peso dos matraquilhos\u2013 110 kg Op\u00e7ao:\u00a0com moedeiro de 0,50 \u20ac 1,00 \u20ac ou fichas Inclu\u00eddas 10 bolas (corti\u00e7a, madeira, pl\u00e1stico) &nbsp; &nbsp;\",\"breadcrumb\":{\"@id\":\"https:\\\/\\\/theworldbilliards.com\\\/pt-pt\\\/produto\\\/matraquilhos-challenger-lux\\\/#breadcrumb\"},\"inLanguage\":\"pt-PT\",\"potentialAction\":[{\"@type\":\"ReadAction\",\"target\":[\"https:\\\/\\\/theworldbilliards.com\\\/pt-pt\\\/produto\\\/matraquilhos-challenger-lux\\\/\"]}]},{\"@type\":\"ImageObject\",\"inLanguage\":\"pt-PT\",\"@id\":\"https:\\\/\\\/theworldbilliards.com\\\/pt-pt\\\/produto\\\/matraquilhos-challenger-lux\\\/#primaryimage\",\"url\":\"https:\\\/\\\/theworldbilliards.com\\\/wp-content\\\/uploads\\\/2017\\\/01\\\/challenger-lux.png\",\"contentUrl\":\"https:\\\/\\\/theworldbilliards.com\\\/wp-content\\\/uploads\\\/2017\\\/01\\\/challenger-lux.png\",\"width\":1300,\"height\":1300},{\"@type\":\"BreadcrumbList\",\"@id\":\"https:\\\/\\\/theworldbilliards.com\\\/pt-pt\\\/produto\\\/matraquilhos-challenger-lux\\\/#breadcrumb\",\"itemListElement\":[{\"@type\":\"ListItem\",\"position\":1,\"name\":\"In\u00edcio\",\"item\":\"https:\\\/\\\/theworldbilliards.com\\\/pt-pt\\\/\"},{\"@type\":\"ListItem\",\"position\":2,\"name\":\"Loja online\",\"item\":\"https:\\\/\\\/theworldbilliards.com\\\/pt-pt\\\/loja-theworldbilliards\\\/\"},{\"@type\":\"ListItem\",\"position\":3,\"name\":\"Matraquilho Challenger Lux\"}]},{\"@type\":\"WebSite\",\"@id\":\"https:\\\/\\\/theworldbilliards.com\\\/pt-pt\\\/#website\",\"url\":\"https:\\\/\\\/theworldbilliards.com\\\/pt-pt\\\/\",\"name\":\"TheWorldBilliards\",\"description\":\"Compre aqui bilhar, matraquilho, t\u00eanis de mesa e bowling\",\"publisher\":{\"@id\":\"https:\\\/\\\/theworldbilliards.com\\\/pt-pt\\\/#organization\"},\"alternateName\":\"The world billiards\",\"potentialAction\":[{\"@type\":\"SearchAction\",\"target\":{\"@type\":\"EntryPoint\",\"urlTemplate\":\"https:\\\/\\\/theworldbilliards.com\\\/pt-pt\\\/?s={search_term_string}\"},\"query-input\":{\"@type\":\"PropertyValueSpecification\",\"valueRequired\":true,\"valueName\":\"search_term_string\"}}],\"inLanguage\":\"pt-PT\"},{\"@type\":\"Organization\",\"@id\":\"https:\\\/\\\/theworldbilliards.com\\\/pt-pt\\\/#organization\",\"name\":\"The World Billiards\",\"alternateName\":\"The World Billiards\",\"url\":\"https:\\\/\\\/theworldbilliards.com\\\/pt-pt\\\/\",\"logo\":{\"@type\":\"ImageObject\",\"inLanguage\":\"pt-PT\",\"@id\":\"https:\\\/\\\/theworldbilliards.com\\\/pt-pt\\\/#\\\/schema\\\/logo\\\/image\\\/\",\"url\":\"\",\"contentUrl\":\"\",\"caption\":\"The World Billiards\"},\"image\":{\"@id\":\"https:\\\/\\\/theworldbilliards.com\\\/pt-pt\\\/#\\\/schema\\\/logo\\\/image\\\/\"},\"sameAs\":[\"https:\\\/\\\/www.facebook.com\\\/baby.foot.superbes\",\"https:\\\/\\\/www.youtube.com\\\/channel\\\/UCIMuOVAaUcH6UpZcsZlH0Tg\",\"https:\\\/\\\/www.facebook.com\\\/people\\\/Brunswick-Billiards-EspaaPortugal\\\/100066446264309\\\/\",\"https:\\\/\\\/www.instagram.com\\\/the_world_billiards\\\/\",\"https:\\\/\\\/www.pinterest.es\\\/Theworldbilliards\\\/\"]}]}<\/script>\n<!-- \/ Yoast SEO plugin. -->","yoast_head_json":{"title":"Matraquilho Challenger Lux - The World Billiards","description":"Dimens\u00f5es: 1,47 x 0,72 m 0,92 m x m   Acabamentos de alta qualidade \u00e1 escolha do cliente  Constru\u00e7\u00e3o em madeira maci\u00e7a  Campo de jogo em Gerflex  Barras de a\u00e7o refor\u00e7ados  Casquilhos em ABS Hi-tech de longa dura\u00e7\u00e3o  Jogadores em alum\u00ednio refor\u00e7ado  Peso dos matraquilhos\u2013 110 kg  Op\u00e7ao:\u00a0com moedeiro de 0,50 \u20ac 1,00 \u20ac ou fichas  Inclu\u00eddas 10 bolas (corti\u00e7a, madeira, pl\u00e1stico)  &nbsp;  &nbsp;","robots":{"index":"index","follow":"follow","max-snippet":"max-snippet:-1","max-image-preview":"max-image-preview:large","max-video-preview":"max-video-preview:-1"},"canonical":"https:\/\/theworldbilliards.com\/pt-pt\/produto\/matraquilhos-challenger-lux\/","og_locale":"pt_PT","og_type":"article","og_title":"Matraquilho Challenger Lux - The World Billiards","og_description":"Dimens\u00f5es: 1,47 x 0,72 m 0,92 m x m   Acabamentos de alta qualidade \u00e1 escolha do cliente  Constru\u00e7\u00e3o em madeira maci\u00e7a  Campo de jogo em Gerflex  Barras de a\u00e7o refor\u00e7ados  Casquilhos em ABS Hi-tech de longa dura\u00e7\u00e3o  Jogadores em alum\u00ednio refor\u00e7ado  Peso dos matraquilhos\u2013 110 kg  Op\u00e7ao:\u00a0com moedeiro de 0,50 \u20ac 1,00 \u20ac ou fichas  Inclu\u00eddas 10 bolas (corti\u00e7a, madeira, pl\u00e1stico)  &nbsp;  &nbsp;","og_url":"https:\/\/theworldbilliards.com\/pt-pt\/produto\/matraquilhos-challenger-lux\/","og_site_name":"The World Billiards","article_publisher":"https:\/\/www.facebook.com\/baby.foot.superbes","article_modified_time":"2023-08-04T16:16:10+00:00","og_image":[{"width":1300,"height":1300,"url":"https:\/\/theworldbilliards.com\/wp-content\/uploads\/2017\/01\/challenger-lux.png","type":"image\/png"}],"twitter_card":"summary_large_image","schema":{"@context":"https:\/\/schema.org","@graph":[{"@type":"WebPage","@id":"https:\/\/theworldbilliards.com\/pt-pt\/produto\/matraquilhos-challenger-lux\/","url":"https:\/\/theworldbilliards.com\/pt-pt\/produto\/matraquilhos-challenger-lux\/","name":"Matraquilho Challenger Lux - The World Billiards","isPartOf":{"@id":"https:\/\/theworldbilliards.com\/pt-pt\/#website"},"primaryImageOfPage":{"@id":"https:\/\/theworldbilliards.com\/pt-pt\/produto\/matraquilhos-challenger-lux\/#primaryimage"},"image":{"@id":"https:\/\/theworldbilliards.com\/pt-pt\/produto\/matraquilhos-challenger-lux\/#primaryimage"},"thumbnailUrl":"https:\/\/theworldbilliards.com\/wp-content\/uploads\/2017\/01\/challenger-lux.png","datePublished":"2017-01-05T10:36:24+00:00","dateModified":"2023-08-04T16:16:10+00:00","description":"Dimens\u00f5es: 1,47 x 0,72 m 0,92 m x m Acabamentos de alta qualidade \u00e1 escolha do cliente Constru\u00e7\u00e3o em madeira maci\u00e7a Campo de jogo em Gerflex Barras de a\u00e7o refor\u00e7ados Casquilhos em ABS Hi-tech de longa dura\u00e7\u00e3o Jogadores em alum\u00ednio refor\u00e7ado Peso dos matraquilhos\u2013 110 kg Op\u00e7ao:\u00a0com moedeiro de 0,50 \u20ac 1,00 \u20ac ou fichas Inclu\u00eddas 10 bolas (corti\u00e7a, madeira, pl\u00e1stico) &nbsp; &nbsp;","breadcrumb":{"@id":"https:\/\/theworldbilliards.com\/pt-pt\/produto\/matraquilhos-challenger-lux\/#breadcrumb"},"inLanguage":"pt-PT","potentialAction":[{"@type":"ReadAction","target":["https:\/\/theworldbilliards.com\/pt-pt\/produto\/matraquilhos-challenger-lux\/"]}]},{"@type":"ImageObject","inLanguage":"pt-PT","@id":"https:\/\/theworldbilliards.com\/pt-pt\/produto\/matraquilhos-challenger-lux\/#primaryimage","url":"https:\/\/theworldbilliards.com\/wp-content\/uploads\/2017\/01\/challenger-lux.png","contentUrl":"https:\/\/theworldbilliards.com\/wp-content\/uploads\/2017\/01\/challenger-lux.png","width":1300,"height":1300},{"@type":"BreadcrumbList","@id":"https:\/\/theworldbilliards.com\/pt-pt\/produto\/matraquilhos-challenger-lux\/#breadcrumb","itemListElement":[{"@type":"ListItem","position":1,"name":"In\u00edcio","item":"https:\/\/theworldbilliards.com\/pt-pt\/"},{"@type":"ListItem","position":2,"name":"Loja online","item":"https:\/\/theworldbilliards.com\/pt-pt\/loja-theworldbilliards\/"},{"@type":"ListItem","position":3,"name":"Matraquilho Challenger Lux"}]},{"@type":"WebSite","@id":"https:\/\/theworldbilliards.com\/pt-pt\/#website","url":"https:\/\/theworldbilliards.com\/pt-pt\/","name":"TheWorldBilliards","description":"Compre aqui bilhar, matraquilho, t\u00eanis de mesa e bowling","publisher":{"@id":"https:\/\/theworldbilliards.com\/pt-pt\/#organization"},"alternateName":"The world billiards","potentialAction":[{"@type":"SearchAction","target":{"@type":"EntryPoint","urlTemplate":"https:\/\/theworldbilliards.com\/pt-pt\/?s={search_term_string}"},"query-input":{"@type":"PropertyValueSpecification","valueRequired":true,"valueName":"search_term_string"}}],"inLanguage":"pt-PT"},{"@type":"Organization","@id":"https:\/\/theworldbilliards.com\/pt-pt\/#organization","name":"The World Billiards","alternateName":"The World Billiards","url":"https:\/\/theworldbilliards.com\/pt-pt\/","logo":{"@type":"ImageObject","inLanguage":"pt-PT","@id":"https:\/\/theworldbilliards.com\/pt-pt\/#\/schema\/logo\/image\/","url":"","contentUrl":"","caption":"The World Billiards"},"image":{"@id":"https:\/\/theworldbilliards.com\/pt-pt\/#\/schema\/logo\/image\/"},"sameAs":["https:\/\/www.facebook.com\/baby.foot.superbes","https:\/\/www.youtube.com\/channel\/UCIMuOVAaUcH6UpZcsZlH0Tg","https:\/\/www.facebook.com\/people\/Brunswick-Billiards-EspaaPortugal\/100066446264309\/","https:\/\/www.instagram.com\/the_world_billiards\/","https:\/\/www.pinterest.es\/Theworldbilliards\/"]}]}},"_links":{"self":[{"href":"https:\/\/theworldbilliards.com\/pt-pt\/wp-json\/wp\/v2\/product\/29546","targetHints":{"allow":["GET"]}}],"collection":[{"href":"https:\/\/theworldbilliards.com\/pt-pt\/wp-json\/wp\/v2\/product"}],"about":[{"href":"https:\/\/theworldbilliards.com\/pt-pt\/wp-json\/wp\/v2\/types\/product"}],"wp:featuredmedia":[{"embeddable":true,"href":"https:\/\/theworldbilliards.com\/pt-pt\/wp-json\/wp\/v2\/media\/89238"}],"wp:attachment":[{"href":"https:\/\/theworldbilliards.com\/pt-pt\/wp-json\/wp\/v2\/media?parent=29546"}],"wp:term":[{"taxonomy":"product_brand","embeddable":true,"href":"https:\/\/theworldbilliards.com\/pt-pt\/wp-json\/wp\/v2\/product_brand?post=29546"},{"taxonomy":"product_cat","embeddable":true,"href":"https:\/\/theworldbilliards.com\/pt-pt\/wp-json\/wp\/v2\/product_cat?post=29546"},{"taxonomy":"product_tag","embeddable":true,"href":"https:\/\/theworldbilliards.com\/pt-pt\/wp-json\/wp\/v2\/product_tag?post=29546"}],"curies":[{"name":"wp","href":"https:\/\/api.w.org\/{rel}","templated":true}]}}