{"id":29549,"date":"2017-01-05T11:43:27","date_gmt":"2017-01-05T10:43:27","guid":{"rendered":"http:\/\/theworldbilliards.com\/?post_type=product&#038;p=29549\/"},"modified":"2023-08-04T18:19:38","modified_gmt":"2023-08-04T16:19:38","slug":"matraquilho-emporium","status":"publish","type":"product","link":"https:\/\/theworldbilliards.com\/pt-pt\/produto\/matraquilho-emporium\/","title":{"rendered":"Matraquilho Emporium"},"content":{"rendered":"<p>Dimens\u00f5es: 1,40 m x 0,78 m x 0,88 m [CxLxA]<\/p>\n<ul>\n<li>Qualidade Profissional<\/li>\n<li>Acabamentos de Alta Qualidade \u00e1 escolha do cliente<\/li>\n<li>Var\u00f5es\u00a0calibrados maci\u00e7os de 15 mm<\/li>\n<li>Casquilhos em pl\u00e1stico ABS de longa dura\u00e7\u00e3o<\/li>\n<li>Punhos em Madeira<\/li>\n<li>Jogadores ultima gera\u00e7ao em Alum\u00ednio refor\u00e7ado<\/li>\n<li>Peso &#8211; 85 Kg<\/li>\n<li>2 Bolas inclu\u00eddas<\/li>\n<\/ul>\n<p>&nbsp;<\/p>\n","protected":false},"excerpt":{"rendered":"<p>Dimens\u00f5es: 1,40 m x 0,78 m x 0,88 m [CxLxA] Qualidade Profissional Acabamentos de Alta Qualidade \u00e1 escolha do cliente [&hellip;]<\/p>\n","protected":false},"featured_media":52968,"template":"","meta":{"site-sidebar-layout":"default","site-content-layout":"","ast-site-content-layout":"default","site-content-style":"default","site-sidebar-style":"default","ast-global-header-display":"","ast-banner-title-visibility":"","ast-main-header-display":"","ast-hfb-above-header-display":"","ast-hfb-below-header-display":"","ast-hfb-mobile-header-display":"","site-post-title":"","ast-breadcrumbs-content":"","ast-featured-img":"","footer-sml-layout":"","ast-disable-related-posts":"","theme-transparent-header-meta":"default","adv-header-id-meta":"","stick-header-meta":"","header-above-stick-meta":"","header-main-stick-meta":"","header-below-stick-meta":"","astra-migrate-meta-layouts":"default","ast-page-background-enabled":"default","ast-page-background-meta":{"desktop":{"background-color":"var(--ast-global-color-4)","background-image":"","background-repeat":"repeat","background-position":"center center","background-size":"auto","background-attachment":"scroll","background-type":"","background-media":"","overlay-type":"","overlay-color":"","overlay-opacity":"","overlay-gradient":""},"tablet":{"background-color":"","background-image":"","background-repeat":"repeat","background-position":"center center","background-size":"auto","background-attachment":"scroll","background-type":"","background-media":"","overlay-type":"","overlay-color":"","overlay-opacity":"","overlay-gradient":""},"mobile":{"background-color":"","background-image":"","background-repeat":"repeat","background-position":"center center","background-size":"auto","background-attachment":"scroll","background-type":"","background-media":"","overlay-type":"","overlay-color":"","overlay-opacity":"","overlay-gradient":""}},"ast-content-background-meta":{"desktop":{"background-color":"var(--ast-global-color-5)","background-image":"","background-repeat":"repeat","background-position":"center center","background-size":"auto","background-attachment":"scroll","background-type":"","background-media":"","overlay-type":"","overlay-color":"","overlay-opacity":"","overlay-gradient":""},"tablet":{"background-color":"var(--ast-global-color-5)","background-image":"","background-repeat":"repeat","background-position":"center center","background-size":"auto","background-attachment":"scroll","background-type":"","background-media":"","overlay-type":"","overlay-color":"","overlay-opacity":"","overlay-gradient":""},"mobile":{"background-color":"var(--ast-global-color-5)","background-image":"","background-repeat":"repeat","background-position":"center center","background-size":"auto","background-attachment":"scroll","background-type":"","background-media":"","overlay-type":"","overlay-color":"","overlay-opacity":"","overlay-gradient":""}}},"product_brand":[5219],"product_cat":[1124],"product_tag":[],"class_list":{"0":"post-29549","1":"product","2":"type-product","3":"status-publish","4":"has-post-thumbnail","6":"product_brand-twb-the-world-billiards-pt-pt","7":"product_cat-matraquilhos-sem-moedeiro","8":"product_shipping_class-matraquilhos","9":"desktop-align-center","10":"tablet-align-left","11":"mobile-align-left","13":"first","14":"instock","15":"taxable","16":"shipping-taxable","17":"purchasable","18":"product-type-simple"},"yoast_head":"<!-- This site is optimized with the Yoast SEO plugin v27.4 - https:\/\/yoast.com\/product\/yoast-seo-wordpress\/ -->\n<title>Matraquilho Emporium - The World Billiards<\/title>\n<meta name=\"description\" content=\"Dimens\u00f5es: 1,40 m x 0,78 m x 0,88 m    Qualidade Profissional  Acabamentos de Alta Qualidade \u00e1 escolha do cliente  Var\u00f5es\u00a0calibrados maci\u00e7os de 15 mm  Casquilhos em pl\u00e1stico ABS de longa dura\u00e7\u00e3o  Punhos em Madeira  Jogadores ultima gera\u00e7ao em Alum\u00ednio refor\u00e7ado  Peso - 85 Kg  2 Bolas inclu\u00eddas  &nbsp;\" \/>\n<meta name=\"robots\" content=\"index, follow, max-snippet:-1, max-image-preview:large, max-video-preview:-1\" \/>\n<link rel=\"canonical\" href=\"https:\/\/theworldbilliards.com\/pt-pt\/produto\/matraquilho-emporium\/\" \/>\n<meta property=\"og:locale\" content=\"pt_PT\" \/>\n<meta property=\"og:type\" content=\"article\" \/>\n<meta property=\"og:title\" content=\"Matraquilho Emporium - The World Billiards\" \/>\n<meta property=\"og:description\" content=\"Dimens\u00f5es: 1,40 m x 0,78 m x 0,88 m    Qualidade Profissional  Acabamentos de Alta Qualidade \u00e1 escolha do cliente  Var\u00f5es\u00a0calibrados maci\u00e7os de 15 mm  Casquilhos em pl\u00e1stico ABS de longa dura\u00e7\u00e3o  Punhos em Madeira  Jogadores ultima gera\u00e7ao em Alum\u00ednio refor\u00e7ado  Peso - 85 Kg  2 Bolas inclu\u00eddas  &nbsp;\" \/>\n<meta property=\"og:url\" content=\"https:\/\/theworldbilliards.com\/pt-pt\/produto\/matraquilho-emporium\/\" \/>\n<meta property=\"og:site_name\" content=\"The World Billiards\" \/>\n<meta property=\"article:publisher\" content=\"https:\/\/www.facebook.com\/baby.foot.superbes\" \/>\n<meta property=\"article:modified_time\" content=\"2023-08-04T16:19:38+00:00\" \/>\n<meta property=\"og:image\" content=\"https:\/\/theworldbilliards.com\/wp-content\/uploads\/2017\/01\/emporium-1.png\" \/>\n\t<meta property=\"og:image:width\" content=\"750\" \/>\n\t<meta property=\"og:image:height\" content=\"750\" \/>\n\t<meta property=\"og:image:type\" content=\"image\/png\" \/>\n<meta name=\"twitter:card\" content=\"summary_large_image\" \/>\n<meta name=\"twitter:label1\" content=\"Tempo estimado de leitura\" \/>\n\t<meta name=\"twitter:data1\" content=\"1 minuto\" \/>\n<script type=\"application\/ld+json\" class=\"yoast-schema-graph\">{\"@context\":\"https:\\\/\\\/schema.org\",\"@graph\":[{\"@type\":\"WebPage\",\"@id\":\"https:\\\/\\\/theworldbilliards.com\\\/pt-pt\\\/produto\\\/matraquilho-emporium\\\/\",\"url\":\"https:\\\/\\\/theworldbilliards.com\\\/pt-pt\\\/produto\\\/matraquilho-emporium\\\/\",\"name\":\"Matraquilho Emporium - The World Billiards\",\"isPartOf\":{\"@id\":\"https:\\\/\\\/theworldbilliards.com\\\/pt-pt\\\/#website\"},\"primaryImageOfPage\":{\"@id\":\"https:\\\/\\\/theworldbilliards.com\\\/pt-pt\\\/produto\\\/matraquilho-emporium\\\/#primaryimage\"},\"image\":{\"@id\":\"https:\\\/\\\/theworldbilliards.com\\\/pt-pt\\\/produto\\\/matraquilho-emporium\\\/#primaryimage\"},\"thumbnailUrl\":\"https:\\\/\\\/theworldbilliards.com\\\/wp-content\\\/uploads\\\/2017\\\/01\\\/emporium-1.png\",\"datePublished\":\"2017-01-05T10:43:27+00:00\",\"dateModified\":\"2023-08-04T16:19:38+00:00\",\"description\":\"Dimens\u00f5es: 1,40 m x 0,78 m x 0,88 m Qualidade Profissional Acabamentos de Alta Qualidade \u00e1 escolha do cliente Var\u00f5es\u00a0calibrados maci\u00e7os de 15 mm Casquilhos em pl\u00e1stico ABS de longa dura\u00e7\u00e3o Punhos em Madeira Jogadores ultima gera\u00e7ao em Alum\u00ednio refor\u00e7ado Peso - 85 Kg 2 Bolas inclu\u00eddas &nbsp;\",\"breadcrumb\":{\"@id\":\"https:\\\/\\\/theworldbilliards.com\\\/pt-pt\\\/produto\\\/matraquilho-emporium\\\/#breadcrumb\"},\"inLanguage\":\"pt-PT\",\"potentialAction\":[{\"@type\":\"ReadAction\",\"target\":[\"https:\\\/\\\/theworldbilliards.com\\\/pt-pt\\\/produto\\\/matraquilho-emporium\\\/\"]}]},{\"@type\":\"ImageObject\",\"inLanguage\":\"pt-PT\",\"@id\":\"https:\\\/\\\/theworldbilliards.com\\\/pt-pt\\\/produto\\\/matraquilho-emporium\\\/#primaryimage\",\"url\":\"https:\\\/\\\/theworldbilliards.com\\\/wp-content\\\/uploads\\\/2017\\\/01\\\/emporium-1.png\",\"contentUrl\":\"https:\\\/\\\/theworldbilliards.com\\\/wp-content\\\/uploads\\\/2017\\\/01\\\/emporium-1.png\",\"width\":750,\"height\":750},{\"@type\":\"BreadcrumbList\",\"@id\":\"https:\\\/\\\/theworldbilliards.com\\\/pt-pt\\\/produto\\\/matraquilho-emporium\\\/#breadcrumb\",\"itemListElement\":[{\"@type\":\"ListItem\",\"position\":1,\"name\":\"In\u00edcio\",\"item\":\"https:\\\/\\\/theworldbilliards.com\\\/pt-pt\\\/\"},{\"@type\":\"ListItem\",\"position\":2,\"name\":\"Loja online\",\"item\":\"https:\\\/\\\/theworldbilliards.com\\\/pt-pt\\\/loja-theworldbilliards\\\/\"},{\"@type\":\"ListItem\",\"position\":3,\"name\":\"Matraquilho Emporium\"}]},{\"@type\":\"WebSite\",\"@id\":\"https:\\\/\\\/theworldbilliards.com\\\/pt-pt\\\/#website\",\"url\":\"https:\\\/\\\/theworldbilliards.com\\\/pt-pt\\\/\",\"name\":\"TheWorldBilliards\",\"description\":\"Compre aqui bilhar, matraquilho, t\u00eanis de mesa e bowling\",\"publisher\":{\"@id\":\"https:\\\/\\\/theworldbilliards.com\\\/pt-pt\\\/#organization\"},\"alternateName\":\"The world billiards\",\"potentialAction\":[{\"@type\":\"SearchAction\",\"target\":{\"@type\":\"EntryPoint\",\"urlTemplate\":\"https:\\\/\\\/theworldbilliards.com\\\/pt-pt\\\/?s={search_term_string}\"},\"query-input\":{\"@type\":\"PropertyValueSpecification\",\"valueRequired\":true,\"valueName\":\"search_term_string\"}}],\"inLanguage\":\"pt-PT\"},{\"@type\":\"Organization\",\"@id\":\"https:\\\/\\\/theworldbilliards.com\\\/pt-pt\\\/#organization\",\"name\":\"The World Billiards\",\"alternateName\":\"The World Billiards\",\"url\":\"https:\\\/\\\/theworldbilliards.com\\\/pt-pt\\\/\",\"logo\":{\"@type\":\"ImageObject\",\"inLanguage\":\"pt-PT\",\"@id\":\"https:\\\/\\\/theworldbilliards.com\\\/pt-pt\\\/#\\\/schema\\\/logo\\\/image\\\/\",\"url\":\"\",\"contentUrl\":\"\",\"caption\":\"The World Billiards\"},\"image\":{\"@id\":\"https:\\\/\\\/theworldbilliards.com\\\/pt-pt\\\/#\\\/schema\\\/logo\\\/image\\\/\"},\"sameAs\":[\"https:\\\/\\\/www.facebook.com\\\/baby.foot.superbes\",\"https:\\\/\\\/www.youtube.com\\\/channel\\\/UCIMuOVAaUcH6UpZcsZlH0Tg\",\"https:\\\/\\\/www.facebook.com\\\/people\\\/Brunswick-Billiards-EspaaPortugal\\\/100066446264309\\\/\",\"https:\\\/\\\/www.instagram.com\\\/the_world_billiards\\\/\",\"https:\\\/\\\/www.pinterest.es\\\/Theworldbilliards\\\/\"]}]}<\/script>\n<!-- \/ Yoast SEO plugin. -->","yoast_head_json":{"title":"Matraquilho Emporium - The World Billiards","description":"Dimens\u00f5es: 1,40 m x 0,78 m x 0,88 m    Qualidade Profissional  Acabamentos de Alta Qualidade \u00e1 escolha do cliente  Var\u00f5es\u00a0calibrados maci\u00e7os de 15 mm  Casquilhos em pl\u00e1stico ABS de longa dura\u00e7\u00e3o  Punhos em Madeira  Jogadores ultima gera\u00e7ao em Alum\u00ednio refor\u00e7ado  Peso - 85 Kg  2 Bolas inclu\u00eddas  &nbsp;","robots":{"index":"index","follow":"follow","max-snippet":"max-snippet:-1","max-image-preview":"max-image-preview:large","max-video-preview":"max-video-preview:-1"},"canonical":"https:\/\/theworldbilliards.com\/pt-pt\/produto\/matraquilho-emporium\/","og_locale":"pt_PT","og_type":"article","og_title":"Matraquilho Emporium - The World Billiards","og_description":"Dimens\u00f5es: 1,40 m x 0,78 m x 0,88 m    Qualidade Profissional  Acabamentos de Alta Qualidade \u00e1 escolha do cliente  Var\u00f5es\u00a0calibrados maci\u00e7os de 15 mm  Casquilhos em pl\u00e1stico ABS de longa dura\u00e7\u00e3o  Punhos em Madeira  Jogadores ultima gera\u00e7ao em Alum\u00ednio refor\u00e7ado  Peso - 85 Kg  2 Bolas inclu\u00eddas  &nbsp;","og_url":"https:\/\/theworldbilliards.com\/pt-pt\/produto\/matraquilho-emporium\/","og_site_name":"The World Billiards","article_publisher":"https:\/\/www.facebook.com\/baby.foot.superbes","article_modified_time":"2023-08-04T16:19:38+00:00","og_image":[{"width":750,"height":750,"url":"https:\/\/theworldbilliards.com\/wp-content\/uploads\/2017\/01\/emporium-1.png","type":"image\/png"}],"twitter_card":"summary_large_image","twitter_misc":{"Tempo estimado de leitura":"1 minuto"},"schema":{"@context":"https:\/\/schema.org","@graph":[{"@type":"WebPage","@id":"https:\/\/theworldbilliards.com\/pt-pt\/produto\/matraquilho-emporium\/","url":"https:\/\/theworldbilliards.com\/pt-pt\/produto\/matraquilho-emporium\/","name":"Matraquilho Emporium - The World Billiards","isPartOf":{"@id":"https:\/\/theworldbilliards.com\/pt-pt\/#website"},"primaryImageOfPage":{"@id":"https:\/\/theworldbilliards.com\/pt-pt\/produto\/matraquilho-emporium\/#primaryimage"},"image":{"@id":"https:\/\/theworldbilliards.com\/pt-pt\/produto\/matraquilho-emporium\/#primaryimage"},"thumbnailUrl":"https:\/\/theworldbilliards.com\/wp-content\/uploads\/2017\/01\/emporium-1.png","datePublished":"2017-01-05T10:43:27+00:00","dateModified":"2023-08-04T16:19:38+00:00","description":"Dimens\u00f5es: 1,40 m x 0,78 m x 0,88 m Qualidade Profissional Acabamentos de Alta Qualidade \u00e1 escolha do cliente Var\u00f5es\u00a0calibrados maci\u00e7os de 15 mm Casquilhos em pl\u00e1stico ABS de longa dura\u00e7\u00e3o Punhos em Madeira Jogadores ultima gera\u00e7ao em Alum\u00ednio refor\u00e7ado Peso - 85 Kg 2 Bolas inclu\u00eddas &nbsp;","breadcrumb":{"@id":"https:\/\/theworldbilliards.com\/pt-pt\/produto\/matraquilho-emporium\/#breadcrumb"},"inLanguage":"pt-PT","potentialAction":[{"@type":"ReadAction","target":["https:\/\/theworldbilliards.com\/pt-pt\/produto\/matraquilho-emporium\/"]}]},{"@type":"ImageObject","inLanguage":"pt-PT","@id":"https:\/\/theworldbilliards.com\/pt-pt\/produto\/matraquilho-emporium\/#primaryimage","url":"https:\/\/theworldbilliards.com\/wp-content\/uploads\/2017\/01\/emporium-1.png","contentUrl":"https:\/\/theworldbilliards.com\/wp-content\/uploads\/2017\/01\/emporium-1.png","width":750,"height":750},{"@type":"BreadcrumbList","@id":"https:\/\/theworldbilliards.com\/pt-pt\/produto\/matraquilho-emporium\/#breadcrumb","itemListElement":[{"@type":"ListItem","position":1,"name":"In\u00edcio","item":"https:\/\/theworldbilliards.com\/pt-pt\/"},{"@type":"ListItem","position":2,"name":"Loja online","item":"https:\/\/theworldbilliards.com\/pt-pt\/loja-theworldbilliards\/"},{"@type":"ListItem","position":3,"name":"Matraquilho Emporium"}]},{"@type":"WebSite","@id":"https:\/\/theworldbilliards.com\/pt-pt\/#website","url":"https:\/\/theworldbilliards.com\/pt-pt\/","name":"TheWorldBilliards","description":"Compre aqui bilhar, matraquilho, t\u00eanis de mesa e bowling","publisher":{"@id":"https:\/\/theworldbilliards.com\/pt-pt\/#organization"},"alternateName":"The world billiards","potentialAction":[{"@type":"SearchAction","target":{"@type":"EntryPoint","urlTemplate":"https:\/\/theworldbilliards.com\/pt-pt\/?s={search_term_string}"},"query-input":{"@type":"PropertyValueSpecification","valueRequired":true,"valueName":"search_term_string"}}],"inLanguage":"pt-PT"},{"@type":"Organization","@id":"https:\/\/theworldbilliards.com\/pt-pt\/#organization","name":"The World Billiards","alternateName":"The World Billiards","url":"https:\/\/theworldbilliards.com\/pt-pt\/","logo":{"@type":"ImageObject","inLanguage":"pt-PT","@id":"https:\/\/theworldbilliards.com\/pt-pt\/#\/schema\/logo\/image\/","url":"","contentUrl":"","caption":"The World Billiards"},"image":{"@id":"https:\/\/theworldbilliards.com\/pt-pt\/#\/schema\/logo\/image\/"},"sameAs":["https:\/\/www.facebook.com\/baby.foot.superbes","https:\/\/www.youtube.com\/channel\/UCIMuOVAaUcH6UpZcsZlH0Tg","https:\/\/www.facebook.com\/people\/Brunswick-Billiards-EspaaPortugal\/100066446264309\/","https:\/\/www.instagram.com\/the_world_billiards\/","https:\/\/www.pinterest.es\/Theworldbilliards\/"]}]}},"_links":{"self":[{"href":"https:\/\/theworldbilliards.com\/pt-pt\/wp-json\/wp\/v2\/product\/29549","targetHints":{"allow":["GET"]}}],"collection":[{"href":"https:\/\/theworldbilliards.com\/pt-pt\/wp-json\/wp\/v2\/product"}],"about":[{"href":"https:\/\/theworldbilliards.com\/pt-pt\/wp-json\/wp\/v2\/types\/product"}],"wp:featuredmedia":[{"embeddable":true,"href":"https:\/\/theworldbilliards.com\/pt-pt\/wp-json\/wp\/v2\/media\/52968"}],"wp:attachment":[{"href":"https:\/\/theworldbilliards.com\/pt-pt\/wp-json\/wp\/v2\/media?parent=29549"}],"wp:term":[{"taxonomy":"product_brand","embeddable":true,"href":"https:\/\/theworldbilliards.com\/pt-pt\/wp-json\/wp\/v2\/product_brand?post=29549"},{"taxonomy":"product_cat","embeddable":true,"href":"https:\/\/theworldbilliards.com\/pt-pt\/wp-json\/wp\/v2\/product_cat?post=29549"},{"taxonomy":"product_tag","embeddable":true,"href":"https:\/\/theworldbilliards.com\/pt-pt\/wp-json\/wp\/v2\/product_tag?post=29549"}],"curies":[{"name":"wp","href":"https:\/\/api.w.org\/{rel}","templated":true}]}}