{"id":29550,"date":"2017-01-05T11:46:59","date_gmt":"2017-01-05T11:46:59","guid":{"rendered":"http:\/\/theworldbilliards.com\/?post_type=product&#038;p=29550\/"},"modified":"2023-06-23T10:58:57","modified_gmt":"2023-06-23T08:58:57","slug":"matraquilho-futbolkids","status":"publish","type":"product","link":"https:\/\/theworldbilliards.com\/pt-pt\/produto\/matraquilho-futbolkids\/","title":{"rendered":"Matraquilho FUTBOLKIDS"},"content":{"rendered":"<p>Mesa de Matraquilho Ideal para os jovens at\u00e9 aos 12 anos<\/p>\n<ul>\n<li>Dim. 122 x 61 x 81 cm<\/li>\n<li>Peso: 25 kg<\/li>\n<li>100% de qualidade<\/li>\n<\/ul>\n<p>Os matraquilhos FUTBOLKIDS s\u00e3o perfeitos para a juventude, com um design atraente. O formato telesc\u00f3picos faz desta mesa ideal para crian\u00e7as at\u00e9 aos 12 anos.<\/p>\n<p>As hastes telesc\u00f3picas interligadas oferecem prote\u00e7\u00e3o contra qualquer resalto das bolas que n\u00e3o se projetem \u00e0s varas. Este tamb\u00e9m \u00e9 mais agrad\u00e1vel na sua manipula\u00e7\u00e3o.<\/p>\n<p>Com esta mesa de Matraquilhos est\u00e3o garantidas muitas horas de divers\u00e3o para jovens! Convide a fam\u00edlia e os amigos em casa e organizar um torneio com a m\u00e1xima tens\u00e3o.<\/p>\n<p>Este tipo de futebol \u00e9 muito r\u00e1pido e, portanto, \u00e9 tamb\u00e9m uma forma\u00e7\u00e3o ideal para a coordena\u00e7\u00e3o olho\/m\u00e3o e capacidade de resposta.<\/p>\n<p>&nbsp;<\/p>\n<p>&nbsp;<\/p>\n","protected":false},"excerpt":{"rendered":"<p>Mesa de Matraquilho Ideal para os jovens at\u00e9 aos 12 anos Dim. 122 x 61 x 81 cm Peso: 25 [&hellip;]<\/p>\n","protected":false},"featured_media":52979,"template":"","meta":{"site-sidebar-layout":"default","site-content-layout":"","ast-site-content-layout":"default","site-content-style":"default","site-sidebar-style":"default","ast-global-header-display":"","ast-banner-title-visibility":"","ast-main-header-display":"","ast-hfb-above-header-display":"","ast-hfb-below-header-display":"","ast-hfb-mobile-header-display":"","site-post-title":"","ast-breadcrumbs-content":"","ast-featured-img":"","footer-sml-layout":"","ast-disable-related-posts":"","theme-transparent-header-meta":"","adv-header-id-meta":"","stick-header-meta":"","header-above-stick-meta":"","header-main-stick-meta":"","header-below-stick-meta":"","astra-migrate-meta-layouts":"default","ast-page-background-enabled":"default","ast-page-background-meta":{"desktop":{"background-color":"var(--ast-global-color-4)","background-image":"","background-repeat":"repeat","background-position":"center center","background-size":"auto","background-attachment":"scroll","background-type":"","background-media":"","overlay-type":"","overlay-color":"","overlay-opacity":"","overlay-gradient":""},"tablet":{"background-color":"","background-image":"","background-repeat":"repeat","background-position":"center center","background-size":"auto","background-attachment":"scroll","background-type":"","background-media":"","overlay-type":"","overlay-color":"","overlay-opacity":"","overlay-gradient":""},"mobile":{"background-color":"","background-image":"","background-repeat":"repeat","background-position":"center center","background-size":"auto","background-attachment":"scroll","background-type":"","background-media":"","overlay-type":"","overlay-color":"","overlay-opacity":"","overlay-gradient":""}},"ast-content-background-meta":{"desktop":{"background-color":"var(--ast-global-color-5)","background-image":"","background-repeat":"repeat","background-position":"center center","background-size":"auto","background-attachment":"scroll","background-type":"","background-media":"","overlay-type":"","overlay-color":"","overlay-opacity":"","overlay-gradient":""},"tablet":{"background-color":"var(--ast-global-color-5)","background-image":"","background-repeat":"repeat","background-position":"center center","background-size":"auto","background-attachment":"scroll","background-type":"","background-media":"","overlay-type":"","overlay-color":"","overlay-opacity":"","overlay-gradient":""},"mobile":{"background-color":"var(--ast-global-color-5)","background-image":"","background-repeat":"repeat","background-position":"center center","background-size":"auto","background-attachment":"scroll","background-type":"","background-media":"","overlay-type":"","overlay-color":"","overlay-opacity":"","overlay-gradient":""}}},"product_brand":[],"product_cat":[1124],"product_tag":[],"class_list":{"0":"post-29550","1":"product","2":"type-product","3":"status-publish","4":"has-post-thumbnail","6":"product_cat-matraquilhos-sem-moedeiro","7":"product_shipping_class-matraquilhos","8":"desktop-align-center","9":"tablet-align-left","10":"mobile-align-left","12":"first","13":"instock","14":"taxable","15":"shipping-taxable","16":"purchasable","17":"product-type-simple"},"yoast_head":"<!-- This site is optimized with the Yoast SEO plugin v27.4 - https:\/\/yoast.com\/product\/yoast-seo-wordpress\/ -->\n<title>Matraquilho FUTBOLKIDS - The World Billiards<\/title>\n<meta name=\"description\" content=\"Mesa de Matraquilho Ideal para os jovens at\u00e9 aos 12 anos   Dim. 122 x 61 x 81 cm  Peso: 25 kg  100% de qualidade  Os matraquilhos FUTBOLKIDS s\u00e3o perfeitos para a juventude, com um design atraente. O formato telesc\u00f3picos faz desta mesa ideal para crian\u00e7as at\u00e9 aos 12 anos.  As hastes telesc\u00f3picas interligadas oferecem prote\u00e7\u00e3o contra qualquer resalto das bolas que n\u00e3o se projetem \u00e0s varas. Este tamb\u00e9m \u00e9 mais agrad\u00e1vel na sua manipula\u00e7\u00e3o.  Com esta mesa de Matraquilhos est\u00e3o garantidas muitas horas de divers\u00e3o para jovens! Convide a fam\u00edlia e os amigos em casa e organizar um torneio com a m\u00e1xima tens\u00e3o.  Este tipo de futebol \u00e9 muito r\u00e1pido e, portanto, \u00e9 tamb\u00e9m uma forma\u00e7\u00e3o ideal para a coordena\u00e7\u00e3o olho\/m\u00e3o e capacidade de resposta.  &nbsp;  &nbsp;\" \/>\n<meta name=\"robots\" content=\"index, follow, max-snippet:-1, max-image-preview:large, max-video-preview:-1\" \/>\n<link rel=\"canonical\" href=\"https:\/\/theworldbilliards.com\/pt-pt\/produto\/matraquilho-futbolkids\/\" \/>\n<meta property=\"og:locale\" content=\"pt_PT\" \/>\n<meta property=\"og:type\" content=\"article\" \/>\n<meta property=\"og:title\" content=\"Matraquilho FUTBOLKIDS - The World Billiards\" \/>\n<meta property=\"og:description\" content=\"Mesa de Matraquilho Ideal para os jovens at\u00e9 aos 12 anos   Dim. 122 x 61 x 81 cm  Peso: 25 kg  100% de qualidade  Os matraquilhos FUTBOLKIDS s\u00e3o perfeitos para a juventude, com um design atraente. O formato telesc\u00f3picos faz desta mesa ideal para crian\u00e7as at\u00e9 aos 12 anos.  As hastes telesc\u00f3picas interligadas oferecem prote\u00e7\u00e3o contra qualquer resalto das bolas que n\u00e3o se projetem \u00e0s varas. Este tamb\u00e9m \u00e9 mais agrad\u00e1vel na sua manipula\u00e7\u00e3o.  Com esta mesa de Matraquilhos est\u00e3o garantidas muitas horas de divers\u00e3o para jovens! Convide a fam\u00edlia e os amigos em casa e organizar um torneio com a m\u00e1xima tens\u00e3o.  Este tipo de futebol \u00e9 muito r\u00e1pido e, portanto, \u00e9 tamb\u00e9m uma forma\u00e7\u00e3o ideal para a coordena\u00e7\u00e3o olho\/m\u00e3o e capacidade de resposta.  &nbsp;  &nbsp;\" \/>\n<meta property=\"og:url\" content=\"https:\/\/theworldbilliards.com\/pt-pt\/produto\/matraquilho-futbolkids\/\" \/>\n<meta property=\"og:site_name\" content=\"The World Billiards\" \/>\n<meta property=\"article:publisher\" content=\"https:\/\/www.facebook.com\/baby.foot.superbes\" \/>\n<meta property=\"article:modified_time\" content=\"2023-06-23T08:58:57+00:00\" \/>\n<meta property=\"og:image\" content=\"https:\/\/theworldbilliards.com\/wp-content\/uploads\/2017\/01\/FUTBOLKIDS.jpg\" \/>\n\t<meta property=\"og:image:width\" content=\"700\" \/>\n\t<meta property=\"og:image:height\" content=\"700\" \/>\n\t<meta property=\"og:image:type\" content=\"image\/jpeg\" \/>\n<meta name=\"twitter:card\" content=\"summary_large_image\" \/>\n<meta name=\"twitter:label1\" content=\"Tempo estimado de leitura\" \/>\n\t<meta name=\"twitter:data1\" content=\"1 minuto\" \/>\n<script type=\"application\/ld+json\" class=\"yoast-schema-graph\">{\"@context\":\"https:\\\/\\\/schema.org\",\"@graph\":[{\"@type\":\"WebPage\",\"@id\":\"https:\\\/\\\/theworldbilliards.com\\\/pt-pt\\\/produto\\\/matraquilho-futbolkids\\\/\",\"url\":\"https:\\\/\\\/theworldbilliards.com\\\/pt-pt\\\/produto\\\/matraquilho-futbolkids\\\/\",\"name\":\"Matraquilho FUTBOLKIDS - The World Billiards\",\"isPartOf\":{\"@id\":\"https:\\\/\\\/theworldbilliards.com\\\/pt-pt\\\/#website\"},\"primaryImageOfPage\":{\"@id\":\"https:\\\/\\\/theworldbilliards.com\\\/pt-pt\\\/produto\\\/matraquilho-futbolkids\\\/#primaryimage\"},\"image\":{\"@id\":\"https:\\\/\\\/theworldbilliards.com\\\/pt-pt\\\/produto\\\/matraquilho-futbolkids\\\/#primaryimage\"},\"thumbnailUrl\":\"https:\\\/\\\/theworldbilliards.com\\\/wp-content\\\/uploads\\\/2017\\\/01\\\/FUTBOLKIDS.jpg\",\"datePublished\":\"2017-01-05T11:46:59+00:00\",\"dateModified\":\"2023-06-23T08:58:57+00:00\",\"description\":\"Mesa de Matraquilho Ideal para os jovens at\u00e9 aos 12 anos Dim. 122 x 61 x 81 cm Peso: 25 kg 100% de qualidade Os matraquilhos FUTBOLKIDS s\u00e3o perfeitos para a juventude, com um design atraente. O formato telesc\u00f3picos faz desta mesa ideal para crian\u00e7as at\u00e9 aos 12 anos. As hastes telesc\u00f3picas interligadas oferecem prote\u00e7\u00e3o contra qualquer resalto das bolas que n\u00e3o se projetem \u00e0s varas. Este tamb\u00e9m \u00e9 mais agrad\u00e1vel na sua manipula\u00e7\u00e3o. Com esta mesa de Matraquilhos est\u00e3o garantidas muitas horas de divers\u00e3o para jovens! Convide a fam\u00edlia e os amigos em casa e organizar um torneio com a m\u00e1xima tens\u00e3o. Este tipo de futebol \u00e9 muito r\u00e1pido e, portanto, \u00e9 tamb\u00e9m uma forma\u00e7\u00e3o ideal para a coordena\u00e7\u00e3o olho\\\/m\u00e3o e capacidade de resposta. &nbsp; &nbsp;\",\"breadcrumb\":{\"@id\":\"https:\\\/\\\/theworldbilliards.com\\\/pt-pt\\\/produto\\\/matraquilho-futbolkids\\\/#breadcrumb\"},\"inLanguage\":\"pt-PT\",\"potentialAction\":[{\"@type\":\"ReadAction\",\"target\":[\"https:\\\/\\\/theworldbilliards.com\\\/pt-pt\\\/produto\\\/matraquilho-futbolkids\\\/\"]}]},{\"@type\":\"ImageObject\",\"inLanguage\":\"pt-PT\",\"@id\":\"https:\\\/\\\/theworldbilliards.com\\\/pt-pt\\\/produto\\\/matraquilho-futbolkids\\\/#primaryimage\",\"url\":\"https:\\\/\\\/theworldbilliards.com\\\/wp-content\\\/uploads\\\/2017\\\/01\\\/FUTBOLKIDS.jpg\",\"contentUrl\":\"https:\\\/\\\/theworldbilliards.com\\\/wp-content\\\/uploads\\\/2017\\\/01\\\/FUTBOLKIDS.jpg\",\"width\":700,\"height\":700},{\"@type\":\"BreadcrumbList\",\"@id\":\"https:\\\/\\\/theworldbilliards.com\\\/pt-pt\\\/produto\\\/matraquilho-futbolkids\\\/#breadcrumb\",\"itemListElement\":[{\"@type\":\"ListItem\",\"position\":1,\"name\":\"In\u00edcio\",\"item\":\"https:\\\/\\\/theworldbilliards.com\\\/pt-pt\\\/\"},{\"@type\":\"ListItem\",\"position\":2,\"name\":\"Loja online\",\"item\":\"https:\\\/\\\/theworldbilliards.com\\\/pt-pt\\\/loja-theworldbilliards\\\/\"},{\"@type\":\"ListItem\",\"position\":3,\"name\":\"Matraquilho FUTBOLKIDS\"}]},{\"@type\":\"WebSite\",\"@id\":\"https:\\\/\\\/theworldbilliards.com\\\/pt-pt\\\/#website\",\"url\":\"https:\\\/\\\/theworldbilliards.com\\\/pt-pt\\\/\",\"name\":\"TheWorldBilliards\",\"description\":\"Compre aqui bilhar, matraquilho, t\u00eanis de mesa e bowling\",\"publisher\":{\"@id\":\"https:\\\/\\\/theworldbilliards.com\\\/pt-pt\\\/#organization\"},\"alternateName\":\"The world billiards\",\"potentialAction\":[{\"@type\":\"SearchAction\",\"target\":{\"@type\":\"EntryPoint\",\"urlTemplate\":\"https:\\\/\\\/theworldbilliards.com\\\/pt-pt\\\/?s={search_term_string}\"},\"query-input\":{\"@type\":\"PropertyValueSpecification\",\"valueRequired\":true,\"valueName\":\"search_term_string\"}}],\"inLanguage\":\"pt-PT\"},{\"@type\":\"Organization\",\"@id\":\"https:\\\/\\\/theworldbilliards.com\\\/pt-pt\\\/#organization\",\"name\":\"The World Billiards\",\"alternateName\":\"The World Billiards\",\"url\":\"https:\\\/\\\/theworldbilliards.com\\\/pt-pt\\\/\",\"logo\":{\"@type\":\"ImageObject\",\"inLanguage\":\"pt-PT\",\"@id\":\"https:\\\/\\\/theworldbilliards.com\\\/pt-pt\\\/#\\\/schema\\\/logo\\\/image\\\/\",\"url\":\"\",\"contentUrl\":\"\",\"caption\":\"The World Billiards\"},\"image\":{\"@id\":\"https:\\\/\\\/theworldbilliards.com\\\/pt-pt\\\/#\\\/schema\\\/logo\\\/image\\\/\"},\"sameAs\":[\"https:\\\/\\\/www.facebook.com\\\/baby.foot.superbes\",\"https:\\\/\\\/www.youtube.com\\\/channel\\\/UCIMuOVAaUcH6UpZcsZlH0Tg\",\"https:\\\/\\\/www.facebook.com\\\/people\\\/Brunswick-Billiards-EspaaPortugal\\\/100066446264309\\\/\",\"https:\\\/\\\/www.instagram.com\\\/the_world_billiards\\\/\",\"https:\\\/\\\/www.pinterest.es\\\/Theworldbilliards\\\/\"]}]}<\/script>\n<!-- \/ Yoast SEO plugin. -->","yoast_head_json":{"title":"Matraquilho FUTBOLKIDS - The World Billiards","description":"Mesa de Matraquilho Ideal para os jovens at\u00e9 aos 12 anos   Dim. 122 x 61 x 81 cm  Peso: 25 kg  100% de qualidade  Os matraquilhos FUTBOLKIDS s\u00e3o perfeitos para a juventude, com um design atraente. O formato telesc\u00f3picos faz desta mesa ideal para crian\u00e7as at\u00e9 aos 12 anos.  As hastes telesc\u00f3picas interligadas oferecem prote\u00e7\u00e3o contra qualquer resalto das bolas que n\u00e3o se projetem \u00e0s varas. Este tamb\u00e9m \u00e9 mais agrad\u00e1vel na sua manipula\u00e7\u00e3o.  Com esta mesa de Matraquilhos est\u00e3o garantidas muitas horas de divers\u00e3o para jovens! Convide a fam\u00edlia e os amigos em casa e organizar um torneio com a m\u00e1xima tens\u00e3o.  Este tipo de futebol \u00e9 muito r\u00e1pido e, portanto, \u00e9 tamb\u00e9m uma forma\u00e7\u00e3o ideal para a coordena\u00e7\u00e3o olho\/m\u00e3o e capacidade de resposta.  &nbsp;  &nbsp;","robots":{"index":"index","follow":"follow","max-snippet":"max-snippet:-1","max-image-preview":"max-image-preview:large","max-video-preview":"max-video-preview:-1"},"canonical":"https:\/\/theworldbilliards.com\/pt-pt\/produto\/matraquilho-futbolkids\/","og_locale":"pt_PT","og_type":"article","og_title":"Matraquilho FUTBOLKIDS - The World Billiards","og_description":"Mesa de Matraquilho Ideal para os jovens at\u00e9 aos 12 anos   Dim. 122 x 61 x 81 cm  Peso: 25 kg  100% de qualidade  Os matraquilhos FUTBOLKIDS s\u00e3o perfeitos para a juventude, com um design atraente. O formato telesc\u00f3picos faz desta mesa ideal para crian\u00e7as at\u00e9 aos 12 anos.  As hastes telesc\u00f3picas interligadas oferecem prote\u00e7\u00e3o contra qualquer resalto das bolas que n\u00e3o se projetem \u00e0s varas. Este tamb\u00e9m \u00e9 mais agrad\u00e1vel na sua manipula\u00e7\u00e3o.  Com esta mesa de Matraquilhos est\u00e3o garantidas muitas horas de divers\u00e3o para jovens! Convide a fam\u00edlia e os amigos em casa e organizar um torneio com a m\u00e1xima tens\u00e3o.  Este tipo de futebol \u00e9 muito r\u00e1pido e, portanto, \u00e9 tamb\u00e9m uma forma\u00e7\u00e3o ideal para a coordena\u00e7\u00e3o olho\/m\u00e3o e capacidade de resposta.  &nbsp;  &nbsp;","og_url":"https:\/\/theworldbilliards.com\/pt-pt\/produto\/matraquilho-futbolkids\/","og_site_name":"The World Billiards","article_publisher":"https:\/\/www.facebook.com\/baby.foot.superbes","article_modified_time":"2023-06-23T08:58:57+00:00","og_image":[{"width":700,"height":700,"url":"https:\/\/theworldbilliards.com\/wp-content\/uploads\/2017\/01\/FUTBOLKIDS.jpg","type":"image\/jpeg"}],"twitter_card":"summary_large_image","twitter_misc":{"Tempo estimado de leitura":"1 minuto"},"schema":{"@context":"https:\/\/schema.org","@graph":[{"@type":"WebPage","@id":"https:\/\/theworldbilliards.com\/pt-pt\/produto\/matraquilho-futbolkids\/","url":"https:\/\/theworldbilliards.com\/pt-pt\/produto\/matraquilho-futbolkids\/","name":"Matraquilho FUTBOLKIDS - The World Billiards","isPartOf":{"@id":"https:\/\/theworldbilliards.com\/pt-pt\/#website"},"primaryImageOfPage":{"@id":"https:\/\/theworldbilliards.com\/pt-pt\/produto\/matraquilho-futbolkids\/#primaryimage"},"image":{"@id":"https:\/\/theworldbilliards.com\/pt-pt\/produto\/matraquilho-futbolkids\/#primaryimage"},"thumbnailUrl":"https:\/\/theworldbilliards.com\/wp-content\/uploads\/2017\/01\/FUTBOLKIDS.jpg","datePublished":"2017-01-05T11:46:59+00:00","dateModified":"2023-06-23T08:58:57+00:00","description":"Mesa de Matraquilho Ideal para os jovens at\u00e9 aos 12 anos Dim. 122 x 61 x 81 cm Peso: 25 kg 100% de qualidade Os matraquilhos FUTBOLKIDS s\u00e3o perfeitos para a juventude, com um design atraente. O formato telesc\u00f3picos faz desta mesa ideal para crian\u00e7as at\u00e9 aos 12 anos. As hastes telesc\u00f3picas interligadas oferecem prote\u00e7\u00e3o contra qualquer resalto das bolas que n\u00e3o se projetem \u00e0s varas. Este tamb\u00e9m \u00e9 mais agrad\u00e1vel na sua manipula\u00e7\u00e3o. Com esta mesa de Matraquilhos est\u00e3o garantidas muitas horas de divers\u00e3o para jovens! Convide a fam\u00edlia e os amigos em casa e organizar um torneio com a m\u00e1xima tens\u00e3o. Este tipo de futebol \u00e9 muito r\u00e1pido e, portanto, \u00e9 tamb\u00e9m uma forma\u00e7\u00e3o ideal para a coordena\u00e7\u00e3o olho\/m\u00e3o e capacidade de resposta. &nbsp; &nbsp;","breadcrumb":{"@id":"https:\/\/theworldbilliards.com\/pt-pt\/produto\/matraquilho-futbolkids\/#breadcrumb"},"inLanguage":"pt-PT","potentialAction":[{"@type":"ReadAction","target":["https:\/\/theworldbilliards.com\/pt-pt\/produto\/matraquilho-futbolkids\/"]}]},{"@type":"ImageObject","inLanguage":"pt-PT","@id":"https:\/\/theworldbilliards.com\/pt-pt\/produto\/matraquilho-futbolkids\/#primaryimage","url":"https:\/\/theworldbilliards.com\/wp-content\/uploads\/2017\/01\/FUTBOLKIDS.jpg","contentUrl":"https:\/\/theworldbilliards.com\/wp-content\/uploads\/2017\/01\/FUTBOLKIDS.jpg","width":700,"height":700},{"@type":"BreadcrumbList","@id":"https:\/\/theworldbilliards.com\/pt-pt\/produto\/matraquilho-futbolkids\/#breadcrumb","itemListElement":[{"@type":"ListItem","position":1,"name":"In\u00edcio","item":"https:\/\/theworldbilliards.com\/pt-pt\/"},{"@type":"ListItem","position":2,"name":"Loja online","item":"https:\/\/theworldbilliards.com\/pt-pt\/loja-theworldbilliards\/"},{"@type":"ListItem","position":3,"name":"Matraquilho FUTBOLKIDS"}]},{"@type":"WebSite","@id":"https:\/\/theworldbilliards.com\/pt-pt\/#website","url":"https:\/\/theworldbilliards.com\/pt-pt\/","name":"TheWorldBilliards","description":"Compre aqui bilhar, matraquilho, t\u00eanis de mesa e bowling","publisher":{"@id":"https:\/\/theworldbilliards.com\/pt-pt\/#organization"},"alternateName":"The world billiards","potentialAction":[{"@type":"SearchAction","target":{"@type":"EntryPoint","urlTemplate":"https:\/\/theworldbilliards.com\/pt-pt\/?s={search_term_string}"},"query-input":{"@type":"PropertyValueSpecification","valueRequired":true,"valueName":"search_term_string"}}],"inLanguage":"pt-PT"},{"@type":"Organization","@id":"https:\/\/theworldbilliards.com\/pt-pt\/#organization","name":"The World Billiards","alternateName":"The World Billiards","url":"https:\/\/theworldbilliards.com\/pt-pt\/","logo":{"@type":"ImageObject","inLanguage":"pt-PT","@id":"https:\/\/theworldbilliards.com\/pt-pt\/#\/schema\/logo\/image\/","url":"","contentUrl":"","caption":"The World Billiards"},"image":{"@id":"https:\/\/theworldbilliards.com\/pt-pt\/#\/schema\/logo\/image\/"},"sameAs":["https:\/\/www.facebook.com\/baby.foot.superbes","https:\/\/www.youtube.com\/channel\/UCIMuOVAaUcH6UpZcsZlH0Tg","https:\/\/www.facebook.com\/people\/Brunswick-Billiards-EspaaPortugal\/100066446264309\/","https:\/\/www.instagram.com\/the_world_billiards\/","https:\/\/www.pinterest.es\/Theworldbilliards\/"]}]}},"_links":{"self":[{"href":"https:\/\/theworldbilliards.com\/pt-pt\/wp-json\/wp\/v2\/product\/29550","targetHints":{"allow":["GET"]}}],"collection":[{"href":"https:\/\/theworldbilliards.com\/pt-pt\/wp-json\/wp\/v2\/product"}],"about":[{"href":"https:\/\/theworldbilliards.com\/pt-pt\/wp-json\/wp\/v2\/types\/product"}],"wp:featuredmedia":[{"embeddable":true,"href":"https:\/\/theworldbilliards.com\/pt-pt\/wp-json\/wp\/v2\/media\/52979"}],"wp:attachment":[{"href":"https:\/\/theworldbilliards.com\/pt-pt\/wp-json\/wp\/v2\/media?parent=29550"}],"wp:term":[{"taxonomy":"product_brand","embeddable":true,"href":"https:\/\/theworldbilliards.com\/pt-pt\/wp-json\/wp\/v2\/product_brand?post=29550"},{"taxonomy":"product_cat","embeddable":true,"href":"https:\/\/theworldbilliards.com\/pt-pt\/wp-json\/wp\/v2\/product_cat?post=29550"},{"taxonomy":"product_tag","embeddable":true,"href":"https:\/\/theworldbilliards.com\/pt-pt\/wp-json\/wp\/v2\/product_tag?post=29550"}],"curies":[{"name":"wp","href":"https:\/\/api.w.org\/{rel}","templated":true}]}}