{"id":29722,"date":"2017-01-06T11:49:39","date_gmt":"2017-01-06T10:49:39","guid":{"rendered":"http:\/\/theworldbilliards.com\/?post_type=product&#038;p=29722\/"},"modified":"2025-05-27T13:46:20","modified_gmt":"2025-05-27T11:46:20","slug":"air-hockey-dynamo-firestorm-com-moedeiro","status":"publish","type":"product","link":"https:\/\/theworldbilliards.com\/pt-pt\/produto\/air-hockey-dynamo-firestorm-com-moedeiro\/","title":{"rendered":"Air hockey Dynamo Firestorm com moedeiro"},"content":{"rendered":"<p>A ilumina\u00e7\u00e3o LED interativa e um design suspenso dramaticamente esculpido tornam o Fire Storm uma pe\u00e7a de destaque em qualquer local ou FEC. Um gerador de receita de classe mundial pronto para substituir ou complementar as tabelas existentes do Dynamo.<\/p>\n<p>Componentes comuns e eletr\u00f4nicos compartilhados com outras mesas do Dynamo facilitam o servi\u00e7o e reduzem o estoque de pe\u00e7as.<br \/>\nPrograma\u00e7\u00e3o simples, PCB de f\u00e1cil acesso atrav\u00e9s da porta de servi\u00e7o de montagem lateral.<br \/>\nConstru\u00e7\u00e3o de gabinete de n\u00edvel comercial de longa dura\u00e7\u00e3o comprovada. Uma mesa Dynamo \u00e9 um investimento em qualidade.<br \/>\nIlumina\u00e7\u00e3o LED para longa vida \u00fatil, montada de forma segura sob o conjunto de blindagem de policarbonato de tr\u00eas pe\u00e7as com o logotipo Dynamo.<br \/>\nModelo aprovado pela CE dispon\u00edvel<br \/>\nAl\u00e7ap\u00e3o para armazenamento das pernas durante o transporte<br \/>\nSons de jogo ajust\u00e1veis, com alto-falante colocado atr\u00e1s de cada extremidade do gol para o m\u00e1ximo prazer do jogador<br \/>\nIlumina\u00e7\u00e3o LED interativa multicolorida.<br \/>\nSistema de soprador Dyna-blast testado pelo tempo para a\u00e7\u00e3o de jogo incompar\u00e1vel<br \/>\nPontua\u00e7\u00e3o \u00e0 prova de congestionamento por infravermelho com extremidades de gol aprimoradas para reduzir o congestionamento e o tempo de inatividade.<br \/>\nO acabamento e os gr\u00e1ficos em laranja flamejante reativo com luz preta chamam a aten\u00e7\u00e3o dos jogadores!<br \/>\nDesign de trilho superior arredondado seguro &#8211; n\u00e3o s\u00e3o necess\u00e1rios protetores de canto<br \/>\nCampo de jogo laminado resistente a impactos &#8211; para longa vida \u00fatil e substitui\u00e7\u00e3o simples.<\/p>\n","protected":false},"excerpt":{"rendered":"<p>A ilumina\u00e7\u00e3o LED interativa e um design suspenso dramaticamente esculpido tornam o Fire Storm uma pe\u00e7a de destaque em qualquer [&hellip;]<\/p>\n","protected":false},"featured_media":90181,"template":"","meta":{"site-sidebar-layout":"default","site-content-layout":"","ast-site-content-layout":"default","site-content-style":"default","site-sidebar-style":"default","ast-global-header-display":"","ast-banner-title-visibility":"","ast-main-header-display":"","ast-hfb-above-header-display":"","ast-hfb-below-header-display":"","ast-hfb-mobile-header-display":"","site-post-title":"","ast-breadcrumbs-content":"","ast-featured-img":"","footer-sml-layout":"","ast-disable-related-posts":"","theme-transparent-header-meta":"default","adv-header-id-meta":"","stick-header-meta":"","header-above-stick-meta":"","header-main-stick-meta":"","header-below-stick-meta":"","astra-migrate-meta-layouts":"default","ast-page-background-enabled":"default","ast-page-background-meta":{"desktop":{"background-color":"var(--ast-global-color-4)","background-image":"","background-repeat":"repeat","background-position":"center center","background-size":"auto","background-attachment":"scroll","background-type":"","background-media":"","overlay-type":"","overlay-color":"","overlay-opacity":"","overlay-gradient":""},"tablet":{"background-color":"","background-image":"","background-repeat":"repeat","background-position":"center center","background-size":"auto","background-attachment":"scroll","background-type":"","background-media":"","overlay-type":"","overlay-color":"","overlay-opacity":"","overlay-gradient":""},"mobile":{"background-color":"","background-image":"","background-repeat":"repeat","background-position":"center center","background-size":"auto","background-attachment":"scroll","background-type":"","background-media":"","overlay-type":"","overlay-color":"","overlay-opacity":"","overlay-gradient":""}},"ast-content-background-meta":{"desktop":{"background-color":"var(--ast-global-color-5)","background-image":"","background-repeat":"repeat","background-position":"center center","background-size":"auto","background-attachment":"scroll","background-type":"","background-media":"","overlay-type":"","overlay-color":"","overlay-opacity":"","overlay-gradient":""},"tablet":{"background-color":"var(--ast-global-color-5)","background-image":"","background-repeat":"repeat","background-position":"center center","background-size":"auto","background-attachment":"scroll","background-type":"","background-media":"","overlay-type":"","overlay-color":"","overlay-opacity":"","overlay-gradient":""},"mobile":{"background-color":"var(--ast-global-color-5)","background-image":"","background-repeat":"repeat","background-position":"center center","background-size":"auto","background-attachment":"scroll","background-type":"","background-media":"","overlay-type":"","overlay-color":"","overlay-opacity":"","overlay-gradient":""}}},"product_brand":[5203],"product_cat":[1102,4524],"product_tag":[],"class_list":{"0":"post-29722","1":"product","2":"type-product","3":"status-publish","4":"has-post-thumbnail","6":"product_brand-valley-dynamo-pt-pt","7":"product_cat-air-hockey","8":"product_cat-produtos-comerciais","9":"product_shipping_class-air-hockey-grandes","10":"desktop-align-center","11":"tablet-align-left","12":"mobile-align-left","14":"first","15":"instock","16":"taxable","17":"shipping-taxable","18":"product-type-simple"},"yoast_head":"<!-- This site is optimized with the Yoast SEO plugin v27.4 - https:\/\/yoast.com\/product\/yoast-seo-wordpress\/ -->\n<title>Air hockey Dynamo Firestorm com moedeiro - The World Billiards<\/title>\n<meta name=\"description\" content=\"A ilumina\u00e7\u00e3o LED interativa e um design suspenso dramaticamente esculpido tornam o Fire Storm uma pe\u00e7a de destaque em qualquer local ou FEC. Um gerador de receita de classe mundial pronto para substituir ou complementar as tabelas existentes do Dynamo.  Componentes comuns e eletr\u00f4nicos compartilhados com outras mesas do Dynamo facilitam o servi\u00e7o e reduzem o estoque de pe\u00e7as. Programa\u00e7\u00e3o simples, PCB de f\u00e1cil acesso atrav\u00e9s da porta de servi\u00e7o de montagem lateral. Constru\u00e7\u00e3o de gabinete de n\u00edvel comercial de longa dura\u00e7\u00e3o comprovada. Uma mesa Dynamo \u00e9 um investimento em qualidade. Ilumina\u00e7\u00e3o LED para longa vida \u00fatil, montada de forma segura sob o conjunto de blindagem de policarbonato de tr\u00eas pe\u00e7as com o logotipo Dynamo. Modelo aprovado pela CE dispon\u00edvel Al\u00e7ap\u00e3o para armazenamento das pernas durante o transporte Sons de jogo ajust\u00e1veis, com alto-falante colocado atr\u00e1s de cada extremidade do gol para o m\u00e1ximo prazer do jogador Ilumina\u00e7\u00e3o LED interativa multicolorida. Sistema de soprador Dyna-blast testado pelo tempo para a\u00e7\u00e3o de jogo incompar\u00e1vel Pontua\u00e7\u00e3o \u00e0 prova de congestionamento por infravermelho com extremidades de gol aprimoradas para reduzir o congestionamento e o tempo de inatividade. O acabamento e os gr\u00e1ficos em laranja flamejante reativo com luz preta chamam a aten\u00e7\u00e3o dos jogadores! Design de trilho superior arredondado seguro - n\u00e3o s\u00e3o necess\u00e1rios protetores de canto Campo de jogo laminado resistente a impactos - para longa vida \u00fatil e substitui\u00e7\u00e3o simples.\" \/>\n<meta name=\"robots\" content=\"index, follow, max-snippet:-1, max-image-preview:large, max-video-preview:-1\" \/>\n<link rel=\"canonical\" href=\"https:\/\/theworldbilliards.com\/pt-pt\/produto\/air-hockey-dynamo-firestorm-com-moedeiro\/\" \/>\n<meta property=\"og:locale\" content=\"pt_PT\" \/>\n<meta property=\"og:type\" content=\"article\" \/>\n<meta property=\"og:title\" content=\"Air hockey Dynamo Firestorm com moedeiro - The World Billiards\" \/>\n<meta property=\"og:description\" content=\"A ilumina\u00e7\u00e3o LED interativa e um design suspenso dramaticamente esculpido tornam o Fire Storm uma pe\u00e7a de destaque em qualquer local ou FEC. Um gerador de receita de classe mundial pronto para substituir ou complementar as tabelas existentes do Dynamo.  Componentes comuns e eletr\u00f4nicos compartilhados com outras mesas do Dynamo facilitam o servi\u00e7o e reduzem o estoque de pe\u00e7as. Programa\u00e7\u00e3o simples, PCB de f\u00e1cil acesso atrav\u00e9s da porta de servi\u00e7o de montagem lateral. Constru\u00e7\u00e3o de gabinete de n\u00edvel comercial de longa dura\u00e7\u00e3o comprovada. Uma mesa Dynamo \u00e9 um investimento em qualidade. Ilumina\u00e7\u00e3o LED para longa vida \u00fatil, montada de forma segura sob o conjunto de blindagem de policarbonato de tr\u00eas pe\u00e7as com o logotipo Dynamo. Modelo aprovado pela CE dispon\u00edvel Al\u00e7ap\u00e3o para armazenamento das pernas durante o transporte Sons de jogo ajust\u00e1veis, com alto-falante colocado atr\u00e1s de cada extremidade do gol para o m\u00e1ximo prazer do jogador Ilumina\u00e7\u00e3o LED interativa multicolorida. Sistema de soprador Dyna-blast testado pelo tempo para a\u00e7\u00e3o de jogo incompar\u00e1vel Pontua\u00e7\u00e3o \u00e0 prova de congestionamento por infravermelho com extremidades de gol aprimoradas para reduzir o congestionamento e o tempo de inatividade. O acabamento e os gr\u00e1ficos em laranja flamejante reativo com luz preta chamam a aten\u00e7\u00e3o dos jogadores! Design de trilho superior arredondado seguro - n\u00e3o s\u00e3o necess\u00e1rios protetores de canto Campo de jogo laminado resistente a impactos - para longa vida \u00fatil e substitui\u00e7\u00e3o simples.\" \/>\n<meta property=\"og:url\" content=\"https:\/\/theworldbilliards.com\/pt-pt\/produto\/air-hockey-dynamo-firestorm-com-moedeiro\/\" \/>\n<meta property=\"og:site_name\" content=\"The World Billiards\" \/>\n<meta property=\"article:publisher\" content=\"https:\/\/www.facebook.com\/baby.foot.superbes\" \/>\n<meta property=\"article:modified_time\" content=\"2025-05-27T11:46:20+00:00\" \/>\n<meta property=\"og:image\" content=\"https:\/\/theworldbilliards.com\/wp-content\/uploads\/2017\/01\/Dynamo_Hockey_FireStorm_Logo.png\" \/>\n\t<meta property=\"og:image:width\" content=\"915\" \/>\n\t<meta property=\"og:image:height\" content=\"915\" \/>\n\t<meta property=\"og:image:type\" content=\"image\/png\" \/>\n<meta name=\"twitter:card\" content=\"summary_large_image\" \/>\n<script type=\"application\/ld+json\" class=\"yoast-schema-graph\">{\"@context\":\"https:\\\/\\\/schema.org\",\"@graph\":[{\"@type\":\"WebPage\",\"@id\":\"https:\\\/\\\/theworldbilliards.com\\\/pt-pt\\\/produto\\\/air-hockey-dynamo-firestorm-com-moedeiro\\\/\",\"url\":\"https:\\\/\\\/theworldbilliards.com\\\/pt-pt\\\/produto\\\/air-hockey-dynamo-firestorm-com-moedeiro\\\/\",\"name\":\"Air hockey Dynamo Firestorm com moedeiro - The World Billiards\",\"isPartOf\":{\"@id\":\"https:\\\/\\\/theworldbilliards.com\\\/pt-pt\\\/#website\"},\"primaryImageOfPage\":{\"@id\":\"https:\\\/\\\/theworldbilliards.com\\\/pt-pt\\\/produto\\\/air-hockey-dynamo-firestorm-com-moedeiro\\\/#primaryimage\"},\"image\":{\"@id\":\"https:\\\/\\\/theworldbilliards.com\\\/pt-pt\\\/produto\\\/air-hockey-dynamo-firestorm-com-moedeiro\\\/#primaryimage\"},\"thumbnailUrl\":\"https:\\\/\\\/theworldbilliards.com\\\/wp-content\\\/uploads\\\/2017\\\/01\\\/Dynamo_Hockey_FireStorm_Logo.png\",\"datePublished\":\"2017-01-06T10:49:39+00:00\",\"dateModified\":\"2025-05-27T11:46:20+00:00\",\"description\":\"A ilumina\u00e7\u00e3o LED interativa e um design suspenso dramaticamente esculpido tornam o Fire Storm uma pe\u00e7a de destaque em qualquer local ou FEC. Um gerador de receita de classe mundial pronto para substituir ou complementar as tabelas existentes do Dynamo. Componentes comuns e eletr\u00f4nicos compartilhados com outras mesas do Dynamo facilitam o servi\u00e7o e reduzem o estoque de pe\u00e7as. Programa\u00e7\u00e3o simples, PCB de f\u00e1cil acesso atrav\u00e9s da porta de servi\u00e7o de montagem lateral. Constru\u00e7\u00e3o de gabinete de n\u00edvel comercial de longa dura\u00e7\u00e3o comprovada. Uma mesa Dynamo \u00e9 um investimento em qualidade. Ilumina\u00e7\u00e3o LED para longa vida \u00fatil, montada de forma segura sob o conjunto de blindagem de policarbonato de tr\u00eas pe\u00e7as com o logotipo Dynamo. Modelo aprovado pela CE dispon\u00edvel Al\u00e7ap\u00e3o para armazenamento das pernas durante o transporte Sons de jogo ajust\u00e1veis, com alto-falante colocado atr\u00e1s de cada extremidade do gol para o m\u00e1ximo prazer do jogador Ilumina\u00e7\u00e3o LED interativa multicolorida. Sistema de soprador Dyna-blast testado pelo tempo para a\u00e7\u00e3o de jogo incompar\u00e1vel Pontua\u00e7\u00e3o \u00e0 prova de congestionamento por infravermelho com extremidades de gol aprimoradas para reduzir o congestionamento e o tempo de inatividade. O acabamento e os gr\u00e1ficos em laranja flamejante reativo com luz preta chamam a aten\u00e7\u00e3o dos jogadores! Design de trilho superior arredondado seguro - n\u00e3o s\u00e3o necess\u00e1rios protetores de canto Campo de jogo laminado resistente a impactos - para longa vida \u00fatil e substitui\u00e7\u00e3o simples.\",\"breadcrumb\":{\"@id\":\"https:\\\/\\\/theworldbilliards.com\\\/pt-pt\\\/produto\\\/air-hockey-dynamo-firestorm-com-moedeiro\\\/#breadcrumb\"},\"inLanguage\":\"pt-PT\",\"potentialAction\":[{\"@type\":\"ReadAction\",\"target\":[\"https:\\\/\\\/theworldbilliards.com\\\/pt-pt\\\/produto\\\/air-hockey-dynamo-firestorm-com-moedeiro\\\/\"]}]},{\"@type\":\"ImageObject\",\"inLanguage\":\"pt-PT\",\"@id\":\"https:\\\/\\\/theworldbilliards.com\\\/pt-pt\\\/produto\\\/air-hockey-dynamo-firestorm-com-moedeiro\\\/#primaryimage\",\"url\":\"https:\\\/\\\/theworldbilliards.com\\\/wp-content\\\/uploads\\\/2017\\\/01\\\/Dynamo_Hockey_FireStorm_Logo.png\",\"contentUrl\":\"https:\\\/\\\/theworldbilliards.com\\\/wp-content\\\/uploads\\\/2017\\\/01\\\/Dynamo_Hockey_FireStorm_Logo.png\",\"width\":915,\"height\":915},{\"@type\":\"BreadcrumbList\",\"@id\":\"https:\\\/\\\/theworldbilliards.com\\\/pt-pt\\\/produto\\\/air-hockey-dynamo-firestorm-com-moedeiro\\\/#breadcrumb\",\"itemListElement\":[{\"@type\":\"ListItem\",\"position\":1,\"name\":\"In\u00edcio\",\"item\":\"https:\\\/\\\/theworldbilliards.com\\\/pt-pt\\\/\"},{\"@type\":\"ListItem\",\"position\":2,\"name\":\"Loja online\",\"item\":\"https:\\\/\\\/theworldbilliards.com\\\/pt-pt\\\/loja-theworldbilliards\\\/\"},{\"@type\":\"ListItem\",\"position\":3,\"name\":\"Air hockey Dynamo Firestorm com moedeiro\"}]},{\"@type\":\"WebSite\",\"@id\":\"https:\\\/\\\/theworldbilliards.com\\\/pt-pt\\\/#website\",\"url\":\"https:\\\/\\\/theworldbilliards.com\\\/pt-pt\\\/\",\"name\":\"TheWorldBilliards\",\"description\":\"Compre aqui bilhar, matraquilho, t\u00eanis de mesa e bowling\",\"publisher\":{\"@id\":\"https:\\\/\\\/theworldbilliards.com\\\/pt-pt\\\/#organization\"},\"alternateName\":\"The world billiards\",\"potentialAction\":[{\"@type\":\"SearchAction\",\"target\":{\"@type\":\"EntryPoint\",\"urlTemplate\":\"https:\\\/\\\/theworldbilliards.com\\\/pt-pt\\\/?s={search_term_string}\"},\"query-input\":{\"@type\":\"PropertyValueSpecification\",\"valueRequired\":true,\"valueName\":\"search_term_string\"}}],\"inLanguage\":\"pt-PT\"},{\"@type\":\"Organization\",\"@id\":\"https:\\\/\\\/theworldbilliards.com\\\/pt-pt\\\/#organization\",\"name\":\"The World Billiards\",\"alternateName\":\"The World Billiards\",\"url\":\"https:\\\/\\\/theworldbilliards.com\\\/pt-pt\\\/\",\"logo\":{\"@type\":\"ImageObject\",\"inLanguage\":\"pt-PT\",\"@id\":\"https:\\\/\\\/theworldbilliards.com\\\/pt-pt\\\/#\\\/schema\\\/logo\\\/image\\\/\",\"url\":\"\",\"contentUrl\":\"\",\"caption\":\"The World Billiards\"},\"image\":{\"@id\":\"https:\\\/\\\/theworldbilliards.com\\\/pt-pt\\\/#\\\/schema\\\/logo\\\/image\\\/\"},\"sameAs\":[\"https:\\\/\\\/www.facebook.com\\\/baby.foot.superbes\",\"https:\\\/\\\/www.youtube.com\\\/channel\\\/UCIMuOVAaUcH6UpZcsZlH0Tg\",\"https:\\\/\\\/www.facebook.com\\\/people\\\/Brunswick-Billiards-EspaaPortugal\\\/100066446264309\\\/\",\"https:\\\/\\\/www.instagram.com\\\/the_world_billiards\\\/\",\"https:\\\/\\\/www.pinterest.es\\\/Theworldbilliards\\\/\"]}]}<\/script>\n<!-- \/ Yoast SEO plugin. -->","yoast_head_json":{"title":"Air hockey Dynamo Firestorm com moedeiro - The World Billiards","description":"A ilumina\u00e7\u00e3o LED interativa e um design suspenso dramaticamente esculpido tornam o Fire Storm uma pe\u00e7a de destaque em qualquer local ou FEC. Um gerador de receita de classe mundial pronto para substituir ou complementar as tabelas existentes do Dynamo.  Componentes comuns e eletr\u00f4nicos compartilhados com outras mesas do Dynamo facilitam o servi\u00e7o e reduzem o estoque de pe\u00e7as. Programa\u00e7\u00e3o simples, PCB de f\u00e1cil acesso atrav\u00e9s da porta de servi\u00e7o de montagem lateral. Constru\u00e7\u00e3o de gabinete de n\u00edvel comercial de longa dura\u00e7\u00e3o comprovada. Uma mesa Dynamo \u00e9 um investimento em qualidade. Ilumina\u00e7\u00e3o LED para longa vida \u00fatil, montada de forma segura sob o conjunto de blindagem de policarbonato de tr\u00eas pe\u00e7as com o logotipo Dynamo. Modelo aprovado pela CE dispon\u00edvel Al\u00e7ap\u00e3o para armazenamento das pernas durante o transporte Sons de jogo ajust\u00e1veis, com alto-falante colocado atr\u00e1s de cada extremidade do gol para o m\u00e1ximo prazer do jogador Ilumina\u00e7\u00e3o LED interativa multicolorida. Sistema de soprador Dyna-blast testado pelo tempo para a\u00e7\u00e3o de jogo incompar\u00e1vel Pontua\u00e7\u00e3o \u00e0 prova de congestionamento por infravermelho com extremidades de gol aprimoradas para reduzir o congestionamento e o tempo de inatividade. O acabamento e os gr\u00e1ficos em laranja flamejante reativo com luz preta chamam a aten\u00e7\u00e3o dos jogadores! Design de trilho superior arredondado seguro - n\u00e3o s\u00e3o necess\u00e1rios protetores de canto Campo de jogo laminado resistente a impactos - para longa vida \u00fatil e substitui\u00e7\u00e3o simples.","robots":{"index":"index","follow":"follow","max-snippet":"max-snippet:-1","max-image-preview":"max-image-preview:large","max-video-preview":"max-video-preview:-1"},"canonical":"https:\/\/theworldbilliards.com\/pt-pt\/produto\/air-hockey-dynamo-firestorm-com-moedeiro\/","og_locale":"pt_PT","og_type":"article","og_title":"Air hockey Dynamo Firestorm com moedeiro - The World Billiards","og_description":"A ilumina\u00e7\u00e3o LED interativa e um design suspenso dramaticamente esculpido tornam o Fire Storm uma pe\u00e7a de destaque em qualquer local ou FEC. Um gerador de receita de classe mundial pronto para substituir ou complementar as tabelas existentes do Dynamo.  Componentes comuns e eletr\u00f4nicos compartilhados com outras mesas do Dynamo facilitam o servi\u00e7o e reduzem o estoque de pe\u00e7as. Programa\u00e7\u00e3o simples, PCB de f\u00e1cil acesso atrav\u00e9s da porta de servi\u00e7o de montagem lateral. Constru\u00e7\u00e3o de gabinete de n\u00edvel comercial de longa dura\u00e7\u00e3o comprovada. Uma mesa Dynamo \u00e9 um investimento em qualidade. Ilumina\u00e7\u00e3o LED para longa vida \u00fatil, montada de forma segura sob o conjunto de blindagem de policarbonato de tr\u00eas pe\u00e7as com o logotipo Dynamo. Modelo aprovado pela CE dispon\u00edvel Al\u00e7ap\u00e3o para armazenamento das pernas durante o transporte Sons de jogo ajust\u00e1veis, com alto-falante colocado atr\u00e1s de cada extremidade do gol para o m\u00e1ximo prazer do jogador Ilumina\u00e7\u00e3o LED interativa multicolorida. Sistema de soprador Dyna-blast testado pelo tempo para a\u00e7\u00e3o de jogo incompar\u00e1vel Pontua\u00e7\u00e3o \u00e0 prova de congestionamento por infravermelho com extremidades de gol aprimoradas para reduzir o congestionamento e o tempo de inatividade. O acabamento e os gr\u00e1ficos em laranja flamejante reativo com luz preta chamam a aten\u00e7\u00e3o dos jogadores! Design de trilho superior arredondado seguro - n\u00e3o s\u00e3o necess\u00e1rios protetores de canto Campo de jogo laminado resistente a impactos - para longa vida \u00fatil e substitui\u00e7\u00e3o simples.","og_url":"https:\/\/theworldbilliards.com\/pt-pt\/produto\/air-hockey-dynamo-firestorm-com-moedeiro\/","og_site_name":"The World Billiards","article_publisher":"https:\/\/www.facebook.com\/baby.foot.superbes","article_modified_time":"2025-05-27T11:46:20+00:00","og_image":[{"width":915,"height":915,"url":"https:\/\/theworldbilliards.com\/wp-content\/uploads\/2017\/01\/Dynamo_Hockey_FireStorm_Logo.png","type":"image\/png"}],"twitter_card":"summary_large_image","schema":{"@context":"https:\/\/schema.org","@graph":[{"@type":"WebPage","@id":"https:\/\/theworldbilliards.com\/pt-pt\/produto\/air-hockey-dynamo-firestorm-com-moedeiro\/","url":"https:\/\/theworldbilliards.com\/pt-pt\/produto\/air-hockey-dynamo-firestorm-com-moedeiro\/","name":"Air hockey Dynamo Firestorm com moedeiro - The World Billiards","isPartOf":{"@id":"https:\/\/theworldbilliards.com\/pt-pt\/#website"},"primaryImageOfPage":{"@id":"https:\/\/theworldbilliards.com\/pt-pt\/produto\/air-hockey-dynamo-firestorm-com-moedeiro\/#primaryimage"},"image":{"@id":"https:\/\/theworldbilliards.com\/pt-pt\/produto\/air-hockey-dynamo-firestorm-com-moedeiro\/#primaryimage"},"thumbnailUrl":"https:\/\/theworldbilliards.com\/wp-content\/uploads\/2017\/01\/Dynamo_Hockey_FireStorm_Logo.png","datePublished":"2017-01-06T10:49:39+00:00","dateModified":"2025-05-27T11:46:20+00:00","description":"A ilumina\u00e7\u00e3o LED interativa e um design suspenso dramaticamente esculpido tornam o Fire Storm uma pe\u00e7a de destaque em qualquer local ou FEC. Um gerador de receita de classe mundial pronto para substituir ou complementar as tabelas existentes do Dynamo. Componentes comuns e eletr\u00f4nicos compartilhados com outras mesas do Dynamo facilitam o servi\u00e7o e reduzem o estoque de pe\u00e7as. Programa\u00e7\u00e3o simples, PCB de f\u00e1cil acesso atrav\u00e9s da porta de servi\u00e7o de montagem lateral. Constru\u00e7\u00e3o de gabinete de n\u00edvel comercial de longa dura\u00e7\u00e3o comprovada. Uma mesa Dynamo \u00e9 um investimento em qualidade. Ilumina\u00e7\u00e3o LED para longa vida \u00fatil, montada de forma segura sob o conjunto de blindagem de policarbonato de tr\u00eas pe\u00e7as com o logotipo Dynamo. Modelo aprovado pela CE dispon\u00edvel Al\u00e7ap\u00e3o para armazenamento das pernas durante o transporte Sons de jogo ajust\u00e1veis, com alto-falante colocado atr\u00e1s de cada extremidade do gol para o m\u00e1ximo prazer do jogador Ilumina\u00e7\u00e3o LED interativa multicolorida. Sistema de soprador Dyna-blast testado pelo tempo para a\u00e7\u00e3o de jogo incompar\u00e1vel Pontua\u00e7\u00e3o \u00e0 prova de congestionamento por infravermelho com extremidades de gol aprimoradas para reduzir o congestionamento e o tempo de inatividade. O acabamento e os gr\u00e1ficos em laranja flamejante reativo com luz preta chamam a aten\u00e7\u00e3o dos jogadores! Design de trilho superior arredondado seguro - n\u00e3o s\u00e3o necess\u00e1rios protetores de canto Campo de jogo laminado resistente a impactos - para longa vida \u00fatil e substitui\u00e7\u00e3o simples.","breadcrumb":{"@id":"https:\/\/theworldbilliards.com\/pt-pt\/produto\/air-hockey-dynamo-firestorm-com-moedeiro\/#breadcrumb"},"inLanguage":"pt-PT","potentialAction":[{"@type":"ReadAction","target":["https:\/\/theworldbilliards.com\/pt-pt\/produto\/air-hockey-dynamo-firestorm-com-moedeiro\/"]}]},{"@type":"ImageObject","inLanguage":"pt-PT","@id":"https:\/\/theworldbilliards.com\/pt-pt\/produto\/air-hockey-dynamo-firestorm-com-moedeiro\/#primaryimage","url":"https:\/\/theworldbilliards.com\/wp-content\/uploads\/2017\/01\/Dynamo_Hockey_FireStorm_Logo.png","contentUrl":"https:\/\/theworldbilliards.com\/wp-content\/uploads\/2017\/01\/Dynamo_Hockey_FireStorm_Logo.png","width":915,"height":915},{"@type":"BreadcrumbList","@id":"https:\/\/theworldbilliards.com\/pt-pt\/produto\/air-hockey-dynamo-firestorm-com-moedeiro\/#breadcrumb","itemListElement":[{"@type":"ListItem","position":1,"name":"In\u00edcio","item":"https:\/\/theworldbilliards.com\/pt-pt\/"},{"@type":"ListItem","position":2,"name":"Loja online","item":"https:\/\/theworldbilliards.com\/pt-pt\/loja-theworldbilliards\/"},{"@type":"ListItem","position":3,"name":"Air hockey Dynamo Firestorm com moedeiro"}]},{"@type":"WebSite","@id":"https:\/\/theworldbilliards.com\/pt-pt\/#website","url":"https:\/\/theworldbilliards.com\/pt-pt\/","name":"TheWorldBilliards","description":"Compre aqui bilhar, matraquilho, t\u00eanis de mesa e bowling","publisher":{"@id":"https:\/\/theworldbilliards.com\/pt-pt\/#organization"},"alternateName":"The world billiards","potentialAction":[{"@type":"SearchAction","target":{"@type":"EntryPoint","urlTemplate":"https:\/\/theworldbilliards.com\/pt-pt\/?s={search_term_string}"},"query-input":{"@type":"PropertyValueSpecification","valueRequired":true,"valueName":"search_term_string"}}],"inLanguage":"pt-PT"},{"@type":"Organization","@id":"https:\/\/theworldbilliards.com\/pt-pt\/#organization","name":"The World Billiards","alternateName":"The World Billiards","url":"https:\/\/theworldbilliards.com\/pt-pt\/","logo":{"@type":"ImageObject","inLanguage":"pt-PT","@id":"https:\/\/theworldbilliards.com\/pt-pt\/#\/schema\/logo\/image\/","url":"","contentUrl":"","caption":"The World Billiards"},"image":{"@id":"https:\/\/theworldbilliards.com\/pt-pt\/#\/schema\/logo\/image\/"},"sameAs":["https:\/\/www.facebook.com\/baby.foot.superbes","https:\/\/www.youtube.com\/channel\/UCIMuOVAaUcH6UpZcsZlH0Tg","https:\/\/www.facebook.com\/people\/Brunswick-Billiards-EspaaPortugal\/100066446264309\/","https:\/\/www.instagram.com\/the_world_billiards\/","https:\/\/www.pinterest.es\/Theworldbilliards\/"]}]}},"_links":{"self":[{"href":"https:\/\/theworldbilliards.com\/pt-pt\/wp-json\/wp\/v2\/product\/29722","targetHints":{"allow":["GET"]}}],"collection":[{"href":"https:\/\/theworldbilliards.com\/pt-pt\/wp-json\/wp\/v2\/product"}],"about":[{"href":"https:\/\/theworldbilliards.com\/pt-pt\/wp-json\/wp\/v2\/types\/product"}],"wp:featuredmedia":[{"embeddable":true,"href":"https:\/\/theworldbilliards.com\/pt-pt\/wp-json\/wp\/v2\/media\/90181"}],"wp:attachment":[{"href":"https:\/\/theworldbilliards.com\/pt-pt\/wp-json\/wp\/v2\/media?parent=29722"}],"wp:term":[{"taxonomy":"product_brand","embeddable":true,"href":"https:\/\/theworldbilliards.com\/pt-pt\/wp-json\/wp\/v2\/product_brand?post=29722"},{"taxonomy":"product_cat","embeddable":true,"href":"https:\/\/theworldbilliards.com\/pt-pt\/wp-json\/wp\/v2\/product_cat?post=29722"},{"taxonomy":"product_tag","embeddable":true,"href":"https:\/\/theworldbilliards.com\/pt-pt\/wp-json\/wp\/v2\/product_tag?post=29722"}],"curies":[{"name":"wp","href":"https:\/\/api.w.org\/{rel}","templated":true}]}}