{"id":29726,"date":"2017-01-06T11:56:33","date_gmt":"2017-01-06T10:56:33","guid":{"rendered":"http:\/\/theworldbilliards.com\/?post_type=product&#038;p=29726\/"},"modified":"2025-05-27T13:46:15","modified_gmt":"2025-05-27T11:46:15","slug":"air-hockey-dynamo-pro-style","status":"publish","type":"product","link":"https:\/\/theworldbilliards.com\/pt-pt\/produto\/air-hockey-dynamo-pro-style\/","title":{"rendered":"Air Hockey Dynamo Pro Style"},"content":{"rendered":"<p>A resist\u00eancia e durabilidade testadas ao longo do tempo de nossas respeitadas mesas Dynamo Coin, mas n\u00e3o h\u00e1 necessidade de opera\u00e7\u00e3o com moedas. Um Dynamo Pro Style \u00e9 um investimento em qualidade para os pr\u00f3ximos anos. APROVADO PARA JOGAR PELA ASSOCIA\u00c7\u00c3O DE H\u00d3QUEI DE MESA AIR DOS EUA. A unidade de pontua\u00e7\u00e3o de sobrecarga pode ser adicionada mediante solicita\u00e7\u00e3o.<\/p>\n<p>Caracter\u00edsticas<br \/>\nLinha central do Playfield para o Torneio<br \/>\nTrilhos de alum\u00ednio n\u00e3o revestidos para deflex\u00e3o r\u00e1pida<br \/>\nSistema de soprador Dyna-Blast\u2122 para desempenho poderoso e confi\u00e1vel<br \/>\nSuperf\u00edcie de jogo de f\u00f3rmica resistente a impactos<br \/>\nComponentes e eletr\u00f4nicos comuns compartilhados com outras mesas do Dynamo para facilitar o servi\u00e7o e reduzir o estoque de pe\u00e7as.<br \/>\nPontua\u00e7\u00e3o de LED de montagem lateral ou unidade de ilumina\u00e7\u00e3o suspensa opcional com Pontua\u00e7\u00e3o de LED<br \/>\nNiveladores de perna de um homem\/uma chave de ajuste f\u00e1cil<br \/>\nConjunto de pontua\u00e7\u00e3o \u00e0 prova de congestionamento \u00f3ptico infravermelho<br \/>\nExtremidades articuladas para servi\u00e7o pesado para limpeza f\u00e1cil<br \/>\nSancionado por jogar torneio<br \/>\nETL e CE aprovado<\/p>\n<p>Tamanhos dispon\u00edveis<br \/>\n8 p\u00e9s<br \/>\n7 p\u00e9s<\/p>\n","protected":false},"excerpt":{"rendered":"<p>A resist\u00eancia e durabilidade testadas ao longo do tempo de nossas respeitadas mesas Dynamo Coin, mas n\u00e3o h\u00e1 necessidade de [&hellip;]<\/p>\n","protected":false},"featured_media":90081,"template":"","meta":{"site-sidebar-layout":"default","site-content-layout":"","ast-site-content-layout":"default","site-content-style":"default","site-sidebar-style":"default","ast-global-header-display":"","ast-banner-title-visibility":"","ast-main-header-display":"","ast-hfb-above-header-display":"","ast-hfb-below-header-display":"","ast-hfb-mobile-header-display":"","site-post-title":"","ast-breadcrumbs-content":"","ast-featured-img":"","footer-sml-layout":"","ast-disable-related-posts":"","theme-transparent-header-meta":"default","adv-header-id-meta":"","stick-header-meta":"","header-above-stick-meta":"","header-main-stick-meta":"","header-below-stick-meta":"","astra-migrate-meta-layouts":"default","ast-page-background-enabled":"default","ast-page-background-meta":{"desktop":{"background-color":"var(--ast-global-color-4)","background-image":"","background-repeat":"repeat","background-position":"center center","background-size":"auto","background-attachment":"scroll","background-type":"","background-media":"","overlay-type":"","overlay-color":"","overlay-opacity":"","overlay-gradient":""},"tablet":{"background-color":"","background-image":"","background-repeat":"repeat","background-position":"center center","background-size":"auto","background-attachment":"scroll","background-type":"","background-media":"","overlay-type":"","overlay-color":"","overlay-opacity":"","overlay-gradient":""},"mobile":{"background-color":"","background-image":"","background-repeat":"repeat","background-position":"center center","background-size":"auto","background-attachment":"scroll","background-type":"","background-media":"","overlay-type":"","overlay-color":"","overlay-opacity":"","overlay-gradient":""}},"ast-content-background-meta":{"desktop":{"background-color":"var(--ast-global-color-5)","background-image":"","background-repeat":"repeat","background-position":"center center","background-size":"auto","background-attachment":"scroll","background-type":"","background-media":"","overlay-type":"","overlay-color":"","overlay-opacity":"","overlay-gradient":""},"tablet":{"background-color":"var(--ast-global-color-5)","background-image":"","background-repeat":"repeat","background-position":"center center","background-size":"auto","background-attachment":"scroll","background-type":"","background-media":"","overlay-type":"","overlay-color":"","overlay-opacity":"","overlay-gradient":""},"mobile":{"background-color":"var(--ast-global-color-5)","background-image":"","background-repeat":"repeat","background-position":"center center","background-size":"auto","background-attachment":"scroll","background-type":"","background-media":"","overlay-type":"","overlay-color":"","overlay-opacity":"","overlay-gradient":""}}},"product_brand":[5203],"product_cat":[1102],"product_tag":[],"class_list":{"0":"post-29726","1":"product","2":"type-product","3":"status-publish","4":"has-post-thumbnail","6":"product_brand-valley-dynamo-pt-pt","7":"product_cat-air-hockey","8":"product_shipping_class-air-hockey-grandes","9":"desktop-align-center","10":"tablet-align-left","11":"mobile-align-left","13":"first","14":"instock","15":"taxable","16":"shipping-taxable","17":"product-type-simple"},"yoast_head":"<!-- This site is optimized with the Yoast SEO plugin v27.4 - https:\/\/yoast.com\/product\/yoast-seo-wordpress\/ -->\n<title>Air Hockey Dynamo Pro Style - The World Billiards<\/title>\n<meta name=\"description\" content=\"A resist\u00eancia e durabilidade testadas ao longo do tempo de nossas respeitadas mesas Dynamo Coin, mas n\u00e3o h\u00e1 necessidade de opera\u00e7\u00e3o com moedas. Um Dynamo Pro Style \u00e9 um investimento em qualidade para os pr\u00f3ximos anos. APROVADO PARA JOGAR PELA ASSOCIA\u00c7\u00c3O DE H\u00d3QUEI DE MESA AIR DOS EUA. A unidade de pontua\u00e7\u00e3o de sobrecarga pode ser adicionada mediante solicita\u00e7\u00e3o.  Caracter\u00edsticas Linha central do Playfield para o Torneio Trilhos de alum\u00ednio n\u00e3o revestidos para deflex\u00e3o r\u00e1pida Sistema de soprador Dyna-Blast\u2122 para desempenho poderoso e confi\u00e1vel Superf\u00edcie de jogo de f\u00f3rmica resistente a impactos Componentes e eletr\u00f4nicos comuns compartilhados com outras mesas do Dynamo para facilitar o servi\u00e7o e reduzir o estoque de pe\u00e7as. Pontua\u00e7\u00e3o de LED de montagem lateral ou unidade de ilumina\u00e7\u00e3o suspensa opcional com Pontua\u00e7\u00e3o de LED Niveladores de perna de um homem\/uma chave de ajuste f\u00e1cil Conjunto de pontua\u00e7\u00e3o \u00e0 prova de congestionamento \u00f3ptico infravermelho Extremidades articuladas para servi\u00e7o pesado para limpeza f\u00e1cil Sancionado por jogar torneio ETL e CE aprovado  Tamanhos dispon\u00edveis 8 p\u00e9s 7 p\u00e9s\" \/>\n<meta name=\"robots\" content=\"index, follow, max-snippet:-1, max-image-preview:large, max-video-preview:-1\" \/>\n<link rel=\"canonical\" href=\"https:\/\/theworldbilliards.com\/pt-pt\/produto\/air-hockey-dynamo-pro-style\/\" \/>\n<meta property=\"og:locale\" content=\"pt_PT\" \/>\n<meta property=\"og:type\" content=\"article\" \/>\n<meta property=\"og:title\" content=\"Air Hockey Dynamo Pro Style - The World Billiards\" \/>\n<meta property=\"og:description\" content=\"A resist\u00eancia e durabilidade testadas ao longo do tempo de nossas respeitadas mesas Dynamo Coin, mas n\u00e3o h\u00e1 necessidade de opera\u00e7\u00e3o com moedas. Um Dynamo Pro Style \u00e9 um investimento em qualidade para os pr\u00f3ximos anos. APROVADO PARA JOGAR PELA ASSOCIA\u00c7\u00c3O DE H\u00d3QUEI DE MESA AIR DOS EUA. A unidade de pontua\u00e7\u00e3o de sobrecarga pode ser adicionada mediante solicita\u00e7\u00e3o.  Caracter\u00edsticas Linha central do Playfield para o Torneio Trilhos de alum\u00ednio n\u00e3o revestidos para deflex\u00e3o r\u00e1pida Sistema de soprador Dyna-Blast\u2122 para desempenho poderoso e confi\u00e1vel Superf\u00edcie de jogo de f\u00f3rmica resistente a impactos Componentes e eletr\u00f4nicos comuns compartilhados com outras mesas do Dynamo para facilitar o servi\u00e7o e reduzir o estoque de pe\u00e7as. Pontua\u00e7\u00e3o de LED de montagem lateral ou unidade de ilumina\u00e7\u00e3o suspensa opcional com Pontua\u00e7\u00e3o de LED Niveladores de perna de um homem\/uma chave de ajuste f\u00e1cil Conjunto de pontua\u00e7\u00e3o \u00e0 prova de congestionamento \u00f3ptico infravermelho Extremidades articuladas para servi\u00e7o pesado para limpeza f\u00e1cil Sancionado por jogar torneio ETL e CE aprovado  Tamanhos dispon\u00edveis 8 p\u00e9s 7 p\u00e9s\" \/>\n<meta property=\"og:url\" content=\"https:\/\/theworldbilliards.com\/pt-pt\/produto\/air-hockey-dynamo-pro-style\/\" \/>\n<meta property=\"og:site_name\" content=\"The World Billiards\" \/>\n<meta property=\"article:publisher\" content=\"https:\/\/www.facebook.com\/baby.foot.superbes\" \/>\n<meta property=\"article:modified_time\" content=\"2025-05-27T11:46:15+00:00\" \/>\n<meta property=\"og:image\" content=\"https:\/\/theworldbilliards.com\/wp-content\/uploads\/2017\/01\/ProStyle-1.png\" \/>\n\t<meta property=\"og:image:width\" content=\"685\" \/>\n\t<meta property=\"og:image:height\" content=\"685\" \/>\n\t<meta property=\"og:image:type\" content=\"image\/png\" \/>\n<meta name=\"twitter:card\" content=\"summary_large_image\" \/>\n<meta name=\"twitter:label1\" content=\"Tempo estimado de leitura\" \/>\n\t<meta name=\"twitter:data1\" content=\"1 minuto\" \/>\n<script type=\"application\/ld+json\" class=\"yoast-schema-graph\">{\"@context\":\"https:\\\/\\\/schema.org\",\"@graph\":[{\"@type\":\"WebPage\",\"@id\":\"https:\\\/\\\/theworldbilliards.com\\\/pt-pt\\\/produto\\\/air-hockey-dynamo-pro-style\\\/\",\"url\":\"https:\\\/\\\/theworldbilliards.com\\\/pt-pt\\\/produto\\\/air-hockey-dynamo-pro-style\\\/\",\"name\":\"Air Hockey Dynamo Pro Style - The World Billiards\",\"isPartOf\":{\"@id\":\"https:\\\/\\\/theworldbilliards.com\\\/pt-pt\\\/#website\"},\"primaryImageOfPage\":{\"@id\":\"https:\\\/\\\/theworldbilliards.com\\\/pt-pt\\\/produto\\\/air-hockey-dynamo-pro-style\\\/#primaryimage\"},\"image\":{\"@id\":\"https:\\\/\\\/theworldbilliards.com\\\/pt-pt\\\/produto\\\/air-hockey-dynamo-pro-style\\\/#primaryimage\"},\"thumbnailUrl\":\"https:\\\/\\\/theworldbilliards.com\\\/wp-content\\\/uploads\\\/2017\\\/01\\\/ProStyle-1.png\",\"datePublished\":\"2017-01-06T10:56:33+00:00\",\"dateModified\":\"2025-05-27T11:46:15+00:00\",\"description\":\"A resist\u00eancia e durabilidade testadas ao longo do tempo de nossas respeitadas mesas Dynamo Coin, mas n\u00e3o h\u00e1 necessidade de opera\u00e7\u00e3o com moedas. Um Dynamo Pro Style \u00e9 um investimento em qualidade para os pr\u00f3ximos anos. APROVADO PARA JOGAR PELA ASSOCIA\u00c7\u00c3O DE H\u00d3QUEI DE MESA AIR DOS EUA. A unidade de pontua\u00e7\u00e3o de sobrecarga pode ser adicionada mediante solicita\u00e7\u00e3o. Caracter\u00edsticas Linha central do Playfield para o Torneio Trilhos de alum\u00ednio n\u00e3o revestidos para deflex\u00e3o r\u00e1pida Sistema de soprador Dyna-Blast\u2122 para desempenho poderoso e confi\u00e1vel Superf\u00edcie de jogo de f\u00f3rmica resistente a impactos Componentes e eletr\u00f4nicos comuns compartilhados com outras mesas do Dynamo para facilitar o servi\u00e7o e reduzir o estoque de pe\u00e7as. Pontua\u00e7\u00e3o de LED de montagem lateral ou unidade de ilumina\u00e7\u00e3o suspensa opcional com Pontua\u00e7\u00e3o de LED Niveladores de perna de um homem\\\/uma chave de ajuste f\u00e1cil Conjunto de pontua\u00e7\u00e3o \u00e0 prova de congestionamento \u00f3ptico infravermelho Extremidades articuladas para servi\u00e7o pesado para limpeza f\u00e1cil Sancionado por jogar torneio ETL e CE aprovado Tamanhos dispon\u00edveis 8 p\u00e9s 7 p\u00e9s\",\"breadcrumb\":{\"@id\":\"https:\\\/\\\/theworldbilliards.com\\\/pt-pt\\\/produto\\\/air-hockey-dynamo-pro-style\\\/#breadcrumb\"},\"inLanguage\":\"pt-PT\",\"potentialAction\":[{\"@type\":\"ReadAction\",\"target\":[\"https:\\\/\\\/theworldbilliards.com\\\/pt-pt\\\/produto\\\/air-hockey-dynamo-pro-style\\\/\"]}]},{\"@type\":\"ImageObject\",\"inLanguage\":\"pt-PT\",\"@id\":\"https:\\\/\\\/theworldbilliards.com\\\/pt-pt\\\/produto\\\/air-hockey-dynamo-pro-style\\\/#primaryimage\",\"url\":\"https:\\\/\\\/theworldbilliards.com\\\/wp-content\\\/uploads\\\/2017\\\/01\\\/ProStyle-1.png\",\"contentUrl\":\"https:\\\/\\\/theworldbilliards.com\\\/wp-content\\\/uploads\\\/2017\\\/01\\\/ProStyle-1.png\",\"width\":685,\"height\":685},{\"@type\":\"BreadcrumbList\",\"@id\":\"https:\\\/\\\/theworldbilliards.com\\\/pt-pt\\\/produto\\\/air-hockey-dynamo-pro-style\\\/#breadcrumb\",\"itemListElement\":[{\"@type\":\"ListItem\",\"position\":1,\"name\":\"In\u00edcio\",\"item\":\"https:\\\/\\\/theworldbilliards.com\\\/pt-pt\\\/\"},{\"@type\":\"ListItem\",\"position\":2,\"name\":\"Loja online\",\"item\":\"https:\\\/\\\/theworldbilliards.com\\\/pt-pt\\\/loja-theworldbilliards\\\/\"},{\"@type\":\"ListItem\",\"position\":3,\"name\":\"Air Hockey Dynamo Pro Style\"}]},{\"@type\":\"WebSite\",\"@id\":\"https:\\\/\\\/theworldbilliards.com\\\/pt-pt\\\/#website\",\"url\":\"https:\\\/\\\/theworldbilliards.com\\\/pt-pt\\\/\",\"name\":\"TheWorldBilliards\",\"description\":\"Compre aqui bilhar, matraquilho, t\u00eanis de mesa e bowling\",\"publisher\":{\"@id\":\"https:\\\/\\\/theworldbilliards.com\\\/pt-pt\\\/#organization\"},\"alternateName\":\"The world billiards\",\"potentialAction\":[{\"@type\":\"SearchAction\",\"target\":{\"@type\":\"EntryPoint\",\"urlTemplate\":\"https:\\\/\\\/theworldbilliards.com\\\/pt-pt\\\/?s={search_term_string}\"},\"query-input\":{\"@type\":\"PropertyValueSpecification\",\"valueRequired\":true,\"valueName\":\"search_term_string\"}}],\"inLanguage\":\"pt-PT\"},{\"@type\":\"Organization\",\"@id\":\"https:\\\/\\\/theworldbilliards.com\\\/pt-pt\\\/#organization\",\"name\":\"The World Billiards\",\"alternateName\":\"The World Billiards\",\"url\":\"https:\\\/\\\/theworldbilliards.com\\\/pt-pt\\\/\",\"logo\":{\"@type\":\"ImageObject\",\"inLanguage\":\"pt-PT\",\"@id\":\"https:\\\/\\\/theworldbilliards.com\\\/pt-pt\\\/#\\\/schema\\\/logo\\\/image\\\/\",\"url\":\"\",\"contentUrl\":\"\",\"caption\":\"The World Billiards\"},\"image\":{\"@id\":\"https:\\\/\\\/theworldbilliards.com\\\/pt-pt\\\/#\\\/schema\\\/logo\\\/image\\\/\"},\"sameAs\":[\"https:\\\/\\\/www.facebook.com\\\/baby.foot.superbes\",\"https:\\\/\\\/www.youtube.com\\\/channel\\\/UCIMuOVAaUcH6UpZcsZlH0Tg\",\"https:\\\/\\\/www.facebook.com\\\/people\\\/Brunswick-Billiards-EspaaPortugal\\\/100066446264309\\\/\",\"https:\\\/\\\/www.instagram.com\\\/the_world_billiards\\\/\",\"https:\\\/\\\/www.pinterest.es\\\/Theworldbilliards\\\/\"]}]}<\/script>\n<!-- \/ Yoast SEO plugin. -->","yoast_head_json":{"title":"Air Hockey Dynamo Pro Style - The World Billiards","description":"A resist\u00eancia e durabilidade testadas ao longo do tempo de nossas respeitadas mesas Dynamo Coin, mas n\u00e3o h\u00e1 necessidade de opera\u00e7\u00e3o com moedas. Um Dynamo Pro Style \u00e9 um investimento em qualidade para os pr\u00f3ximos anos. APROVADO PARA JOGAR PELA ASSOCIA\u00c7\u00c3O DE H\u00d3QUEI DE MESA AIR DOS EUA. A unidade de pontua\u00e7\u00e3o de sobrecarga pode ser adicionada mediante solicita\u00e7\u00e3o.  Caracter\u00edsticas Linha central do Playfield para o Torneio Trilhos de alum\u00ednio n\u00e3o revestidos para deflex\u00e3o r\u00e1pida Sistema de soprador Dyna-Blast\u2122 para desempenho poderoso e confi\u00e1vel Superf\u00edcie de jogo de f\u00f3rmica resistente a impactos Componentes e eletr\u00f4nicos comuns compartilhados com outras mesas do Dynamo para facilitar o servi\u00e7o e reduzir o estoque de pe\u00e7as. Pontua\u00e7\u00e3o de LED de montagem lateral ou unidade de ilumina\u00e7\u00e3o suspensa opcional com Pontua\u00e7\u00e3o de LED Niveladores de perna de um homem\/uma chave de ajuste f\u00e1cil Conjunto de pontua\u00e7\u00e3o \u00e0 prova de congestionamento \u00f3ptico infravermelho Extremidades articuladas para servi\u00e7o pesado para limpeza f\u00e1cil Sancionado por jogar torneio ETL e CE aprovado  Tamanhos dispon\u00edveis 8 p\u00e9s 7 p\u00e9s","robots":{"index":"index","follow":"follow","max-snippet":"max-snippet:-1","max-image-preview":"max-image-preview:large","max-video-preview":"max-video-preview:-1"},"canonical":"https:\/\/theworldbilliards.com\/pt-pt\/produto\/air-hockey-dynamo-pro-style\/","og_locale":"pt_PT","og_type":"article","og_title":"Air Hockey Dynamo Pro Style - The World Billiards","og_description":"A resist\u00eancia e durabilidade testadas ao longo do tempo de nossas respeitadas mesas Dynamo Coin, mas n\u00e3o h\u00e1 necessidade de opera\u00e7\u00e3o com moedas. Um Dynamo Pro Style \u00e9 um investimento em qualidade para os pr\u00f3ximos anos. APROVADO PARA JOGAR PELA ASSOCIA\u00c7\u00c3O DE H\u00d3QUEI DE MESA AIR DOS EUA. A unidade de pontua\u00e7\u00e3o de sobrecarga pode ser adicionada mediante solicita\u00e7\u00e3o.  Caracter\u00edsticas Linha central do Playfield para o Torneio Trilhos de alum\u00ednio n\u00e3o revestidos para deflex\u00e3o r\u00e1pida Sistema de soprador Dyna-Blast\u2122 para desempenho poderoso e confi\u00e1vel Superf\u00edcie de jogo de f\u00f3rmica resistente a impactos Componentes e eletr\u00f4nicos comuns compartilhados com outras mesas do Dynamo para facilitar o servi\u00e7o e reduzir o estoque de pe\u00e7as. Pontua\u00e7\u00e3o de LED de montagem lateral ou unidade de ilumina\u00e7\u00e3o suspensa opcional com Pontua\u00e7\u00e3o de LED Niveladores de perna de um homem\/uma chave de ajuste f\u00e1cil Conjunto de pontua\u00e7\u00e3o \u00e0 prova de congestionamento \u00f3ptico infravermelho Extremidades articuladas para servi\u00e7o pesado para limpeza f\u00e1cil Sancionado por jogar torneio ETL e CE aprovado  Tamanhos dispon\u00edveis 8 p\u00e9s 7 p\u00e9s","og_url":"https:\/\/theworldbilliards.com\/pt-pt\/produto\/air-hockey-dynamo-pro-style\/","og_site_name":"The World Billiards","article_publisher":"https:\/\/www.facebook.com\/baby.foot.superbes","article_modified_time":"2025-05-27T11:46:15+00:00","og_image":[{"width":685,"height":685,"url":"https:\/\/theworldbilliards.com\/wp-content\/uploads\/2017\/01\/ProStyle-1.png","type":"image\/png"}],"twitter_card":"summary_large_image","twitter_misc":{"Tempo estimado de leitura":"1 minuto"},"schema":{"@context":"https:\/\/schema.org","@graph":[{"@type":"WebPage","@id":"https:\/\/theworldbilliards.com\/pt-pt\/produto\/air-hockey-dynamo-pro-style\/","url":"https:\/\/theworldbilliards.com\/pt-pt\/produto\/air-hockey-dynamo-pro-style\/","name":"Air Hockey Dynamo Pro Style - The World Billiards","isPartOf":{"@id":"https:\/\/theworldbilliards.com\/pt-pt\/#website"},"primaryImageOfPage":{"@id":"https:\/\/theworldbilliards.com\/pt-pt\/produto\/air-hockey-dynamo-pro-style\/#primaryimage"},"image":{"@id":"https:\/\/theworldbilliards.com\/pt-pt\/produto\/air-hockey-dynamo-pro-style\/#primaryimage"},"thumbnailUrl":"https:\/\/theworldbilliards.com\/wp-content\/uploads\/2017\/01\/ProStyle-1.png","datePublished":"2017-01-06T10:56:33+00:00","dateModified":"2025-05-27T11:46:15+00:00","description":"A resist\u00eancia e durabilidade testadas ao longo do tempo de nossas respeitadas mesas Dynamo Coin, mas n\u00e3o h\u00e1 necessidade de opera\u00e7\u00e3o com moedas. Um Dynamo Pro Style \u00e9 um investimento em qualidade para os pr\u00f3ximos anos. APROVADO PARA JOGAR PELA ASSOCIA\u00c7\u00c3O DE H\u00d3QUEI DE MESA AIR DOS EUA. A unidade de pontua\u00e7\u00e3o de sobrecarga pode ser adicionada mediante solicita\u00e7\u00e3o. Caracter\u00edsticas Linha central do Playfield para o Torneio Trilhos de alum\u00ednio n\u00e3o revestidos para deflex\u00e3o r\u00e1pida Sistema de soprador Dyna-Blast\u2122 para desempenho poderoso e confi\u00e1vel Superf\u00edcie de jogo de f\u00f3rmica resistente a impactos Componentes e eletr\u00f4nicos comuns compartilhados com outras mesas do Dynamo para facilitar o servi\u00e7o e reduzir o estoque de pe\u00e7as. Pontua\u00e7\u00e3o de LED de montagem lateral ou unidade de ilumina\u00e7\u00e3o suspensa opcional com Pontua\u00e7\u00e3o de LED Niveladores de perna de um homem\/uma chave de ajuste f\u00e1cil Conjunto de pontua\u00e7\u00e3o \u00e0 prova de congestionamento \u00f3ptico infravermelho Extremidades articuladas para servi\u00e7o pesado para limpeza f\u00e1cil Sancionado por jogar torneio ETL e CE aprovado Tamanhos dispon\u00edveis 8 p\u00e9s 7 p\u00e9s","breadcrumb":{"@id":"https:\/\/theworldbilliards.com\/pt-pt\/produto\/air-hockey-dynamo-pro-style\/#breadcrumb"},"inLanguage":"pt-PT","potentialAction":[{"@type":"ReadAction","target":["https:\/\/theworldbilliards.com\/pt-pt\/produto\/air-hockey-dynamo-pro-style\/"]}]},{"@type":"ImageObject","inLanguage":"pt-PT","@id":"https:\/\/theworldbilliards.com\/pt-pt\/produto\/air-hockey-dynamo-pro-style\/#primaryimage","url":"https:\/\/theworldbilliards.com\/wp-content\/uploads\/2017\/01\/ProStyle-1.png","contentUrl":"https:\/\/theworldbilliards.com\/wp-content\/uploads\/2017\/01\/ProStyle-1.png","width":685,"height":685},{"@type":"BreadcrumbList","@id":"https:\/\/theworldbilliards.com\/pt-pt\/produto\/air-hockey-dynamo-pro-style\/#breadcrumb","itemListElement":[{"@type":"ListItem","position":1,"name":"In\u00edcio","item":"https:\/\/theworldbilliards.com\/pt-pt\/"},{"@type":"ListItem","position":2,"name":"Loja online","item":"https:\/\/theworldbilliards.com\/pt-pt\/loja-theworldbilliards\/"},{"@type":"ListItem","position":3,"name":"Air Hockey Dynamo Pro Style"}]},{"@type":"WebSite","@id":"https:\/\/theworldbilliards.com\/pt-pt\/#website","url":"https:\/\/theworldbilliards.com\/pt-pt\/","name":"TheWorldBilliards","description":"Compre aqui bilhar, matraquilho, t\u00eanis de mesa e bowling","publisher":{"@id":"https:\/\/theworldbilliards.com\/pt-pt\/#organization"},"alternateName":"The world billiards","potentialAction":[{"@type":"SearchAction","target":{"@type":"EntryPoint","urlTemplate":"https:\/\/theworldbilliards.com\/pt-pt\/?s={search_term_string}"},"query-input":{"@type":"PropertyValueSpecification","valueRequired":true,"valueName":"search_term_string"}}],"inLanguage":"pt-PT"},{"@type":"Organization","@id":"https:\/\/theworldbilliards.com\/pt-pt\/#organization","name":"The World Billiards","alternateName":"The World Billiards","url":"https:\/\/theworldbilliards.com\/pt-pt\/","logo":{"@type":"ImageObject","inLanguage":"pt-PT","@id":"https:\/\/theworldbilliards.com\/pt-pt\/#\/schema\/logo\/image\/","url":"","contentUrl":"","caption":"The World Billiards"},"image":{"@id":"https:\/\/theworldbilliards.com\/pt-pt\/#\/schema\/logo\/image\/"},"sameAs":["https:\/\/www.facebook.com\/baby.foot.superbes","https:\/\/www.youtube.com\/channel\/UCIMuOVAaUcH6UpZcsZlH0Tg","https:\/\/www.facebook.com\/people\/Brunswick-Billiards-EspaaPortugal\/100066446264309\/","https:\/\/www.instagram.com\/the_world_billiards\/","https:\/\/www.pinterest.es\/Theworldbilliards\/"]}]}},"_links":{"self":[{"href":"https:\/\/theworldbilliards.com\/pt-pt\/wp-json\/wp\/v2\/product\/29726","targetHints":{"allow":["GET"]}}],"collection":[{"href":"https:\/\/theworldbilliards.com\/pt-pt\/wp-json\/wp\/v2\/product"}],"about":[{"href":"https:\/\/theworldbilliards.com\/pt-pt\/wp-json\/wp\/v2\/types\/product"}],"wp:featuredmedia":[{"embeddable":true,"href":"https:\/\/theworldbilliards.com\/pt-pt\/wp-json\/wp\/v2\/media\/90081"}],"wp:attachment":[{"href":"https:\/\/theworldbilliards.com\/pt-pt\/wp-json\/wp\/v2\/media?parent=29726"}],"wp:term":[{"taxonomy":"product_brand","embeddable":true,"href":"https:\/\/theworldbilliards.com\/pt-pt\/wp-json\/wp\/v2\/product_brand?post=29726"},{"taxonomy":"product_cat","embeddable":true,"href":"https:\/\/theworldbilliards.com\/pt-pt\/wp-json\/wp\/v2\/product_cat?post=29726"},{"taxonomy":"product_tag","embeddable":true,"href":"https:\/\/theworldbilliards.com\/pt-pt\/wp-json\/wp\/v2\/product_tag?post=29726"}],"curies":[{"name":"wp","href":"https:\/\/api.w.org\/{rel}","templated":true}]}}