{"id":33751,"date":"2017-05-26T10:08:06","date_gmt":"2017-05-26T08:08:06","guid":{"rendered":"http:\/\/www.theworldbilliards.com\/?post_type=product&#038;p=33751\/"},"modified":"2023-06-22T11:04:16","modified_gmt":"2023-06-22T09:04:16","slug":"borracha-taichi-soft","status":"publish","type":"product","link":"https:\/\/theworldbilliards.com\/pt-pt\/produto\/borracha-taichi-soft\/","title":{"rendered":"Borracha Taichi Soft"},"content":{"rendered":"<p>A forma \u00fanica dos seus picos interiores em espinha, permite \u00e1 Tai Chi caracter\u00edsticas de rota\u00e7\u00e3o surpreendentes e ataques perfeitos.<br \/>\nA aplica\u00e7\u00e3o especial da G.A.T., (tecnologia para a superf\u00edcie de borracha), faz com que a borracha agarre a bola com firmeza. Este tipo de borracha \u00e9 feito a partir de borracha sint\u00e9tica e natural, na propor\u00e7\u00e3o adequada, sendo desenvolvida a Tecnologia \u201cTranpoline Tension Technology&#8221;, que melhora as suas caracter\u00edsticas.<br \/>\nO recurso \u00e1 borracha profissional desenvolvida pela Giant Dragon permite ao jogador obter um desempenho poderoso com a utiliza\u00e7\u00e3o de cola \u201cVOC \u2013 free\u201d que \u00e9 o mesmo como a utiliza\u00e7\u00e3o de cola r\u00e1pida.<\/p>\n<p>Spin: 11.25<br \/>\nSpeed: 13<br \/>\nEspessura: 1.8 \/ 2.0 \/ 2.2mm<\/p>\n","protected":false},"excerpt":{"rendered":"<p>A forma \u00fanica dos seus picos interiores em espinha, permite \u00e1 Tai Chi caracter\u00edsticas de rota\u00e7\u00e3o surpreendentes e ataques perfeitos. [&hellip;]<\/p>\n","protected":false},"featured_media":46427,"template":"","meta":{"site-sidebar-layout":"default","site-content-layout":"","ast-site-content-layout":"default","site-content-style":"default","site-sidebar-style":"default","ast-global-header-display":"","ast-banner-title-visibility":"","ast-main-header-display":"","ast-hfb-above-header-display":"","ast-hfb-below-header-display":"","ast-hfb-mobile-header-display":"","site-post-title":"","ast-breadcrumbs-content":"","ast-featured-img":"","footer-sml-layout":"","ast-disable-related-posts":"","theme-transparent-header-meta":"default","adv-header-id-meta":"","stick-header-meta":"","header-above-stick-meta":"","header-main-stick-meta":"","header-below-stick-meta":"","astra-migrate-meta-layouts":"default","ast-page-background-enabled":"default","ast-page-background-meta":{"desktop":{"background-color":"var(--ast-global-color-4)","background-image":"","background-repeat":"repeat","background-position":"center center","background-size":"auto","background-attachment":"scroll","background-type":"","background-media":"","overlay-type":"","overlay-color":"","overlay-opacity":"","overlay-gradient":""},"tablet":{"background-color":"","background-image":"","background-repeat":"repeat","background-position":"center center","background-size":"auto","background-attachment":"scroll","background-type":"","background-media":"","overlay-type":"","overlay-color":"","overlay-opacity":"","overlay-gradient":""},"mobile":{"background-color":"","background-image":"","background-repeat":"repeat","background-position":"center center","background-size":"auto","background-attachment":"scroll","background-type":"","background-media":"","overlay-type":"","overlay-color":"","overlay-opacity":"","overlay-gradient":""}},"ast-content-background-meta":{"desktop":{"background-color":"var(--ast-global-color-5)","background-image":"","background-repeat":"repeat","background-position":"center center","background-size":"auto","background-attachment":"scroll","background-type":"","background-media":"","overlay-type":"","overlay-color":"","overlay-opacity":"","overlay-gradient":""},"tablet":{"background-color":"var(--ast-global-color-5)","background-image":"","background-repeat":"repeat","background-position":"center center","background-size":"auto","background-attachment":"scroll","background-type":"","background-media":"","overlay-type":"","overlay-color":"","overlay-opacity":"","overlay-gradient":""},"mobile":{"background-color":"var(--ast-global-color-5)","background-image":"","background-repeat":"repeat","background-position":"center center","background-size":"auto","background-attachment":"scroll","background-type":"","background-media":"","overlay-type":"","overlay-color":"","overlay-opacity":"","overlay-gradient":""}}},"product_brand":[],"product_cat":[1765],"product_tag":[],"class_list":{"0":"post-33751","1":"product","2":"type-product","3":"status-publish","4":"has-post-thumbnail","6":"product_cat-acessorios-tenis-de-mesa","7":"product_shipping_class-acessorios","8":"desktop-align-center","9":"tablet-align-left","10":"mobile-align-left","12":"first","13":"instock","14":"taxable","15":"shipping-taxable","16":"purchasable","17":"product-type-variable"},"yoast_head":"<!-- This site is optimized with the Yoast SEO plugin v27.4 - https:\/\/yoast.com\/product\/yoast-seo-wordpress\/ -->\n<title>Borracha Taichi Soft - The World Billiards<\/title>\n<meta name=\"description\" content=\"A forma \u00fanica dos seus picos interiores em espinha, permite \u00e1 Tai Chi caracter\u00edsticas de rota\u00e7\u00e3o surpreendentes e ataques perfeitos. A aplica\u00e7\u00e3o especial da G.A.T., (tecnologia para a superf\u00edcie de borracha), faz com que a borracha agarre a bola com firmeza. Este tipo de borracha \u00e9 feito a partir de borracha sint\u00e9tica e natural, na propor\u00e7\u00e3o adequada, sendo desenvolvida a Tecnologia \u201cTranpoline Tension Technology&quot;, que melhora as suas caracter\u00edsticas. O recurso \u00e1 borracha profissional desenvolvida pela Giant Dragon permite ao jogador obter um desempenho poderoso com a utiliza\u00e7\u00e3o de cola \u201cVOC \u2013 free\u201d que \u00e9 o mesmo como a utiliza\u00e7\u00e3o de cola r\u00e1pida.  Spin: 11.25 Speed: 13 Espessura: 1.8 \/ 2.0 \/ 2.2mm\" \/>\n<meta name=\"robots\" content=\"index, follow, max-snippet:-1, max-image-preview:large, max-video-preview:-1\" \/>\n<link rel=\"canonical\" href=\"https:\/\/theworldbilliards.com\/pt-pt\/produto\/borracha-taichi-soft\/\" \/>\n<meta property=\"og:locale\" content=\"pt_PT\" \/>\n<meta property=\"og:type\" content=\"article\" \/>\n<meta property=\"og:title\" content=\"Borracha Taichi Soft - The World Billiards\" \/>\n<meta property=\"og:description\" content=\"A forma \u00fanica dos seus picos interiores em espinha, permite \u00e1 Tai Chi caracter\u00edsticas de rota\u00e7\u00e3o surpreendentes e ataques perfeitos. A aplica\u00e7\u00e3o especial da G.A.T., (tecnologia para a superf\u00edcie de borracha), faz com que a borracha agarre a bola com firmeza. Este tipo de borracha \u00e9 feito a partir de borracha sint\u00e9tica e natural, na propor\u00e7\u00e3o adequada, sendo desenvolvida a Tecnologia \u201cTranpoline Tension Technology&quot;, que melhora as suas caracter\u00edsticas. O recurso \u00e1 borracha profissional desenvolvida pela Giant Dragon permite ao jogador obter um desempenho poderoso com a utiliza\u00e7\u00e3o de cola \u201cVOC \u2013 free\u201d que \u00e9 o mesmo como a utiliza\u00e7\u00e3o de cola r\u00e1pida.  Spin: 11.25 Speed: 13 Espessura: 1.8 \/ 2.0 \/ 2.2mm\" \/>\n<meta property=\"og:url\" content=\"https:\/\/theworldbilliards.com\/pt-pt\/produto\/borracha-taichi-soft\/\" \/>\n<meta property=\"og:site_name\" content=\"The World Billiards\" \/>\n<meta property=\"article:publisher\" content=\"https:\/\/www.facebook.com\/baby.foot.superbes\" \/>\n<meta property=\"article:modified_time\" content=\"2023-06-22T09:04:16+00:00\" \/>\n<meta property=\"og:image\" content=\"https:\/\/theworldbilliards.com\/wp-content\/uploads\/2018\/04\/taichi-soft-20-mm.jpg\" \/>\n\t<meta property=\"og:image:width\" content=\"300\" \/>\n\t<meta property=\"og:image:height\" content=\"300\" \/>\n\t<meta property=\"og:image:type\" content=\"image\/jpeg\" \/>\n<meta name=\"twitter:card\" content=\"summary_large_image\" \/>\n<script type=\"application\/ld+json\" class=\"yoast-schema-graph\">{\"@context\":\"https:\\\/\\\/schema.org\",\"@graph\":[{\"@type\":\"WebPage\",\"@id\":\"https:\\\/\\\/theworldbilliards.com\\\/pt-pt\\\/produto\\\/borracha-taichi-soft\\\/\",\"url\":\"https:\\\/\\\/theworldbilliards.com\\\/pt-pt\\\/produto\\\/borracha-taichi-soft\\\/\",\"name\":\"Borracha Taichi Soft - The World Billiards\",\"isPartOf\":{\"@id\":\"https:\\\/\\\/theworldbilliards.com\\\/pt-pt\\\/#website\"},\"primaryImageOfPage\":{\"@id\":\"https:\\\/\\\/theworldbilliards.com\\\/pt-pt\\\/produto\\\/borracha-taichi-soft\\\/#primaryimage\"},\"image\":{\"@id\":\"https:\\\/\\\/theworldbilliards.com\\\/pt-pt\\\/produto\\\/borracha-taichi-soft\\\/#primaryimage\"},\"thumbnailUrl\":\"https:\\\/\\\/theworldbilliards.com\\\/wp-content\\\/uploads\\\/2018\\\/04\\\/taichi-soft-20-mm.jpg\",\"datePublished\":\"2017-05-26T08:08:06+00:00\",\"dateModified\":\"2023-06-22T09:04:16+00:00\",\"description\":\"A forma \u00fanica dos seus picos interiores em espinha, permite \u00e1 Tai Chi caracter\u00edsticas de rota\u00e7\u00e3o surpreendentes e ataques perfeitos. A aplica\u00e7\u00e3o especial da G.A.T., (tecnologia para a superf\u00edcie de borracha), faz com que a borracha agarre a bola com firmeza. Este tipo de borracha \u00e9 feito a partir de borracha sint\u00e9tica e natural, na propor\u00e7\u00e3o adequada, sendo desenvolvida a Tecnologia \u201cTranpoline Tension Technology\\\", que melhora as suas caracter\u00edsticas. O recurso \u00e1 borracha profissional desenvolvida pela Giant Dragon permite ao jogador obter um desempenho poderoso com a utiliza\u00e7\u00e3o de cola \u201cVOC \u2013 free\u201d que \u00e9 o mesmo como a utiliza\u00e7\u00e3o de cola r\u00e1pida. Spin: 11.25 Speed: 13 Espessura: 1.8 \\\/ 2.0 \\\/ 2.2mm\",\"breadcrumb\":{\"@id\":\"https:\\\/\\\/theworldbilliards.com\\\/pt-pt\\\/produto\\\/borracha-taichi-soft\\\/#breadcrumb\"},\"inLanguage\":\"pt-PT\",\"potentialAction\":[{\"@type\":\"ReadAction\",\"target\":[\"https:\\\/\\\/theworldbilliards.com\\\/pt-pt\\\/produto\\\/borracha-taichi-soft\\\/\"]}]},{\"@type\":\"ImageObject\",\"inLanguage\":\"pt-PT\",\"@id\":\"https:\\\/\\\/theworldbilliards.com\\\/pt-pt\\\/produto\\\/borracha-taichi-soft\\\/#primaryimage\",\"url\":\"https:\\\/\\\/theworldbilliards.com\\\/wp-content\\\/uploads\\\/2018\\\/04\\\/taichi-soft-20-mm.jpg\",\"contentUrl\":\"https:\\\/\\\/theworldbilliards.com\\\/wp-content\\\/uploads\\\/2018\\\/04\\\/taichi-soft-20-mm.jpg\",\"width\":300,\"height\":300},{\"@type\":\"BreadcrumbList\",\"@id\":\"https:\\\/\\\/theworldbilliards.com\\\/pt-pt\\\/produto\\\/borracha-taichi-soft\\\/#breadcrumb\",\"itemListElement\":[{\"@type\":\"ListItem\",\"position\":1,\"name\":\"In\u00edcio\",\"item\":\"https:\\\/\\\/theworldbilliards.com\\\/pt-pt\\\/\"},{\"@type\":\"ListItem\",\"position\":2,\"name\":\"Loja online\",\"item\":\"https:\\\/\\\/theworldbilliards.com\\\/pt-pt\\\/loja-theworldbilliards\\\/\"},{\"@type\":\"ListItem\",\"position\":3,\"name\":\"Borracha Taichi Soft\"}]},{\"@type\":\"WebSite\",\"@id\":\"https:\\\/\\\/theworldbilliards.com\\\/pt-pt\\\/#website\",\"url\":\"https:\\\/\\\/theworldbilliards.com\\\/pt-pt\\\/\",\"name\":\"TheWorldBilliards\",\"description\":\"Compre aqui bilhar, matraquilho, t\u00eanis de mesa e bowling\",\"publisher\":{\"@id\":\"https:\\\/\\\/theworldbilliards.com\\\/pt-pt\\\/#organization\"},\"alternateName\":\"The world billiards\",\"potentialAction\":[{\"@type\":\"SearchAction\",\"target\":{\"@type\":\"EntryPoint\",\"urlTemplate\":\"https:\\\/\\\/theworldbilliards.com\\\/pt-pt\\\/?s={search_term_string}\"},\"query-input\":{\"@type\":\"PropertyValueSpecification\",\"valueRequired\":true,\"valueName\":\"search_term_string\"}}],\"inLanguage\":\"pt-PT\"},{\"@type\":\"Organization\",\"@id\":\"https:\\\/\\\/theworldbilliards.com\\\/pt-pt\\\/#organization\",\"name\":\"The World Billiards\",\"alternateName\":\"The World Billiards\",\"url\":\"https:\\\/\\\/theworldbilliards.com\\\/pt-pt\\\/\",\"logo\":{\"@type\":\"ImageObject\",\"inLanguage\":\"pt-PT\",\"@id\":\"https:\\\/\\\/theworldbilliards.com\\\/pt-pt\\\/#\\\/schema\\\/logo\\\/image\\\/\",\"url\":\"\",\"contentUrl\":\"\",\"caption\":\"The World Billiards\"},\"image\":{\"@id\":\"https:\\\/\\\/theworldbilliards.com\\\/pt-pt\\\/#\\\/schema\\\/logo\\\/image\\\/\"},\"sameAs\":[\"https:\\\/\\\/www.facebook.com\\\/baby.foot.superbes\",\"https:\\\/\\\/www.youtube.com\\\/channel\\\/UCIMuOVAaUcH6UpZcsZlH0Tg\",\"https:\\\/\\\/www.facebook.com\\\/people\\\/Brunswick-Billiards-EspaaPortugal\\\/100066446264309\\\/\",\"https:\\\/\\\/www.instagram.com\\\/the_world_billiards\\\/\",\"https:\\\/\\\/www.pinterest.es\\\/Theworldbilliards\\\/\"]}]}<\/script>\n<!-- \/ Yoast SEO plugin. -->","yoast_head_json":{"title":"Borracha Taichi Soft - The World Billiards","description":"A forma \u00fanica dos seus picos interiores em espinha, permite \u00e1 Tai Chi caracter\u00edsticas de rota\u00e7\u00e3o surpreendentes e ataques perfeitos. A aplica\u00e7\u00e3o especial da G.A.T., (tecnologia para a superf\u00edcie de borracha), faz com que a borracha agarre a bola com firmeza. Este tipo de borracha \u00e9 feito a partir de borracha sint\u00e9tica e natural, na propor\u00e7\u00e3o adequada, sendo desenvolvida a Tecnologia \u201cTranpoline Tension Technology\", que melhora as suas caracter\u00edsticas. O recurso \u00e1 borracha profissional desenvolvida pela Giant Dragon permite ao jogador obter um desempenho poderoso com a utiliza\u00e7\u00e3o de cola \u201cVOC \u2013 free\u201d que \u00e9 o mesmo como a utiliza\u00e7\u00e3o de cola r\u00e1pida.  Spin: 11.25 Speed: 13 Espessura: 1.8 \/ 2.0 \/ 2.2mm","robots":{"index":"index","follow":"follow","max-snippet":"max-snippet:-1","max-image-preview":"max-image-preview:large","max-video-preview":"max-video-preview:-1"},"canonical":"https:\/\/theworldbilliards.com\/pt-pt\/produto\/borracha-taichi-soft\/","og_locale":"pt_PT","og_type":"article","og_title":"Borracha Taichi Soft - The World Billiards","og_description":"A forma \u00fanica dos seus picos interiores em espinha, permite \u00e1 Tai Chi caracter\u00edsticas de rota\u00e7\u00e3o surpreendentes e ataques perfeitos. A aplica\u00e7\u00e3o especial da G.A.T., (tecnologia para a superf\u00edcie de borracha), faz com que a borracha agarre a bola com firmeza. Este tipo de borracha \u00e9 feito a partir de borracha sint\u00e9tica e natural, na propor\u00e7\u00e3o adequada, sendo desenvolvida a Tecnologia \u201cTranpoline Tension Technology\", que melhora as suas caracter\u00edsticas. O recurso \u00e1 borracha profissional desenvolvida pela Giant Dragon permite ao jogador obter um desempenho poderoso com a utiliza\u00e7\u00e3o de cola \u201cVOC \u2013 free\u201d que \u00e9 o mesmo como a utiliza\u00e7\u00e3o de cola r\u00e1pida.  Spin: 11.25 Speed: 13 Espessura: 1.8 \/ 2.0 \/ 2.2mm","og_url":"https:\/\/theworldbilliards.com\/pt-pt\/produto\/borracha-taichi-soft\/","og_site_name":"The World Billiards","article_publisher":"https:\/\/www.facebook.com\/baby.foot.superbes","article_modified_time":"2023-06-22T09:04:16+00:00","og_image":[{"width":300,"height":300,"url":"https:\/\/theworldbilliards.com\/wp-content\/uploads\/2018\/04\/taichi-soft-20-mm.jpg","type":"image\/jpeg"}],"twitter_card":"summary_large_image","schema":{"@context":"https:\/\/schema.org","@graph":[{"@type":"WebPage","@id":"https:\/\/theworldbilliards.com\/pt-pt\/produto\/borracha-taichi-soft\/","url":"https:\/\/theworldbilliards.com\/pt-pt\/produto\/borracha-taichi-soft\/","name":"Borracha Taichi Soft - The World Billiards","isPartOf":{"@id":"https:\/\/theworldbilliards.com\/pt-pt\/#website"},"primaryImageOfPage":{"@id":"https:\/\/theworldbilliards.com\/pt-pt\/produto\/borracha-taichi-soft\/#primaryimage"},"image":{"@id":"https:\/\/theworldbilliards.com\/pt-pt\/produto\/borracha-taichi-soft\/#primaryimage"},"thumbnailUrl":"https:\/\/theworldbilliards.com\/wp-content\/uploads\/2018\/04\/taichi-soft-20-mm.jpg","datePublished":"2017-05-26T08:08:06+00:00","dateModified":"2023-06-22T09:04:16+00:00","description":"A forma \u00fanica dos seus picos interiores em espinha, permite \u00e1 Tai Chi caracter\u00edsticas de rota\u00e7\u00e3o surpreendentes e ataques perfeitos. A aplica\u00e7\u00e3o especial da G.A.T., (tecnologia para a superf\u00edcie de borracha), faz com que a borracha agarre a bola com firmeza. Este tipo de borracha \u00e9 feito a partir de borracha sint\u00e9tica e natural, na propor\u00e7\u00e3o adequada, sendo desenvolvida a Tecnologia \u201cTranpoline Tension Technology\", que melhora as suas caracter\u00edsticas. O recurso \u00e1 borracha profissional desenvolvida pela Giant Dragon permite ao jogador obter um desempenho poderoso com a utiliza\u00e7\u00e3o de cola \u201cVOC \u2013 free\u201d que \u00e9 o mesmo como a utiliza\u00e7\u00e3o de cola r\u00e1pida. Spin: 11.25 Speed: 13 Espessura: 1.8 \/ 2.0 \/ 2.2mm","breadcrumb":{"@id":"https:\/\/theworldbilliards.com\/pt-pt\/produto\/borracha-taichi-soft\/#breadcrumb"},"inLanguage":"pt-PT","potentialAction":[{"@type":"ReadAction","target":["https:\/\/theworldbilliards.com\/pt-pt\/produto\/borracha-taichi-soft\/"]}]},{"@type":"ImageObject","inLanguage":"pt-PT","@id":"https:\/\/theworldbilliards.com\/pt-pt\/produto\/borracha-taichi-soft\/#primaryimage","url":"https:\/\/theworldbilliards.com\/wp-content\/uploads\/2018\/04\/taichi-soft-20-mm.jpg","contentUrl":"https:\/\/theworldbilliards.com\/wp-content\/uploads\/2018\/04\/taichi-soft-20-mm.jpg","width":300,"height":300},{"@type":"BreadcrumbList","@id":"https:\/\/theworldbilliards.com\/pt-pt\/produto\/borracha-taichi-soft\/#breadcrumb","itemListElement":[{"@type":"ListItem","position":1,"name":"In\u00edcio","item":"https:\/\/theworldbilliards.com\/pt-pt\/"},{"@type":"ListItem","position":2,"name":"Loja online","item":"https:\/\/theworldbilliards.com\/pt-pt\/loja-theworldbilliards\/"},{"@type":"ListItem","position":3,"name":"Borracha Taichi Soft"}]},{"@type":"WebSite","@id":"https:\/\/theworldbilliards.com\/pt-pt\/#website","url":"https:\/\/theworldbilliards.com\/pt-pt\/","name":"TheWorldBilliards","description":"Compre aqui bilhar, matraquilho, t\u00eanis de mesa e bowling","publisher":{"@id":"https:\/\/theworldbilliards.com\/pt-pt\/#organization"},"alternateName":"The world billiards","potentialAction":[{"@type":"SearchAction","target":{"@type":"EntryPoint","urlTemplate":"https:\/\/theworldbilliards.com\/pt-pt\/?s={search_term_string}"},"query-input":{"@type":"PropertyValueSpecification","valueRequired":true,"valueName":"search_term_string"}}],"inLanguage":"pt-PT"},{"@type":"Organization","@id":"https:\/\/theworldbilliards.com\/pt-pt\/#organization","name":"The World Billiards","alternateName":"The World Billiards","url":"https:\/\/theworldbilliards.com\/pt-pt\/","logo":{"@type":"ImageObject","inLanguage":"pt-PT","@id":"https:\/\/theworldbilliards.com\/pt-pt\/#\/schema\/logo\/image\/","url":"","contentUrl":"","caption":"The World Billiards"},"image":{"@id":"https:\/\/theworldbilliards.com\/pt-pt\/#\/schema\/logo\/image\/"},"sameAs":["https:\/\/www.facebook.com\/baby.foot.superbes","https:\/\/www.youtube.com\/channel\/UCIMuOVAaUcH6UpZcsZlH0Tg","https:\/\/www.facebook.com\/people\/Brunswick-Billiards-EspaaPortugal\/100066446264309\/","https:\/\/www.instagram.com\/the_world_billiards\/","https:\/\/www.pinterest.es\/Theworldbilliards\/"]}]}},"_links":{"self":[{"href":"https:\/\/theworldbilliards.com\/pt-pt\/wp-json\/wp\/v2\/product\/33751","targetHints":{"allow":["GET"]}}],"collection":[{"href":"https:\/\/theworldbilliards.com\/pt-pt\/wp-json\/wp\/v2\/product"}],"about":[{"href":"https:\/\/theworldbilliards.com\/pt-pt\/wp-json\/wp\/v2\/types\/product"}],"wp:featuredmedia":[{"embeddable":true,"href":"https:\/\/theworldbilliards.com\/pt-pt\/wp-json\/wp\/v2\/media\/46427"}],"wp:attachment":[{"href":"https:\/\/theworldbilliards.com\/pt-pt\/wp-json\/wp\/v2\/media?parent=33751"}],"wp:term":[{"taxonomy":"product_brand","embeddable":true,"href":"https:\/\/theworldbilliards.com\/pt-pt\/wp-json\/wp\/v2\/product_brand?post=33751"},{"taxonomy":"product_cat","embeddable":true,"href":"https:\/\/theworldbilliards.com\/pt-pt\/wp-json\/wp\/v2\/product_cat?post=33751"},{"taxonomy":"product_tag","embeddable":true,"href":"https:\/\/theworldbilliards.com\/pt-pt\/wp-json\/wp\/v2\/product_tag?post=33751"}],"curies":[{"name":"wp","href":"https:\/\/api.w.org\/{rel}","templated":true}]}}