{"id":38421,"date":"2017-08-08T18:00:29","date_gmt":"2017-08-08T16:00:29","guid":{"rendered":"http:\/\/www.theworldbilliards.com\/?post_type=product&#038;p=38421\/"},"modified":"2023-09-11T12:53:46","modified_gmt":"2023-09-11T10:53:46","slug":"matraquilho-calderon-versao-portuguesa","status":"publish","type":"product","link":"https:\/\/theworldbilliards.com\/pt-pt\/produto\/matraquilho-calderon-versao-portuguesa\/","title":{"rendered":"Matraquilho Calderon (Vers\u00e3o Portugu\u00easa)"},"content":{"rendered":"<p>Novo matraquilho Calderon II Vers\u00e3o Portuguesa<br \/>\nJ\u00e1 disponivel!<\/p>\n<ul>\n<li>Acabamentos de Alta\u00a0<span class=\"text_exposed_show\">Qualidade<br \/>\n<\/span><\/li>\n<li><span class=\"text_exposed_show\">Jogadores \u00e1 antiga Portuguesa em aluminio refor\u00e7ado<br \/>\n<\/span><\/li>\n<li>Matraquilho fabricado em madeira maci\u00e7a de faia vaporizada premium, que faz do seu matraquilho um m\u00f3vel decorativo com mais classe e e eleg\u00e2ncia dentro da tradi\u00e7ao.<\/li>\n<li><span class=\"text_exposed_show\">Var\u00f5es maci\u00e7os calibrados de 15 mm<br \/>\n<\/span><\/li>\n<li><span class=\"text_exposed_show\">Punhos em Madeira de luxo<br \/>\n<\/span><\/li>\n<li><span class=\"text_exposed_show\">Peso \u2013 96 Kg<\/span><span class=\"text_exposed_show\"><br \/>\n<\/span><\/li>\n<li>2 Bolas inclu\u00eddas em madeira de freixo ou plastico<\/li>\n<li><span class=\"text_exposed_show\">Dimens\u00f5es: 1,40 m x 0,75 m x 0,88 m [CxLxA]<\/span><\/li>\n<li>Varias op\u00e7oes disponiveis: Vidro em cima, Luzes Led, c\u00f4r da mesa, possibilidade de fabricar com diferentes jogadores<\/li>\n<li><img decoding=\"async\" class=\"alignnone\" src=\"https:\/\/theworldbilliards.com\/wp-content\/uploads\/2019\/11\/Colores-Maderas-Billar-300x182.jpg\" \/><\/li>\n<li>Outras cores de madeira ou jogadores contate-nos<\/li>\n<li>Op\u00e7\u00e3o LED RGB com controle remoto<\/li>\n<\/ul>\n<p>&nbsp;<\/p>\n<p>&nbsp;<\/p>\n","protected":false},"excerpt":{"rendered":"<p>Novo matraquilho Calderon II Vers\u00e3o Portuguesa J\u00e1 disponivel! Acabamentos de Alta\u00a0Qualidade Jogadores \u00e1 antiga Portuguesa em aluminio refor\u00e7ado Matraquilho fabricado [&hellip;]<\/p>\n","protected":false},"featured_media":52749,"template":"","meta":{"site-sidebar-layout":"default","site-content-layout":"","ast-site-content-layout":"default","site-content-style":"default","site-sidebar-style":"default","ast-global-header-display":"","ast-banner-title-visibility":"","ast-main-header-display":"","ast-hfb-above-header-display":"","ast-hfb-below-header-display":"","ast-hfb-mobile-header-display":"","site-post-title":"","ast-breadcrumbs-content":"","ast-featured-img":"","footer-sml-layout":"","ast-disable-related-posts":"","theme-transparent-header-meta":"default","adv-header-id-meta":"","stick-header-meta":"","header-above-stick-meta":"","header-main-stick-meta":"","header-below-stick-meta":"","astra-migrate-meta-layouts":"default","ast-page-background-enabled":"default","ast-page-background-meta":{"desktop":{"background-color":"var(--ast-global-color-4)","background-image":"","background-repeat":"repeat","background-position":"center center","background-size":"auto","background-attachment":"scroll","background-type":"","background-media":"","overlay-type":"","overlay-color":"","overlay-opacity":"","overlay-gradient":""},"tablet":{"background-color":"","background-image":"","background-repeat":"repeat","background-position":"center center","background-size":"auto","background-attachment":"scroll","background-type":"","background-media":"","overlay-type":"","overlay-color":"","overlay-opacity":"","overlay-gradient":""},"mobile":{"background-color":"","background-image":"","background-repeat":"repeat","background-position":"center center","background-size":"auto","background-attachment":"scroll","background-type":"","background-media":"","overlay-type":"","overlay-color":"","overlay-opacity":"","overlay-gradient":""}},"ast-content-background-meta":{"desktop":{"background-color":"var(--ast-global-color-5)","background-image":"","background-repeat":"repeat","background-position":"center center","background-size":"auto","background-attachment":"scroll","background-type":"","background-media":"","overlay-type":"","overlay-color":"","overlay-opacity":"","overlay-gradient":""},"tablet":{"background-color":"var(--ast-global-color-5)","background-image":"","background-repeat":"repeat","background-position":"center center","background-size":"auto","background-attachment":"scroll","background-type":"","background-media":"","overlay-type":"","overlay-color":"","overlay-opacity":"","overlay-gradient":""},"mobile":{"background-color":"var(--ast-global-color-5)","background-image":"","background-repeat":"repeat","background-position":"center center","background-size":"auto","background-attachment":"scroll","background-type":"","background-media":"","overlay-type":"","overlay-color":"","overlay-opacity":"","overlay-gradient":""}}},"product_brand":[5219],"product_cat":[1124],"product_tag":[],"class_list":{"0":"post-38421","1":"product","2":"type-product","3":"status-publish","4":"has-post-thumbnail","6":"product_brand-twb-the-world-billiards-pt-pt","7":"product_cat-matraquilhos-sem-moedeiro","8":"product_shipping_class-matraquilhos","9":"desktop-align-center","10":"tablet-align-left","11":"mobile-align-left","13":"first","14":"instock","15":"taxable","16":"shipping-taxable","17":"purchasable","18":"product-type-variable"},"yoast_head":"<!-- This site is optimized with the Yoast SEO plugin v27.4 - https:\/\/yoast.com\/product\/yoast-seo-wordpress\/ -->\n<title>Matraquilho Calderon (Vers\u00e3o Portugu\u00easa) - The World Billiards<\/title>\n<meta name=\"description\" content=\"Novo matraquilho Calderon II Vers\u00e3o Portuguesa J\u00e1 disponivel!   Acabamentos de Alta\u00a0Qualidade   Jogadores \u00e1 antiga Portuguesa em aluminio refor\u00e7ado   Matraquilho fabricado em madeira maci\u00e7a de faia vaporizada premium, que faz do seu matraquilho um m\u00f3vel decorativo com mais classe e e eleg\u00e2ncia dentro da tradi\u00e7ao.  Var\u00f5es maci\u00e7os calibrados de 15 mm   Punhos em Madeira de luxo   Peso \u2013 96 Kg   2 Bolas inclu\u00eddas em madeira de freixo ou plastico  Dimens\u00f5es: 1,40 m x 0,75 m x 0,88 m   Varias op\u00e7oes disponiveis: Vidro em cima, Luzes Led, c\u00f4r da mesa, possibilidade de fabricar com diferentes jogadores    Outras cores de madeira ou jogadores contate-nos  Op\u00e7\u00e3o LED RGB com controle remoto  &nbsp;  &nbsp;\" \/>\n<meta name=\"robots\" content=\"index, follow, max-snippet:-1, max-image-preview:large, max-video-preview:-1\" \/>\n<link rel=\"canonical\" href=\"https:\/\/theworldbilliards.com\/pt-pt\/produto\/matraquilho-calderon-versao-portuguesa\/\" \/>\n<meta property=\"og:locale\" content=\"pt_PT\" \/>\n<meta property=\"og:type\" content=\"article\" \/>\n<meta property=\"og:title\" content=\"Matraquilho Calderon (Vers\u00e3o Portugu\u00easa) - The World Billiards\" \/>\n<meta property=\"og:description\" content=\"Novo matraquilho Calderon II Vers\u00e3o Portuguesa J\u00e1 disponivel!   Acabamentos de Alta\u00a0Qualidade   Jogadores \u00e1 antiga Portuguesa em aluminio refor\u00e7ado   Matraquilho fabricado em madeira maci\u00e7a de faia vaporizada premium, que faz do seu matraquilho um m\u00f3vel decorativo com mais classe e e eleg\u00e2ncia dentro da tradi\u00e7ao.  Var\u00f5es maci\u00e7os calibrados de 15 mm   Punhos em Madeira de luxo   Peso \u2013 96 Kg   2 Bolas inclu\u00eddas em madeira de freixo ou plastico  Dimens\u00f5es: 1,40 m x 0,75 m x 0,88 m   Varias op\u00e7oes disponiveis: Vidro em cima, Luzes Led, c\u00f4r da mesa, possibilidade de fabricar com diferentes jogadores    Outras cores de madeira ou jogadores contate-nos  Op\u00e7\u00e3o LED RGB com controle remoto  &nbsp;  &nbsp;\" \/>\n<meta property=\"og:url\" content=\"https:\/\/theworldbilliards.com\/pt-pt\/produto\/matraquilho-calderon-versao-portuguesa\/\" \/>\n<meta property=\"og:site_name\" content=\"The World Billiards\" \/>\n<meta property=\"article:publisher\" content=\"https:\/\/www.facebook.com\/baby.foot.superbes\" \/>\n<meta property=\"article:modified_time\" content=\"2023-09-11T10:53:46+00:00\" \/>\n<meta property=\"og:image\" content=\"https:\/\/theworldbilliards.com\/wp-content\/uploads\/2017\/08\/calderon-pt.png\" \/>\n\t<meta property=\"og:image:width\" content=\"986\" \/>\n\t<meta property=\"og:image:height\" content=\"986\" \/>\n\t<meta property=\"og:image:type\" content=\"image\/png\" \/>\n<meta name=\"twitter:card\" content=\"summary_large_image\" \/>\n<script type=\"application\/ld+json\" class=\"yoast-schema-graph\">{\"@context\":\"https:\\\/\\\/schema.org\",\"@graph\":[{\"@type\":\"WebPage\",\"@id\":\"https:\\\/\\\/theworldbilliards.com\\\/pt-pt\\\/produto\\\/matraquilho-calderon-versao-portuguesa\\\/\",\"url\":\"https:\\\/\\\/theworldbilliards.com\\\/pt-pt\\\/produto\\\/matraquilho-calderon-versao-portuguesa\\\/\",\"name\":\"Matraquilho Calderon (Vers\u00e3o Portugu\u00easa) - The World Billiards\",\"isPartOf\":{\"@id\":\"https:\\\/\\\/theworldbilliards.com\\\/pt-pt\\\/#website\"},\"primaryImageOfPage\":{\"@id\":\"https:\\\/\\\/theworldbilliards.com\\\/pt-pt\\\/produto\\\/matraquilho-calderon-versao-portuguesa\\\/#primaryimage\"},\"image\":{\"@id\":\"https:\\\/\\\/theworldbilliards.com\\\/pt-pt\\\/produto\\\/matraquilho-calderon-versao-portuguesa\\\/#primaryimage\"},\"thumbnailUrl\":\"https:\\\/\\\/theworldbilliards.com\\\/wp-content\\\/uploads\\\/2017\\\/08\\\/calderon-pt.png\",\"datePublished\":\"2017-08-08T16:00:29+00:00\",\"dateModified\":\"2023-09-11T10:53:46+00:00\",\"description\":\"Novo matraquilho Calderon II Vers\u00e3o Portuguesa J\u00e1 disponivel! Acabamentos de Alta\u00a0Qualidade Jogadores \u00e1 antiga Portuguesa em aluminio refor\u00e7ado Matraquilho fabricado em madeira maci\u00e7a de faia vaporizada premium, que faz do seu matraquilho um m\u00f3vel decorativo com mais classe e e eleg\u00e2ncia dentro da tradi\u00e7ao. Var\u00f5es maci\u00e7os calibrados de 15 mm Punhos em Madeira de luxo Peso \u2013 96 Kg 2 Bolas inclu\u00eddas em madeira de freixo ou plastico Dimens\u00f5es: 1,40 m x 0,75 m x 0,88 m Varias op\u00e7oes disponiveis: Vidro em cima, Luzes Led, c\u00f4r da mesa, possibilidade de fabricar com diferentes jogadores Outras cores de madeira ou jogadores contate-nos Op\u00e7\u00e3o LED RGB com controle remoto &nbsp; &nbsp;\",\"breadcrumb\":{\"@id\":\"https:\\\/\\\/theworldbilliards.com\\\/pt-pt\\\/produto\\\/matraquilho-calderon-versao-portuguesa\\\/#breadcrumb\"},\"inLanguage\":\"pt-PT\",\"potentialAction\":[{\"@type\":\"ReadAction\",\"target\":[\"https:\\\/\\\/theworldbilliards.com\\\/pt-pt\\\/produto\\\/matraquilho-calderon-versao-portuguesa\\\/\"]}]},{\"@type\":\"ImageObject\",\"inLanguage\":\"pt-PT\",\"@id\":\"https:\\\/\\\/theworldbilliards.com\\\/pt-pt\\\/produto\\\/matraquilho-calderon-versao-portuguesa\\\/#primaryimage\",\"url\":\"https:\\\/\\\/theworldbilliards.com\\\/wp-content\\\/uploads\\\/2017\\\/08\\\/calderon-pt.png\",\"contentUrl\":\"https:\\\/\\\/theworldbilliards.com\\\/wp-content\\\/uploads\\\/2017\\\/08\\\/calderon-pt.png\",\"width\":986,\"height\":986},{\"@type\":\"BreadcrumbList\",\"@id\":\"https:\\\/\\\/theworldbilliards.com\\\/pt-pt\\\/produto\\\/matraquilho-calderon-versao-portuguesa\\\/#breadcrumb\",\"itemListElement\":[{\"@type\":\"ListItem\",\"position\":1,\"name\":\"In\u00edcio\",\"item\":\"https:\\\/\\\/theworldbilliards.com\\\/pt-pt\\\/\"},{\"@type\":\"ListItem\",\"position\":2,\"name\":\"Loja online\",\"item\":\"https:\\\/\\\/theworldbilliards.com\\\/pt-pt\\\/loja-theworldbilliards\\\/\"},{\"@type\":\"ListItem\",\"position\":3,\"name\":\"Matraquilho Calderon (Vers\u00e3o Portugu\u00easa)\"}]},{\"@type\":\"WebSite\",\"@id\":\"https:\\\/\\\/theworldbilliards.com\\\/pt-pt\\\/#website\",\"url\":\"https:\\\/\\\/theworldbilliards.com\\\/pt-pt\\\/\",\"name\":\"TheWorldBilliards\",\"description\":\"Compre aqui bilhar, matraquilho, t\u00eanis de mesa e bowling\",\"publisher\":{\"@id\":\"https:\\\/\\\/theworldbilliards.com\\\/pt-pt\\\/#organization\"},\"alternateName\":\"The world billiards\",\"potentialAction\":[{\"@type\":\"SearchAction\",\"target\":{\"@type\":\"EntryPoint\",\"urlTemplate\":\"https:\\\/\\\/theworldbilliards.com\\\/pt-pt\\\/?s={search_term_string}\"},\"query-input\":{\"@type\":\"PropertyValueSpecification\",\"valueRequired\":true,\"valueName\":\"search_term_string\"}}],\"inLanguage\":\"pt-PT\"},{\"@type\":\"Organization\",\"@id\":\"https:\\\/\\\/theworldbilliards.com\\\/pt-pt\\\/#organization\",\"name\":\"The World Billiards\",\"alternateName\":\"The World Billiards\",\"url\":\"https:\\\/\\\/theworldbilliards.com\\\/pt-pt\\\/\",\"logo\":{\"@type\":\"ImageObject\",\"inLanguage\":\"pt-PT\",\"@id\":\"https:\\\/\\\/theworldbilliards.com\\\/pt-pt\\\/#\\\/schema\\\/logo\\\/image\\\/\",\"url\":\"\",\"contentUrl\":\"\",\"caption\":\"The World Billiards\"},\"image\":{\"@id\":\"https:\\\/\\\/theworldbilliards.com\\\/pt-pt\\\/#\\\/schema\\\/logo\\\/image\\\/\"},\"sameAs\":[\"https:\\\/\\\/www.facebook.com\\\/baby.foot.superbes\",\"https:\\\/\\\/www.youtube.com\\\/channel\\\/UCIMuOVAaUcH6UpZcsZlH0Tg\",\"https:\\\/\\\/www.facebook.com\\\/people\\\/Brunswick-Billiards-EspaaPortugal\\\/100066446264309\\\/\",\"https:\\\/\\\/www.instagram.com\\\/the_world_billiards\\\/\",\"https:\\\/\\\/www.pinterest.es\\\/Theworldbilliards\\\/\"]}]}<\/script>\n<!-- \/ Yoast SEO plugin. -->","yoast_head_json":{"title":"Matraquilho Calderon (Vers\u00e3o Portugu\u00easa) - The World Billiards","description":"Novo matraquilho Calderon II Vers\u00e3o Portuguesa J\u00e1 disponivel!   Acabamentos de Alta\u00a0Qualidade   Jogadores \u00e1 antiga Portuguesa em aluminio refor\u00e7ado   Matraquilho fabricado em madeira maci\u00e7a de faia vaporizada premium, que faz do seu matraquilho um m\u00f3vel decorativo com mais classe e e eleg\u00e2ncia dentro da tradi\u00e7ao.  Var\u00f5es maci\u00e7os calibrados de 15 mm   Punhos em Madeira de luxo   Peso \u2013 96 Kg   2 Bolas inclu\u00eddas em madeira de freixo ou plastico  Dimens\u00f5es: 1,40 m x 0,75 m x 0,88 m   Varias op\u00e7oes disponiveis: Vidro em cima, Luzes Led, c\u00f4r da mesa, possibilidade de fabricar com diferentes jogadores    Outras cores de madeira ou jogadores contate-nos  Op\u00e7\u00e3o LED RGB com controle remoto  &nbsp;  &nbsp;","robots":{"index":"index","follow":"follow","max-snippet":"max-snippet:-1","max-image-preview":"max-image-preview:large","max-video-preview":"max-video-preview:-1"},"canonical":"https:\/\/theworldbilliards.com\/pt-pt\/produto\/matraquilho-calderon-versao-portuguesa\/","og_locale":"pt_PT","og_type":"article","og_title":"Matraquilho Calderon (Vers\u00e3o Portugu\u00easa) - The World Billiards","og_description":"Novo matraquilho Calderon II Vers\u00e3o Portuguesa J\u00e1 disponivel!   Acabamentos de Alta\u00a0Qualidade   Jogadores \u00e1 antiga Portuguesa em aluminio refor\u00e7ado   Matraquilho fabricado em madeira maci\u00e7a de faia vaporizada premium, que faz do seu matraquilho um m\u00f3vel decorativo com mais classe e e eleg\u00e2ncia dentro da tradi\u00e7ao.  Var\u00f5es maci\u00e7os calibrados de 15 mm   Punhos em Madeira de luxo   Peso \u2013 96 Kg   2 Bolas inclu\u00eddas em madeira de freixo ou plastico  Dimens\u00f5es: 1,40 m x 0,75 m x 0,88 m   Varias op\u00e7oes disponiveis: Vidro em cima, Luzes Led, c\u00f4r da mesa, possibilidade de fabricar com diferentes jogadores    Outras cores de madeira ou jogadores contate-nos  Op\u00e7\u00e3o LED RGB com controle remoto  &nbsp;  &nbsp;","og_url":"https:\/\/theworldbilliards.com\/pt-pt\/produto\/matraquilho-calderon-versao-portuguesa\/","og_site_name":"The World Billiards","article_publisher":"https:\/\/www.facebook.com\/baby.foot.superbes","article_modified_time":"2023-09-11T10:53:46+00:00","og_image":[{"width":986,"height":986,"url":"https:\/\/theworldbilliards.com\/wp-content\/uploads\/2017\/08\/calderon-pt.png","type":"image\/png"}],"twitter_card":"summary_large_image","schema":{"@context":"https:\/\/schema.org","@graph":[{"@type":"WebPage","@id":"https:\/\/theworldbilliards.com\/pt-pt\/produto\/matraquilho-calderon-versao-portuguesa\/","url":"https:\/\/theworldbilliards.com\/pt-pt\/produto\/matraquilho-calderon-versao-portuguesa\/","name":"Matraquilho Calderon (Vers\u00e3o Portugu\u00easa) - The World Billiards","isPartOf":{"@id":"https:\/\/theworldbilliards.com\/pt-pt\/#website"},"primaryImageOfPage":{"@id":"https:\/\/theworldbilliards.com\/pt-pt\/produto\/matraquilho-calderon-versao-portuguesa\/#primaryimage"},"image":{"@id":"https:\/\/theworldbilliards.com\/pt-pt\/produto\/matraquilho-calderon-versao-portuguesa\/#primaryimage"},"thumbnailUrl":"https:\/\/theworldbilliards.com\/wp-content\/uploads\/2017\/08\/calderon-pt.png","datePublished":"2017-08-08T16:00:29+00:00","dateModified":"2023-09-11T10:53:46+00:00","description":"Novo matraquilho Calderon II Vers\u00e3o Portuguesa J\u00e1 disponivel! Acabamentos de Alta\u00a0Qualidade Jogadores \u00e1 antiga Portuguesa em aluminio refor\u00e7ado Matraquilho fabricado em madeira maci\u00e7a de faia vaporizada premium, que faz do seu matraquilho um m\u00f3vel decorativo com mais classe e e eleg\u00e2ncia dentro da tradi\u00e7ao. Var\u00f5es maci\u00e7os calibrados de 15 mm Punhos em Madeira de luxo Peso \u2013 96 Kg 2 Bolas inclu\u00eddas em madeira de freixo ou plastico Dimens\u00f5es: 1,40 m x 0,75 m x 0,88 m Varias op\u00e7oes disponiveis: Vidro em cima, Luzes Led, c\u00f4r da mesa, possibilidade de fabricar com diferentes jogadores Outras cores de madeira ou jogadores contate-nos Op\u00e7\u00e3o LED RGB com controle remoto &nbsp; &nbsp;","breadcrumb":{"@id":"https:\/\/theworldbilliards.com\/pt-pt\/produto\/matraquilho-calderon-versao-portuguesa\/#breadcrumb"},"inLanguage":"pt-PT","potentialAction":[{"@type":"ReadAction","target":["https:\/\/theworldbilliards.com\/pt-pt\/produto\/matraquilho-calderon-versao-portuguesa\/"]}]},{"@type":"ImageObject","inLanguage":"pt-PT","@id":"https:\/\/theworldbilliards.com\/pt-pt\/produto\/matraquilho-calderon-versao-portuguesa\/#primaryimage","url":"https:\/\/theworldbilliards.com\/wp-content\/uploads\/2017\/08\/calderon-pt.png","contentUrl":"https:\/\/theworldbilliards.com\/wp-content\/uploads\/2017\/08\/calderon-pt.png","width":986,"height":986},{"@type":"BreadcrumbList","@id":"https:\/\/theworldbilliards.com\/pt-pt\/produto\/matraquilho-calderon-versao-portuguesa\/#breadcrumb","itemListElement":[{"@type":"ListItem","position":1,"name":"In\u00edcio","item":"https:\/\/theworldbilliards.com\/pt-pt\/"},{"@type":"ListItem","position":2,"name":"Loja online","item":"https:\/\/theworldbilliards.com\/pt-pt\/loja-theworldbilliards\/"},{"@type":"ListItem","position":3,"name":"Matraquilho Calderon (Vers\u00e3o Portugu\u00easa)"}]},{"@type":"WebSite","@id":"https:\/\/theworldbilliards.com\/pt-pt\/#website","url":"https:\/\/theworldbilliards.com\/pt-pt\/","name":"TheWorldBilliards","description":"Compre aqui bilhar, matraquilho, t\u00eanis de mesa e bowling","publisher":{"@id":"https:\/\/theworldbilliards.com\/pt-pt\/#organization"},"alternateName":"The world billiards","potentialAction":[{"@type":"SearchAction","target":{"@type":"EntryPoint","urlTemplate":"https:\/\/theworldbilliards.com\/pt-pt\/?s={search_term_string}"},"query-input":{"@type":"PropertyValueSpecification","valueRequired":true,"valueName":"search_term_string"}}],"inLanguage":"pt-PT"},{"@type":"Organization","@id":"https:\/\/theworldbilliards.com\/pt-pt\/#organization","name":"The World Billiards","alternateName":"The World Billiards","url":"https:\/\/theworldbilliards.com\/pt-pt\/","logo":{"@type":"ImageObject","inLanguage":"pt-PT","@id":"https:\/\/theworldbilliards.com\/pt-pt\/#\/schema\/logo\/image\/","url":"","contentUrl":"","caption":"The World Billiards"},"image":{"@id":"https:\/\/theworldbilliards.com\/pt-pt\/#\/schema\/logo\/image\/"},"sameAs":["https:\/\/www.facebook.com\/baby.foot.superbes","https:\/\/www.youtube.com\/channel\/UCIMuOVAaUcH6UpZcsZlH0Tg","https:\/\/www.facebook.com\/people\/Brunswick-Billiards-EspaaPortugal\/100066446264309\/","https:\/\/www.instagram.com\/the_world_billiards\/","https:\/\/www.pinterest.es\/Theworldbilliards\/"]}]}},"_links":{"self":[{"href":"https:\/\/theworldbilliards.com\/pt-pt\/wp-json\/wp\/v2\/product\/38421","targetHints":{"allow":["GET"]}}],"collection":[{"href":"https:\/\/theworldbilliards.com\/pt-pt\/wp-json\/wp\/v2\/product"}],"about":[{"href":"https:\/\/theworldbilliards.com\/pt-pt\/wp-json\/wp\/v2\/types\/product"}],"wp:featuredmedia":[{"embeddable":true,"href":"https:\/\/theworldbilliards.com\/pt-pt\/wp-json\/wp\/v2\/media\/52749"}],"wp:attachment":[{"href":"https:\/\/theworldbilliards.com\/pt-pt\/wp-json\/wp\/v2\/media?parent=38421"}],"wp:term":[{"taxonomy":"product_brand","embeddable":true,"href":"https:\/\/theworldbilliards.com\/pt-pt\/wp-json\/wp\/v2\/product_brand?post=38421"},{"taxonomy":"product_cat","embeddable":true,"href":"https:\/\/theworldbilliards.com\/pt-pt\/wp-json\/wp\/v2\/product_cat?post=38421"},{"taxonomy":"product_tag","embeddable":true,"href":"https:\/\/theworldbilliards.com\/pt-pt\/wp-json\/wp\/v2\/product_tag?post=38421"}],"curies":[{"name":"wp","href":"https:\/\/api.w.org\/{rel}","templated":true}]}}