{"id":40074,"date":"2017-10-13T12:56:26","date_gmt":"2017-10-13T10:56:26","guid":{"rendered":"https:\/\/theworldbilliards.com\/\/?post_type=product&#038;p=40074"},"modified":"2023-06-27T13:54:13","modified_gmt":"2023-06-27T11:54:13","slug":"via-parts-superstore","status":"publish","type":"product","link":"https:\/\/theworldbilliards.com\/pt-pt\/produto\/via-parts-superstore\/","title":{"rendered":"Via Parts Superstore"},"content":{"rendered":"<h2>Alguns motivos que levam os nossos clientes a preferir pe\u00e7as genu\u00ednas VIA<\/h2>\n<ul>\n<li>Pe\u00e7as Via t\u00eam o custo mais reduzido do mercado<\/li>\n<li>Fazemos a maioria das pe\u00e7as que vendemos<\/li>\n<li>Oferecemos uma gama completa de pe\u00e7as para colocador de pinos VIA MC2TM<\/li>\n<li>Oferecemos uma vasta selec\u00e7\u00e3o de pe\u00e7as usuais para outras marcas<\/li>\n<\/ul>\n<p>VIAPS ( VIA Parts Superstore ) \u00e9 um novo conceito revolcion\u00e1rio no mercado de pe\u00e7as. Com Pe\u00e7as n\u00e3o apenas para VIA MC2 mas tamb\u00e9m para outras marcas, incluindo a s\u00e9rie 82, G5 entre outros.<\/p>\n<p>A filosofia da VIAPS \u00e9 simples. Voc\u00ea e os seus mec\u00e3nicos sabem, t\u00e3o bem como n\u00f3s que as pe\u00e7as n\u00e3o s\u00e3o componentes do Vaiv\u00e9m Espacial, logo n\u00e3o dever\u00e3o ser excessivamente caras.<br \/>\nA for\u00e7a da m\u00e3o de obra VIA est\u00e1 exactamente neste ponto.<br \/>\nSimplesmente necessita de boa qualidade ao menor custo poss\u00edvel.<\/p>\n<p>O lugar onde encontra isto \u00e9 a VIAPS. Contacte o seu revendedor local VIA para um invent\u00e1rio completo. Esta lista aumenta de dia para dia. Oferecemos uma vasta gama de pe\u00e7as e a VIA trabalha para que esta seja o maior fornecedor mundial.<br \/>\nB\u00e1sicamente a resposta \u00e9 sim &#8211; e se ainda n\u00e3o encontrou a pe\u00e7a desejada, verifique brevemente. H\u00e1 sempre a possibilidade de na pr\u00f3xima vez j\u00e1 estar dispon\u00edvel.<\/p>\n","protected":false},"excerpt":{"rendered":"<p>Alguns motivos que levam os nossos clientes a preferir pe\u00e7as genu\u00ednas VIA Pe\u00e7as Via t\u00eam o custo mais reduzido do [&hellip;]<\/p>\n","protected":false},"featured_media":108744,"template":"","meta":{"site-sidebar-layout":"default","site-content-layout":"","ast-site-content-layout":"default","site-content-style":"default","site-sidebar-style":"default","ast-global-header-display":"","ast-banner-title-visibility":"","ast-main-header-display":"","ast-hfb-above-header-display":"","ast-hfb-below-header-display":"","ast-hfb-mobile-header-display":"","site-post-title":"","ast-breadcrumbs-content":"","ast-featured-img":"","footer-sml-layout":"","ast-disable-related-posts":"","theme-transparent-header-meta":"default","adv-header-id-meta":"","stick-header-meta":"","header-above-stick-meta":"","header-main-stick-meta":"","header-below-stick-meta":"","astra-migrate-meta-layouts":"default","ast-page-background-enabled":"default","ast-page-background-meta":{"desktop":{"background-color":"var(--ast-global-color-4)","background-image":"","background-repeat":"repeat","background-position":"center center","background-size":"auto","background-attachment":"scroll","background-type":"","background-media":"","overlay-type":"","overlay-color":"","overlay-opacity":"","overlay-gradient":""},"tablet":{"background-color":"","background-image":"","background-repeat":"repeat","background-position":"center center","background-size":"auto","background-attachment":"scroll","background-type":"","background-media":"","overlay-type":"","overlay-color":"","overlay-opacity":"","overlay-gradient":""},"mobile":{"background-color":"","background-image":"","background-repeat":"repeat","background-position":"center center","background-size":"auto","background-attachment":"scroll","background-type":"","background-media":"","overlay-type":"","overlay-color":"","overlay-opacity":"","overlay-gradient":""}},"ast-content-background-meta":{"desktop":{"background-color":"var(--ast-global-color-5)","background-image":"","background-repeat":"repeat","background-position":"center center","background-size":"auto","background-attachment":"scroll","background-type":"","background-media":"","overlay-type":"","overlay-color":"","overlay-opacity":"","overlay-gradient":""},"tablet":{"background-color":"var(--ast-global-color-5)","background-image":"","background-repeat":"repeat","background-position":"center center","background-size":"auto","background-attachment":"scroll","background-type":"","background-media":"","overlay-type":"","overlay-color":"","overlay-opacity":"","overlay-gradient":""},"mobile":{"background-color":"var(--ast-global-color-5)","background-image":"","background-repeat":"repeat","background-position":"center center","background-size":"auto","background-attachment":"scroll","background-type":"","background-media":"","overlay-type":"","overlay-color":"","overlay-opacity":"","overlay-gradient":""}}},"product_brand":[5341],"product_cat":[2857],"product_tag":[],"class_list":{"0":"post-40074","1":"product","2":"type-product","3":"status-publish","4":"has-post-thumbnail","6":"product_brand-via-bowling","7":"product_cat-via-pecas-de-reposicao","8":"desktop-align-center","9":"tablet-align-left","10":"mobile-align-left","12":"first","13":"instock","14":"taxable","15":"shipping-taxable","16":"product-type-simple"},"yoast_head":"<!-- This site is optimized with the Yoast SEO plugin v27.5 - https:\/\/yoast.com\/product\/yoast-seo-wordpress\/ -->\n<title>Via Parts Superstore - The World Billiards<\/title>\n<meta name=\"description\" content=\"Alguns motivos que levam os nossos clientes a preferir pe\u00e7as genu\u00ednas VIA   Pe\u00e7as Via t\u00eam o custo mais reduzido do mercado  Fazemos a maioria das pe\u00e7as que vendemos  Oferecemos uma gama completa de pe\u00e7as para colocador de pinos VIA MC2TM  Oferecemos uma vasta selec\u00e7\u00e3o de pe\u00e7as usuais para outras marcas  VIAPS ( VIA Parts Superstore ) \u00e9 um novo conceito revolcion\u00e1rio no mercado de pe\u00e7as. Com Pe\u00e7as n\u00e3o apenas para VIA MC2 mas tamb\u00e9m para outras marcas, incluindo a s\u00e9rie 82, G5 entre outros.  A filosofia da VIAPS \u00e9 simples. Voc\u00ea e os seus mec\u00e3nicos sabem, t\u00e3o bem como n\u00f3s que as pe\u00e7as n\u00e3o s\u00e3o componentes do Vaiv\u00e9m Espacial, logo n\u00e3o dever\u00e3o ser excessivamente caras. A for\u00e7a da m\u00e3o de obra VIA est\u00e1 exactamente neste ponto. Simplesmente necessita de boa qualidade ao menor custo poss\u00edvel.  O lugar onde encontra isto \u00e9 a VIAPS. Contacte o seu revendedor local VIA para um invent\u00e1rio completo. Esta lista aumenta de dia para dia. Oferecemos uma vasta gama de pe\u00e7as e a VIA trabalha para que esta seja o maior fornecedor mundial. B\u00e1sicamente a resposta \u00e9 sim - e se ainda n\u00e3o encontrou a pe\u00e7a desejada, verifique brevemente. H\u00e1 sempre a possibilidade de na pr\u00f3xima vez j\u00e1 estar dispon\u00edvel.\" \/>\n<meta name=\"robots\" content=\"index, follow, max-snippet:-1, max-image-preview:large, max-video-preview:-1\" \/>\n<link rel=\"canonical\" href=\"https:\/\/theworldbilliards.com\/pt-pt\/produto\/via-parts-superstore\/\" \/>\n<meta property=\"og:locale\" content=\"pt_PT\" \/>\n<meta property=\"og:type\" content=\"article\" \/>\n<meta property=\"og:title\" content=\"Via Parts Superstore - The World Billiards\" \/>\n<meta property=\"og:description\" content=\"Alguns motivos que levam os nossos clientes a preferir pe\u00e7as genu\u00ednas VIA   Pe\u00e7as Via t\u00eam o custo mais reduzido do mercado  Fazemos a maioria das pe\u00e7as que vendemos  Oferecemos uma gama completa de pe\u00e7as para colocador de pinos VIA MC2TM  Oferecemos uma vasta selec\u00e7\u00e3o de pe\u00e7as usuais para outras marcas  VIAPS ( VIA Parts Superstore ) \u00e9 um novo conceito revolcion\u00e1rio no mercado de pe\u00e7as. Com Pe\u00e7as n\u00e3o apenas para VIA MC2 mas tamb\u00e9m para outras marcas, incluindo a s\u00e9rie 82, G5 entre outros.  A filosofia da VIAPS \u00e9 simples. Voc\u00ea e os seus mec\u00e3nicos sabem, t\u00e3o bem como n\u00f3s que as pe\u00e7as n\u00e3o s\u00e3o componentes do Vaiv\u00e9m Espacial, logo n\u00e3o dever\u00e3o ser excessivamente caras. A for\u00e7a da m\u00e3o de obra VIA est\u00e1 exactamente neste ponto. Simplesmente necessita de boa qualidade ao menor custo poss\u00edvel.  O lugar onde encontra isto \u00e9 a VIAPS. Contacte o seu revendedor local VIA para um invent\u00e1rio completo. Esta lista aumenta de dia para dia. Oferecemos uma vasta gama de pe\u00e7as e a VIA trabalha para que esta seja o maior fornecedor mundial. B\u00e1sicamente a resposta \u00e9 sim - e se ainda n\u00e3o encontrou a pe\u00e7a desejada, verifique brevemente. H\u00e1 sempre a possibilidade de na pr\u00f3xima vez j\u00e1 estar dispon\u00edvel.\" \/>\n<meta property=\"og:url\" content=\"https:\/\/theworldbilliards.com\/pt-pt\/produto\/via-parts-superstore\/\" \/>\n<meta property=\"og:site_name\" content=\"The World Billiards\" \/>\n<meta property=\"article:publisher\" content=\"https:\/\/www.facebook.com\/baby.foot.superbes\" \/>\n<meta property=\"article:modified_time\" content=\"2023-06-27T11:54:13+00:00\" \/>\n<meta property=\"og:image\" content=\"https:\/\/theworldbilliards.com\/wp-content\/uploads\/2017\/10\/Via-parts.png\" \/>\n\t<meta property=\"og:image:width\" content=\"1280\" \/>\n\t<meta property=\"og:image:height\" content=\"1280\" \/>\n\t<meta property=\"og:image:type\" content=\"image\/png\" \/>\n<meta name=\"twitter:card\" content=\"summary_large_image\" \/>\n<script type=\"application\/ld+json\" class=\"yoast-schema-graph\">{\"@context\":\"https:\\\/\\\/schema.org\",\"@graph\":[{\"@type\":\"WebPage\",\"@id\":\"https:\\\/\\\/theworldbilliards.com\\\/pt-pt\\\/produto\\\/via-parts-superstore\\\/\",\"url\":\"https:\\\/\\\/theworldbilliards.com\\\/pt-pt\\\/produto\\\/via-parts-superstore\\\/\",\"name\":\"Via Parts Superstore - The World Billiards\",\"isPartOf\":{\"@id\":\"https:\\\/\\\/theworldbilliards.com\\\/pt-pt\\\/#website\"},\"primaryImageOfPage\":{\"@id\":\"https:\\\/\\\/theworldbilliards.com\\\/pt-pt\\\/produto\\\/via-parts-superstore\\\/#primaryimage\"},\"image\":{\"@id\":\"https:\\\/\\\/theworldbilliards.com\\\/pt-pt\\\/produto\\\/via-parts-superstore\\\/#primaryimage\"},\"thumbnailUrl\":\"https:\\\/\\\/theworldbilliards.com\\\/wp-content\\\/uploads\\\/2017\\\/10\\\/Via-parts.png\",\"datePublished\":\"2017-10-13T10:56:26+00:00\",\"dateModified\":\"2023-06-27T11:54:13+00:00\",\"description\":\"Alguns motivos que levam os nossos clientes a preferir pe\u00e7as genu\u00ednas VIA Pe\u00e7as Via t\u00eam o custo mais reduzido do mercado Fazemos a maioria das pe\u00e7as que vendemos Oferecemos uma gama completa de pe\u00e7as para colocador de pinos VIA MC2TM Oferecemos uma vasta selec\u00e7\u00e3o de pe\u00e7as usuais para outras marcas VIAPS ( VIA Parts Superstore ) \u00e9 um novo conceito revolcion\u00e1rio no mercado de pe\u00e7as. Com Pe\u00e7as n\u00e3o apenas para VIA MC2 mas tamb\u00e9m para outras marcas, incluindo a s\u00e9rie 82, G5 entre outros. A filosofia da VIAPS \u00e9 simples. Voc\u00ea e os seus mec\u00e3nicos sabem, t\u00e3o bem como n\u00f3s que as pe\u00e7as n\u00e3o s\u00e3o componentes do Vaiv\u00e9m Espacial, logo n\u00e3o dever\u00e3o ser excessivamente caras. A for\u00e7a da m\u00e3o de obra VIA est\u00e1 exactamente neste ponto. Simplesmente necessita de boa qualidade ao menor custo poss\u00edvel. O lugar onde encontra isto \u00e9 a VIAPS. Contacte o seu revendedor local VIA para um invent\u00e1rio completo. Esta lista aumenta de dia para dia. Oferecemos uma vasta gama de pe\u00e7as e a VIA trabalha para que esta seja o maior fornecedor mundial. B\u00e1sicamente a resposta \u00e9 sim - e se ainda n\u00e3o encontrou a pe\u00e7a desejada, verifique brevemente. H\u00e1 sempre a possibilidade de na pr\u00f3xima vez j\u00e1 estar dispon\u00edvel.\",\"breadcrumb\":{\"@id\":\"https:\\\/\\\/theworldbilliards.com\\\/pt-pt\\\/produto\\\/via-parts-superstore\\\/#breadcrumb\"},\"inLanguage\":\"pt-PT\",\"potentialAction\":[{\"@type\":\"ReadAction\",\"target\":[\"https:\\\/\\\/theworldbilliards.com\\\/pt-pt\\\/produto\\\/via-parts-superstore\\\/\"]}]},{\"@type\":\"ImageObject\",\"inLanguage\":\"pt-PT\",\"@id\":\"https:\\\/\\\/theworldbilliards.com\\\/pt-pt\\\/produto\\\/via-parts-superstore\\\/#primaryimage\",\"url\":\"https:\\\/\\\/theworldbilliards.com\\\/wp-content\\\/uploads\\\/2017\\\/10\\\/Via-parts.png\",\"contentUrl\":\"https:\\\/\\\/theworldbilliards.com\\\/wp-content\\\/uploads\\\/2017\\\/10\\\/Via-parts.png\",\"width\":1280,\"height\":1280},{\"@type\":\"BreadcrumbList\",\"@id\":\"https:\\\/\\\/theworldbilliards.com\\\/pt-pt\\\/produto\\\/via-parts-superstore\\\/#breadcrumb\",\"itemListElement\":[{\"@type\":\"ListItem\",\"position\":1,\"name\":\"In\u00edcio\",\"item\":\"https:\\\/\\\/theworldbilliards.com\\\/pt-pt\\\/\"},{\"@type\":\"ListItem\",\"position\":2,\"name\":\"Loja online\",\"item\":\"https:\\\/\\\/theworldbilliards.com\\\/pt-pt\\\/loja-theworldbilliards\\\/\"},{\"@type\":\"ListItem\",\"position\":3,\"name\":\"Via Parts Superstore\"}]},{\"@type\":\"WebSite\",\"@id\":\"https:\\\/\\\/theworldbilliards.com\\\/pt-pt\\\/#website\",\"url\":\"https:\\\/\\\/theworldbilliards.com\\\/pt-pt\\\/\",\"name\":\"TheWorldBilliards\",\"description\":\"Compre aqui bilhar, matraquilho, t\u00eanis de mesa e bowling\",\"publisher\":{\"@id\":\"https:\\\/\\\/theworldbilliards.com\\\/pt-pt\\\/#organization\"},\"alternateName\":\"The world billiards\",\"potentialAction\":[{\"@type\":\"SearchAction\",\"target\":{\"@type\":\"EntryPoint\",\"urlTemplate\":\"https:\\\/\\\/theworldbilliards.com\\\/pt-pt\\\/?s={search_term_string}\"},\"query-input\":{\"@type\":\"PropertyValueSpecification\",\"valueRequired\":true,\"valueName\":\"search_term_string\"}}],\"inLanguage\":\"pt-PT\"},{\"@type\":\"Organization\",\"@id\":\"https:\\\/\\\/theworldbilliards.com\\\/pt-pt\\\/#organization\",\"name\":\"The World Billiards\",\"alternateName\":\"The World Billiards\",\"url\":\"https:\\\/\\\/theworldbilliards.com\\\/pt-pt\\\/\",\"logo\":{\"@type\":\"ImageObject\",\"inLanguage\":\"pt-PT\",\"@id\":\"https:\\\/\\\/theworldbilliards.com\\\/pt-pt\\\/#\\\/schema\\\/logo\\\/image\\\/\",\"url\":\"\",\"contentUrl\":\"\",\"caption\":\"The World Billiards\"},\"image\":{\"@id\":\"https:\\\/\\\/theworldbilliards.com\\\/pt-pt\\\/#\\\/schema\\\/logo\\\/image\\\/\"},\"sameAs\":[\"https:\\\/\\\/www.facebook.com\\\/baby.foot.superbes\",\"https:\\\/\\\/www.youtube.com\\\/channel\\\/UCIMuOVAaUcH6UpZcsZlH0Tg\",\"https:\\\/\\\/www.facebook.com\\\/people\\\/Brunswick-Billiards-EspaaPortugal\\\/100066446264309\\\/\",\"https:\\\/\\\/www.instagram.com\\\/the_world_billiards\\\/\",\"https:\\\/\\\/www.pinterest.es\\\/Theworldbilliards\\\/\"]}]}<\/script>\n<!-- \/ Yoast SEO plugin. -->","yoast_head_json":{"title":"Via Parts Superstore - The World Billiards","description":"Alguns motivos que levam os nossos clientes a preferir pe\u00e7as genu\u00ednas VIA   Pe\u00e7as Via t\u00eam o custo mais reduzido do mercado  Fazemos a maioria das pe\u00e7as que vendemos  Oferecemos uma gama completa de pe\u00e7as para colocador de pinos VIA MC2TM  Oferecemos uma vasta selec\u00e7\u00e3o de pe\u00e7as usuais para outras marcas  VIAPS ( VIA Parts Superstore ) \u00e9 um novo conceito revolcion\u00e1rio no mercado de pe\u00e7as. Com Pe\u00e7as n\u00e3o apenas para VIA MC2 mas tamb\u00e9m para outras marcas, incluindo a s\u00e9rie 82, G5 entre outros.  A filosofia da VIAPS \u00e9 simples. Voc\u00ea e os seus mec\u00e3nicos sabem, t\u00e3o bem como n\u00f3s que as pe\u00e7as n\u00e3o s\u00e3o componentes do Vaiv\u00e9m Espacial, logo n\u00e3o dever\u00e3o ser excessivamente caras. A for\u00e7a da m\u00e3o de obra VIA est\u00e1 exactamente neste ponto. Simplesmente necessita de boa qualidade ao menor custo poss\u00edvel.  O lugar onde encontra isto \u00e9 a VIAPS. Contacte o seu revendedor local VIA para um invent\u00e1rio completo. Esta lista aumenta de dia para dia. Oferecemos uma vasta gama de pe\u00e7as e a VIA trabalha para que esta seja o maior fornecedor mundial. B\u00e1sicamente a resposta \u00e9 sim - e se ainda n\u00e3o encontrou a pe\u00e7a desejada, verifique brevemente. H\u00e1 sempre a possibilidade de na pr\u00f3xima vez j\u00e1 estar dispon\u00edvel.","robots":{"index":"index","follow":"follow","max-snippet":"max-snippet:-1","max-image-preview":"max-image-preview:large","max-video-preview":"max-video-preview:-1"},"canonical":"https:\/\/theworldbilliards.com\/pt-pt\/produto\/via-parts-superstore\/","og_locale":"pt_PT","og_type":"article","og_title":"Via Parts Superstore - The World Billiards","og_description":"Alguns motivos que levam os nossos clientes a preferir pe\u00e7as genu\u00ednas VIA   Pe\u00e7as Via t\u00eam o custo mais reduzido do mercado  Fazemos a maioria das pe\u00e7as que vendemos  Oferecemos uma gama completa de pe\u00e7as para colocador de pinos VIA MC2TM  Oferecemos uma vasta selec\u00e7\u00e3o de pe\u00e7as usuais para outras marcas  VIAPS ( VIA Parts Superstore ) \u00e9 um novo conceito revolcion\u00e1rio no mercado de pe\u00e7as. Com Pe\u00e7as n\u00e3o apenas para VIA MC2 mas tamb\u00e9m para outras marcas, incluindo a s\u00e9rie 82, G5 entre outros.  A filosofia da VIAPS \u00e9 simples. Voc\u00ea e os seus mec\u00e3nicos sabem, t\u00e3o bem como n\u00f3s que as pe\u00e7as n\u00e3o s\u00e3o componentes do Vaiv\u00e9m Espacial, logo n\u00e3o dever\u00e3o ser excessivamente caras. A for\u00e7a da m\u00e3o de obra VIA est\u00e1 exactamente neste ponto. Simplesmente necessita de boa qualidade ao menor custo poss\u00edvel.  O lugar onde encontra isto \u00e9 a VIAPS. Contacte o seu revendedor local VIA para um invent\u00e1rio completo. Esta lista aumenta de dia para dia. Oferecemos uma vasta gama de pe\u00e7as e a VIA trabalha para que esta seja o maior fornecedor mundial. B\u00e1sicamente a resposta \u00e9 sim - e se ainda n\u00e3o encontrou a pe\u00e7a desejada, verifique brevemente. H\u00e1 sempre a possibilidade de na pr\u00f3xima vez j\u00e1 estar dispon\u00edvel.","og_url":"https:\/\/theworldbilliards.com\/pt-pt\/produto\/via-parts-superstore\/","og_site_name":"The World Billiards","article_publisher":"https:\/\/www.facebook.com\/baby.foot.superbes","article_modified_time":"2023-06-27T11:54:13+00:00","og_image":[{"width":1280,"height":1280,"url":"https:\/\/theworldbilliards.com\/wp-content\/uploads\/2017\/10\/Via-parts.png","type":"image\/png"}],"twitter_card":"summary_large_image","schema":{"@context":"https:\/\/schema.org","@graph":[{"@type":"WebPage","@id":"https:\/\/theworldbilliards.com\/pt-pt\/produto\/via-parts-superstore\/","url":"https:\/\/theworldbilliards.com\/pt-pt\/produto\/via-parts-superstore\/","name":"Via Parts Superstore - The World Billiards","isPartOf":{"@id":"https:\/\/theworldbilliards.com\/pt-pt\/#website"},"primaryImageOfPage":{"@id":"https:\/\/theworldbilliards.com\/pt-pt\/produto\/via-parts-superstore\/#primaryimage"},"image":{"@id":"https:\/\/theworldbilliards.com\/pt-pt\/produto\/via-parts-superstore\/#primaryimage"},"thumbnailUrl":"https:\/\/theworldbilliards.com\/wp-content\/uploads\/2017\/10\/Via-parts.png","datePublished":"2017-10-13T10:56:26+00:00","dateModified":"2023-06-27T11:54:13+00:00","description":"Alguns motivos que levam os nossos clientes a preferir pe\u00e7as genu\u00ednas VIA Pe\u00e7as Via t\u00eam o custo mais reduzido do mercado Fazemos a maioria das pe\u00e7as que vendemos Oferecemos uma gama completa de pe\u00e7as para colocador de pinos VIA MC2TM Oferecemos uma vasta selec\u00e7\u00e3o de pe\u00e7as usuais para outras marcas VIAPS ( VIA Parts Superstore ) \u00e9 um novo conceito revolcion\u00e1rio no mercado de pe\u00e7as. Com Pe\u00e7as n\u00e3o apenas para VIA MC2 mas tamb\u00e9m para outras marcas, incluindo a s\u00e9rie 82, G5 entre outros. A filosofia da VIAPS \u00e9 simples. Voc\u00ea e os seus mec\u00e3nicos sabem, t\u00e3o bem como n\u00f3s que as pe\u00e7as n\u00e3o s\u00e3o componentes do Vaiv\u00e9m Espacial, logo n\u00e3o dever\u00e3o ser excessivamente caras. A for\u00e7a da m\u00e3o de obra VIA est\u00e1 exactamente neste ponto. Simplesmente necessita de boa qualidade ao menor custo poss\u00edvel. O lugar onde encontra isto \u00e9 a VIAPS. Contacte o seu revendedor local VIA para um invent\u00e1rio completo. Esta lista aumenta de dia para dia. Oferecemos uma vasta gama de pe\u00e7as e a VIA trabalha para que esta seja o maior fornecedor mundial. B\u00e1sicamente a resposta \u00e9 sim - e se ainda n\u00e3o encontrou a pe\u00e7a desejada, verifique brevemente. H\u00e1 sempre a possibilidade de na pr\u00f3xima vez j\u00e1 estar dispon\u00edvel.","breadcrumb":{"@id":"https:\/\/theworldbilliards.com\/pt-pt\/produto\/via-parts-superstore\/#breadcrumb"},"inLanguage":"pt-PT","potentialAction":[{"@type":"ReadAction","target":["https:\/\/theworldbilliards.com\/pt-pt\/produto\/via-parts-superstore\/"]}]},{"@type":"ImageObject","inLanguage":"pt-PT","@id":"https:\/\/theworldbilliards.com\/pt-pt\/produto\/via-parts-superstore\/#primaryimage","url":"https:\/\/theworldbilliards.com\/wp-content\/uploads\/2017\/10\/Via-parts.png","contentUrl":"https:\/\/theworldbilliards.com\/wp-content\/uploads\/2017\/10\/Via-parts.png","width":1280,"height":1280},{"@type":"BreadcrumbList","@id":"https:\/\/theworldbilliards.com\/pt-pt\/produto\/via-parts-superstore\/#breadcrumb","itemListElement":[{"@type":"ListItem","position":1,"name":"In\u00edcio","item":"https:\/\/theworldbilliards.com\/pt-pt\/"},{"@type":"ListItem","position":2,"name":"Loja online","item":"https:\/\/theworldbilliards.com\/pt-pt\/loja-theworldbilliards\/"},{"@type":"ListItem","position":3,"name":"Via Parts Superstore"}]},{"@type":"WebSite","@id":"https:\/\/theworldbilliards.com\/pt-pt\/#website","url":"https:\/\/theworldbilliards.com\/pt-pt\/","name":"TheWorldBilliards","description":"Compre aqui bilhar, matraquilho, t\u00eanis de mesa e bowling","publisher":{"@id":"https:\/\/theworldbilliards.com\/pt-pt\/#organization"},"alternateName":"The world billiards","potentialAction":[{"@type":"SearchAction","target":{"@type":"EntryPoint","urlTemplate":"https:\/\/theworldbilliards.com\/pt-pt\/?s={search_term_string}"},"query-input":{"@type":"PropertyValueSpecification","valueRequired":true,"valueName":"search_term_string"}}],"inLanguage":"pt-PT"},{"@type":"Organization","@id":"https:\/\/theworldbilliards.com\/pt-pt\/#organization","name":"The World Billiards","alternateName":"The World Billiards","url":"https:\/\/theworldbilliards.com\/pt-pt\/","logo":{"@type":"ImageObject","inLanguage":"pt-PT","@id":"https:\/\/theworldbilliards.com\/pt-pt\/#\/schema\/logo\/image\/","url":"","contentUrl":"","caption":"The World Billiards"},"image":{"@id":"https:\/\/theworldbilliards.com\/pt-pt\/#\/schema\/logo\/image\/"},"sameAs":["https:\/\/www.facebook.com\/baby.foot.superbes","https:\/\/www.youtube.com\/channel\/UCIMuOVAaUcH6UpZcsZlH0Tg","https:\/\/www.facebook.com\/people\/Brunswick-Billiards-EspaaPortugal\/100066446264309\/","https:\/\/www.instagram.com\/the_world_billiards\/","https:\/\/www.pinterest.es\/Theworldbilliards\/"]}]}},"_links":{"self":[{"href":"https:\/\/theworldbilliards.com\/pt-pt\/wp-json\/wp\/v2\/product\/40074","targetHints":{"allow":["GET"]}}],"collection":[{"href":"https:\/\/theworldbilliards.com\/pt-pt\/wp-json\/wp\/v2\/product"}],"about":[{"href":"https:\/\/theworldbilliards.com\/pt-pt\/wp-json\/wp\/v2\/types\/product"}],"wp:featuredmedia":[{"embeddable":true,"href":"https:\/\/theworldbilliards.com\/pt-pt\/wp-json\/wp\/v2\/media\/108744"}],"wp:attachment":[{"href":"https:\/\/theworldbilliards.com\/pt-pt\/wp-json\/wp\/v2\/media?parent=40074"}],"wp:term":[{"taxonomy":"product_brand","embeddable":true,"href":"https:\/\/theworldbilliards.com\/pt-pt\/wp-json\/wp\/v2\/product_brand?post=40074"},{"taxonomy":"product_cat","embeddable":true,"href":"https:\/\/theworldbilliards.com\/pt-pt\/wp-json\/wp\/v2\/product_cat?post=40074"},{"taxonomy":"product_tag","embeddable":true,"href":"https:\/\/theworldbilliards.com\/pt-pt\/wp-json\/wp\/v2\/product_tag?post=40074"}],"curies":[{"name":"wp","href":"https:\/\/api.w.org\/{rel}","templated":true}]}}