{"id":52352,"date":"2018-08-17T12:54:19","date_gmt":"2018-08-17T10:54:19","guid":{"rendered":"https:\/\/theworldbilliards.com\/?post_type=product&#038;p=52352"},"modified":"2024-03-01T12:47:16","modified_gmt":"2024-03-01T11:47:16","slug":"bilhar-dynamo-sedona","status":"publish","type":"product","link":"https:\/\/theworldbilliards.com\/pt-pt\/produto\/bilhar-dynamo-sedona\/","title":{"rendered":"Bilhar Dynamo Sedona"},"content":{"rendered":"<p>Os locais v\u00e3o adorar o visual, os jogadores v\u00e3o adorar a a\u00e7\u00e3o, os operadores v\u00e3o adorar a receita. O impressionante pacote de apar\u00eancia Midnight Black far\u00e1 com que o Sedona do Dynamo se encaixe perfeitamente em praticamente todos os esquemas de decora\u00e7\u00e3o. Esta mesa de bilhar est\u00e1 dispon\u00edvel em modelos de 6,5 p\u00e9s, 7 p\u00e9s e 8 p\u00e9s e vem de f\u00e1brica com uma calha que pode ser programada para aceitar a maioria das moedas.<\/p>\n<p>Separador magn\u00e9tico de bola branca n\u00e3o tem partes m\u00f3veis; projetado para separar bolas magn\u00e9ticas e de grandes dimens\u00f5es<br \/>\nSuporte de ard\u00f3sia de a\u00e7o galvanizado de calibre pesado<br \/>\nConstru\u00e7\u00e3o de gabinete de alta qualidade; pe\u00e7as de desgaste cobertas com metal ou pl\u00e1stico para uma vida \u00fatil mais longa<br \/>\nMecanismo Push Chute projetado para receber tokens ou a maioria das moedas<\/p>\n<p>Tamanhos dispon\u00edveis<br \/>\n101&#8243; &#8211; 8 p\u00e9s<br \/>\n93&#8243; &#8211; 7 p\u00e9s<br \/>\n88&#8243; &#8211; 6,5 p\u00e9s<\/p>\n","protected":false},"excerpt":{"rendered":"<p>Os locais v\u00e3o adorar o visual, os jogadores v\u00e3o adorar a a\u00e7\u00e3o, os operadores v\u00e3o adorar a receita. O impressionante [&hellip;]<\/p>\n","protected":false},"featured_media":104849,"template":"","meta":{"site-sidebar-layout":"default","site-content-layout":"","ast-site-content-layout":"default","site-content-style":"default","site-sidebar-style":"default","ast-global-header-display":"","ast-banner-title-visibility":"","ast-main-header-display":"","ast-hfb-above-header-display":"","ast-hfb-below-header-display":"","ast-hfb-mobile-header-display":"","site-post-title":"","ast-breadcrumbs-content":"","ast-featured-img":"","footer-sml-layout":"","ast-disable-related-posts":"","theme-transparent-header-meta":"default","adv-header-id-meta":"","stick-header-meta":"","header-above-stick-meta":"","header-main-stick-meta":"","header-below-stick-meta":"","astra-migrate-meta-layouts":"default","ast-page-background-enabled":"default","ast-page-background-meta":{"desktop":{"background-color":"var(--ast-global-color-4)","background-image":"","background-repeat":"repeat","background-position":"center center","background-size":"auto","background-attachment":"scroll","background-type":"","background-media":"","overlay-type":"","overlay-color":"","overlay-opacity":"","overlay-gradient":""},"tablet":{"background-color":"","background-image":"","background-repeat":"repeat","background-position":"center center","background-size":"auto","background-attachment":"scroll","background-type":"","background-media":"","overlay-type":"","overlay-color":"","overlay-opacity":"","overlay-gradient":""},"mobile":{"background-color":"","background-image":"","background-repeat":"repeat","background-position":"center center","background-size":"auto","background-attachment":"scroll","background-type":"","background-media":"","overlay-type":"","overlay-color":"","overlay-opacity":"","overlay-gradient":""}},"ast-content-background-meta":{"desktop":{"background-color":"var(--ast-global-color-5)","background-image":"","background-repeat":"repeat","background-position":"center center","background-size":"auto","background-attachment":"scroll","background-type":"","background-media":"","overlay-type":"","overlay-color":"","overlay-opacity":"","overlay-gradient":""},"tablet":{"background-color":"var(--ast-global-color-5)","background-image":"","background-repeat":"repeat","background-position":"center center","background-size":"auto","background-attachment":"scroll","background-type":"","background-media":"","overlay-type":"","overlay-color":"","overlay-opacity":"","overlay-gradient":""},"mobile":{"background-color":"var(--ast-global-color-5)","background-image":"","background-repeat":"repeat","background-position":"center center","background-size":"auto","background-attachment":"scroll","background-type":"","background-media":"","overlay-type":"","overlay-color":"","overlay-opacity":"","overlay-gradient":""}}},"product_brand":[5203],"product_cat":[1146,4524],"product_tag":[],"class_list":{"0":"post-52352","1":"product","2":"type-product","3":"status-publish","4":"has-post-thumbnail","6":"product_brand-valley-dynamo-pt-pt","7":"product_cat-bilhares-valley-dynamo","8":"product_cat-produtos-comerciais","9":"product_shipping_class-bilhares-grandes","10":"desktop-align-center","11":"tablet-align-left","12":"mobile-align-left","14":"first","15":"instock","16":"taxable","17":"shipping-taxable","18":"product-type-simple"},"yoast_head":"<!-- This site is optimized with the Yoast SEO plugin v27.4 - https:\/\/yoast.com\/product\/yoast-seo-wordpress\/ -->\n<title>Bilhar Dynamo Sedona - The World Billiards<\/title>\n<meta name=\"description\" content=\"Os locais v\u00e3o adorar o visual, os jogadores v\u00e3o adorar a a\u00e7\u00e3o, os operadores v\u00e3o adorar a receita. O impressionante pacote de apar\u00eancia Midnight Black far\u00e1 com que o Sedona do Dynamo se encaixe perfeitamente em praticamente todos os esquemas de decora\u00e7\u00e3o. Esta mesa de bilhar est\u00e1 dispon\u00edvel em modelos de 6,5 p\u00e9s, 7 p\u00e9s e 8 p\u00e9s e vem de f\u00e1brica com uma calha que pode ser programada para aceitar a maioria das moedas.  Separador magn\u00e9tico de bola branca n\u00e3o tem partes m\u00f3veis; projetado para separar bolas magn\u00e9ticas e de grandes dimens\u00f5es Suporte de ard\u00f3sia de a\u00e7o galvanizado de calibre pesado Constru\u00e7\u00e3o de gabinete de alta qualidade; pe\u00e7as de desgaste cobertas com metal ou pl\u00e1stico para uma vida \u00fatil mais longa Mecanismo Push Chute projetado para receber tokens ou a maioria das moedas  Tamanhos dispon\u00edveis 101&quot; - 8 p\u00e9s 93&quot; - 7 p\u00e9s 88&quot; - 6,5 p\u00e9s\" \/>\n<meta name=\"robots\" content=\"index, follow, max-snippet:-1, max-image-preview:large, max-video-preview:-1\" \/>\n<link rel=\"canonical\" href=\"https:\/\/theworldbilliards.com\/pt-pt\/produto\/bilhar-dynamo-sedona\/\" \/>\n<meta property=\"og:locale\" content=\"pt_PT\" \/>\n<meta property=\"og:type\" content=\"article\" \/>\n<meta property=\"og:title\" content=\"Bilhar Dynamo Sedona - The World Billiards\" \/>\n<meta property=\"og:description\" content=\"Os locais v\u00e3o adorar o visual, os jogadores v\u00e3o adorar a a\u00e7\u00e3o, os operadores v\u00e3o adorar a receita. O impressionante pacote de apar\u00eancia Midnight Black far\u00e1 com que o Sedona do Dynamo se encaixe perfeitamente em praticamente todos os esquemas de decora\u00e7\u00e3o. Esta mesa de bilhar est\u00e1 dispon\u00edvel em modelos de 6,5 p\u00e9s, 7 p\u00e9s e 8 p\u00e9s e vem de f\u00e1brica com uma calha que pode ser programada para aceitar a maioria das moedas.  Separador magn\u00e9tico de bola branca n\u00e3o tem partes m\u00f3veis; projetado para separar bolas magn\u00e9ticas e de grandes dimens\u00f5es Suporte de ard\u00f3sia de a\u00e7o galvanizado de calibre pesado Constru\u00e7\u00e3o de gabinete de alta qualidade; pe\u00e7as de desgaste cobertas com metal ou pl\u00e1stico para uma vida \u00fatil mais longa Mecanismo Push Chute projetado para receber tokens ou a maioria das moedas  Tamanhos dispon\u00edveis 101&quot; - 8 p\u00e9s 93&quot; - 7 p\u00e9s 88&quot; - 6,5 p\u00e9s\" \/>\n<meta property=\"og:url\" content=\"https:\/\/theworldbilliards.com\/pt-pt\/produto\/bilhar-dynamo-sedona\/\" \/>\n<meta property=\"og:site_name\" content=\"The World Billiards\" \/>\n<meta property=\"article:publisher\" content=\"https:\/\/www.facebook.com\/baby.foot.superbes\" \/>\n<meta property=\"article:modified_time\" content=\"2024-03-01T11:47:16+00:00\" \/>\n<meta property=\"og:image\" content=\"https:\/\/theworldbilliards.com\/wp-content\/uploads\/2018\/08\/SedonaMidnight2.png\" \/>\n\t<meta property=\"og:image:width\" content=\"1000\" \/>\n\t<meta property=\"og:image:height\" content=\"1000\" \/>\n\t<meta property=\"og:image:type\" content=\"image\/png\" \/>\n<meta name=\"twitter:card\" content=\"summary_large_image\" \/>\n<meta name=\"twitter:label1\" content=\"Tempo estimado de leitura\" \/>\n\t<meta name=\"twitter:data1\" content=\"1 minuto\" \/>\n<script type=\"application\/ld+json\" class=\"yoast-schema-graph\">{\"@context\":\"https:\\\/\\\/schema.org\",\"@graph\":[{\"@type\":\"WebPage\",\"@id\":\"https:\\\/\\\/theworldbilliards.com\\\/pt-pt\\\/produto\\\/bilhar-dynamo-sedona\\\/\",\"url\":\"https:\\\/\\\/theworldbilliards.com\\\/pt-pt\\\/produto\\\/bilhar-dynamo-sedona\\\/\",\"name\":\"Bilhar Dynamo Sedona - The World Billiards\",\"isPartOf\":{\"@id\":\"https:\\\/\\\/theworldbilliards.com\\\/pt-pt\\\/#website\"},\"primaryImageOfPage\":{\"@id\":\"https:\\\/\\\/theworldbilliards.com\\\/pt-pt\\\/produto\\\/bilhar-dynamo-sedona\\\/#primaryimage\"},\"image\":{\"@id\":\"https:\\\/\\\/theworldbilliards.com\\\/pt-pt\\\/produto\\\/bilhar-dynamo-sedona\\\/#primaryimage\"},\"thumbnailUrl\":\"https:\\\/\\\/theworldbilliards.com\\\/wp-content\\\/uploads\\\/2018\\\/08\\\/Dynamo_Sedona.jpg\",\"datePublished\":\"2018-08-17T10:54:19+00:00\",\"dateModified\":\"2024-03-01T11:47:16+00:00\",\"description\":\"Os locais v\u00e3o adorar o visual, os jogadores v\u00e3o adorar a a\u00e7\u00e3o, os operadores v\u00e3o adorar a receita. O impressionante pacote de apar\u00eancia Midnight Black far\u00e1 com que o Sedona do Dynamo se encaixe perfeitamente em praticamente todos os esquemas de decora\u00e7\u00e3o. Esta mesa de bilhar est\u00e1 dispon\u00edvel em modelos de 6,5 p\u00e9s, 7 p\u00e9s e 8 p\u00e9s e vem de f\u00e1brica com uma calha que pode ser programada para aceitar a maioria das moedas. Separador magn\u00e9tico de bola branca n\u00e3o tem partes m\u00f3veis; projetado para separar bolas magn\u00e9ticas e de grandes dimens\u00f5es Suporte de ard\u00f3sia de a\u00e7o galvanizado de calibre pesado Constru\u00e7\u00e3o de gabinete de alta qualidade; pe\u00e7as de desgaste cobertas com metal ou pl\u00e1stico para uma vida \u00fatil mais longa Mecanismo Push Chute projetado para receber tokens ou a maioria das moedas Tamanhos dispon\u00edveis 101\\\" - 8 p\u00e9s 93\\\" - 7 p\u00e9s 88\\\" - 6,5 p\u00e9s\",\"breadcrumb\":{\"@id\":\"https:\\\/\\\/theworldbilliards.com\\\/pt-pt\\\/produto\\\/bilhar-dynamo-sedona\\\/#breadcrumb\"},\"inLanguage\":\"pt-PT\",\"potentialAction\":[{\"@type\":\"ReadAction\",\"target\":[\"https:\\\/\\\/theworldbilliards.com\\\/pt-pt\\\/produto\\\/bilhar-dynamo-sedona\\\/\"]}]},{\"@type\":\"ImageObject\",\"inLanguage\":\"pt-PT\",\"@id\":\"https:\\\/\\\/theworldbilliards.com\\\/pt-pt\\\/produto\\\/bilhar-dynamo-sedona\\\/#primaryimage\",\"url\":\"https:\\\/\\\/theworldbilliards.com\\\/wp-content\\\/uploads\\\/2018\\\/08\\\/Dynamo_Sedona.jpg\",\"contentUrl\":\"https:\\\/\\\/theworldbilliards.com\\\/wp-content\\\/uploads\\\/2018\\\/08\\\/Dynamo_Sedona.jpg\",\"width\":1000,\"height\":998},{\"@type\":\"BreadcrumbList\",\"@id\":\"https:\\\/\\\/theworldbilliards.com\\\/pt-pt\\\/produto\\\/bilhar-dynamo-sedona\\\/#breadcrumb\",\"itemListElement\":[{\"@type\":\"ListItem\",\"position\":1,\"name\":\"In\u00edcio\",\"item\":\"https:\\\/\\\/theworldbilliards.com\\\/pt-pt\\\/\"},{\"@type\":\"ListItem\",\"position\":2,\"name\":\"Loja online\",\"item\":\"https:\\\/\\\/theworldbilliards.com\\\/pt-pt\\\/loja-theworldbilliards\\\/\"},{\"@type\":\"ListItem\",\"position\":3,\"name\":\"Bilhar Dynamo Sedona\"}]},{\"@type\":\"WebSite\",\"@id\":\"https:\\\/\\\/theworldbilliards.com\\\/pt-pt\\\/#website\",\"url\":\"https:\\\/\\\/theworldbilliards.com\\\/pt-pt\\\/\",\"name\":\"TheWorldBilliards\",\"description\":\"Compre aqui bilhar, matraquilho, t\u00eanis de mesa e bowling\",\"publisher\":{\"@id\":\"https:\\\/\\\/theworldbilliards.com\\\/pt-pt\\\/#organization\"},\"alternateName\":\"The world billiards\",\"potentialAction\":[{\"@type\":\"SearchAction\",\"target\":{\"@type\":\"EntryPoint\",\"urlTemplate\":\"https:\\\/\\\/theworldbilliards.com\\\/pt-pt\\\/?s={search_term_string}\"},\"query-input\":{\"@type\":\"PropertyValueSpecification\",\"valueRequired\":true,\"valueName\":\"search_term_string\"}}],\"inLanguage\":\"pt-PT\"},{\"@type\":\"Organization\",\"@id\":\"https:\\\/\\\/theworldbilliards.com\\\/pt-pt\\\/#organization\",\"name\":\"The World Billiards\",\"alternateName\":\"The World Billiards\",\"url\":\"https:\\\/\\\/theworldbilliards.com\\\/pt-pt\\\/\",\"logo\":{\"@type\":\"ImageObject\",\"inLanguage\":\"pt-PT\",\"@id\":\"https:\\\/\\\/theworldbilliards.com\\\/pt-pt\\\/#\\\/schema\\\/logo\\\/image\\\/\",\"url\":\"\",\"contentUrl\":\"\",\"caption\":\"The World Billiards\"},\"image\":{\"@id\":\"https:\\\/\\\/theworldbilliards.com\\\/pt-pt\\\/#\\\/schema\\\/logo\\\/image\\\/\"},\"sameAs\":[\"https:\\\/\\\/www.facebook.com\\\/baby.foot.superbes\",\"https:\\\/\\\/www.youtube.com\\\/channel\\\/UCIMuOVAaUcH6UpZcsZlH0Tg\",\"https:\\\/\\\/www.facebook.com\\\/people\\\/Brunswick-Billiards-EspaaPortugal\\\/100066446264309\\\/\",\"https:\\\/\\\/www.instagram.com\\\/the_world_billiards\\\/\",\"https:\\\/\\\/www.pinterest.es\\\/Theworldbilliards\\\/\"]}]}<\/script>\n<!-- \/ Yoast SEO plugin. -->","yoast_head_json":{"title":"Bilhar Dynamo Sedona - The World Billiards","description":"Os locais v\u00e3o adorar o visual, os jogadores v\u00e3o adorar a a\u00e7\u00e3o, os operadores v\u00e3o adorar a receita. O impressionante pacote de apar\u00eancia Midnight Black far\u00e1 com que o Sedona do Dynamo se encaixe perfeitamente em praticamente todos os esquemas de decora\u00e7\u00e3o. Esta mesa de bilhar est\u00e1 dispon\u00edvel em modelos de 6,5 p\u00e9s, 7 p\u00e9s e 8 p\u00e9s e vem de f\u00e1brica com uma calha que pode ser programada para aceitar a maioria das moedas.  Separador magn\u00e9tico de bola branca n\u00e3o tem partes m\u00f3veis; projetado para separar bolas magn\u00e9ticas e de grandes dimens\u00f5es Suporte de ard\u00f3sia de a\u00e7o galvanizado de calibre pesado Constru\u00e7\u00e3o de gabinete de alta qualidade; pe\u00e7as de desgaste cobertas com metal ou pl\u00e1stico para uma vida \u00fatil mais longa Mecanismo Push Chute projetado para receber tokens ou a maioria das moedas  Tamanhos dispon\u00edveis 101\" - 8 p\u00e9s 93\" - 7 p\u00e9s 88\" - 6,5 p\u00e9s","robots":{"index":"index","follow":"follow","max-snippet":"max-snippet:-1","max-image-preview":"max-image-preview:large","max-video-preview":"max-video-preview:-1"},"canonical":"https:\/\/theworldbilliards.com\/pt-pt\/produto\/bilhar-dynamo-sedona\/","og_locale":"pt_PT","og_type":"article","og_title":"Bilhar Dynamo Sedona - The World Billiards","og_description":"Os locais v\u00e3o adorar o visual, os jogadores v\u00e3o adorar a a\u00e7\u00e3o, os operadores v\u00e3o adorar a receita. O impressionante pacote de apar\u00eancia Midnight Black far\u00e1 com que o Sedona do Dynamo se encaixe perfeitamente em praticamente todos os esquemas de decora\u00e7\u00e3o. Esta mesa de bilhar est\u00e1 dispon\u00edvel em modelos de 6,5 p\u00e9s, 7 p\u00e9s e 8 p\u00e9s e vem de f\u00e1brica com uma calha que pode ser programada para aceitar a maioria das moedas.  Separador magn\u00e9tico de bola branca n\u00e3o tem partes m\u00f3veis; projetado para separar bolas magn\u00e9ticas e de grandes dimens\u00f5es Suporte de ard\u00f3sia de a\u00e7o galvanizado de calibre pesado Constru\u00e7\u00e3o de gabinete de alta qualidade; pe\u00e7as de desgaste cobertas com metal ou pl\u00e1stico para uma vida \u00fatil mais longa Mecanismo Push Chute projetado para receber tokens ou a maioria das moedas  Tamanhos dispon\u00edveis 101\" - 8 p\u00e9s 93\" - 7 p\u00e9s 88\" - 6,5 p\u00e9s","og_url":"https:\/\/theworldbilliards.com\/pt-pt\/produto\/bilhar-dynamo-sedona\/","og_site_name":"The World Billiards","article_publisher":"https:\/\/www.facebook.com\/baby.foot.superbes","article_modified_time":"2024-03-01T11:47:16+00:00","og_image":[{"width":1000,"height":1000,"url":"https:\/\/theworldbilliards.com\/wp-content\/uploads\/2018\/08\/SedonaMidnight2.png","type":"image\/png"}],"twitter_card":"summary_large_image","twitter_misc":{"Tempo estimado de leitura":"1 minuto"},"schema":{"@context":"https:\/\/schema.org","@graph":[{"@type":"WebPage","@id":"https:\/\/theworldbilliards.com\/pt-pt\/produto\/bilhar-dynamo-sedona\/","url":"https:\/\/theworldbilliards.com\/pt-pt\/produto\/bilhar-dynamo-sedona\/","name":"Bilhar Dynamo Sedona - The World Billiards","isPartOf":{"@id":"https:\/\/theworldbilliards.com\/pt-pt\/#website"},"primaryImageOfPage":{"@id":"https:\/\/theworldbilliards.com\/pt-pt\/produto\/bilhar-dynamo-sedona\/#primaryimage"},"image":{"@id":"https:\/\/theworldbilliards.com\/pt-pt\/produto\/bilhar-dynamo-sedona\/#primaryimage"},"thumbnailUrl":"https:\/\/theworldbilliards.com\/wp-content\/uploads\/2018\/08\/Dynamo_Sedona.jpg","datePublished":"2018-08-17T10:54:19+00:00","dateModified":"2024-03-01T11:47:16+00:00","description":"Os locais v\u00e3o adorar o visual, os jogadores v\u00e3o adorar a a\u00e7\u00e3o, os operadores v\u00e3o adorar a receita. O impressionante pacote de apar\u00eancia Midnight Black far\u00e1 com que o Sedona do Dynamo se encaixe perfeitamente em praticamente todos os esquemas de decora\u00e7\u00e3o. Esta mesa de bilhar est\u00e1 dispon\u00edvel em modelos de 6,5 p\u00e9s, 7 p\u00e9s e 8 p\u00e9s e vem de f\u00e1brica com uma calha que pode ser programada para aceitar a maioria das moedas. Separador magn\u00e9tico de bola branca n\u00e3o tem partes m\u00f3veis; projetado para separar bolas magn\u00e9ticas e de grandes dimens\u00f5es Suporte de ard\u00f3sia de a\u00e7o galvanizado de calibre pesado Constru\u00e7\u00e3o de gabinete de alta qualidade; pe\u00e7as de desgaste cobertas com metal ou pl\u00e1stico para uma vida \u00fatil mais longa Mecanismo Push Chute projetado para receber tokens ou a maioria das moedas Tamanhos dispon\u00edveis 101\" - 8 p\u00e9s 93\" - 7 p\u00e9s 88\" - 6,5 p\u00e9s","breadcrumb":{"@id":"https:\/\/theworldbilliards.com\/pt-pt\/produto\/bilhar-dynamo-sedona\/#breadcrumb"},"inLanguage":"pt-PT","potentialAction":[{"@type":"ReadAction","target":["https:\/\/theworldbilliards.com\/pt-pt\/produto\/bilhar-dynamo-sedona\/"]}]},{"@type":"ImageObject","inLanguage":"pt-PT","@id":"https:\/\/theworldbilliards.com\/pt-pt\/produto\/bilhar-dynamo-sedona\/#primaryimage","url":"https:\/\/theworldbilliards.com\/wp-content\/uploads\/2018\/08\/Dynamo_Sedona.jpg","contentUrl":"https:\/\/theworldbilliards.com\/wp-content\/uploads\/2018\/08\/Dynamo_Sedona.jpg","width":1000,"height":998},{"@type":"BreadcrumbList","@id":"https:\/\/theworldbilliards.com\/pt-pt\/produto\/bilhar-dynamo-sedona\/#breadcrumb","itemListElement":[{"@type":"ListItem","position":1,"name":"In\u00edcio","item":"https:\/\/theworldbilliards.com\/pt-pt\/"},{"@type":"ListItem","position":2,"name":"Loja online","item":"https:\/\/theworldbilliards.com\/pt-pt\/loja-theworldbilliards\/"},{"@type":"ListItem","position":3,"name":"Bilhar Dynamo Sedona"}]},{"@type":"WebSite","@id":"https:\/\/theworldbilliards.com\/pt-pt\/#website","url":"https:\/\/theworldbilliards.com\/pt-pt\/","name":"TheWorldBilliards","description":"Compre aqui bilhar, matraquilho, t\u00eanis de mesa e bowling","publisher":{"@id":"https:\/\/theworldbilliards.com\/pt-pt\/#organization"},"alternateName":"The world billiards","potentialAction":[{"@type":"SearchAction","target":{"@type":"EntryPoint","urlTemplate":"https:\/\/theworldbilliards.com\/pt-pt\/?s={search_term_string}"},"query-input":{"@type":"PropertyValueSpecification","valueRequired":true,"valueName":"search_term_string"}}],"inLanguage":"pt-PT"},{"@type":"Organization","@id":"https:\/\/theworldbilliards.com\/pt-pt\/#organization","name":"The World Billiards","alternateName":"The World Billiards","url":"https:\/\/theworldbilliards.com\/pt-pt\/","logo":{"@type":"ImageObject","inLanguage":"pt-PT","@id":"https:\/\/theworldbilliards.com\/pt-pt\/#\/schema\/logo\/image\/","url":"","contentUrl":"","caption":"The World Billiards"},"image":{"@id":"https:\/\/theworldbilliards.com\/pt-pt\/#\/schema\/logo\/image\/"},"sameAs":["https:\/\/www.facebook.com\/baby.foot.superbes","https:\/\/www.youtube.com\/channel\/UCIMuOVAaUcH6UpZcsZlH0Tg","https:\/\/www.facebook.com\/people\/Brunswick-Billiards-EspaaPortugal\/100066446264309\/","https:\/\/www.instagram.com\/the_world_billiards\/","https:\/\/www.pinterest.es\/Theworldbilliards\/"]}]}},"_links":{"self":[{"href":"https:\/\/theworldbilliards.com\/pt-pt\/wp-json\/wp\/v2\/product\/52352","targetHints":{"allow":["GET"]}}],"collection":[{"href":"https:\/\/theworldbilliards.com\/pt-pt\/wp-json\/wp\/v2\/product"}],"about":[{"href":"https:\/\/theworldbilliards.com\/pt-pt\/wp-json\/wp\/v2\/types\/product"}],"wp:featuredmedia":[{"embeddable":true,"href":"https:\/\/theworldbilliards.com\/pt-pt\/wp-json\/wp\/v2\/media\/104849"}],"wp:attachment":[{"href":"https:\/\/theworldbilliards.com\/pt-pt\/wp-json\/wp\/v2\/media?parent=52352"}],"wp:term":[{"taxonomy":"product_brand","embeddable":true,"href":"https:\/\/theworldbilliards.com\/pt-pt\/wp-json\/wp\/v2\/product_brand?post=52352"},{"taxonomy":"product_cat","embeddable":true,"href":"https:\/\/theworldbilliards.com\/pt-pt\/wp-json\/wp\/v2\/product_cat?post=52352"},{"taxonomy":"product_tag","embeddable":true,"href":"https:\/\/theworldbilliards.com\/pt-pt\/wp-json\/wp\/v2\/product_tag?post=52352"}],"curies":[{"name":"wp","href":"https:\/\/api.w.org\/{rel}","templated":true}]}}