{"id":53640,"date":"2019-01-05T10:29:37","date_gmt":"2019-01-05T09:29:37","guid":{"rendered":"https:\/\/theworldbilliards.com\/?post_type=product&#038;p=53640"},"modified":"2026-01-17T13:16:13","modified_gmt":"2026-01-17T12:16:13","slug":"matraquilho-president-para-escolas","status":"publish","type":"product","link":"https:\/\/theworldbilliards.com\/pt-pt\/produto\/matraquilho-president-para-escolas\/","title":{"rendered":"Matraquilho President para escolas"},"content":{"rendered":"<p>Mesa de matraquilhos com tampo de vidro temperado protetor para maior seguran\u00e7a, ideal para escolas, proporcionando momentos divertidos e em seguran\u00e7a.<\/p>\n<p>Excelente matraquilho em madeira maci\u00e7a, destinado a qualquer faixa de idade.<br \/>\nAcabamentos de Alta Qualidade. Pintura anti-humidade em op\u00e7\u00e3o.<br \/>\nVar\u00f5es calibrados refor\u00e7ados de 15 mm. em op\u00e7ao varoes embutidos em inox.<br \/>\nMadeira maci\u00e7a.<br \/>\nPunhos em Pl\u00e1stico estilo de competi\u00e7\u00e3o.<br \/>\nPeso \u2013 80 Kg.<br \/>\nEm op\u00e7ao: C\u00f4r da madeira, c\u00f4r das equipas, moedeiro, punhos de madeira, etc.<br \/>\n2 Bolas inclu\u00eddas em madeira ou pl\u00e1stico.<\/p>\n<p>Op\u00e7\u00e3o LED RGB com controle remoto<\/p>\n<p><strong>Aten\u00e7\u00e3o este equipamento nao pode estar no exterior ao sol e \u00e0 chuva.<\/strong><\/p>\n<p><strong>Prote\u00e7\u00e3o para matraquilhos em vidro temperado de 4 mm de espessura<\/strong><\/p>\n<p>O vidro temperado \u00e9 um tipo de vidro que passa por um processo de tratamento t\u00e9rmico para aumentar sua resist\u00eancia. Algumas especifica\u00e7\u00f5es comuns incluem:<\/p>\n<p>1. *Resist\u00eancia:* O vidro temperado \u00e9 mais resistente a impactos e choques t\u00e9rmicos do que o vidro comum.<\/p>\n<p>2. *Seguran\u00e7a:* Em caso de quebra, o vidro temperado se fragmenta em pequenos peda\u00e7os menos afiados do que os fragmentos de vidro comum, reduzindo o risco de ferimentos.<\/p>\n<p>3. *Espessura:* Pode variar de acordo com a aplica\u00e7\u00e3o, mas \u00e9 geralmente mais espesso que o vidro comum para garantir maior resist\u00eancia.<\/p>\n<p>4. *Processo de Tempera:* O vidro passa por um processo de aquecimento a altas temperaturas seguido por um resfriamento r\u00e1pido para criar tens\u00f5es internas que aumentam sua resist\u00eancia.<\/p>\n","protected":false},"excerpt":{"rendered":"<p>Mesa de matraquilhos com tampo de vidro temperado protetor para maior seguran\u00e7a, ideal para escolas, proporcionando momentos divertidos e em [&hellip;]<\/p>\n","protected":false},"featured_media":56183,"template":"","meta":{"site-sidebar-layout":"default","site-content-layout":"","ast-site-content-layout":"default","site-content-style":"default","site-sidebar-style":"default","ast-global-header-display":"","ast-banner-title-visibility":"","ast-main-header-display":"","ast-hfb-above-header-display":"","ast-hfb-below-header-display":"","ast-hfb-mobile-header-display":"","site-post-title":"","ast-breadcrumbs-content":"","ast-featured-img":"","footer-sml-layout":"","ast-disable-related-posts":"","theme-transparent-header-meta":"default","adv-header-id-meta":"","stick-header-meta":"","header-above-stick-meta":"","header-main-stick-meta":"","header-below-stick-meta":"","astra-migrate-meta-layouts":"set","ast-page-background-enabled":"default","ast-page-background-meta":{"desktop":{"background-color":"var(--ast-global-color-4)","background-image":"","background-repeat":"repeat","background-position":"center center","background-size":"auto","background-attachment":"scroll","background-type":"","background-media":"","overlay-type":"","overlay-color":"","overlay-opacity":"","overlay-gradient":""},"tablet":{"background-color":"","background-image":"","background-repeat":"repeat","background-position":"center center","background-size":"auto","background-attachment":"scroll","background-type":"","background-media":"","overlay-type":"","overlay-color":"","overlay-opacity":"","overlay-gradient":""},"mobile":{"background-color":"","background-image":"","background-repeat":"repeat","background-position":"center center","background-size":"auto","background-attachment":"scroll","background-type":"","background-media":"","overlay-type":"","overlay-color":"","overlay-opacity":"","overlay-gradient":""}},"ast-content-background-meta":{"desktop":{"background-color":"var(--ast-global-color-5)","background-image":"","background-repeat":"repeat","background-position":"center center","background-size":"auto","background-attachment":"scroll","background-type":"","background-media":"","overlay-type":"","overlay-color":"","overlay-opacity":"","overlay-gradient":""},"tablet":{"background-color":"var(--ast-global-color-5)","background-image":"","background-repeat":"repeat","background-position":"center center","background-size":"auto","background-attachment":"scroll","background-type":"","background-media":"","overlay-type":"","overlay-color":"","overlay-opacity":"","overlay-gradient":""},"mobile":{"background-color":"var(--ast-global-color-5)","background-image":"","background-repeat":"repeat","background-position":"center center","background-size":"auto","background-attachment":"scroll","background-type":"","background-media":"","overlay-type":"","overlay-color":"","overlay-opacity":"","overlay-gradient":""}}},"product_brand":[5219],"product_cat":[1124],"product_tag":[],"class_list":{"0":"post-53640","1":"product","2":"type-product","3":"status-publish","4":"has-post-thumbnail","6":"product_brand-twb-the-world-billiards-pt-pt","7":"product_cat-matraquilhos-sem-moedeiro","8":"product_shipping_class-matraquilhos","9":"desktop-align-center","10":"tablet-align-left","11":"mobile-align-left","13":"first","14":"instock","15":"taxable","16":"shipping-taxable","17":"purchasable","18":"product-type-variable"},"yoast_head":"<!-- This site is optimized with the Yoast SEO plugin v27.4 - https:\/\/yoast.com\/product\/yoast-seo-wordpress\/ -->\n<title>Matraquilho President para escolas - The World Billiards<\/title>\n<meta name=\"description\" content=\"Mesa de matraquilhos com tampo de vidro temperado protetor para maior seguran\u00e7a, ideal para escolas, proporcionando momentos divertidos e em seguran\u00e7a.  Excelente matraquilho em madeira maci\u00e7a, destinado a qualquer faixa de idade. Acabamentos de Alta Qualidade. Pintura anti-humidade em op\u00e7\u00e3o. Var\u00f5es calibrados refor\u00e7ados de 15 mm. em op\u00e7ao varoes embutidos em inox. Madeira maci\u00e7a. Punhos em Pl\u00e1stico estilo de competi\u00e7\u00e3o. Peso \u2013 80 Kg. Em op\u00e7ao: C\u00f4r da madeira, c\u00f4r das equipas, moedeiro, punhos de madeira, etc. 2 Bolas inclu\u00eddas em madeira ou pl\u00e1stico.  Op\u00e7\u00e3o LED RGB com controle remoto  Aten\u00e7\u00e3o este equipamento nao pode estar no exterior ao sol e \u00e0 chuva.  Prote\u00e7\u00e3o para matraquilhos em vidro temperado de 4 mm de espessura  O vidro temperado \u00e9 um tipo de vidro que passa por um processo de tratamento t\u00e9rmico para aumentar sua resist\u00eancia. Algumas especifica\u00e7\u00f5es comuns incluem:  1. *Resist\u00eancia:* O vidro temperado \u00e9 mais resistente a impactos e choques t\u00e9rmicos do que o vidro comum.  2. *Seguran\u00e7a:* Em caso de quebra, o vidro temperado se fragmenta em pequenos peda\u00e7os menos afiados do que os fragmentos de vidro comum, reduzindo o risco de ferimentos.  3. *Espessura:* Pode variar de acordo com a aplica\u00e7\u00e3o, mas \u00e9 geralmente mais espesso que o vidro comum para garantir maior resist\u00eancia.  4. *Processo de Tempera:* O vidro passa por um processo de aquecimento a altas temperaturas seguido por um resfriamento r\u00e1pido para criar tens\u00f5es internas que aumentam sua resist\u00eancia.\" \/>\n<meta name=\"robots\" content=\"index, follow, max-snippet:-1, max-image-preview:large, max-video-preview:-1\" \/>\n<link rel=\"canonical\" href=\"https:\/\/theworldbilliards.com\/pt-pt\/produto\/matraquilho-president-para-escolas\/\" \/>\n<meta property=\"og:locale\" content=\"pt_PT\" \/>\n<meta property=\"og:type\" content=\"article\" \/>\n<meta property=\"og:title\" content=\"Matraquilho President para escolas - The World Billiards\" \/>\n<meta property=\"og:description\" content=\"Mesa de matraquilhos com tampo de vidro temperado protetor para maior seguran\u00e7a, ideal para escolas, proporcionando momentos divertidos e em seguran\u00e7a.  Excelente matraquilho em madeira maci\u00e7a, destinado a qualquer faixa de idade. Acabamentos de Alta Qualidade. Pintura anti-humidade em op\u00e7\u00e3o. Var\u00f5es calibrados refor\u00e7ados de 15 mm. em op\u00e7ao varoes embutidos em inox. Madeira maci\u00e7a. Punhos em Pl\u00e1stico estilo de competi\u00e7\u00e3o. Peso \u2013 80 Kg. Em op\u00e7ao: C\u00f4r da madeira, c\u00f4r das equipas, moedeiro, punhos de madeira, etc. 2 Bolas inclu\u00eddas em madeira ou pl\u00e1stico.  Op\u00e7\u00e3o LED RGB com controle remoto  Aten\u00e7\u00e3o este equipamento nao pode estar no exterior ao sol e \u00e0 chuva.  Prote\u00e7\u00e3o para matraquilhos em vidro temperado de 4 mm de espessura  O vidro temperado \u00e9 um tipo de vidro que passa por um processo de tratamento t\u00e9rmico para aumentar sua resist\u00eancia. Algumas especifica\u00e7\u00f5es comuns incluem:  1. *Resist\u00eancia:* O vidro temperado \u00e9 mais resistente a impactos e choques t\u00e9rmicos do que o vidro comum.  2. *Seguran\u00e7a:* Em caso de quebra, o vidro temperado se fragmenta em pequenos peda\u00e7os menos afiados do que os fragmentos de vidro comum, reduzindo o risco de ferimentos.  3. *Espessura:* Pode variar de acordo com a aplica\u00e7\u00e3o, mas \u00e9 geralmente mais espesso que o vidro comum para garantir maior resist\u00eancia.  4. *Processo de Tempera:* O vidro passa por um processo de aquecimento a altas temperaturas seguido por um resfriamento r\u00e1pido para criar tens\u00f5es internas que aumentam sua resist\u00eancia.\" \/>\n<meta property=\"og:url\" content=\"https:\/\/theworldbilliards.com\/pt-pt\/produto\/matraquilho-president-para-escolas\/\" \/>\n<meta property=\"og:site_name\" content=\"The World Billiards\" \/>\n<meta property=\"article:publisher\" content=\"https:\/\/www.facebook.com\/baby.foot.superbes\" \/>\n<meta property=\"article:modified_time\" content=\"2026-01-17T12:16:13+00:00\" \/>\n<meta property=\"og:image\" content=\"https:\/\/theworldbilliards.com\/wp-content\/uploads\/2019\/01\/President-4.jpeg\" \/>\n\t<meta property=\"og:image:width\" content=\"1115\" \/>\n\t<meta property=\"og:image:height\" content=\"1115\" \/>\n\t<meta property=\"og:image:type\" content=\"image\/jpeg\" \/>\n<meta name=\"twitter:card\" content=\"summary_large_image\" \/>\n<script type=\"application\/ld+json\" class=\"yoast-schema-graph\">{\"@context\":\"https:\\\/\\\/schema.org\",\"@graph\":[{\"@type\":\"WebPage\",\"@id\":\"https:\\\/\\\/theworldbilliards.com\\\/pt-pt\\\/produto\\\/matraquilho-president-para-escolas\\\/\",\"url\":\"https:\\\/\\\/theworldbilliards.com\\\/pt-pt\\\/produto\\\/matraquilho-president-para-escolas\\\/\",\"name\":\"Matraquilho President para escolas - The World Billiards\",\"isPartOf\":{\"@id\":\"https:\\\/\\\/theworldbilliards.com\\\/pt-pt\\\/#website\"},\"primaryImageOfPage\":{\"@id\":\"https:\\\/\\\/theworldbilliards.com\\\/pt-pt\\\/produto\\\/matraquilho-president-para-escolas\\\/#primaryimage\"},\"image\":{\"@id\":\"https:\\\/\\\/theworldbilliards.com\\\/pt-pt\\\/produto\\\/matraquilho-president-para-escolas\\\/#primaryimage\"},\"thumbnailUrl\":\"https:\\\/\\\/theworldbilliards.com\\\/wp-content\\\/uploads\\\/2019\\\/01\\\/President-4.jpeg\",\"datePublished\":\"2019-01-05T09:29:37+00:00\",\"dateModified\":\"2026-01-17T12:16:13+00:00\",\"description\":\"Mesa de matraquilhos com tampo de vidro temperado protetor para maior seguran\u00e7a, ideal para escolas, proporcionando momentos divertidos e em seguran\u00e7a. Excelente matraquilho em madeira maci\u00e7a, destinado a qualquer faixa de idade. Acabamentos de Alta Qualidade. Pintura anti-humidade em op\u00e7\u00e3o. Var\u00f5es calibrados refor\u00e7ados de 15 mm. em op\u00e7ao varoes embutidos em inox. Madeira maci\u00e7a. Punhos em Pl\u00e1stico estilo de competi\u00e7\u00e3o. Peso \u2013 80 Kg. Em op\u00e7ao: C\u00f4r da madeira, c\u00f4r das equipas, moedeiro, punhos de madeira, etc. 2 Bolas inclu\u00eddas em madeira ou pl\u00e1stico. Op\u00e7\u00e3o LED RGB com controle remoto Aten\u00e7\u00e3o este equipamento nao pode estar no exterior ao sol e \u00e0 chuva. Prote\u00e7\u00e3o para matraquilhos em vidro temperado de 4 mm de espessura O vidro temperado \u00e9 um tipo de vidro que passa por um processo de tratamento t\u00e9rmico para aumentar sua resist\u00eancia. Algumas especifica\u00e7\u00f5es comuns incluem: 1. *Resist\u00eancia:* O vidro temperado \u00e9 mais resistente a impactos e choques t\u00e9rmicos do que o vidro comum. 2. *Seguran\u00e7a:* Em caso de quebra, o vidro temperado se fragmenta em pequenos peda\u00e7os menos afiados do que os fragmentos de vidro comum, reduzindo o risco de ferimentos. 3. *Espessura:* Pode variar de acordo com a aplica\u00e7\u00e3o, mas \u00e9 geralmente mais espesso que o vidro comum para garantir maior resist\u00eancia. 4. *Processo de Tempera:* O vidro passa por um processo de aquecimento a altas temperaturas seguido por um resfriamento r\u00e1pido para criar tens\u00f5es internas que aumentam sua resist\u00eancia.\",\"breadcrumb\":{\"@id\":\"https:\\\/\\\/theworldbilliards.com\\\/pt-pt\\\/produto\\\/matraquilho-president-para-escolas\\\/#breadcrumb\"},\"inLanguage\":\"pt-PT\",\"potentialAction\":[{\"@type\":\"ReadAction\",\"target\":[\"https:\\\/\\\/theworldbilliards.com\\\/pt-pt\\\/produto\\\/matraquilho-president-para-escolas\\\/\"]}]},{\"@type\":\"ImageObject\",\"inLanguage\":\"pt-PT\",\"@id\":\"https:\\\/\\\/theworldbilliards.com\\\/pt-pt\\\/produto\\\/matraquilho-president-para-escolas\\\/#primaryimage\",\"url\":\"https:\\\/\\\/theworldbilliards.com\\\/wp-content\\\/uploads\\\/2019\\\/01\\\/President-4.jpeg\",\"contentUrl\":\"https:\\\/\\\/theworldbilliards.com\\\/wp-content\\\/uploads\\\/2019\\\/01\\\/President-4.jpeg\",\"width\":1115,\"height\":1115},{\"@type\":\"BreadcrumbList\",\"@id\":\"https:\\\/\\\/theworldbilliards.com\\\/pt-pt\\\/produto\\\/matraquilho-president-para-escolas\\\/#breadcrumb\",\"itemListElement\":[{\"@type\":\"ListItem\",\"position\":1,\"name\":\"In\u00edcio\",\"item\":\"https:\\\/\\\/theworldbilliards.com\\\/pt-pt\\\/\"},{\"@type\":\"ListItem\",\"position\":2,\"name\":\"Loja online\",\"item\":\"https:\\\/\\\/theworldbilliards.com\\\/pt-pt\\\/loja-theworldbilliards\\\/\"},{\"@type\":\"ListItem\",\"position\":3,\"name\":\"Matraquilho President para escolas\"}]},{\"@type\":\"WebSite\",\"@id\":\"https:\\\/\\\/theworldbilliards.com\\\/pt-pt\\\/#website\",\"url\":\"https:\\\/\\\/theworldbilliards.com\\\/pt-pt\\\/\",\"name\":\"TheWorldBilliards\",\"description\":\"Compre aqui bilhar, matraquilho, t\u00eanis de mesa e bowling\",\"publisher\":{\"@id\":\"https:\\\/\\\/theworldbilliards.com\\\/pt-pt\\\/#organization\"},\"alternateName\":\"The world billiards\",\"potentialAction\":[{\"@type\":\"SearchAction\",\"target\":{\"@type\":\"EntryPoint\",\"urlTemplate\":\"https:\\\/\\\/theworldbilliards.com\\\/pt-pt\\\/?s={search_term_string}\"},\"query-input\":{\"@type\":\"PropertyValueSpecification\",\"valueRequired\":true,\"valueName\":\"search_term_string\"}}],\"inLanguage\":\"pt-PT\"},{\"@type\":\"Organization\",\"@id\":\"https:\\\/\\\/theworldbilliards.com\\\/pt-pt\\\/#organization\",\"name\":\"The World Billiards\",\"alternateName\":\"The World Billiards\",\"url\":\"https:\\\/\\\/theworldbilliards.com\\\/pt-pt\\\/\",\"logo\":{\"@type\":\"ImageObject\",\"inLanguage\":\"pt-PT\",\"@id\":\"https:\\\/\\\/theworldbilliards.com\\\/pt-pt\\\/#\\\/schema\\\/logo\\\/image\\\/\",\"url\":\"\",\"contentUrl\":\"\",\"caption\":\"The World Billiards\"},\"image\":{\"@id\":\"https:\\\/\\\/theworldbilliards.com\\\/pt-pt\\\/#\\\/schema\\\/logo\\\/image\\\/\"},\"sameAs\":[\"https:\\\/\\\/www.facebook.com\\\/baby.foot.superbes\",\"https:\\\/\\\/www.youtube.com\\\/channel\\\/UCIMuOVAaUcH6UpZcsZlH0Tg\",\"https:\\\/\\\/www.facebook.com\\\/people\\\/Brunswick-Billiards-EspaaPortugal\\\/100066446264309\\\/\",\"https:\\\/\\\/www.instagram.com\\\/the_world_billiards\\\/\",\"https:\\\/\\\/www.pinterest.es\\\/Theworldbilliards\\\/\"]}]}<\/script>\n<!-- \/ Yoast SEO plugin. -->","yoast_head_json":{"title":"Matraquilho President para escolas - The World Billiards","description":"Mesa de matraquilhos com tampo de vidro temperado protetor para maior seguran\u00e7a, ideal para escolas, proporcionando momentos divertidos e em seguran\u00e7a.  Excelente matraquilho em madeira maci\u00e7a, destinado a qualquer faixa de idade. Acabamentos de Alta Qualidade. Pintura anti-humidade em op\u00e7\u00e3o. Var\u00f5es calibrados refor\u00e7ados de 15 mm. em op\u00e7ao varoes embutidos em inox. Madeira maci\u00e7a. Punhos em Pl\u00e1stico estilo de competi\u00e7\u00e3o. Peso \u2013 80 Kg. Em op\u00e7ao: C\u00f4r da madeira, c\u00f4r das equipas, moedeiro, punhos de madeira, etc. 2 Bolas inclu\u00eddas em madeira ou pl\u00e1stico.  Op\u00e7\u00e3o LED RGB com controle remoto  Aten\u00e7\u00e3o este equipamento nao pode estar no exterior ao sol e \u00e0 chuva.  Prote\u00e7\u00e3o para matraquilhos em vidro temperado de 4 mm de espessura  O vidro temperado \u00e9 um tipo de vidro que passa por um processo de tratamento t\u00e9rmico para aumentar sua resist\u00eancia. Algumas especifica\u00e7\u00f5es comuns incluem:  1. *Resist\u00eancia:* O vidro temperado \u00e9 mais resistente a impactos e choques t\u00e9rmicos do que o vidro comum.  2. *Seguran\u00e7a:* Em caso de quebra, o vidro temperado se fragmenta em pequenos peda\u00e7os menos afiados do que os fragmentos de vidro comum, reduzindo o risco de ferimentos.  3. *Espessura:* Pode variar de acordo com a aplica\u00e7\u00e3o, mas \u00e9 geralmente mais espesso que o vidro comum para garantir maior resist\u00eancia.  4. *Processo de Tempera:* O vidro passa por um processo de aquecimento a altas temperaturas seguido por um resfriamento r\u00e1pido para criar tens\u00f5es internas que aumentam sua resist\u00eancia.","robots":{"index":"index","follow":"follow","max-snippet":"max-snippet:-1","max-image-preview":"max-image-preview:large","max-video-preview":"max-video-preview:-1"},"canonical":"https:\/\/theworldbilliards.com\/pt-pt\/produto\/matraquilho-president-para-escolas\/","og_locale":"pt_PT","og_type":"article","og_title":"Matraquilho President para escolas - The World Billiards","og_description":"Mesa de matraquilhos com tampo de vidro temperado protetor para maior seguran\u00e7a, ideal para escolas, proporcionando momentos divertidos e em seguran\u00e7a.  Excelente matraquilho em madeira maci\u00e7a, destinado a qualquer faixa de idade. Acabamentos de Alta Qualidade. Pintura anti-humidade em op\u00e7\u00e3o. Var\u00f5es calibrados refor\u00e7ados de 15 mm. em op\u00e7ao varoes embutidos em inox. Madeira maci\u00e7a. Punhos em Pl\u00e1stico estilo de competi\u00e7\u00e3o. Peso \u2013 80 Kg. Em op\u00e7ao: C\u00f4r da madeira, c\u00f4r das equipas, moedeiro, punhos de madeira, etc. 2 Bolas inclu\u00eddas em madeira ou pl\u00e1stico.  Op\u00e7\u00e3o LED RGB com controle remoto  Aten\u00e7\u00e3o este equipamento nao pode estar no exterior ao sol e \u00e0 chuva.  Prote\u00e7\u00e3o para matraquilhos em vidro temperado de 4 mm de espessura  O vidro temperado \u00e9 um tipo de vidro que passa por um processo de tratamento t\u00e9rmico para aumentar sua resist\u00eancia. Algumas especifica\u00e7\u00f5es comuns incluem:  1. *Resist\u00eancia:* O vidro temperado \u00e9 mais resistente a impactos e choques t\u00e9rmicos do que o vidro comum.  2. *Seguran\u00e7a:* Em caso de quebra, o vidro temperado se fragmenta em pequenos peda\u00e7os menos afiados do que os fragmentos de vidro comum, reduzindo o risco de ferimentos.  3. *Espessura:* Pode variar de acordo com a aplica\u00e7\u00e3o, mas \u00e9 geralmente mais espesso que o vidro comum para garantir maior resist\u00eancia.  4. *Processo de Tempera:* O vidro passa por um processo de aquecimento a altas temperaturas seguido por um resfriamento r\u00e1pido para criar tens\u00f5es internas que aumentam sua resist\u00eancia.","og_url":"https:\/\/theworldbilliards.com\/pt-pt\/produto\/matraquilho-president-para-escolas\/","og_site_name":"The World Billiards","article_publisher":"https:\/\/www.facebook.com\/baby.foot.superbes","article_modified_time":"2026-01-17T12:16:13+00:00","og_image":[{"width":1115,"height":1115,"url":"https:\/\/theworldbilliards.com\/wp-content\/uploads\/2019\/01\/President-4.jpeg","type":"image\/jpeg"}],"twitter_card":"summary_large_image","schema":{"@context":"https:\/\/schema.org","@graph":[{"@type":"WebPage","@id":"https:\/\/theworldbilliards.com\/pt-pt\/produto\/matraquilho-president-para-escolas\/","url":"https:\/\/theworldbilliards.com\/pt-pt\/produto\/matraquilho-president-para-escolas\/","name":"Matraquilho President para escolas - The World Billiards","isPartOf":{"@id":"https:\/\/theworldbilliards.com\/pt-pt\/#website"},"primaryImageOfPage":{"@id":"https:\/\/theworldbilliards.com\/pt-pt\/produto\/matraquilho-president-para-escolas\/#primaryimage"},"image":{"@id":"https:\/\/theworldbilliards.com\/pt-pt\/produto\/matraquilho-president-para-escolas\/#primaryimage"},"thumbnailUrl":"https:\/\/theworldbilliards.com\/wp-content\/uploads\/2019\/01\/President-4.jpeg","datePublished":"2019-01-05T09:29:37+00:00","dateModified":"2026-01-17T12:16:13+00:00","description":"Mesa de matraquilhos com tampo de vidro temperado protetor para maior seguran\u00e7a, ideal para escolas, proporcionando momentos divertidos e em seguran\u00e7a. Excelente matraquilho em madeira maci\u00e7a, destinado a qualquer faixa de idade. Acabamentos de Alta Qualidade. Pintura anti-humidade em op\u00e7\u00e3o. Var\u00f5es calibrados refor\u00e7ados de 15 mm. em op\u00e7ao varoes embutidos em inox. Madeira maci\u00e7a. Punhos em Pl\u00e1stico estilo de competi\u00e7\u00e3o. Peso \u2013 80 Kg. Em op\u00e7ao: C\u00f4r da madeira, c\u00f4r das equipas, moedeiro, punhos de madeira, etc. 2 Bolas inclu\u00eddas em madeira ou pl\u00e1stico. Op\u00e7\u00e3o LED RGB com controle remoto Aten\u00e7\u00e3o este equipamento nao pode estar no exterior ao sol e \u00e0 chuva. Prote\u00e7\u00e3o para matraquilhos em vidro temperado de 4 mm de espessura O vidro temperado \u00e9 um tipo de vidro que passa por um processo de tratamento t\u00e9rmico para aumentar sua resist\u00eancia. Algumas especifica\u00e7\u00f5es comuns incluem: 1. *Resist\u00eancia:* O vidro temperado \u00e9 mais resistente a impactos e choques t\u00e9rmicos do que o vidro comum. 2. *Seguran\u00e7a:* Em caso de quebra, o vidro temperado se fragmenta em pequenos peda\u00e7os menos afiados do que os fragmentos de vidro comum, reduzindo o risco de ferimentos. 3. *Espessura:* Pode variar de acordo com a aplica\u00e7\u00e3o, mas \u00e9 geralmente mais espesso que o vidro comum para garantir maior resist\u00eancia. 4. *Processo de Tempera:* O vidro passa por um processo de aquecimento a altas temperaturas seguido por um resfriamento r\u00e1pido para criar tens\u00f5es internas que aumentam sua resist\u00eancia.","breadcrumb":{"@id":"https:\/\/theworldbilliards.com\/pt-pt\/produto\/matraquilho-president-para-escolas\/#breadcrumb"},"inLanguage":"pt-PT","potentialAction":[{"@type":"ReadAction","target":["https:\/\/theworldbilliards.com\/pt-pt\/produto\/matraquilho-president-para-escolas\/"]}]},{"@type":"ImageObject","inLanguage":"pt-PT","@id":"https:\/\/theworldbilliards.com\/pt-pt\/produto\/matraquilho-president-para-escolas\/#primaryimage","url":"https:\/\/theworldbilliards.com\/wp-content\/uploads\/2019\/01\/President-4.jpeg","contentUrl":"https:\/\/theworldbilliards.com\/wp-content\/uploads\/2019\/01\/President-4.jpeg","width":1115,"height":1115},{"@type":"BreadcrumbList","@id":"https:\/\/theworldbilliards.com\/pt-pt\/produto\/matraquilho-president-para-escolas\/#breadcrumb","itemListElement":[{"@type":"ListItem","position":1,"name":"In\u00edcio","item":"https:\/\/theworldbilliards.com\/pt-pt\/"},{"@type":"ListItem","position":2,"name":"Loja online","item":"https:\/\/theworldbilliards.com\/pt-pt\/loja-theworldbilliards\/"},{"@type":"ListItem","position":3,"name":"Matraquilho President para escolas"}]},{"@type":"WebSite","@id":"https:\/\/theworldbilliards.com\/pt-pt\/#website","url":"https:\/\/theworldbilliards.com\/pt-pt\/","name":"TheWorldBilliards","description":"Compre aqui bilhar, matraquilho, t\u00eanis de mesa e bowling","publisher":{"@id":"https:\/\/theworldbilliards.com\/pt-pt\/#organization"},"alternateName":"The world billiards","potentialAction":[{"@type":"SearchAction","target":{"@type":"EntryPoint","urlTemplate":"https:\/\/theworldbilliards.com\/pt-pt\/?s={search_term_string}"},"query-input":{"@type":"PropertyValueSpecification","valueRequired":true,"valueName":"search_term_string"}}],"inLanguage":"pt-PT"},{"@type":"Organization","@id":"https:\/\/theworldbilliards.com\/pt-pt\/#organization","name":"The World Billiards","alternateName":"The World Billiards","url":"https:\/\/theworldbilliards.com\/pt-pt\/","logo":{"@type":"ImageObject","inLanguage":"pt-PT","@id":"https:\/\/theworldbilliards.com\/pt-pt\/#\/schema\/logo\/image\/","url":"","contentUrl":"","caption":"The World Billiards"},"image":{"@id":"https:\/\/theworldbilliards.com\/pt-pt\/#\/schema\/logo\/image\/"},"sameAs":["https:\/\/www.facebook.com\/baby.foot.superbes","https:\/\/www.youtube.com\/channel\/UCIMuOVAaUcH6UpZcsZlH0Tg","https:\/\/www.facebook.com\/people\/Brunswick-Billiards-EspaaPortugal\/100066446264309\/","https:\/\/www.instagram.com\/the_world_billiards\/","https:\/\/www.pinterest.es\/Theworldbilliards\/"]}]}},"_links":{"self":[{"href":"https:\/\/theworldbilliards.com\/pt-pt\/wp-json\/wp\/v2\/product\/53640","targetHints":{"allow":["GET"]}}],"collection":[{"href":"https:\/\/theworldbilliards.com\/pt-pt\/wp-json\/wp\/v2\/product"}],"about":[{"href":"https:\/\/theworldbilliards.com\/pt-pt\/wp-json\/wp\/v2\/types\/product"}],"wp:featuredmedia":[{"embeddable":true,"href":"https:\/\/theworldbilliards.com\/pt-pt\/wp-json\/wp\/v2\/media\/56183"}],"wp:attachment":[{"href":"https:\/\/theworldbilliards.com\/pt-pt\/wp-json\/wp\/v2\/media?parent=53640"}],"wp:term":[{"taxonomy":"product_brand","embeddable":true,"href":"https:\/\/theworldbilliards.com\/pt-pt\/wp-json\/wp\/v2\/product_brand?post=53640"},{"taxonomy":"product_cat","embeddable":true,"href":"https:\/\/theworldbilliards.com\/pt-pt\/wp-json\/wp\/v2\/product_cat?post=53640"},{"taxonomy":"product_tag","embeddable":true,"href":"https:\/\/theworldbilliards.com\/pt-pt\/wp-json\/wp\/v2\/product_tag?post=53640"}],"curies":[{"name":"wp","href":"https:\/\/api.w.org\/{rel}","templated":true}]}}