{"id":55227,"date":"2019-04-16T11:29:00","date_gmt":"2019-04-16T09:29:00","guid":{"rendered":"https:\/\/theworldbilliards.com\/?post_type=product&#038;p=55227"},"modified":"2023-06-22T11:26:18","modified_gmt":"2023-06-22T09:26:18","slug":"mesa-de-tenis-de-mesa-buffalo-exterior","status":"publish","type":"product","link":"https:\/\/theworldbilliards.com\/pt-pt\/produto\/mesa-de-tenis-de-mesa-buffalo-exterior\/","title":{"rendered":"Mesa de Tenis de mesa Buffalo Exterior"},"content":{"rendered":"<p>Top de Melamina imperme\u00e1vel<br \/>\nProtegido contra a umidade<br \/>\nSistema Compact Folding<br \/>\nFun\u00e7\u00e3o de auto-treinamento<br \/>\n4 rodas dobro do pl\u00e1stico endurecido<br \/>\nInclui Detentores de Esfera<br \/>\nClub-EN Rede estacion\u00e1ria<br \/>\nF\u00e1cil de configurar<br \/>\nDimens\u00e3o 274cm x 152,5cm x 76cm<br \/>\nEmbalagem 144cm x 9cm x 162cm<\/p>\n<p>Esta tabela de t\u00eanis de mesa de Buffalo \u00e9 ideal para uso fora e foi constru\u00eddo usando material resistente \u00e0s intemp\u00e9ries. \u00c9 dobr\u00e1vel e vem com 4 rodas duplas, o que torna f\u00e1cil de armazenar.<\/p>\n<p>A rede da mesa \u00e9 feita em Club-EN estacion\u00e1ria, o que significa que a rede tem uma base s\u00f3lida e n\u00e3o vai cair facilmente.<\/p>\n<p>A tabela tem a capacidade de dobrar ao meio para que ele possa ser usado em uma postura de auto-treinamento; Para praticar e aperfei\u00e7oar suas habilidades. Fornecido sem acess\u00f3rios.<\/p>\n","protected":false},"excerpt":{"rendered":"<p>Top de Melamina imperme\u00e1vel Protegido contra a umidade Sistema Compact Folding Fun\u00e7\u00e3o de auto-treinamento 4 rodas dobro do pl\u00e1stico endurecido [&hellip;]<\/p>\n","protected":false},"featured_media":72654,"template":"","meta":{"site-sidebar-layout":"default","site-content-layout":"","ast-site-content-layout":"default","site-content-style":"default","site-sidebar-style":"default","ast-global-header-display":"","ast-banner-title-visibility":"","ast-main-header-display":"","ast-hfb-above-header-display":"","ast-hfb-below-header-display":"","ast-hfb-mobile-header-display":"","site-post-title":"","ast-breadcrumbs-content":"","ast-featured-img":"","footer-sml-layout":"","ast-disable-related-posts":"","theme-transparent-header-meta":"default","adv-header-id-meta":"","stick-header-meta":"","header-above-stick-meta":"","header-main-stick-meta":"","header-below-stick-meta":"","astra-migrate-meta-layouts":"default","ast-page-background-enabled":"default","ast-page-background-meta":{"desktop":{"background-color":"var(--ast-global-color-4)","background-image":"","background-repeat":"repeat","background-position":"center center","background-size":"auto","background-attachment":"scroll","background-type":"","background-media":"","overlay-type":"","overlay-color":"","overlay-opacity":"","overlay-gradient":""},"tablet":{"background-color":"","background-image":"","background-repeat":"repeat","background-position":"center center","background-size":"auto","background-attachment":"scroll","background-type":"","background-media":"","overlay-type":"","overlay-color":"","overlay-opacity":"","overlay-gradient":""},"mobile":{"background-color":"","background-image":"","background-repeat":"repeat","background-position":"center center","background-size":"auto","background-attachment":"scroll","background-type":"","background-media":"","overlay-type":"","overlay-color":"","overlay-opacity":"","overlay-gradient":""}},"ast-content-background-meta":{"desktop":{"background-color":"var(--ast-global-color-5)","background-image":"","background-repeat":"repeat","background-position":"center center","background-size":"auto","background-attachment":"scroll","background-type":"","background-media":"","overlay-type":"","overlay-color":"","overlay-opacity":"","overlay-gradient":""},"tablet":{"background-color":"var(--ast-global-color-5)","background-image":"","background-repeat":"repeat","background-position":"center center","background-size":"auto","background-attachment":"scroll","background-type":"","background-media":"","overlay-type":"","overlay-color":"","overlay-opacity":"","overlay-gradient":""},"mobile":{"background-color":"var(--ast-global-color-5)","background-image":"","background-repeat":"repeat","background-position":"center center","background-size":"auto","background-attachment":"scroll","background-type":"","background-media":"","overlay-type":"","overlay-color":"","overlay-opacity":"","overlay-gradient":""}}},"product_brand":[5215],"product_cat":[3447,5305],"product_tag":[],"class_list":{"0":"post-55227","1":"product","2":"type-product","3":"status-publish","4":"has-post-thumbnail","6":"product_brand-buffalo-pt-pt","7":"product_cat-jogos-de-exterior","8":"product_cat-mesas-de-tenis-de-mesa-pt-pt","9":"product_shipping_class-tenis-de-mesa","10":"desktop-align-center","11":"tablet-align-left","12":"mobile-align-left","14":"first","15":"instock","16":"taxable","17":"shipping-taxable","18":"purchasable","19":"product-type-simple"},"yoast_head":"<!-- This site is optimized with the Yoast SEO plugin v27.4 - https:\/\/yoast.com\/product\/yoast-seo-wordpress\/ -->\n<title>Mesa de Tenis de mesa Buffalo Exterior - The World Billiards<\/title>\n<meta name=\"description\" content=\"Top de Melamina imperme\u00e1vel Protegido contra a umidade Sistema Compact Folding Fun\u00e7\u00e3o de auto-treinamento 4 rodas dobro do pl\u00e1stico endurecido Inclui Detentores de Esfera Club-EN Rede estacion\u00e1ria F\u00e1cil de configurar Dimens\u00e3o 274cm x 152,5cm x 76cm Embalagem 144cm x 9cm x 162cm  Esta tabela de t\u00eanis de mesa de Buffalo \u00e9 ideal para uso fora e foi constru\u00eddo usando material resistente \u00e0s intemp\u00e9ries. \u00c9 dobr\u00e1vel e vem com 4 rodas duplas, o que torna f\u00e1cil de armazenar.  A rede da mesa \u00e9 feita em Club-EN estacion\u00e1ria, o que significa que a rede tem uma base s\u00f3lida e n\u00e3o vai cair facilmente.  A tabela tem a capacidade de dobrar ao meio para que ele possa ser usado em uma postura de auto-treinamento; Para praticar e aperfei\u00e7oar suas habilidades. Fornecido sem acess\u00f3rios.\" \/>\n<meta name=\"robots\" content=\"index, follow, max-snippet:-1, max-image-preview:large, max-video-preview:-1\" \/>\n<link rel=\"canonical\" href=\"https:\/\/theworldbilliards.com\/pt-pt\/produto\/mesa-de-tenis-de-mesa-buffalo-exterior\/\" \/>\n<meta property=\"og:locale\" content=\"pt_PT\" \/>\n<meta property=\"og:type\" content=\"article\" \/>\n<meta property=\"og:title\" content=\"Mesa de Tenis de mesa Buffalo Exterior - The World Billiards\" \/>\n<meta property=\"og:description\" content=\"Top de Melamina imperme\u00e1vel Protegido contra a umidade Sistema Compact Folding Fun\u00e7\u00e3o de auto-treinamento 4 rodas dobro do pl\u00e1stico endurecido Inclui Detentores de Esfera Club-EN Rede estacion\u00e1ria F\u00e1cil de configurar Dimens\u00e3o 274cm x 152,5cm x 76cm Embalagem 144cm x 9cm x 162cm  Esta tabela de t\u00eanis de mesa de Buffalo \u00e9 ideal para uso fora e foi constru\u00eddo usando material resistente \u00e0s intemp\u00e9ries. \u00c9 dobr\u00e1vel e vem com 4 rodas duplas, o que torna f\u00e1cil de armazenar.  A rede da mesa \u00e9 feita em Club-EN estacion\u00e1ria, o que significa que a rede tem uma base s\u00f3lida e n\u00e3o vai cair facilmente.  A tabela tem a capacidade de dobrar ao meio para que ele possa ser usado em uma postura de auto-treinamento; Para praticar e aperfei\u00e7oar suas habilidades. Fornecido sem acess\u00f3rios.\" \/>\n<meta property=\"og:url\" content=\"https:\/\/theworldbilliards.com\/pt-pt\/produto\/mesa-de-tenis-de-mesa-buffalo-exterior\/\" \/>\n<meta property=\"og:site_name\" content=\"The World Billiards\" \/>\n<meta property=\"article:publisher\" content=\"https:\/\/www.facebook.com\/baby.foot.superbes\" \/>\n<meta property=\"article:modified_time\" content=\"2023-06-22T09:26:18+00:00\" \/>\n<meta property=\"og:image\" content=\"https:\/\/theworldbilliards.com\/wp-content\/uploads\/2019\/04\/tenis-mesa-buffalo-exterior.jpg\" \/>\n\t<meta property=\"og:image:width\" content=\"721\" \/>\n\t<meta property=\"og:image:height\" content=\"721\" \/>\n\t<meta property=\"og:image:type\" content=\"image\/jpeg\" \/>\n<meta name=\"twitter:card\" content=\"summary_large_image\" \/>\n<script type=\"application\/ld+json\" class=\"yoast-schema-graph\">{\"@context\":\"https:\\\/\\\/schema.org\",\"@graph\":[{\"@type\":\"WebPage\",\"@id\":\"https:\\\/\\\/theworldbilliards.com\\\/pt-pt\\\/produto\\\/mesa-de-tenis-de-mesa-buffalo-exterior\\\/\",\"url\":\"https:\\\/\\\/theworldbilliards.com\\\/pt-pt\\\/produto\\\/mesa-de-tenis-de-mesa-buffalo-exterior\\\/\",\"name\":\"Mesa de Tenis de mesa Buffalo Exterior - The World Billiards\",\"isPartOf\":{\"@id\":\"https:\\\/\\\/theworldbilliards.com\\\/pt-pt\\\/#website\"},\"primaryImageOfPage\":{\"@id\":\"https:\\\/\\\/theworldbilliards.com\\\/pt-pt\\\/produto\\\/mesa-de-tenis-de-mesa-buffalo-exterior\\\/#primaryimage\"},\"image\":{\"@id\":\"https:\\\/\\\/theworldbilliards.com\\\/pt-pt\\\/produto\\\/mesa-de-tenis-de-mesa-buffalo-exterior\\\/#primaryimage\"},\"thumbnailUrl\":\"https:\\\/\\\/theworldbilliards.com\\\/wp-content\\\/uploads\\\/2019\\\/04\\\/tenis-mesa-buffalo-exterior.jpg\",\"datePublished\":\"2019-04-16T09:29:00+00:00\",\"dateModified\":\"2023-06-22T09:26:18+00:00\",\"description\":\"Top de Melamina imperme\u00e1vel Protegido contra a umidade Sistema Compact Folding Fun\u00e7\u00e3o de auto-treinamento 4 rodas dobro do pl\u00e1stico endurecido Inclui Detentores de Esfera Club-EN Rede estacion\u00e1ria F\u00e1cil de configurar Dimens\u00e3o 274cm x 152,5cm x 76cm Embalagem 144cm x 9cm x 162cm Esta tabela de t\u00eanis de mesa de Buffalo \u00e9 ideal para uso fora e foi constru\u00eddo usando material resistente \u00e0s intemp\u00e9ries. \u00c9 dobr\u00e1vel e vem com 4 rodas duplas, o que torna f\u00e1cil de armazenar. A rede da mesa \u00e9 feita em Club-EN estacion\u00e1ria, o que significa que a rede tem uma base s\u00f3lida e n\u00e3o vai cair facilmente. A tabela tem a capacidade de dobrar ao meio para que ele possa ser usado em uma postura de auto-treinamento; Para praticar e aperfei\u00e7oar suas habilidades. Fornecido sem acess\u00f3rios.\",\"breadcrumb\":{\"@id\":\"https:\\\/\\\/theworldbilliards.com\\\/pt-pt\\\/produto\\\/mesa-de-tenis-de-mesa-buffalo-exterior\\\/#breadcrumb\"},\"inLanguage\":\"pt-PT\",\"potentialAction\":[{\"@type\":\"ReadAction\",\"target\":[\"https:\\\/\\\/theworldbilliards.com\\\/pt-pt\\\/produto\\\/mesa-de-tenis-de-mesa-buffalo-exterior\\\/\"]}]},{\"@type\":\"ImageObject\",\"inLanguage\":\"pt-PT\",\"@id\":\"https:\\\/\\\/theworldbilliards.com\\\/pt-pt\\\/produto\\\/mesa-de-tenis-de-mesa-buffalo-exterior\\\/#primaryimage\",\"url\":\"https:\\\/\\\/theworldbilliards.com\\\/wp-content\\\/uploads\\\/2019\\\/04\\\/tenis-mesa-buffalo-exterior.jpg\",\"contentUrl\":\"https:\\\/\\\/theworldbilliards.com\\\/wp-content\\\/uploads\\\/2019\\\/04\\\/tenis-mesa-buffalo-exterior.jpg\",\"width\":721,\"height\":721},{\"@type\":\"BreadcrumbList\",\"@id\":\"https:\\\/\\\/theworldbilliards.com\\\/pt-pt\\\/produto\\\/mesa-de-tenis-de-mesa-buffalo-exterior\\\/#breadcrumb\",\"itemListElement\":[{\"@type\":\"ListItem\",\"position\":1,\"name\":\"In\u00edcio\",\"item\":\"https:\\\/\\\/theworldbilliards.com\\\/pt-pt\\\/\"},{\"@type\":\"ListItem\",\"position\":2,\"name\":\"Loja online\",\"item\":\"https:\\\/\\\/theworldbilliards.com\\\/pt-pt\\\/loja-theworldbilliards\\\/\"},{\"@type\":\"ListItem\",\"position\":3,\"name\":\"Mesa de Tenis de mesa Buffalo Exterior\"}]},{\"@type\":\"WebSite\",\"@id\":\"https:\\\/\\\/theworldbilliards.com\\\/pt-pt\\\/#website\",\"url\":\"https:\\\/\\\/theworldbilliards.com\\\/pt-pt\\\/\",\"name\":\"TheWorldBilliards\",\"description\":\"Compre aqui bilhar, matraquilho, t\u00eanis de mesa e bowling\",\"publisher\":{\"@id\":\"https:\\\/\\\/theworldbilliards.com\\\/pt-pt\\\/#organization\"},\"alternateName\":\"The world billiards\",\"potentialAction\":[{\"@type\":\"SearchAction\",\"target\":{\"@type\":\"EntryPoint\",\"urlTemplate\":\"https:\\\/\\\/theworldbilliards.com\\\/pt-pt\\\/?s={search_term_string}\"},\"query-input\":{\"@type\":\"PropertyValueSpecification\",\"valueRequired\":true,\"valueName\":\"search_term_string\"}}],\"inLanguage\":\"pt-PT\"},{\"@type\":\"Organization\",\"@id\":\"https:\\\/\\\/theworldbilliards.com\\\/pt-pt\\\/#organization\",\"name\":\"The World Billiards\",\"alternateName\":\"The World Billiards\",\"url\":\"https:\\\/\\\/theworldbilliards.com\\\/pt-pt\\\/\",\"logo\":{\"@type\":\"ImageObject\",\"inLanguage\":\"pt-PT\",\"@id\":\"https:\\\/\\\/theworldbilliards.com\\\/pt-pt\\\/#\\\/schema\\\/logo\\\/image\\\/\",\"url\":\"\",\"contentUrl\":\"\",\"caption\":\"The World Billiards\"},\"image\":{\"@id\":\"https:\\\/\\\/theworldbilliards.com\\\/pt-pt\\\/#\\\/schema\\\/logo\\\/image\\\/\"},\"sameAs\":[\"https:\\\/\\\/www.facebook.com\\\/baby.foot.superbes\",\"https:\\\/\\\/www.youtube.com\\\/channel\\\/UCIMuOVAaUcH6UpZcsZlH0Tg\",\"https:\\\/\\\/www.facebook.com\\\/people\\\/Brunswick-Billiards-EspaaPortugal\\\/100066446264309\\\/\",\"https:\\\/\\\/www.instagram.com\\\/the_world_billiards\\\/\",\"https:\\\/\\\/www.pinterest.es\\\/Theworldbilliards\\\/\"]}]}<\/script>\n<!-- \/ Yoast SEO plugin. -->","yoast_head_json":{"title":"Mesa de Tenis de mesa Buffalo Exterior - The World Billiards","description":"Top de Melamina imperme\u00e1vel Protegido contra a umidade Sistema Compact Folding Fun\u00e7\u00e3o de auto-treinamento 4 rodas dobro do pl\u00e1stico endurecido Inclui Detentores de Esfera Club-EN Rede estacion\u00e1ria F\u00e1cil de configurar Dimens\u00e3o 274cm x 152,5cm x 76cm Embalagem 144cm x 9cm x 162cm  Esta tabela de t\u00eanis de mesa de Buffalo \u00e9 ideal para uso fora e foi constru\u00eddo usando material resistente \u00e0s intemp\u00e9ries. \u00c9 dobr\u00e1vel e vem com 4 rodas duplas, o que torna f\u00e1cil de armazenar.  A rede da mesa \u00e9 feita em Club-EN estacion\u00e1ria, o que significa que a rede tem uma base s\u00f3lida e n\u00e3o vai cair facilmente.  A tabela tem a capacidade de dobrar ao meio para que ele possa ser usado em uma postura de auto-treinamento; Para praticar e aperfei\u00e7oar suas habilidades. Fornecido sem acess\u00f3rios.","robots":{"index":"index","follow":"follow","max-snippet":"max-snippet:-1","max-image-preview":"max-image-preview:large","max-video-preview":"max-video-preview:-1"},"canonical":"https:\/\/theworldbilliards.com\/pt-pt\/produto\/mesa-de-tenis-de-mesa-buffalo-exterior\/","og_locale":"pt_PT","og_type":"article","og_title":"Mesa de Tenis de mesa Buffalo Exterior - The World Billiards","og_description":"Top de Melamina imperme\u00e1vel Protegido contra a umidade Sistema Compact Folding Fun\u00e7\u00e3o de auto-treinamento 4 rodas dobro do pl\u00e1stico endurecido Inclui Detentores de Esfera Club-EN Rede estacion\u00e1ria F\u00e1cil de configurar Dimens\u00e3o 274cm x 152,5cm x 76cm Embalagem 144cm x 9cm x 162cm  Esta tabela de t\u00eanis de mesa de Buffalo \u00e9 ideal para uso fora e foi constru\u00eddo usando material resistente \u00e0s intemp\u00e9ries. \u00c9 dobr\u00e1vel e vem com 4 rodas duplas, o que torna f\u00e1cil de armazenar.  A rede da mesa \u00e9 feita em Club-EN estacion\u00e1ria, o que significa que a rede tem uma base s\u00f3lida e n\u00e3o vai cair facilmente.  A tabela tem a capacidade de dobrar ao meio para que ele possa ser usado em uma postura de auto-treinamento; Para praticar e aperfei\u00e7oar suas habilidades. Fornecido sem acess\u00f3rios.","og_url":"https:\/\/theworldbilliards.com\/pt-pt\/produto\/mesa-de-tenis-de-mesa-buffalo-exterior\/","og_site_name":"The World Billiards","article_publisher":"https:\/\/www.facebook.com\/baby.foot.superbes","article_modified_time":"2023-06-22T09:26:18+00:00","og_image":[{"width":721,"height":721,"url":"https:\/\/theworldbilliards.com\/wp-content\/uploads\/2019\/04\/tenis-mesa-buffalo-exterior.jpg","type":"image\/jpeg"}],"twitter_card":"summary_large_image","schema":{"@context":"https:\/\/schema.org","@graph":[{"@type":"WebPage","@id":"https:\/\/theworldbilliards.com\/pt-pt\/produto\/mesa-de-tenis-de-mesa-buffalo-exterior\/","url":"https:\/\/theworldbilliards.com\/pt-pt\/produto\/mesa-de-tenis-de-mesa-buffalo-exterior\/","name":"Mesa de Tenis de mesa Buffalo Exterior - The World Billiards","isPartOf":{"@id":"https:\/\/theworldbilliards.com\/pt-pt\/#website"},"primaryImageOfPage":{"@id":"https:\/\/theworldbilliards.com\/pt-pt\/produto\/mesa-de-tenis-de-mesa-buffalo-exterior\/#primaryimage"},"image":{"@id":"https:\/\/theworldbilliards.com\/pt-pt\/produto\/mesa-de-tenis-de-mesa-buffalo-exterior\/#primaryimage"},"thumbnailUrl":"https:\/\/theworldbilliards.com\/wp-content\/uploads\/2019\/04\/tenis-mesa-buffalo-exterior.jpg","datePublished":"2019-04-16T09:29:00+00:00","dateModified":"2023-06-22T09:26:18+00:00","description":"Top de Melamina imperme\u00e1vel Protegido contra a umidade Sistema Compact Folding Fun\u00e7\u00e3o de auto-treinamento 4 rodas dobro do pl\u00e1stico endurecido Inclui Detentores de Esfera Club-EN Rede estacion\u00e1ria F\u00e1cil de configurar Dimens\u00e3o 274cm x 152,5cm x 76cm Embalagem 144cm x 9cm x 162cm Esta tabela de t\u00eanis de mesa de Buffalo \u00e9 ideal para uso fora e foi constru\u00eddo usando material resistente \u00e0s intemp\u00e9ries. \u00c9 dobr\u00e1vel e vem com 4 rodas duplas, o que torna f\u00e1cil de armazenar. A rede da mesa \u00e9 feita em Club-EN estacion\u00e1ria, o que significa que a rede tem uma base s\u00f3lida e n\u00e3o vai cair facilmente. A tabela tem a capacidade de dobrar ao meio para que ele possa ser usado em uma postura de auto-treinamento; Para praticar e aperfei\u00e7oar suas habilidades. Fornecido sem acess\u00f3rios.","breadcrumb":{"@id":"https:\/\/theworldbilliards.com\/pt-pt\/produto\/mesa-de-tenis-de-mesa-buffalo-exterior\/#breadcrumb"},"inLanguage":"pt-PT","potentialAction":[{"@type":"ReadAction","target":["https:\/\/theworldbilliards.com\/pt-pt\/produto\/mesa-de-tenis-de-mesa-buffalo-exterior\/"]}]},{"@type":"ImageObject","inLanguage":"pt-PT","@id":"https:\/\/theworldbilliards.com\/pt-pt\/produto\/mesa-de-tenis-de-mesa-buffalo-exterior\/#primaryimage","url":"https:\/\/theworldbilliards.com\/wp-content\/uploads\/2019\/04\/tenis-mesa-buffalo-exterior.jpg","contentUrl":"https:\/\/theworldbilliards.com\/wp-content\/uploads\/2019\/04\/tenis-mesa-buffalo-exterior.jpg","width":721,"height":721},{"@type":"BreadcrumbList","@id":"https:\/\/theworldbilliards.com\/pt-pt\/produto\/mesa-de-tenis-de-mesa-buffalo-exterior\/#breadcrumb","itemListElement":[{"@type":"ListItem","position":1,"name":"In\u00edcio","item":"https:\/\/theworldbilliards.com\/pt-pt\/"},{"@type":"ListItem","position":2,"name":"Loja online","item":"https:\/\/theworldbilliards.com\/pt-pt\/loja-theworldbilliards\/"},{"@type":"ListItem","position":3,"name":"Mesa de Tenis de mesa Buffalo Exterior"}]},{"@type":"WebSite","@id":"https:\/\/theworldbilliards.com\/pt-pt\/#website","url":"https:\/\/theworldbilliards.com\/pt-pt\/","name":"TheWorldBilliards","description":"Compre aqui bilhar, matraquilho, t\u00eanis de mesa e bowling","publisher":{"@id":"https:\/\/theworldbilliards.com\/pt-pt\/#organization"},"alternateName":"The world billiards","potentialAction":[{"@type":"SearchAction","target":{"@type":"EntryPoint","urlTemplate":"https:\/\/theworldbilliards.com\/pt-pt\/?s={search_term_string}"},"query-input":{"@type":"PropertyValueSpecification","valueRequired":true,"valueName":"search_term_string"}}],"inLanguage":"pt-PT"},{"@type":"Organization","@id":"https:\/\/theworldbilliards.com\/pt-pt\/#organization","name":"The World Billiards","alternateName":"The World Billiards","url":"https:\/\/theworldbilliards.com\/pt-pt\/","logo":{"@type":"ImageObject","inLanguage":"pt-PT","@id":"https:\/\/theworldbilliards.com\/pt-pt\/#\/schema\/logo\/image\/","url":"","contentUrl":"","caption":"The World Billiards"},"image":{"@id":"https:\/\/theworldbilliards.com\/pt-pt\/#\/schema\/logo\/image\/"},"sameAs":["https:\/\/www.facebook.com\/baby.foot.superbes","https:\/\/www.youtube.com\/channel\/UCIMuOVAaUcH6UpZcsZlH0Tg","https:\/\/www.facebook.com\/people\/Brunswick-Billiards-EspaaPortugal\/100066446264309\/","https:\/\/www.instagram.com\/the_world_billiards\/","https:\/\/www.pinterest.es\/Theworldbilliards\/"]}]}},"_links":{"self":[{"href":"https:\/\/theworldbilliards.com\/pt-pt\/wp-json\/wp\/v2\/product\/55227","targetHints":{"allow":["GET"]}}],"collection":[{"href":"https:\/\/theworldbilliards.com\/pt-pt\/wp-json\/wp\/v2\/product"}],"about":[{"href":"https:\/\/theworldbilliards.com\/pt-pt\/wp-json\/wp\/v2\/types\/product"}],"wp:featuredmedia":[{"embeddable":true,"href":"https:\/\/theworldbilliards.com\/pt-pt\/wp-json\/wp\/v2\/media\/72654"}],"wp:attachment":[{"href":"https:\/\/theworldbilliards.com\/pt-pt\/wp-json\/wp\/v2\/media?parent=55227"}],"wp:term":[{"taxonomy":"product_brand","embeddable":true,"href":"https:\/\/theworldbilliards.com\/pt-pt\/wp-json\/wp\/v2\/product_brand?post=55227"},{"taxonomy":"product_cat","embeddable":true,"href":"https:\/\/theworldbilliards.com\/pt-pt\/wp-json\/wp\/v2\/product_cat?post=55227"},{"taxonomy":"product_tag","embeddable":true,"href":"https:\/\/theworldbilliards.com\/pt-pt\/wp-json\/wp\/v2\/product_tag?post=55227"}],"curies":[{"name":"wp","href":"https:\/\/api.w.org\/{rel}","templated":true}]}}