{"id":57680,"date":"2019-08-23T10:58:01","date_gmt":"2019-08-23T08:58:01","guid":{"rendered":"https:\/\/theworldbilliards.com\/?post_type=product&#038;p=57680"},"modified":"2023-03-23T13:13:42","modified_gmt":"2023-03-23T12:13:42","slug":"getting-started-brunswick-dvd","status":"publish","type":"product","link":"https:\/\/theworldbilliards.com\/pt-pt\/produto\/getting-started-brunswick-dvd\/","title":{"rendered":"Getting Started Brunswick DVD"},"content":{"rendered":"<p>Come\u00e7ando DVD estrelado por Ewa Mataya Laurance Um bilhar Brunswick exclusivo! Este DVD, estrelado por Ewa Mataya Laurance, integrante do Hall of Fame, est\u00e1 lotado de informa\u00e7\u00f5es excepcionais, criadas para que voc\u00ea comece a jogar bilhar da maneira certa. Inclui informa\u00e7\u00f5es sobre a hist\u00f3ria do jogo, cuidar do seu equipamento de bilhar e mesa, os fundamentos do como jogar, as regras do jogo, treinos de treino e tiros de truques. Este DVD instrucional \u00e9 obrigat\u00f3rio para todos os jogadores novos e veteranos.<\/p>\n","protected":false},"excerpt":{"rendered":"<p>Come\u00e7ando DVD estrelado por Ewa Mataya Laurance Um bilhar Brunswick exclusivo! Este DVD, estrelado por Ewa Mataya Laurance, integrante do [&hellip;]<\/p>\n","protected":false},"featured_media":57684,"template":"","meta":{"site-sidebar-layout":"default","site-content-layout":"","ast-site-content-layout":"default","site-content-style":"default","site-sidebar-style":"default","ast-global-header-display":"","ast-banner-title-visibility":"","ast-main-header-display":"","ast-hfb-above-header-display":"","ast-hfb-below-header-display":"","ast-hfb-mobile-header-display":"","site-post-title":"","ast-breadcrumbs-content":"","ast-featured-img":"","footer-sml-layout":"","ast-disable-related-posts":"","theme-transparent-header-meta":"default","adv-header-id-meta":"","stick-header-meta":"","header-above-stick-meta":"","header-main-stick-meta":"","header-below-stick-meta":"","astra-migrate-meta-layouts":"default","ast-page-background-enabled":"default","ast-page-background-meta":{"desktop":{"background-color":"var(--ast-global-color-4)","background-image":"","background-repeat":"repeat","background-position":"center center","background-size":"auto","background-attachment":"scroll","background-type":"","background-media":"","overlay-type":"","overlay-color":"","overlay-opacity":"","overlay-gradient":""},"tablet":{"background-color":"","background-image":"","background-repeat":"repeat","background-position":"center center","background-size":"auto","background-attachment":"scroll","background-type":"","background-media":"","overlay-type":"","overlay-color":"","overlay-opacity":"","overlay-gradient":""},"mobile":{"background-color":"","background-image":"","background-repeat":"repeat","background-position":"center center","background-size":"auto","background-attachment":"scroll","background-type":"","background-media":"","overlay-type":"","overlay-color":"","overlay-opacity":"","overlay-gradient":""}},"ast-content-background-meta":{"desktop":{"background-color":"var(--ast-global-color-5)","background-image":"","background-repeat":"repeat","background-position":"center center","background-size":"auto","background-attachment":"scroll","background-type":"","background-media":"","overlay-type":"","overlay-color":"","overlay-opacity":"","overlay-gradient":""},"tablet":{"background-color":"var(--ast-global-color-5)","background-image":"","background-repeat":"repeat","background-position":"center center","background-size":"auto","background-attachment":"scroll","background-type":"","background-media":"","overlay-type":"","overlay-color":"","overlay-opacity":"","overlay-gradient":""},"mobile":{"background-color":"var(--ast-global-color-5)","background-image":"","background-repeat":"repeat","background-position":"center center","background-size":"auto","background-attachment":"scroll","background-type":"","background-media":"","overlay-type":"","overlay-color":"","overlay-opacity":"","overlay-gradient":""}}},"product_brand":[5199],"product_cat":[4947,1191],"product_tag":[],"class_list":{"0":"post-57680","1":"product","2":"type-product","3":"status-publish","4":"has-post-thumbnail","6":"product_brand-brunswick-billiards-pt-pt","7":"product_cat-acessorios-bilhar-brunswick","8":"product_cat-consumiveis-para-bilhar","9":"product_shipping_class-acessorios","10":"desktop-align-center","11":"tablet-align-left","12":"mobile-align-left","14":"first","15":"instock","16":"taxable","17":"shipping-taxable","18":"purchasable","19":"product-type-simple"},"yoast_head":"<!-- This site is optimized with the Yoast SEO plugin v27.4 - https:\/\/yoast.com\/product\/yoast-seo-wordpress\/ -->\n<title>Getting Started Brunswick DVD - The World Billiards<\/title>\n<meta name=\"description\" content=\"Come\u00e7ando DVD estrelado por Ewa Mataya Laurance Um bilhar Brunswick exclusivo! Este DVD, estrelado por Ewa Mataya Laurance, integrante do Hall of Fame, est\u00e1 lotado de informa\u00e7\u00f5es excepcionais, criadas para que voc\u00ea comece a jogar bilhar da maneira certa. Inclui informa\u00e7\u00f5es sobre a hist\u00f3ria do jogo, cuidar do seu equipamento de bilhar e mesa, os fundamentos do como jogar, as regras do jogo, treinos de treino e tiros de truques. Este DVD instrucional \u00e9 obrigat\u00f3rio para todos os jogadores novos e veteranos.\" \/>\n<meta name=\"robots\" content=\"index, follow, max-snippet:-1, max-image-preview:large, max-video-preview:-1\" \/>\n<link rel=\"canonical\" href=\"https:\/\/theworldbilliards.com\/pt-pt\/produto\/getting-started-brunswick-dvd\/\" \/>\n<meta property=\"og:locale\" content=\"pt_PT\" \/>\n<meta property=\"og:type\" content=\"article\" \/>\n<meta property=\"og:title\" content=\"Getting Started Brunswick DVD - The World Billiards\" \/>\n<meta property=\"og:description\" content=\"Come\u00e7ando DVD estrelado por Ewa Mataya Laurance Um bilhar Brunswick exclusivo! Este DVD, estrelado por Ewa Mataya Laurance, integrante do Hall of Fame, est\u00e1 lotado de informa\u00e7\u00f5es excepcionais, criadas para que voc\u00ea comece a jogar bilhar da maneira certa. Inclui informa\u00e7\u00f5es sobre a hist\u00f3ria do jogo, cuidar do seu equipamento de bilhar e mesa, os fundamentos do como jogar, as regras do jogo, treinos de treino e tiros de truques. Este DVD instrucional \u00e9 obrigat\u00f3rio para todos os jogadores novos e veteranos.\" \/>\n<meta property=\"og:url\" content=\"https:\/\/theworldbilliards.com\/pt-pt\/produto\/getting-started-brunswick-dvd\/\" \/>\n<meta property=\"og:site_name\" content=\"The World Billiards\" \/>\n<meta property=\"article:publisher\" content=\"https:\/\/www.facebook.com\/baby.foot.superbes\" \/>\n<meta property=\"article:modified_time\" content=\"2023-03-23T12:13:42+00:00\" \/>\n<meta property=\"og:image\" content=\"https:\/\/theworldbilliards.com\/wp-content\/uploads\/2019\/08\/ewa_gettingstarted_dvd.jpg\" \/>\n\t<meta property=\"og:image:width\" content=\"533\" \/>\n\t<meta property=\"og:image:height\" content=\"533\" \/>\n\t<meta property=\"og:image:type\" content=\"image\/jpeg\" \/>\n<meta name=\"twitter:card\" content=\"summary_large_image\" \/>\n<script type=\"application\/ld+json\" class=\"yoast-schema-graph\">{\"@context\":\"https:\\\/\\\/schema.org\",\"@graph\":[{\"@type\":\"WebPage\",\"@id\":\"https:\\\/\\\/theworldbilliards.com\\\/pt-pt\\\/produto\\\/getting-started-brunswick-dvd\\\/\",\"url\":\"https:\\\/\\\/theworldbilliards.com\\\/pt-pt\\\/produto\\\/getting-started-brunswick-dvd\\\/\",\"name\":\"Getting Started Brunswick DVD - The World Billiards\",\"isPartOf\":{\"@id\":\"https:\\\/\\\/theworldbilliards.com\\\/pt-pt\\\/#website\"},\"primaryImageOfPage\":{\"@id\":\"https:\\\/\\\/theworldbilliards.com\\\/pt-pt\\\/produto\\\/getting-started-brunswick-dvd\\\/#primaryimage\"},\"image\":{\"@id\":\"https:\\\/\\\/theworldbilliards.com\\\/pt-pt\\\/produto\\\/getting-started-brunswick-dvd\\\/#primaryimage\"},\"thumbnailUrl\":\"https:\\\/\\\/theworldbilliards.com\\\/wp-content\\\/uploads\\\/2019\\\/08\\\/ewa_gettingstarted_dvd.jpg\",\"datePublished\":\"2019-08-23T08:58:01+00:00\",\"dateModified\":\"2023-03-23T12:13:42+00:00\",\"description\":\"Come\u00e7ando DVD estrelado por Ewa Mataya Laurance Um bilhar Brunswick exclusivo! Este DVD, estrelado por Ewa Mataya Laurance, integrante do Hall of Fame, est\u00e1 lotado de informa\u00e7\u00f5es excepcionais, criadas para que voc\u00ea comece a jogar bilhar da maneira certa. Inclui informa\u00e7\u00f5es sobre a hist\u00f3ria do jogo, cuidar do seu equipamento de bilhar e mesa, os fundamentos do como jogar, as regras do jogo, treinos de treino e tiros de truques. Este DVD instrucional \u00e9 obrigat\u00f3rio para todos os jogadores novos e veteranos.\",\"breadcrumb\":{\"@id\":\"https:\\\/\\\/theworldbilliards.com\\\/pt-pt\\\/produto\\\/getting-started-brunswick-dvd\\\/#breadcrumb\"},\"inLanguage\":\"pt-PT\",\"potentialAction\":[{\"@type\":\"ReadAction\",\"target\":[\"https:\\\/\\\/theworldbilliards.com\\\/pt-pt\\\/produto\\\/getting-started-brunswick-dvd\\\/\"]}]},{\"@type\":\"ImageObject\",\"inLanguage\":\"pt-PT\",\"@id\":\"https:\\\/\\\/theworldbilliards.com\\\/pt-pt\\\/produto\\\/getting-started-brunswick-dvd\\\/#primaryimage\",\"url\":\"https:\\\/\\\/theworldbilliards.com\\\/wp-content\\\/uploads\\\/2019\\\/08\\\/ewa_gettingstarted_dvd.jpg\",\"contentUrl\":\"https:\\\/\\\/theworldbilliards.com\\\/wp-content\\\/uploads\\\/2019\\\/08\\\/ewa_gettingstarted_dvd.jpg\",\"width\":533,\"height\":533},{\"@type\":\"BreadcrumbList\",\"@id\":\"https:\\\/\\\/theworldbilliards.com\\\/pt-pt\\\/produto\\\/getting-started-brunswick-dvd\\\/#breadcrumb\",\"itemListElement\":[{\"@type\":\"ListItem\",\"position\":1,\"name\":\"In\u00edcio\",\"item\":\"https:\\\/\\\/theworldbilliards.com\\\/pt-pt\\\/\"},{\"@type\":\"ListItem\",\"position\":2,\"name\":\"Loja online\",\"item\":\"https:\\\/\\\/theworldbilliards.com\\\/pt-pt\\\/loja-theworldbilliards\\\/\"},{\"@type\":\"ListItem\",\"position\":3,\"name\":\"Getting Started Brunswick DVD\"}]},{\"@type\":\"WebSite\",\"@id\":\"https:\\\/\\\/theworldbilliards.com\\\/pt-pt\\\/#website\",\"url\":\"https:\\\/\\\/theworldbilliards.com\\\/pt-pt\\\/\",\"name\":\"TheWorldBilliards\",\"description\":\"Compre aqui bilhar, matraquilho, t\u00eanis de mesa e bowling\",\"publisher\":{\"@id\":\"https:\\\/\\\/theworldbilliards.com\\\/pt-pt\\\/#organization\"},\"alternateName\":\"The world billiards\",\"potentialAction\":[{\"@type\":\"SearchAction\",\"target\":{\"@type\":\"EntryPoint\",\"urlTemplate\":\"https:\\\/\\\/theworldbilliards.com\\\/pt-pt\\\/?s={search_term_string}\"},\"query-input\":{\"@type\":\"PropertyValueSpecification\",\"valueRequired\":true,\"valueName\":\"search_term_string\"}}],\"inLanguage\":\"pt-PT\"},{\"@type\":\"Organization\",\"@id\":\"https:\\\/\\\/theworldbilliards.com\\\/pt-pt\\\/#organization\",\"name\":\"The World Billiards\",\"alternateName\":\"The World Billiards\",\"url\":\"https:\\\/\\\/theworldbilliards.com\\\/pt-pt\\\/\",\"logo\":{\"@type\":\"ImageObject\",\"inLanguage\":\"pt-PT\",\"@id\":\"https:\\\/\\\/theworldbilliards.com\\\/pt-pt\\\/#\\\/schema\\\/logo\\\/image\\\/\",\"url\":\"\",\"contentUrl\":\"\",\"caption\":\"The World Billiards\"},\"image\":{\"@id\":\"https:\\\/\\\/theworldbilliards.com\\\/pt-pt\\\/#\\\/schema\\\/logo\\\/image\\\/\"},\"sameAs\":[\"https:\\\/\\\/www.facebook.com\\\/baby.foot.superbes\",\"https:\\\/\\\/www.youtube.com\\\/channel\\\/UCIMuOVAaUcH6UpZcsZlH0Tg\",\"https:\\\/\\\/www.facebook.com\\\/people\\\/Brunswick-Billiards-EspaaPortugal\\\/100066446264309\\\/\",\"https:\\\/\\\/www.instagram.com\\\/the_world_billiards\\\/\",\"https:\\\/\\\/www.pinterest.es\\\/Theworldbilliards\\\/\"]}]}<\/script>\n<!-- \/ Yoast SEO plugin. -->","yoast_head_json":{"title":"Getting Started Brunswick DVD - The World Billiards","description":"Come\u00e7ando DVD estrelado por Ewa Mataya Laurance Um bilhar Brunswick exclusivo! Este DVD, estrelado por Ewa Mataya Laurance, integrante do Hall of Fame, est\u00e1 lotado de informa\u00e7\u00f5es excepcionais, criadas para que voc\u00ea comece a jogar bilhar da maneira certa. Inclui informa\u00e7\u00f5es sobre a hist\u00f3ria do jogo, cuidar do seu equipamento de bilhar e mesa, os fundamentos do como jogar, as regras do jogo, treinos de treino e tiros de truques. Este DVD instrucional \u00e9 obrigat\u00f3rio para todos os jogadores novos e veteranos.","robots":{"index":"index","follow":"follow","max-snippet":"max-snippet:-1","max-image-preview":"max-image-preview:large","max-video-preview":"max-video-preview:-1"},"canonical":"https:\/\/theworldbilliards.com\/pt-pt\/produto\/getting-started-brunswick-dvd\/","og_locale":"pt_PT","og_type":"article","og_title":"Getting Started Brunswick DVD - The World Billiards","og_description":"Come\u00e7ando DVD estrelado por Ewa Mataya Laurance Um bilhar Brunswick exclusivo! Este DVD, estrelado por Ewa Mataya Laurance, integrante do Hall of Fame, est\u00e1 lotado de informa\u00e7\u00f5es excepcionais, criadas para que voc\u00ea comece a jogar bilhar da maneira certa. Inclui informa\u00e7\u00f5es sobre a hist\u00f3ria do jogo, cuidar do seu equipamento de bilhar e mesa, os fundamentos do como jogar, as regras do jogo, treinos de treino e tiros de truques. Este DVD instrucional \u00e9 obrigat\u00f3rio para todos os jogadores novos e veteranos.","og_url":"https:\/\/theworldbilliards.com\/pt-pt\/produto\/getting-started-brunswick-dvd\/","og_site_name":"The World Billiards","article_publisher":"https:\/\/www.facebook.com\/baby.foot.superbes","article_modified_time":"2023-03-23T12:13:42+00:00","og_image":[{"width":533,"height":533,"url":"https:\/\/theworldbilliards.com\/wp-content\/uploads\/2019\/08\/ewa_gettingstarted_dvd.jpg","type":"image\/jpeg"}],"twitter_card":"summary_large_image","schema":{"@context":"https:\/\/schema.org","@graph":[{"@type":"WebPage","@id":"https:\/\/theworldbilliards.com\/pt-pt\/produto\/getting-started-brunswick-dvd\/","url":"https:\/\/theworldbilliards.com\/pt-pt\/produto\/getting-started-brunswick-dvd\/","name":"Getting Started Brunswick DVD - The World Billiards","isPartOf":{"@id":"https:\/\/theworldbilliards.com\/pt-pt\/#website"},"primaryImageOfPage":{"@id":"https:\/\/theworldbilliards.com\/pt-pt\/produto\/getting-started-brunswick-dvd\/#primaryimage"},"image":{"@id":"https:\/\/theworldbilliards.com\/pt-pt\/produto\/getting-started-brunswick-dvd\/#primaryimage"},"thumbnailUrl":"https:\/\/theworldbilliards.com\/wp-content\/uploads\/2019\/08\/ewa_gettingstarted_dvd.jpg","datePublished":"2019-08-23T08:58:01+00:00","dateModified":"2023-03-23T12:13:42+00:00","description":"Come\u00e7ando DVD estrelado por Ewa Mataya Laurance Um bilhar Brunswick exclusivo! Este DVD, estrelado por Ewa Mataya Laurance, integrante do Hall of Fame, est\u00e1 lotado de informa\u00e7\u00f5es excepcionais, criadas para que voc\u00ea comece a jogar bilhar da maneira certa. Inclui informa\u00e7\u00f5es sobre a hist\u00f3ria do jogo, cuidar do seu equipamento de bilhar e mesa, os fundamentos do como jogar, as regras do jogo, treinos de treino e tiros de truques. Este DVD instrucional \u00e9 obrigat\u00f3rio para todos os jogadores novos e veteranos.","breadcrumb":{"@id":"https:\/\/theworldbilliards.com\/pt-pt\/produto\/getting-started-brunswick-dvd\/#breadcrumb"},"inLanguage":"pt-PT","potentialAction":[{"@type":"ReadAction","target":["https:\/\/theworldbilliards.com\/pt-pt\/produto\/getting-started-brunswick-dvd\/"]}]},{"@type":"ImageObject","inLanguage":"pt-PT","@id":"https:\/\/theworldbilliards.com\/pt-pt\/produto\/getting-started-brunswick-dvd\/#primaryimage","url":"https:\/\/theworldbilliards.com\/wp-content\/uploads\/2019\/08\/ewa_gettingstarted_dvd.jpg","contentUrl":"https:\/\/theworldbilliards.com\/wp-content\/uploads\/2019\/08\/ewa_gettingstarted_dvd.jpg","width":533,"height":533},{"@type":"BreadcrumbList","@id":"https:\/\/theworldbilliards.com\/pt-pt\/produto\/getting-started-brunswick-dvd\/#breadcrumb","itemListElement":[{"@type":"ListItem","position":1,"name":"In\u00edcio","item":"https:\/\/theworldbilliards.com\/pt-pt\/"},{"@type":"ListItem","position":2,"name":"Loja online","item":"https:\/\/theworldbilliards.com\/pt-pt\/loja-theworldbilliards\/"},{"@type":"ListItem","position":3,"name":"Getting Started Brunswick DVD"}]},{"@type":"WebSite","@id":"https:\/\/theworldbilliards.com\/pt-pt\/#website","url":"https:\/\/theworldbilliards.com\/pt-pt\/","name":"TheWorldBilliards","description":"Compre aqui bilhar, matraquilho, t\u00eanis de mesa e bowling","publisher":{"@id":"https:\/\/theworldbilliards.com\/pt-pt\/#organization"},"alternateName":"The world billiards","potentialAction":[{"@type":"SearchAction","target":{"@type":"EntryPoint","urlTemplate":"https:\/\/theworldbilliards.com\/pt-pt\/?s={search_term_string}"},"query-input":{"@type":"PropertyValueSpecification","valueRequired":true,"valueName":"search_term_string"}}],"inLanguage":"pt-PT"},{"@type":"Organization","@id":"https:\/\/theworldbilliards.com\/pt-pt\/#organization","name":"The World Billiards","alternateName":"The World Billiards","url":"https:\/\/theworldbilliards.com\/pt-pt\/","logo":{"@type":"ImageObject","inLanguage":"pt-PT","@id":"https:\/\/theworldbilliards.com\/pt-pt\/#\/schema\/logo\/image\/","url":"","contentUrl":"","caption":"The World Billiards"},"image":{"@id":"https:\/\/theworldbilliards.com\/pt-pt\/#\/schema\/logo\/image\/"},"sameAs":["https:\/\/www.facebook.com\/baby.foot.superbes","https:\/\/www.youtube.com\/channel\/UCIMuOVAaUcH6UpZcsZlH0Tg","https:\/\/www.facebook.com\/people\/Brunswick-Billiards-EspaaPortugal\/100066446264309\/","https:\/\/www.instagram.com\/the_world_billiards\/","https:\/\/www.pinterest.es\/Theworldbilliards\/"]}]}},"_links":{"self":[{"href":"https:\/\/theworldbilliards.com\/pt-pt\/wp-json\/wp\/v2\/product\/57680","targetHints":{"allow":["GET"]}}],"collection":[{"href":"https:\/\/theworldbilliards.com\/pt-pt\/wp-json\/wp\/v2\/product"}],"about":[{"href":"https:\/\/theworldbilliards.com\/pt-pt\/wp-json\/wp\/v2\/types\/product"}],"wp:featuredmedia":[{"embeddable":true,"href":"https:\/\/theworldbilliards.com\/pt-pt\/wp-json\/wp\/v2\/media\/57684"}],"wp:attachment":[{"href":"https:\/\/theworldbilliards.com\/pt-pt\/wp-json\/wp\/v2\/media?parent=57680"}],"wp:term":[{"taxonomy":"product_brand","embeddable":true,"href":"https:\/\/theworldbilliards.com\/pt-pt\/wp-json\/wp\/v2\/product_brand?post=57680"},{"taxonomy":"product_cat","embeddable":true,"href":"https:\/\/theworldbilliards.com\/pt-pt\/wp-json\/wp\/v2\/product_cat?post=57680"},{"taxonomy":"product_tag","embeddable":true,"href":"https:\/\/theworldbilliards.com\/pt-pt\/wp-json\/wp\/v2\/product_tag?post=57680"}],"curies":[{"name":"wp","href":"https:\/\/api.w.org\/{rel}","templated":true}]}}