{"id":57907,"date":"2019-09-03T12:10:17","date_gmt":"2019-09-03T10:10:17","guid":{"rendered":"https:\/\/theworldbilliards.com\/?post_type=product&#038;p=57907"},"modified":"2025-06-23T13:17:37","modified_gmt":"2025-06-23T11:17:37","slug":"matraquilho-roberto-sport-training-revolution","status":"publish","type":"product","link":"https:\/\/theworldbilliards.com\/pt-pt\/produto\/matraquilho-roberto-sport-training-revolution\/","title":{"rendered":"Matraquilho Roberto Sport Training Revolution"},"content":{"rendered":"<p>Matraquilho sem moedeiro homologado pela ITSF (Federa\u00e7\u00e3o Internacional de Matraquilho)<\/p>\n<p>O arm\u00e1rio \u00e9 fabricado em contraplacado de choupo multicamadas com 30 mm de espessura, temperado por duas folhas laminadas de b\u00e9tula, extremamente dur\u00e1veis \u200b\u200be consistentes.<br \/>\nNovo design das figuras com formato inovador para os p\u00e9s.<br \/>\nA superf\u00edcie do campo de jogo \u00e9 feita de laminado pl\u00e1stico fresado com precis\u00e3o para eliminar qualquer diferen\u00e7a entre o painel do campo de jogo e o acabamento lateral (SISTEMA PATENTEADO).<br \/>\nNovo acabamento lateral com dimens\u00f5es reduzidas e inclina\u00e7\u00e3o m\u00ednima.<br \/>\nComprimento do terreno de jogo: 113 cm<br \/>\nP\u00e9s de metal de ferro 80&#215;80 fornecidos com inser\u00e7\u00e3o macia para uma superf\u00edcie perfeita e est\u00e1vel.<br \/>\nAs pegas s\u00e3o feitas de l\u00e1tex de borracha com bordas protegidas para uma ader\u00eancia perfeita e reduzem o suor das m\u00e3os.<br \/>\nVem de f\u00e1brica com hastes telesc\u00f3picas de a\u00e7o trefilado de 18 mm com revestimento duplo para evitar a forma\u00e7\u00e3o de ferrugem.<br \/>\nCasquilhos moldados em material pl\u00e1stico de alta resist\u00eancia, instalados diretamente no arm\u00e1rio.<br \/>\nNova bucha deslizante, al\u00e9m da bucha de Teflon, fixada na extremidade da haste oca para aumentar o deslizamento da haste interior.<br \/>\nDuas molas fixas em ambas as extremidades da vara<br \/>\nFornecido com 5 bolas ITSF e 5 bolas Speedball + 1 spray lubrificante<\/p>\n<p>Especifica\u00e7\u00f5es do produto:<br \/>\nPeso 60 kg<br \/>\nCampo de jogo 113 x 70 cm<br \/>\nDimens\u00f5es Pacote 140 x 80 x 31 cm<br \/>\nDimens\u00f5es constru\u00eddas 138 x 110 x 90 cm<\/p>\n<p><iframe loading=\"lazy\" width=\"560\" height=\"315\" src=\"https:\/\/www.youtube.com\/embed\/Lqf5a5DXOis?si=xmCrCE6GAf105Ftb\" title=\"YouTube video player\" frameborder=\"0\" allow=\"accelerometer; autoplay; clipboard-write; encrypted-media; gyroscope; picture-in-picture; web-share\" referrerpolicy=\"strict-origin-when-cross-origin\" allowfullscreen><\/iframe><\/p>\n","protected":false},"excerpt":{"rendered":"<p>Matraquilho sem moedeiro homologado pela ITSF (Federa\u00e7\u00e3o Internacional de Matraquilho) O arm\u00e1rio \u00e9 fabricado em contraplacado de choupo multicamadas com [&hellip;]<\/p>\n","protected":false},"featured_media":108023,"template":"","meta":{"site-sidebar-layout":"default","site-content-layout":"","ast-site-content-layout":"default","site-content-style":"default","site-sidebar-style":"default","ast-global-header-display":"","ast-banner-title-visibility":"","ast-main-header-display":"","ast-hfb-above-header-display":"","ast-hfb-below-header-display":"","ast-hfb-mobile-header-display":"","site-post-title":"","ast-breadcrumbs-content":"","ast-featured-img":"","footer-sml-layout":"","ast-disable-related-posts":"","theme-transparent-header-meta":"default","adv-header-id-meta":"","stick-header-meta":"","header-above-stick-meta":"","header-main-stick-meta":"","header-below-stick-meta":"","astra-migrate-meta-layouts":"default","ast-page-background-enabled":"default","ast-page-background-meta":{"desktop":{"background-color":"var(--ast-global-color-4)","background-image":"","background-repeat":"repeat","background-position":"center center","background-size":"auto","background-attachment":"scroll","background-type":"","background-media":"","overlay-type":"","overlay-color":"","overlay-opacity":"","overlay-gradient":""},"tablet":{"background-color":"","background-image":"","background-repeat":"repeat","background-position":"center center","background-size":"auto","background-attachment":"scroll","background-type":"","background-media":"","overlay-type":"","overlay-color":"","overlay-opacity":"","overlay-gradient":""},"mobile":{"background-color":"","background-image":"","background-repeat":"repeat","background-position":"center center","background-size":"auto","background-attachment":"scroll","background-type":"","background-media":"","overlay-type":"","overlay-color":"","overlay-opacity":"","overlay-gradient":""}},"ast-content-background-meta":{"desktop":{"background-color":"var(--ast-global-color-5)","background-image":"","background-repeat":"repeat","background-position":"center center","background-size":"auto","background-attachment":"scroll","background-type":"","background-media":"","overlay-type":"","overlay-color":"","overlay-opacity":"","overlay-gradient":""},"tablet":{"background-color":"var(--ast-global-color-5)","background-image":"","background-repeat":"repeat","background-position":"center center","background-size":"auto","background-attachment":"scroll","background-type":"","background-media":"","overlay-type":"","overlay-color":"","overlay-opacity":"","overlay-gradient":""},"mobile":{"background-color":"var(--ast-global-color-5)","background-image":"","background-repeat":"repeat","background-position":"center center","background-size":"auto","background-attachment":"scroll","background-type":"","background-media":"","overlay-type":"","overlay-color":"","overlay-opacity":"","overlay-gradient":""}}},"product_brand":[5227],"product_cat":[1123,1124],"product_tag":[],"class_list":{"0":"post-57907","1":"product","2":"type-product","3":"status-publish","4":"has-post-thumbnail","6":"product_brand-roberto-sport-pt-pt","7":"product_cat-matraquilhos-competicao","8":"product_cat-matraquilhos-sem-moedeiro","9":"product_shipping_class-matraquilhos","10":"desktop-align-center","11":"tablet-align-left","12":"mobile-align-left","14":"first","15":"instock","16":"taxable","17":"shipping-taxable","18":"purchasable","19":"product-type-simple"},"yoast_head":"<!-- This site is optimized with the Yoast SEO plugin v27.4 - https:\/\/yoast.com\/product\/yoast-seo-wordpress\/ -->\n<title>Matraquilho Roberto Sport Training Revolution - The World Billiards<\/title>\n<meta name=\"description\" content=\"Matraquilho sem moedeiro homologado pela ITSF (Federa\u00e7\u00e3o Internacional de Matraquilho)  O arm\u00e1rio \u00e9 fabricado em contraplacado de choupo multicamadas com 30 mm de espessura, temperado por duas folhas laminadas de b\u00e9tula, extremamente dur\u00e1veis \u200b\u200be consistentes. Novo design das figuras com formato inovador para os p\u00e9s. A superf\u00edcie do campo de jogo \u00e9 feita de laminado pl\u00e1stico fresado com precis\u00e3o para eliminar qualquer diferen\u00e7a entre o painel do campo de jogo e o acabamento lateral (SISTEMA PATENTEADO). Novo acabamento lateral com dimens\u00f5es reduzidas e inclina\u00e7\u00e3o m\u00ednima. Comprimento do terreno de jogo: 113 cm P\u00e9s de metal de ferro 80x80 fornecidos com inser\u00e7\u00e3o macia para uma superf\u00edcie perfeita e est\u00e1vel. As pegas s\u00e3o feitas de l\u00e1tex de borracha com bordas protegidas para uma ader\u00eancia perfeita e reduzem o suor das m\u00e3os. Vem de f\u00e1brica com hastes telesc\u00f3picas de a\u00e7o trefilado de 18 mm com revestimento duplo para evitar a forma\u00e7\u00e3o de ferrugem. Casquilhos moldados em material pl\u00e1stico de alta resist\u00eancia, instalados diretamente no arm\u00e1rio. Nova bucha deslizante, al\u00e9m da bucha de Teflon, fixada na extremidade da haste oca para aumentar o deslizamento da haste interior. Duas molas fixas em ambas as extremidades da vara Fornecido com 5 bolas ITSF e 5 bolas Speedball + 1 spray lubrificante  Especifica\u00e7\u00f5es do produto: Peso 60 kg Campo de jogo 113 x 70 cm Dimens\u00f5es Pacote 140 x 80 x 31 cm Dimens\u00f5es constru\u00eddas 138 x 110 x 90 cm\" \/>\n<meta name=\"robots\" content=\"index, follow, max-snippet:-1, max-image-preview:large, max-video-preview:-1\" \/>\n<link rel=\"canonical\" href=\"https:\/\/theworldbilliards.com\/pt-pt\/produto\/matraquilho-roberto-sport-training-revolution\/\" \/>\n<meta property=\"og:locale\" content=\"pt_PT\" \/>\n<meta property=\"og:type\" content=\"article\" \/>\n<meta property=\"og:title\" content=\"Matraquilho Roberto Sport Training Revolution - The World Billiards\" \/>\n<meta property=\"og:description\" content=\"Matraquilho sem moedeiro homologado pela ITSF (Federa\u00e7\u00e3o Internacional de Matraquilho)  O arm\u00e1rio \u00e9 fabricado em contraplacado de choupo multicamadas com 30 mm de espessura, temperado por duas folhas laminadas de b\u00e9tula, extremamente dur\u00e1veis \u200b\u200be consistentes. Novo design das figuras com formato inovador para os p\u00e9s. A superf\u00edcie do campo de jogo \u00e9 feita de laminado pl\u00e1stico fresado com precis\u00e3o para eliminar qualquer diferen\u00e7a entre o painel do campo de jogo e o acabamento lateral (SISTEMA PATENTEADO). Novo acabamento lateral com dimens\u00f5es reduzidas e inclina\u00e7\u00e3o m\u00ednima. Comprimento do terreno de jogo: 113 cm P\u00e9s de metal de ferro 80x80 fornecidos com inser\u00e7\u00e3o macia para uma superf\u00edcie perfeita e est\u00e1vel. As pegas s\u00e3o feitas de l\u00e1tex de borracha com bordas protegidas para uma ader\u00eancia perfeita e reduzem o suor das m\u00e3os. Vem de f\u00e1brica com hastes telesc\u00f3picas de a\u00e7o trefilado de 18 mm com revestimento duplo para evitar a forma\u00e7\u00e3o de ferrugem. Casquilhos moldados em material pl\u00e1stico de alta resist\u00eancia, instalados diretamente no arm\u00e1rio. Nova bucha deslizante, al\u00e9m da bucha de Teflon, fixada na extremidade da haste oca para aumentar o deslizamento da haste interior. Duas molas fixas em ambas as extremidades da vara Fornecido com 5 bolas ITSF e 5 bolas Speedball + 1 spray lubrificante  Especifica\u00e7\u00f5es do produto: Peso 60 kg Campo de jogo 113 x 70 cm Dimens\u00f5es Pacote 140 x 80 x 31 cm Dimens\u00f5es constru\u00eddas 138 x 110 x 90 cm\" \/>\n<meta property=\"og:url\" content=\"https:\/\/theworldbilliards.com\/pt-pt\/produto\/matraquilho-roberto-sport-training-revolution\/\" \/>\n<meta property=\"og:site_name\" content=\"The World Billiards\" \/>\n<meta property=\"article:publisher\" content=\"https:\/\/www.facebook.com\/baby.foot.superbes\" \/>\n<meta property=\"article:modified_time\" content=\"2025-06-23T11:17:37+00:00\" \/>\n<meta property=\"og:image\" content=\"https:\/\/theworldbilliards.com\/wp-content\/uploads\/2019\/09\/training_revolution-itsf-1.jpg\" \/>\n\t<meta property=\"og:image:width\" content=\"800\" \/>\n\t<meta property=\"og:image:height\" content=\"801\" \/>\n\t<meta property=\"og:image:type\" content=\"image\/jpeg\" \/>\n<meta name=\"twitter:card\" content=\"summary_large_image\" \/>\n<script type=\"application\/ld+json\" class=\"yoast-schema-graph\">{\"@context\":\"https:\\\/\\\/schema.org\",\"@graph\":[{\"@type\":\"WebPage\",\"@id\":\"https:\\\/\\\/theworldbilliards.com\\\/pt-pt\\\/produto\\\/matraquilho-roberto-sport-training-revolution\\\/\",\"url\":\"https:\\\/\\\/theworldbilliards.com\\\/pt-pt\\\/produto\\\/matraquilho-roberto-sport-training-revolution\\\/\",\"name\":\"Matraquilho Roberto Sport Training Revolution - The World Billiards\",\"isPartOf\":{\"@id\":\"https:\\\/\\\/theworldbilliards.com\\\/pt-pt\\\/#website\"},\"primaryImageOfPage\":{\"@id\":\"https:\\\/\\\/theworldbilliards.com\\\/pt-pt\\\/produto\\\/matraquilho-roberto-sport-training-revolution\\\/#primaryimage\"},\"image\":{\"@id\":\"https:\\\/\\\/theworldbilliards.com\\\/pt-pt\\\/produto\\\/matraquilho-roberto-sport-training-revolution\\\/#primaryimage\"},\"thumbnailUrl\":\"https:\\\/\\\/theworldbilliards.com\\\/wp-content\\\/uploads\\\/2019\\\/09\\\/training_revolution-itsf-1.jpg\",\"datePublished\":\"2019-09-03T10:10:17+00:00\",\"dateModified\":\"2025-06-23T11:17:37+00:00\",\"description\":\"Matraquilho sem moedeiro homologado pela ITSF (Federa\u00e7\u00e3o Internacional de Matraquilho) O arm\u00e1rio \u00e9 fabricado em contraplacado de choupo multicamadas com 30 mm de espessura, temperado por duas folhas laminadas de b\u00e9tula, extremamente dur\u00e1veis \u200b\u200be consistentes. Novo design das figuras com formato inovador para os p\u00e9s. A superf\u00edcie do campo de jogo \u00e9 feita de laminado pl\u00e1stico fresado com precis\u00e3o para eliminar qualquer diferen\u00e7a entre o painel do campo de jogo e o acabamento lateral (SISTEMA PATENTEADO). Novo acabamento lateral com dimens\u00f5es reduzidas e inclina\u00e7\u00e3o m\u00ednima. Comprimento do terreno de jogo: 113 cm P\u00e9s de metal de ferro 80x80 fornecidos com inser\u00e7\u00e3o macia para uma superf\u00edcie perfeita e est\u00e1vel. As pegas s\u00e3o feitas de l\u00e1tex de borracha com bordas protegidas para uma ader\u00eancia perfeita e reduzem o suor das m\u00e3os. Vem de f\u00e1brica com hastes telesc\u00f3picas de a\u00e7o trefilado de 18 mm com revestimento duplo para evitar a forma\u00e7\u00e3o de ferrugem. Casquilhos moldados em material pl\u00e1stico de alta resist\u00eancia, instalados diretamente no arm\u00e1rio. Nova bucha deslizante, al\u00e9m da bucha de Teflon, fixada na extremidade da haste oca para aumentar o deslizamento da haste interior. Duas molas fixas em ambas as extremidades da vara Fornecido com 5 bolas ITSF e 5 bolas Speedball + 1 spray lubrificante Especifica\u00e7\u00f5es do produto: Peso 60 kg Campo de jogo 113 x 70 cm Dimens\u00f5es Pacote 140 x 80 x 31 cm Dimens\u00f5es constru\u00eddas 138 x 110 x 90 cm\",\"breadcrumb\":{\"@id\":\"https:\\\/\\\/theworldbilliards.com\\\/pt-pt\\\/produto\\\/matraquilho-roberto-sport-training-revolution\\\/#breadcrumb\"},\"inLanguage\":\"pt-PT\",\"potentialAction\":[{\"@type\":\"ReadAction\",\"target\":[\"https:\\\/\\\/theworldbilliards.com\\\/pt-pt\\\/produto\\\/matraquilho-roberto-sport-training-revolution\\\/\"]}]},{\"@type\":\"ImageObject\",\"inLanguage\":\"pt-PT\",\"@id\":\"https:\\\/\\\/theworldbilliards.com\\\/pt-pt\\\/produto\\\/matraquilho-roberto-sport-training-revolution\\\/#primaryimage\",\"url\":\"https:\\\/\\\/theworldbilliards.com\\\/wp-content\\\/uploads\\\/2019\\\/09\\\/training_revolution-itsf-1.jpg\",\"contentUrl\":\"https:\\\/\\\/theworldbilliards.com\\\/wp-content\\\/uploads\\\/2019\\\/09\\\/training_revolution-itsf-1.jpg\",\"width\":800,\"height\":801},{\"@type\":\"BreadcrumbList\",\"@id\":\"https:\\\/\\\/theworldbilliards.com\\\/pt-pt\\\/produto\\\/matraquilho-roberto-sport-training-revolution\\\/#breadcrumb\",\"itemListElement\":[{\"@type\":\"ListItem\",\"position\":1,\"name\":\"In\u00edcio\",\"item\":\"https:\\\/\\\/theworldbilliards.com\\\/pt-pt\\\/\"},{\"@type\":\"ListItem\",\"position\":2,\"name\":\"Loja online\",\"item\":\"https:\\\/\\\/theworldbilliards.com\\\/pt-pt\\\/loja-theworldbilliards\\\/\"},{\"@type\":\"ListItem\",\"position\":3,\"name\":\"Matraquilho Roberto Sport Training Revolution\"}]},{\"@type\":\"WebSite\",\"@id\":\"https:\\\/\\\/theworldbilliards.com\\\/pt-pt\\\/#website\",\"url\":\"https:\\\/\\\/theworldbilliards.com\\\/pt-pt\\\/\",\"name\":\"TheWorldBilliards\",\"description\":\"Compre aqui bilhar, matraquilho, t\u00eanis de mesa e bowling\",\"publisher\":{\"@id\":\"https:\\\/\\\/theworldbilliards.com\\\/pt-pt\\\/#organization\"},\"alternateName\":\"The world billiards\",\"potentialAction\":[{\"@type\":\"SearchAction\",\"target\":{\"@type\":\"EntryPoint\",\"urlTemplate\":\"https:\\\/\\\/theworldbilliards.com\\\/pt-pt\\\/?s={search_term_string}\"},\"query-input\":{\"@type\":\"PropertyValueSpecification\",\"valueRequired\":true,\"valueName\":\"search_term_string\"}}],\"inLanguage\":\"pt-PT\"},{\"@type\":\"Organization\",\"@id\":\"https:\\\/\\\/theworldbilliards.com\\\/pt-pt\\\/#organization\",\"name\":\"The World Billiards\",\"alternateName\":\"The World Billiards\",\"url\":\"https:\\\/\\\/theworldbilliards.com\\\/pt-pt\\\/\",\"logo\":{\"@type\":\"ImageObject\",\"inLanguage\":\"pt-PT\",\"@id\":\"https:\\\/\\\/theworldbilliards.com\\\/pt-pt\\\/#\\\/schema\\\/logo\\\/image\\\/\",\"url\":\"\",\"contentUrl\":\"\",\"caption\":\"The World Billiards\"},\"image\":{\"@id\":\"https:\\\/\\\/theworldbilliards.com\\\/pt-pt\\\/#\\\/schema\\\/logo\\\/image\\\/\"},\"sameAs\":[\"https:\\\/\\\/www.facebook.com\\\/baby.foot.superbes\",\"https:\\\/\\\/www.youtube.com\\\/channel\\\/UCIMuOVAaUcH6UpZcsZlH0Tg\",\"https:\\\/\\\/www.facebook.com\\\/people\\\/Brunswick-Billiards-EspaaPortugal\\\/100066446264309\\\/\",\"https:\\\/\\\/www.instagram.com\\\/the_world_billiards\\\/\",\"https:\\\/\\\/www.pinterest.es\\\/Theworldbilliards\\\/\"]}]}<\/script>\n<!-- \/ Yoast SEO plugin. -->","yoast_head_json":{"title":"Matraquilho Roberto Sport Training Revolution - The World Billiards","description":"Matraquilho sem moedeiro homologado pela ITSF (Federa\u00e7\u00e3o Internacional de Matraquilho)  O arm\u00e1rio \u00e9 fabricado em contraplacado de choupo multicamadas com 30 mm de espessura, temperado por duas folhas laminadas de b\u00e9tula, extremamente dur\u00e1veis \u200b\u200be consistentes. Novo design das figuras com formato inovador para os p\u00e9s. A superf\u00edcie do campo de jogo \u00e9 feita de laminado pl\u00e1stico fresado com precis\u00e3o para eliminar qualquer diferen\u00e7a entre o painel do campo de jogo e o acabamento lateral (SISTEMA PATENTEADO). Novo acabamento lateral com dimens\u00f5es reduzidas e inclina\u00e7\u00e3o m\u00ednima. Comprimento do terreno de jogo: 113 cm P\u00e9s de metal de ferro 80x80 fornecidos com inser\u00e7\u00e3o macia para uma superf\u00edcie perfeita e est\u00e1vel. As pegas s\u00e3o feitas de l\u00e1tex de borracha com bordas protegidas para uma ader\u00eancia perfeita e reduzem o suor das m\u00e3os. Vem de f\u00e1brica com hastes telesc\u00f3picas de a\u00e7o trefilado de 18 mm com revestimento duplo para evitar a forma\u00e7\u00e3o de ferrugem. Casquilhos moldados em material pl\u00e1stico de alta resist\u00eancia, instalados diretamente no arm\u00e1rio. Nova bucha deslizante, al\u00e9m da bucha de Teflon, fixada na extremidade da haste oca para aumentar o deslizamento da haste interior. Duas molas fixas em ambas as extremidades da vara Fornecido com 5 bolas ITSF e 5 bolas Speedball + 1 spray lubrificante  Especifica\u00e7\u00f5es do produto: Peso 60 kg Campo de jogo 113 x 70 cm Dimens\u00f5es Pacote 140 x 80 x 31 cm Dimens\u00f5es constru\u00eddas 138 x 110 x 90 cm","robots":{"index":"index","follow":"follow","max-snippet":"max-snippet:-1","max-image-preview":"max-image-preview:large","max-video-preview":"max-video-preview:-1"},"canonical":"https:\/\/theworldbilliards.com\/pt-pt\/produto\/matraquilho-roberto-sport-training-revolution\/","og_locale":"pt_PT","og_type":"article","og_title":"Matraquilho Roberto Sport Training Revolution - The World Billiards","og_description":"Matraquilho sem moedeiro homologado pela ITSF (Federa\u00e7\u00e3o Internacional de Matraquilho)  O arm\u00e1rio \u00e9 fabricado em contraplacado de choupo multicamadas com 30 mm de espessura, temperado por duas folhas laminadas de b\u00e9tula, extremamente dur\u00e1veis \u200b\u200be consistentes. Novo design das figuras com formato inovador para os p\u00e9s. A superf\u00edcie do campo de jogo \u00e9 feita de laminado pl\u00e1stico fresado com precis\u00e3o para eliminar qualquer diferen\u00e7a entre o painel do campo de jogo e o acabamento lateral (SISTEMA PATENTEADO). Novo acabamento lateral com dimens\u00f5es reduzidas e inclina\u00e7\u00e3o m\u00ednima. Comprimento do terreno de jogo: 113 cm P\u00e9s de metal de ferro 80x80 fornecidos com inser\u00e7\u00e3o macia para uma superf\u00edcie perfeita e est\u00e1vel. As pegas s\u00e3o feitas de l\u00e1tex de borracha com bordas protegidas para uma ader\u00eancia perfeita e reduzem o suor das m\u00e3os. Vem de f\u00e1brica com hastes telesc\u00f3picas de a\u00e7o trefilado de 18 mm com revestimento duplo para evitar a forma\u00e7\u00e3o de ferrugem. Casquilhos moldados em material pl\u00e1stico de alta resist\u00eancia, instalados diretamente no arm\u00e1rio. Nova bucha deslizante, al\u00e9m da bucha de Teflon, fixada na extremidade da haste oca para aumentar o deslizamento da haste interior. Duas molas fixas em ambas as extremidades da vara Fornecido com 5 bolas ITSF e 5 bolas Speedball + 1 spray lubrificante  Especifica\u00e7\u00f5es do produto: Peso 60 kg Campo de jogo 113 x 70 cm Dimens\u00f5es Pacote 140 x 80 x 31 cm Dimens\u00f5es constru\u00eddas 138 x 110 x 90 cm","og_url":"https:\/\/theworldbilliards.com\/pt-pt\/produto\/matraquilho-roberto-sport-training-revolution\/","og_site_name":"The World Billiards","article_publisher":"https:\/\/www.facebook.com\/baby.foot.superbes","article_modified_time":"2025-06-23T11:17:37+00:00","og_image":[{"width":800,"height":801,"url":"https:\/\/theworldbilliards.com\/wp-content\/uploads\/2019\/09\/training_revolution-itsf-1.jpg","type":"image\/jpeg"}],"twitter_card":"summary_large_image","schema":{"@context":"https:\/\/schema.org","@graph":[{"@type":"WebPage","@id":"https:\/\/theworldbilliards.com\/pt-pt\/produto\/matraquilho-roberto-sport-training-revolution\/","url":"https:\/\/theworldbilliards.com\/pt-pt\/produto\/matraquilho-roberto-sport-training-revolution\/","name":"Matraquilho Roberto Sport Training Revolution - The World Billiards","isPartOf":{"@id":"https:\/\/theworldbilliards.com\/pt-pt\/#website"},"primaryImageOfPage":{"@id":"https:\/\/theworldbilliards.com\/pt-pt\/produto\/matraquilho-roberto-sport-training-revolution\/#primaryimage"},"image":{"@id":"https:\/\/theworldbilliards.com\/pt-pt\/produto\/matraquilho-roberto-sport-training-revolution\/#primaryimage"},"thumbnailUrl":"https:\/\/theworldbilliards.com\/wp-content\/uploads\/2019\/09\/training_revolution-itsf-1.jpg","datePublished":"2019-09-03T10:10:17+00:00","dateModified":"2025-06-23T11:17:37+00:00","description":"Matraquilho sem moedeiro homologado pela ITSF (Federa\u00e7\u00e3o Internacional de Matraquilho) O arm\u00e1rio \u00e9 fabricado em contraplacado de choupo multicamadas com 30 mm de espessura, temperado por duas folhas laminadas de b\u00e9tula, extremamente dur\u00e1veis \u200b\u200be consistentes. Novo design das figuras com formato inovador para os p\u00e9s. A superf\u00edcie do campo de jogo \u00e9 feita de laminado pl\u00e1stico fresado com precis\u00e3o para eliminar qualquer diferen\u00e7a entre o painel do campo de jogo e o acabamento lateral (SISTEMA PATENTEADO). Novo acabamento lateral com dimens\u00f5es reduzidas e inclina\u00e7\u00e3o m\u00ednima. Comprimento do terreno de jogo: 113 cm P\u00e9s de metal de ferro 80x80 fornecidos com inser\u00e7\u00e3o macia para uma superf\u00edcie perfeita e est\u00e1vel. As pegas s\u00e3o feitas de l\u00e1tex de borracha com bordas protegidas para uma ader\u00eancia perfeita e reduzem o suor das m\u00e3os. Vem de f\u00e1brica com hastes telesc\u00f3picas de a\u00e7o trefilado de 18 mm com revestimento duplo para evitar a forma\u00e7\u00e3o de ferrugem. Casquilhos moldados em material pl\u00e1stico de alta resist\u00eancia, instalados diretamente no arm\u00e1rio. Nova bucha deslizante, al\u00e9m da bucha de Teflon, fixada na extremidade da haste oca para aumentar o deslizamento da haste interior. Duas molas fixas em ambas as extremidades da vara Fornecido com 5 bolas ITSF e 5 bolas Speedball + 1 spray lubrificante Especifica\u00e7\u00f5es do produto: Peso 60 kg Campo de jogo 113 x 70 cm Dimens\u00f5es Pacote 140 x 80 x 31 cm Dimens\u00f5es constru\u00eddas 138 x 110 x 90 cm","breadcrumb":{"@id":"https:\/\/theworldbilliards.com\/pt-pt\/produto\/matraquilho-roberto-sport-training-revolution\/#breadcrumb"},"inLanguage":"pt-PT","potentialAction":[{"@type":"ReadAction","target":["https:\/\/theworldbilliards.com\/pt-pt\/produto\/matraquilho-roberto-sport-training-revolution\/"]}]},{"@type":"ImageObject","inLanguage":"pt-PT","@id":"https:\/\/theworldbilliards.com\/pt-pt\/produto\/matraquilho-roberto-sport-training-revolution\/#primaryimage","url":"https:\/\/theworldbilliards.com\/wp-content\/uploads\/2019\/09\/training_revolution-itsf-1.jpg","contentUrl":"https:\/\/theworldbilliards.com\/wp-content\/uploads\/2019\/09\/training_revolution-itsf-1.jpg","width":800,"height":801},{"@type":"BreadcrumbList","@id":"https:\/\/theworldbilliards.com\/pt-pt\/produto\/matraquilho-roberto-sport-training-revolution\/#breadcrumb","itemListElement":[{"@type":"ListItem","position":1,"name":"In\u00edcio","item":"https:\/\/theworldbilliards.com\/pt-pt\/"},{"@type":"ListItem","position":2,"name":"Loja online","item":"https:\/\/theworldbilliards.com\/pt-pt\/loja-theworldbilliards\/"},{"@type":"ListItem","position":3,"name":"Matraquilho Roberto Sport Training Revolution"}]},{"@type":"WebSite","@id":"https:\/\/theworldbilliards.com\/pt-pt\/#website","url":"https:\/\/theworldbilliards.com\/pt-pt\/","name":"TheWorldBilliards","description":"Compre aqui bilhar, matraquilho, t\u00eanis de mesa e bowling","publisher":{"@id":"https:\/\/theworldbilliards.com\/pt-pt\/#organization"},"alternateName":"The world billiards","potentialAction":[{"@type":"SearchAction","target":{"@type":"EntryPoint","urlTemplate":"https:\/\/theworldbilliards.com\/pt-pt\/?s={search_term_string}"},"query-input":{"@type":"PropertyValueSpecification","valueRequired":true,"valueName":"search_term_string"}}],"inLanguage":"pt-PT"},{"@type":"Organization","@id":"https:\/\/theworldbilliards.com\/pt-pt\/#organization","name":"The World Billiards","alternateName":"The World Billiards","url":"https:\/\/theworldbilliards.com\/pt-pt\/","logo":{"@type":"ImageObject","inLanguage":"pt-PT","@id":"https:\/\/theworldbilliards.com\/pt-pt\/#\/schema\/logo\/image\/","url":"","contentUrl":"","caption":"The World Billiards"},"image":{"@id":"https:\/\/theworldbilliards.com\/pt-pt\/#\/schema\/logo\/image\/"},"sameAs":["https:\/\/www.facebook.com\/baby.foot.superbes","https:\/\/www.youtube.com\/channel\/UCIMuOVAaUcH6UpZcsZlH0Tg","https:\/\/www.facebook.com\/people\/Brunswick-Billiards-EspaaPortugal\/100066446264309\/","https:\/\/www.instagram.com\/the_world_billiards\/","https:\/\/www.pinterest.es\/Theworldbilliards\/"]}]}},"_links":{"self":[{"href":"https:\/\/theworldbilliards.com\/pt-pt\/wp-json\/wp\/v2\/product\/57907","targetHints":{"allow":["GET"]}}],"collection":[{"href":"https:\/\/theworldbilliards.com\/pt-pt\/wp-json\/wp\/v2\/product"}],"about":[{"href":"https:\/\/theworldbilliards.com\/pt-pt\/wp-json\/wp\/v2\/types\/product"}],"wp:featuredmedia":[{"embeddable":true,"href":"https:\/\/theworldbilliards.com\/pt-pt\/wp-json\/wp\/v2\/media\/108023"}],"wp:attachment":[{"href":"https:\/\/theworldbilliards.com\/pt-pt\/wp-json\/wp\/v2\/media?parent=57907"}],"wp:term":[{"taxonomy":"product_brand","embeddable":true,"href":"https:\/\/theworldbilliards.com\/pt-pt\/wp-json\/wp\/v2\/product_brand?post=57907"},{"taxonomy":"product_cat","embeddable":true,"href":"https:\/\/theworldbilliards.com\/pt-pt\/wp-json\/wp\/v2\/product_cat?post=57907"},{"taxonomy":"product_tag","embeddable":true,"href":"https:\/\/theworldbilliards.com\/pt-pt\/wp-json\/wp\/v2\/product_tag?post=57907"}],"curies":[{"name":"wp","href":"https:\/\/api.w.org\/{rel}","templated":true}]}}