{"id":72480,"date":"2020-03-18T09:18:04","date_gmt":"2020-03-18T08:18:04","guid":{"rendered":"https:\/\/theworldbilliards.com\/?post_type=product&#038;p=72480"},"modified":"2024-12-24T11:38:45","modified_gmt":"2024-12-24T10:38:45","slug":"bilhar-brunswick-sanibel","status":"publish","type":"product","link":"https:\/\/theworldbilliards.com\/pt-pt\/produto\/bilhar-brunswick-sanibel\/","title":{"rendered":"Bilhar Brunswick Sanibel"},"content":{"rendered":"<p>O Sanibel apresenta um design moderno com linhas ultra limpas e est\u00e9tica minimalista. As miras especializadas marteladas \u00e0 m\u00e3o fornecem detalhes exclusivos e os novos bolsos discretos mant\u00eam a mesa incrivelmente elegante. O Sanibel est\u00e1 dispon\u00edvel em Rustic Grey, um acabamento resistido que mostra o gr\u00e3o e a textura naturais da madeira.<\/span><\/span><\/p>\n<p>Especifica\u00e7\u00f5es do produto:<\/p>\n<\/div>\n<ul>\n<li>Ard\u00f3sia: placa de ard\u00f3sia de 3 pe\u00e7as com espessura de 2,54 cm.<\/li>\n<li>Tamanho: 8 p\u00e9s o 7 p\u00e9s<\/li>\n<li>Cor: &#8220;<span class=\"spec-item-value\">Rustic Grey<\/span>&#8221; o &#8220;Rustic Dark Brown&#8221;<\/li>\n<li>Pano Pro Cup Tournament inclu\u00eddo com diversas cores \u00e1 escolha em op\u00e7\u00e3o pode escolher o Pro Cup Teflon anti manchas, Simonis, Championship, Brunswick Centennial, etc.<\/li>\n<li><strong>Op\u00e7\u00f5es:<\/strong>\u00a0Taqueira,\u00a0Tampo de sala de jantar,\u00a0Tampo de t\u00e9nis de mesa, Carrinho para arrumar o tampo debaixo da mesa,\u00a0Sistema multi tabelas de Bilhar\/Pool para Carambola\/Bilhar Franc\u00eas\u00a0ou\u00a0Snooker Ingl\u00eas.<\/li>\n<\/ul>\n<p>&nbsp;<\/p>\n","protected":false},"excerpt":{"rendered":"<p><strong>Acess\u00f3rios inclu\u00eddos :<\/strong><br \/>\n\u2022 1 Conjunto de bolas<br \/>\n\u2022 1 Tri\u00e2ngulo (em pool)<br \/>\n\u2022 4 Tacos inteiros<br \/>\n\u2022 6 Cubos de giz<br \/>\n\u2022 1 Escova<\/p>\n<p><a href=\"https:\/\/theworldbilliards.com\/pt-pt\/categoria-produto\/bilhar\/acessorios-de-bilhar\/kits-de-acessorios\/\" target=\"_blank\" rel=\"noopener\"><strong>Outras op\u00e7\u00f5es de kit de acess\u00f3rios<\/strong><\/a><strong><a href=\"https:\/\/theworldbilliards.com\/pt-pt\/categoria-produto\/bilhar\/acessorios-de-bilhar\/kits-de-acessorios\/\" target=\"_blank\" rel=\"noopener\"><img loading=\"lazy\" decoding=\"async\" class=\"alignnone wp-image-103074\" src=\"https:\/\/theworldbilliards.com\/wp-content\/uploads\/2024\/04\/Brunswick-kit-centennial-300x189.jpg\" alt=\"\" width=\"200\" height=\"126\" srcset=\"https:\/\/theworldbilliards.com\/wp-content\/uploads\/2024\/04\/Brunswick-kit-centennial-300x189.jpg 300w, https:\/\/theworldbilliards.com\/wp-content\/uploads\/2024\/04\/Brunswick-kit-centennial-600x379.jpg 600w, https:\/\/theworldbilliards.com\/wp-content\/uploads\/2024\/04\/Brunswick-kit-centennial.jpg 708w\" sizes=\"auto, (max-width: 200px) 100vw, 200px\" \/><\/a><\/strong><\/p>\n","protected":false},"featured_media":72488,"template":"","meta":{"site-sidebar-layout":"default","site-content-layout":"","ast-site-content-layout":"default","site-content-style":"default","site-sidebar-style":"default","ast-global-header-display":"","ast-banner-title-visibility":"","ast-main-header-display":"","ast-hfb-above-header-display":"","ast-hfb-below-header-display":"","ast-hfb-mobile-header-display":"","site-post-title":"","ast-breadcrumbs-content":"","ast-featured-img":"","footer-sml-layout":"","ast-disable-related-posts":"","theme-transparent-header-meta":"default","adv-header-id-meta":"","stick-header-meta":"","header-above-stick-meta":"","header-main-stick-meta":"","header-below-stick-meta":"","astra-migrate-meta-layouts":"default","ast-page-background-enabled":"default","ast-page-background-meta":{"desktop":{"background-color":"var(--ast-global-color-4)","background-image":"","background-repeat":"repeat","background-position":"center center","background-size":"auto","background-attachment":"scroll","background-type":"","background-media":"","overlay-type":"","overlay-color":"","overlay-opacity":"","overlay-gradient":""},"tablet":{"background-color":"","background-image":"","background-repeat":"repeat","background-position":"center center","background-size":"auto","background-attachment":"scroll","background-type":"","background-media":"","overlay-type":"","overlay-color":"","overlay-opacity":"","overlay-gradient":""},"mobile":{"background-color":"","background-image":"","background-repeat":"repeat","background-position":"center center","background-size":"auto","background-attachment":"scroll","background-type":"","background-media":"","overlay-type":"","overlay-color":"","overlay-opacity":"","overlay-gradient":""}},"ast-content-background-meta":{"desktop":{"background-color":"var(--ast-global-color-5)","background-image":"","background-repeat":"repeat","background-position":"center center","background-size":"auto","background-attachment":"scroll","background-type":"","background-media":"","overlay-type":"","overlay-color":"","overlay-opacity":"","overlay-gradient":""},"tablet":{"background-color":"var(--ast-global-color-5)","background-image":"","background-repeat":"repeat","background-position":"center center","background-size":"auto","background-attachment":"scroll","background-type":"","background-media":"","overlay-type":"","overlay-color":"","overlay-opacity":"","overlay-gradient":""},"mobile":{"background-color":"var(--ast-global-color-5)","background-image":"","background-repeat":"repeat","background-position":"center center","background-size":"auto","background-attachment":"scroll","background-type":"","background-media":"","overlay-type":"","overlay-color":"","overlay-opacity":"","overlay-gradient":""}}},"product_brand":[5199],"product_cat":[1151],"product_tag":[],"class_list":{"0":"post-72480","1":"product","2":"type-product","3":"status-publish","4":"has-post-thumbnail","6":"product_brand-brunswick-billiards-pt-pt","7":"product_cat-bilhares-brunswick","8":"product_shipping_class-bilhares","9":"desktop-align-center","10":"tablet-align-left","11":"mobile-align-left","13":"first","14":"onbackorder","15":"taxable","16":"shipping-taxable","17":"purchasable","18":"product-type-variable"},"yoast_head":"<!-- This site is optimized with the Yoast SEO plugin v27.4 - https:\/\/yoast.com\/product\/yoast-seo-wordpress\/ -->\n<title>Bilhar Brunswick Sanibel - The World Billiards<\/title>\n<meta name=\"description\" content=\"O Sanibel apresenta um design moderno com linhas ultra limpas e est\u00e9tica minimalista. As miras especializadas marteladas \u00e0 m\u00e3o fornecem detalhes exclusivos e os novos bolsos discretos mant\u00eam a mesa incrivelmente elegante. O Sanibel est\u00e1 dispon\u00edvel em Rustic Grey, um acabamento resistido que mostra o gr\u00e3o e a textura naturais da madeira.  Especifica\u00e7\u00f5es do produto:     Ard\u00f3sia: placa de ard\u00f3sia de 3 pe\u00e7as com espessura de 2,54 cm.  Tamanho: 8 p\u00e9s o 7 p\u00e9s  Cor: &quot;Rustic Grey&quot; o &quot;Rustic Dark Brown&quot;  Pano Pro Cup Tournament inclu\u00eddo com diversas cores \u00e1 escolha em op\u00e7\u00e3o pode escolher o Pro Cup Teflon anti manchas, Simonis, Championship, Brunswick Centennial, etc.  Op\u00e7\u00f5es:\u00a0Taqueira,\u00a0Tampo de sala de jantar,\u00a0Tampo de t\u00e9nis de mesa, Carrinho para arrumar o tampo debaixo da mesa,\u00a0Sistema multi tabelas de Bilhar\/Pool para Carambola\/Bilhar Franc\u00eas\u00a0ou\u00a0Snooker Ingl\u00eas.  &nbsp;\" \/>\n<meta name=\"robots\" content=\"index, follow, max-snippet:-1, max-image-preview:large, max-video-preview:-1\" \/>\n<link rel=\"canonical\" href=\"https:\/\/theworldbilliards.com\/pt-pt\/produto\/bilhar-brunswick-sanibel\/\" \/>\n<meta property=\"og:locale\" content=\"pt_PT\" \/>\n<meta property=\"og:type\" content=\"article\" \/>\n<meta property=\"og:title\" content=\"Bilhar Brunswick Sanibel - The World Billiards\" \/>\n<meta property=\"og:description\" content=\"O Sanibel apresenta um design moderno com linhas ultra limpas e est\u00e9tica minimalista. As miras especializadas marteladas \u00e0 m\u00e3o fornecem detalhes exclusivos e os novos bolsos discretos mant\u00eam a mesa incrivelmente elegante. O Sanibel est\u00e1 dispon\u00edvel em Rustic Grey, um acabamento resistido que mostra o gr\u00e3o e a textura naturais da madeira.  Especifica\u00e7\u00f5es do produto:     Ard\u00f3sia: placa de ard\u00f3sia de 3 pe\u00e7as com espessura de 2,54 cm.  Tamanho: 8 p\u00e9s o 7 p\u00e9s  Cor: &quot;Rustic Grey&quot; o &quot;Rustic Dark Brown&quot;  Pano Pro Cup Tournament inclu\u00eddo com diversas cores \u00e1 escolha em op\u00e7\u00e3o pode escolher o Pro Cup Teflon anti manchas, Simonis, Championship, Brunswick Centennial, etc.  Op\u00e7\u00f5es:\u00a0Taqueira,\u00a0Tampo de sala de jantar,\u00a0Tampo de t\u00e9nis de mesa, Carrinho para arrumar o tampo debaixo da mesa,\u00a0Sistema multi tabelas de Bilhar\/Pool para Carambola\/Bilhar Franc\u00eas\u00a0ou\u00a0Snooker Ingl\u00eas.  &nbsp;\" \/>\n<meta property=\"og:url\" content=\"https:\/\/theworldbilliards.com\/pt-pt\/produto\/bilhar-brunswick-sanibel\/\" \/>\n<meta property=\"og:site_name\" content=\"The World Billiards\" \/>\n<meta property=\"article:publisher\" content=\"https:\/\/www.facebook.com\/baby.foot.superbes\" \/>\n<meta property=\"article:modified_time\" content=\"2024-12-24T10:38:45+00:00\" \/>\n<meta property=\"og:image\" content=\"https:\/\/theworldbilliards.com\/wp-content\/uploads\/2020\/03\/sanibel.jpg\" \/>\n\t<meta property=\"og:image:width\" content=\"1020\" \/>\n\t<meta property=\"og:image:height\" content=\"1020\" \/>\n\t<meta property=\"og:image:type\" content=\"image\/jpeg\" \/>\n<meta name=\"twitter:card\" content=\"summary_large_image\" \/>\n<meta name=\"twitter:label1\" content=\"Tempo estimado de leitura\" \/>\n\t<meta name=\"twitter:data1\" content=\"1 minuto\" \/>\n<script type=\"application\/ld+json\" class=\"yoast-schema-graph\">{\"@context\":\"https:\\\/\\\/schema.org\",\"@graph\":[{\"@type\":\"WebPage\",\"@id\":\"https:\\\/\\\/theworldbilliards.com\\\/pt-pt\\\/produto\\\/bilhar-brunswick-sanibel\\\/\",\"url\":\"https:\\\/\\\/theworldbilliards.com\\\/pt-pt\\\/produto\\\/bilhar-brunswick-sanibel\\\/\",\"name\":\"Bilhar Brunswick Sanibel - The World Billiards\",\"isPartOf\":{\"@id\":\"https:\\\/\\\/theworldbilliards.com\\\/pt-pt\\\/#website\"},\"primaryImageOfPage\":{\"@id\":\"https:\\\/\\\/theworldbilliards.com\\\/pt-pt\\\/produto\\\/bilhar-brunswick-sanibel\\\/#primaryimage\"},\"image\":{\"@id\":\"https:\\\/\\\/theworldbilliards.com\\\/pt-pt\\\/produto\\\/bilhar-brunswick-sanibel\\\/#primaryimage\"},\"thumbnailUrl\":\"https:\\\/\\\/theworldbilliards.com\\\/wp-content\\\/uploads\\\/2020\\\/03\\\/sanibel.jpg\",\"datePublished\":\"2020-03-18T08:18:04+00:00\",\"dateModified\":\"2024-12-24T10:38:45+00:00\",\"description\":\"O Sanibel apresenta um design moderno com linhas ultra limpas e est\u00e9tica minimalista. As miras especializadas marteladas \u00e0 m\u00e3o fornecem detalhes exclusivos e os novos bolsos discretos mant\u00eam a mesa incrivelmente elegante. O Sanibel est\u00e1 dispon\u00edvel em Rustic Grey, um acabamento resistido que mostra o gr\u00e3o e a textura naturais da madeira. Especifica\u00e7\u00f5es do produto: Ard\u00f3sia: placa de ard\u00f3sia de 3 pe\u00e7as com espessura de 2,54 cm. Tamanho: 8 p\u00e9s o 7 p\u00e9s Cor: \\\"Rustic Grey\\\" o \\\"Rustic Dark Brown\\\" Pano Pro Cup Tournament inclu\u00eddo com diversas cores \u00e1 escolha em op\u00e7\u00e3o pode escolher o Pro Cup Teflon anti manchas, Simonis, Championship, Brunswick Centennial, etc. Op\u00e7\u00f5es:\u00a0Taqueira,\u00a0Tampo de sala de jantar,\u00a0Tampo de t\u00e9nis de mesa, Carrinho para arrumar o tampo debaixo da mesa,\u00a0Sistema multi tabelas de Bilhar\\\/Pool para Carambola\\\/Bilhar Franc\u00eas\u00a0ou\u00a0Snooker Ingl\u00eas. &nbsp;\",\"breadcrumb\":{\"@id\":\"https:\\\/\\\/theworldbilliards.com\\\/pt-pt\\\/produto\\\/bilhar-brunswick-sanibel\\\/#breadcrumb\"},\"inLanguage\":\"pt-PT\",\"potentialAction\":[{\"@type\":\"ReadAction\",\"target\":[\"https:\\\/\\\/theworldbilliards.com\\\/pt-pt\\\/produto\\\/bilhar-brunswick-sanibel\\\/\"]}]},{\"@type\":\"ImageObject\",\"inLanguage\":\"pt-PT\",\"@id\":\"https:\\\/\\\/theworldbilliards.com\\\/pt-pt\\\/produto\\\/bilhar-brunswick-sanibel\\\/#primaryimage\",\"url\":\"https:\\\/\\\/theworldbilliards.com\\\/wp-content\\\/uploads\\\/2020\\\/03\\\/sanibel.jpg\",\"contentUrl\":\"https:\\\/\\\/theworldbilliards.com\\\/wp-content\\\/uploads\\\/2020\\\/03\\\/sanibel.jpg\",\"width\":1020,\"height\":1020},{\"@type\":\"BreadcrumbList\",\"@id\":\"https:\\\/\\\/theworldbilliards.com\\\/pt-pt\\\/produto\\\/bilhar-brunswick-sanibel\\\/#breadcrumb\",\"itemListElement\":[{\"@type\":\"ListItem\",\"position\":1,\"name\":\"In\u00edcio\",\"item\":\"https:\\\/\\\/theworldbilliards.com\\\/pt-pt\\\/\"},{\"@type\":\"ListItem\",\"position\":2,\"name\":\"Loja online\",\"item\":\"https:\\\/\\\/theworldbilliards.com\\\/pt-pt\\\/loja-theworldbilliards\\\/\"},{\"@type\":\"ListItem\",\"position\":3,\"name\":\"Bilhar Brunswick Sanibel\"}]},{\"@type\":\"WebSite\",\"@id\":\"https:\\\/\\\/theworldbilliards.com\\\/pt-pt\\\/#website\",\"url\":\"https:\\\/\\\/theworldbilliards.com\\\/pt-pt\\\/\",\"name\":\"TheWorldBilliards\",\"description\":\"Compre aqui bilhar, matraquilho, t\u00eanis de mesa e bowling\",\"publisher\":{\"@id\":\"https:\\\/\\\/theworldbilliards.com\\\/pt-pt\\\/#organization\"},\"alternateName\":\"The world billiards\",\"potentialAction\":[{\"@type\":\"SearchAction\",\"target\":{\"@type\":\"EntryPoint\",\"urlTemplate\":\"https:\\\/\\\/theworldbilliards.com\\\/pt-pt\\\/?s={search_term_string}\"},\"query-input\":{\"@type\":\"PropertyValueSpecification\",\"valueRequired\":true,\"valueName\":\"search_term_string\"}}],\"inLanguage\":\"pt-PT\"},{\"@type\":\"Organization\",\"@id\":\"https:\\\/\\\/theworldbilliards.com\\\/pt-pt\\\/#organization\",\"name\":\"The World Billiards\",\"alternateName\":\"The World Billiards\",\"url\":\"https:\\\/\\\/theworldbilliards.com\\\/pt-pt\\\/\",\"logo\":{\"@type\":\"ImageObject\",\"inLanguage\":\"pt-PT\",\"@id\":\"https:\\\/\\\/theworldbilliards.com\\\/pt-pt\\\/#\\\/schema\\\/logo\\\/image\\\/\",\"url\":\"\",\"contentUrl\":\"\",\"caption\":\"The World Billiards\"},\"image\":{\"@id\":\"https:\\\/\\\/theworldbilliards.com\\\/pt-pt\\\/#\\\/schema\\\/logo\\\/image\\\/\"},\"sameAs\":[\"https:\\\/\\\/www.facebook.com\\\/baby.foot.superbes\",\"https:\\\/\\\/www.youtube.com\\\/channel\\\/UCIMuOVAaUcH6UpZcsZlH0Tg\",\"https:\\\/\\\/www.facebook.com\\\/people\\\/Brunswick-Billiards-EspaaPortugal\\\/100066446264309\\\/\",\"https:\\\/\\\/www.instagram.com\\\/the_world_billiards\\\/\",\"https:\\\/\\\/www.pinterest.es\\\/Theworldbilliards\\\/\"]}]}<\/script>\n<!-- \/ Yoast SEO plugin. -->","yoast_head_json":{"title":"Bilhar Brunswick Sanibel - The World Billiards","description":"O Sanibel apresenta um design moderno com linhas ultra limpas e est\u00e9tica minimalista. As miras especializadas marteladas \u00e0 m\u00e3o fornecem detalhes exclusivos e os novos bolsos discretos mant\u00eam a mesa incrivelmente elegante. O Sanibel est\u00e1 dispon\u00edvel em Rustic Grey, um acabamento resistido que mostra o gr\u00e3o e a textura naturais da madeira.  Especifica\u00e7\u00f5es do produto:     Ard\u00f3sia: placa de ard\u00f3sia de 3 pe\u00e7as com espessura de 2,54 cm.  Tamanho: 8 p\u00e9s o 7 p\u00e9s  Cor: \"Rustic Grey\" o \"Rustic Dark Brown\"  Pano Pro Cup Tournament inclu\u00eddo com diversas cores \u00e1 escolha em op\u00e7\u00e3o pode escolher o Pro Cup Teflon anti manchas, Simonis, Championship, Brunswick Centennial, etc.  Op\u00e7\u00f5es:\u00a0Taqueira,\u00a0Tampo de sala de jantar,\u00a0Tampo de t\u00e9nis de mesa, Carrinho para arrumar o tampo debaixo da mesa,\u00a0Sistema multi tabelas de Bilhar\/Pool para Carambola\/Bilhar Franc\u00eas\u00a0ou\u00a0Snooker Ingl\u00eas.  &nbsp;","robots":{"index":"index","follow":"follow","max-snippet":"max-snippet:-1","max-image-preview":"max-image-preview:large","max-video-preview":"max-video-preview:-1"},"canonical":"https:\/\/theworldbilliards.com\/pt-pt\/produto\/bilhar-brunswick-sanibel\/","og_locale":"pt_PT","og_type":"article","og_title":"Bilhar Brunswick Sanibel - The World Billiards","og_description":"O Sanibel apresenta um design moderno com linhas ultra limpas e est\u00e9tica minimalista. As miras especializadas marteladas \u00e0 m\u00e3o fornecem detalhes exclusivos e os novos bolsos discretos mant\u00eam a mesa incrivelmente elegante. O Sanibel est\u00e1 dispon\u00edvel em Rustic Grey, um acabamento resistido que mostra o gr\u00e3o e a textura naturais da madeira.  Especifica\u00e7\u00f5es do produto:     Ard\u00f3sia: placa de ard\u00f3sia de 3 pe\u00e7as com espessura de 2,54 cm.  Tamanho: 8 p\u00e9s o 7 p\u00e9s  Cor: \"Rustic Grey\" o \"Rustic Dark Brown\"  Pano Pro Cup Tournament inclu\u00eddo com diversas cores \u00e1 escolha em op\u00e7\u00e3o pode escolher o Pro Cup Teflon anti manchas, Simonis, Championship, Brunswick Centennial, etc.  Op\u00e7\u00f5es:\u00a0Taqueira,\u00a0Tampo de sala de jantar,\u00a0Tampo de t\u00e9nis de mesa, Carrinho para arrumar o tampo debaixo da mesa,\u00a0Sistema multi tabelas de Bilhar\/Pool para Carambola\/Bilhar Franc\u00eas\u00a0ou\u00a0Snooker Ingl\u00eas.  &nbsp;","og_url":"https:\/\/theworldbilliards.com\/pt-pt\/produto\/bilhar-brunswick-sanibel\/","og_site_name":"The World Billiards","article_publisher":"https:\/\/www.facebook.com\/baby.foot.superbes","article_modified_time":"2024-12-24T10:38:45+00:00","og_image":[{"width":1020,"height":1020,"url":"https:\/\/theworldbilliards.com\/wp-content\/uploads\/2020\/03\/sanibel.jpg","type":"image\/jpeg"}],"twitter_card":"summary_large_image","twitter_misc":{"Tempo estimado de leitura":"1 minuto"},"schema":{"@context":"https:\/\/schema.org","@graph":[{"@type":"WebPage","@id":"https:\/\/theworldbilliards.com\/pt-pt\/produto\/bilhar-brunswick-sanibel\/","url":"https:\/\/theworldbilliards.com\/pt-pt\/produto\/bilhar-brunswick-sanibel\/","name":"Bilhar Brunswick Sanibel - The World Billiards","isPartOf":{"@id":"https:\/\/theworldbilliards.com\/pt-pt\/#website"},"primaryImageOfPage":{"@id":"https:\/\/theworldbilliards.com\/pt-pt\/produto\/bilhar-brunswick-sanibel\/#primaryimage"},"image":{"@id":"https:\/\/theworldbilliards.com\/pt-pt\/produto\/bilhar-brunswick-sanibel\/#primaryimage"},"thumbnailUrl":"https:\/\/theworldbilliards.com\/wp-content\/uploads\/2020\/03\/sanibel.jpg","datePublished":"2020-03-18T08:18:04+00:00","dateModified":"2024-12-24T10:38:45+00:00","description":"O Sanibel apresenta um design moderno com linhas ultra limpas e est\u00e9tica minimalista. As miras especializadas marteladas \u00e0 m\u00e3o fornecem detalhes exclusivos e os novos bolsos discretos mant\u00eam a mesa incrivelmente elegante. O Sanibel est\u00e1 dispon\u00edvel em Rustic Grey, um acabamento resistido que mostra o gr\u00e3o e a textura naturais da madeira. Especifica\u00e7\u00f5es do produto: Ard\u00f3sia: placa de ard\u00f3sia de 3 pe\u00e7as com espessura de 2,54 cm. Tamanho: 8 p\u00e9s o 7 p\u00e9s Cor: \"Rustic Grey\" o \"Rustic Dark Brown\" Pano Pro Cup Tournament inclu\u00eddo com diversas cores \u00e1 escolha em op\u00e7\u00e3o pode escolher o Pro Cup Teflon anti manchas, Simonis, Championship, Brunswick Centennial, etc. Op\u00e7\u00f5es:\u00a0Taqueira,\u00a0Tampo de sala de jantar,\u00a0Tampo de t\u00e9nis de mesa, Carrinho para arrumar o tampo debaixo da mesa,\u00a0Sistema multi tabelas de Bilhar\/Pool para Carambola\/Bilhar Franc\u00eas\u00a0ou\u00a0Snooker Ingl\u00eas. &nbsp;","breadcrumb":{"@id":"https:\/\/theworldbilliards.com\/pt-pt\/produto\/bilhar-brunswick-sanibel\/#breadcrumb"},"inLanguage":"pt-PT","potentialAction":[{"@type":"ReadAction","target":["https:\/\/theworldbilliards.com\/pt-pt\/produto\/bilhar-brunswick-sanibel\/"]}]},{"@type":"ImageObject","inLanguage":"pt-PT","@id":"https:\/\/theworldbilliards.com\/pt-pt\/produto\/bilhar-brunswick-sanibel\/#primaryimage","url":"https:\/\/theworldbilliards.com\/wp-content\/uploads\/2020\/03\/sanibel.jpg","contentUrl":"https:\/\/theworldbilliards.com\/wp-content\/uploads\/2020\/03\/sanibel.jpg","width":1020,"height":1020},{"@type":"BreadcrumbList","@id":"https:\/\/theworldbilliards.com\/pt-pt\/produto\/bilhar-brunswick-sanibel\/#breadcrumb","itemListElement":[{"@type":"ListItem","position":1,"name":"In\u00edcio","item":"https:\/\/theworldbilliards.com\/pt-pt\/"},{"@type":"ListItem","position":2,"name":"Loja online","item":"https:\/\/theworldbilliards.com\/pt-pt\/loja-theworldbilliards\/"},{"@type":"ListItem","position":3,"name":"Bilhar Brunswick Sanibel"}]},{"@type":"WebSite","@id":"https:\/\/theworldbilliards.com\/pt-pt\/#website","url":"https:\/\/theworldbilliards.com\/pt-pt\/","name":"TheWorldBilliards","description":"Compre aqui bilhar, matraquilho, t\u00eanis de mesa e bowling","publisher":{"@id":"https:\/\/theworldbilliards.com\/pt-pt\/#organization"},"alternateName":"The world billiards","potentialAction":[{"@type":"SearchAction","target":{"@type":"EntryPoint","urlTemplate":"https:\/\/theworldbilliards.com\/pt-pt\/?s={search_term_string}"},"query-input":{"@type":"PropertyValueSpecification","valueRequired":true,"valueName":"search_term_string"}}],"inLanguage":"pt-PT"},{"@type":"Organization","@id":"https:\/\/theworldbilliards.com\/pt-pt\/#organization","name":"The World Billiards","alternateName":"The World Billiards","url":"https:\/\/theworldbilliards.com\/pt-pt\/","logo":{"@type":"ImageObject","inLanguage":"pt-PT","@id":"https:\/\/theworldbilliards.com\/pt-pt\/#\/schema\/logo\/image\/","url":"","contentUrl":"","caption":"The World Billiards"},"image":{"@id":"https:\/\/theworldbilliards.com\/pt-pt\/#\/schema\/logo\/image\/"},"sameAs":["https:\/\/www.facebook.com\/baby.foot.superbes","https:\/\/www.youtube.com\/channel\/UCIMuOVAaUcH6UpZcsZlH0Tg","https:\/\/www.facebook.com\/people\/Brunswick-Billiards-EspaaPortugal\/100066446264309\/","https:\/\/www.instagram.com\/the_world_billiards\/","https:\/\/www.pinterest.es\/Theworldbilliards\/"]}]}},"_links":{"self":[{"href":"https:\/\/theworldbilliards.com\/pt-pt\/wp-json\/wp\/v2\/product\/72480","targetHints":{"allow":["GET"]}}],"collection":[{"href":"https:\/\/theworldbilliards.com\/pt-pt\/wp-json\/wp\/v2\/product"}],"about":[{"href":"https:\/\/theworldbilliards.com\/pt-pt\/wp-json\/wp\/v2\/types\/product"}],"wp:featuredmedia":[{"embeddable":true,"href":"https:\/\/theworldbilliards.com\/pt-pt\/wp-json\/wp\/v2\/media\/72488"}],"wp:attachment":[{"href":"https:\/\/theworldbilliards.com\/pt-pt\/wp-json\/wp\/v2\/media?parent=72480"}],"wp:term":[{"taxonomy":"product_brand","embeddable":true,"href":"https:\/\/theworldbilliards.com\/pt-pt\/wp-json\/wp\/v2\/product_brand?post=72480"},{"taxonomy":"product_cat","embeddable":true,"href":"https:\/\/theworldbilliards.com\/pt-pt\/wp-json\/wp\/v2\/product_cat?post=72480"},{"taxonomy":"product_tag","embeddable":true,"href":"https:\/\/theworldbilliards.com\/pt-pt\/wp-json\/wp\/v2\/product_tag?post=72480"}],"curies":[{"name":"wp","href":"https:\/\/api.w.org\/{rel}","templated":true}]}}