{"id":73333,"date":"2020-04-03T07:19:17","date_gmt":"2020-04-03T05:19:17","guid":{"rendered":"https:\/\/theworldbilliards.com\/?post_type=product&#038;p=73333"},"modified":"2025-09-26T12:45:21","modified_gmt":"2025-09-26T10:45:21","slug":"bilhar-oslo","status":"publish","type":"product","link":"https:\/\/theworldbilliards.com\/pt-pt\/produto\/bilhar-oslo\/","title":{"rendered":"Bilhar Oslo"},"content":{"rendered":"<p>O moderno bilhar Modelo Oslo tem uma linha extremamente minimalista e suave, de modo a torn\u00e1-lo um elemento que fornece \u00e0 sua casa uma eleg\u00e2ncia agrad\u00e1vel e uma t\u00e9cnica de jogo extraordinaria.<\/p>\n<p><strong>Pano Simonis<\/strong><\/p>\n<p><img loading=\"lazy\" decoding=\"async\" class=\"alignnone size-medium wp-image-72699\" src=\"https:\/\/theworldbilliards.com\/wp-content\/uploads\/2017\/01\/simonis-300x218.jpg\" alt=\"\" width=\"300\" height=\"218\" srcset=\"https:\/\/theworldbilliards.com\/wp-content\/uploads\/2017\/01\/simonis-300x218.jpg 300w, https:\/\/theworldbilliards.com\/wp-content\/uploads\/2017\/01\/simonis-600x437.jpg 600w, https:\/\/theworldbilliards.com\/wp-content\/uploads\/2017\/01\/simonis-768x559.jpg 768w, https:\/\/theworldbilliards.com\/wp-content\/uploads\/2017\/01\/simonis-416x303.jpg 416w, https:\/\/theworldbilliards.com\/wp-content\/uploads\/2017\/01\/simonis.jpg 920w\" sizes=\"auto, (max-width: 300px) 100vw, 300px\" \/><\/p>\n<p class=\"product_title entry-title\"><strong>Kit de acess\u00f3rios Brunswick Centennial <\/strong><strong>inclu\u00eddo<\/strong><\/p>\n<ul>\n<li>As Bolas Centennial Pocket, s\u00e3o um padr\u00e3o de excelencia da industria, e s\u00e3o feitas com resina fen\u00f3lica de classe superior.<\/li>\n<li>Quatro Tacos Centennial, a grande qualidade num taco de duas pe\u00e7as, um n\u00edvel mais elevado de jogo.<\/li>\n<li>Taco pequeno de duas pe\u00e7as.<\/li>\n<li>Rebeca de duas pe\u00e7as.<\/li>\n<li>Cabe\u00e7a de lat\u00e3o da rebeca<\/li>\n<li>Tri\u00e2ngulo Big Break\u00ae de Pool<\/li>\n<li>Losango Nine-Ball<\/li>\n<li>Escova de mesa<\/li>\n<\/ul>\n<p><img loading=\"lazy\" decoding=\"async\" class=\"wp-image-103074 size-full alignleft\" src=\"https:\/\/theworldbilliards.com\/wp-content\/uploads\/2024\/04\/Brunswick-kit-centennial.jpg\" alt=\"\" width=\"708\" height=\"447\" srcset=\"https:\/\/theworldbilliards.com\/wp-content\/uploads\/2024\/04\/Brunswick-kit-centennial.jpg 708w, https:\/\/theworldbilliards.com\/wp-content\/uploads\/2024\/04\/Brunswick-kit-centennial-600x379.jpg 600w, https:\/\/theworldbilliards.com\/wp-content\/uploads\/2024\/04\/Brunswick-kit-centennial-300x189.jpg 300w\" sizes=\"auto, (max-width: 708px) 100vw, 708px\" \/><\/p>\n<p>&nbsp;<\/p>\n<p>&nbsp;<\/p>\n<p>&nbsp;<\/p>\n<p>&nbsp;<\/p>\n<p>&nbsp;<\/p>\n<p>&nbsp;<\/p>\n<p>&nbsp;<\/p>\n<p>&nbsp;<\/p>\n<p>&nbsp;<\/p>\n<p>Fabricamos as nossas mesas Gold em bilhar em pool americano, snooker, piramid ruso, bilhar livre-carambola.<\/p>\n","protected":false},"excerpt":{"rendered":"<p>O moderno bilhar Modelo Oslo tem uma linha extremamente minimalista e suave, de modo a torn\u00e1-lo um elemento que fornece [&hellip;]<\/p>\n","protected":false},"featured_media":73337,"template":"","meta":{"site-sidebar-layout":"default","site-content-layout":"","ast-site-content-layout":"default","site-content-style":"default","site-sidebar-style":"default","ast-global-header-display":"","ast-banner-title-visibility":"","ast-main-header-display":"","ast-hfb-above-header-display":"","ast-hfb-below-header-display":"","ast-hfb-mobile-header-display":"","site-post-title":"","ast-breadcrumbs-content":"","ast-featured-img":"","footer-sml-layout":"","ast-disable-related-posts":"","theme-transparent-header-meta":"default","adv-header-id-meta":"","stick-header-meta":"","header-above-stick-meta":"","header-main-stick-meta":"","header-below-stick-meta":"","astra-migrate-meta-layouts":"default","ast-page-background-enabled":"default","ast-page-background-meta":{"desktop":{"background-color":"var(--ast-global-color-4)","background-image":"","background-repeat":"repeat","background-position":"center center","background-size":"auto","background-attachment":"scroll","background-type":"","background-media":"","overlay-type":"","overlay-color":"","overlay-opacity":"","overlay-gradient":""},"tablet":{"background-color":"","background-image":"","background-repeat":"repeat","background-position":"center center","background-size":"auto","background-attachment":"scroll","background-type":"","background-media":"","overlay-type":"","overlay-color":"","overlay-opacity":"","overlay-gradient":""},"mobile":{"background-color":"","background-image":"","background-repeat":"repeat","background-position":"center center","background-size":"auto","background-attachment":"scroll","background-type":"","background-media":"","overlay-type":"","overlay-color":"","overlay-opacity":"","overlay-gradient":""}},"ast-content-background-meta":{"desktop":{"background-color":"var(--ast-global-color-5)","background-image":"","background-repeat":"repeat","background-position":"center center","background-size":"auto","background-attachment":"scroll","background-type":"","background-media":"","overlay-type":"","overlay-color":"","overlay-opacity":"","overlay-gradient":""},"tablet":{"background-color":"var(--ast-global-color-5)","background-image":"","background-repeat":"repeat","background-position":"center center","background-size":"auto","background-attachment":"scroll","background-type":"","background-media":"","overlay-type":"","overlay-color":"","overlay-opacity":"","overlay-gradient":""},"mobile":{"background-color":"var(--ast-global-color-5)","background-image":"","background-repeat":"repeat","background-position":"center center","background-size":"auto","background-attachment":"scroll","background-type":"","background-media":"","overlay-type":"","overlay-color":"","overlay-opacity":"","overlay-gradient":""}}},"product_brand":[],"product_cat":[1148],"product_tag":[],"class_list":{"0":"post-73333","1":"product","2":"type-product","3":"status-publish","4":"has-post-thumbnail","6":"product_cat-bilhar-gold","7":"product_shipping_class-bilhares-grandes","8":"desktop-align-center","9":"tablet-align-left","10":"mobile-align-left","12":"first","13":"instock","14":"taxable","15":"shipping-taxable","16":"product-type-simple"},"yoast_head":"<!-- This site is optimized with the Yoast SEO plugin v27.4 - https:\/\/yoast.com\/product\/yoast-seo-wordpress\/ -->\n<title>Bilhar Oslo - The World Billiards<\/title>\n<meta name=\"description\" content=\"O moderno bilhar Modelo Oslo tem uma linha extremamente minimalista e suave, de modo a torn\u00e1-lo um elemento que fornece \u00e0 sua casa uma eleg\u00e2ncia agrad\u00e1vel e uma t\u00e9cnica de jogo extraordinaria.  Pano Simonis   Kit de acess\u00f3rios Brunswick Centennial inclu\u00eddo    As Bolas Centennial Pocket, s\u00e3o um padr\u00e3o de excelencia da industria, e s\u00e3o feitas com resina fen\u00f3lica de classe superior.  Quatro Tacos Centennial, a grande qualidade num taco de duas pe\u00e7as, um n\u00edvel mais elevado de jogo.  Taco pequeno de duas pe\u00e7as.  Rebeca de duas pe\u00e7as.  Cabe\u00e7a de lat\u00e3o da rebeca  Tri\u00e2ngulo Big Break\u00ae de Pool  Losango Nine-Ball  Escova de mesa    &nbsp;  &nbsp;  &nbsp;  &nbsp;  &nbsp;  &nbsp;  &nbsp;  &nbsp;  &nbsp;  Fabricamos as nossas mesas Gold em bilhar em pool americano, snooker, piramid ruso, bilhar livre-carambola.\" \/>\n<meta name=\"robots\" content=\"index, follow, max-snippet:-1, max-image-preview:large, max-video-preview:-1\" \/>\n<link rel=\"canonical\" href=\"https:\/\/theworldbilliards.com\/pt-pt\/produto\/bilhar-oslo\/\" \/>\n<meta property=\"og:locale\" content=\"pt_PT\" \/>\n<meta property=\"og:type\" content=\"article\" \/>\n<meta property=\"og:title\" content=\"Bilhar Oslo - The World Billiards\" \/>\n<meta property=\"og:description\" content=\"O moderno bilhar Modelo Oslo tem uma linha extremamente minimalista e suave, de modo a torn\u00e1-lo um elemento que fornece \u00e0 sua casa uma eleg\u00e2ncia agrad\u00e1vel e uma t\u00e9cnica de jogo extraordinaria.  Pano Simonis   Kit de acess\u00f3rios Brunswick Centennial inclu\u00eddo    As Bolas Centennial Pocket, s\u00e3o um padr\u00e3o de excelencia da industria, e s\u00e3o feitas com resina fen\u00f3lica de classe superior.  Quatro Tacos Centennial, a grande qualidade num taco de duas pe\u00e7as, um n\u00edvel mais elevado de jogo.  Taco pequeno de duas pe\u00e7as.  Rebeca de duas pe\u00e7as.  Cabe\u00e7a de lat\u00e3o da rebeca  Tri\u00e2ngulo Big Break\u00ae de Pool  Losango Nine-Ball  Escova de mesa    &nbsp;  &nbsp;  &nbsp;  &nbsp;  &nbsp;  &nbsp;  &nbsp;  &nbsp;  &nbsp;  Fabricamos as nossas mesas Gold em bilhar em pool americano, snooker, piramid ruso, bilhar livre-carambola.\" \/>\n<meta property=\"og:url\" content=\"https:\/\/theworldbilliards.com\/pt-pt\/produto\/bilhar-oslo\/\" \/>\n<meta property=\"og:site_name\" content=\"The World Billiards\" \/>\n<meta property=\"article:publisher\" content=\"https:\/\/www.facebook.com\/baby.foot.superbes\" \/>\n<meta property=\"article:modified_time\" content=\"2025-09-26T10:45:21+00:00\" \/>\n<meta property=\"og:image\" content=\"https:\/\/theworldbilliards.com\/wp-content\/uploads\/2020\/04\/oslo-bianco.jpg\" \/>\n\t<meta property=\"og:image:width\" content=\"1200\" \/>\n\t<meta property=\"og:image:height\" content=\"636\" \/>\n\t<meta property=\"og:image:type\" content=\"image\/jpeg\" \/>\n<meta name=\"twitter:card\" content=\"summary_large_image\" \/>\n<meta name=\"twitter:label1\" content=\"Tempo estimado de leitura\" \/>\n\t<meta name=\"twitter:data1\" content=\"2 minutos\" \/>\n<script type=\"application\/ld+json\" class=\"yoast-schema-graph\">{\"@context\":\"https:\\\/\\\/schema.org\",\"@graph\":[{\"@type\":\"WebPage\",\"@id\":\"https:\\\/\\\/theworldbilliards.com\\\/pt-pt\\\/produto\\\/bilhar-oslo\\\/\",\"url\":\"https:\\\/\\\/theworldbilliards.com\\\/pt-pt\\\/produto\\\/bilhar-oslo\\\/\",\"name\":\"Bilhar Oslo - The World Billiards\",\"isPartOf\":{\"@id\":\"https:\\\/\\\/theworldbilliards.com\\\/pt-pt\\\/#website\"},\"primaryImageOfPage\":{\"@id\":\"https:\\\/\\\/theworldbilliards.com\\\/pt-pt\\\/produto\\\/bilhar-oslo\\\/#primaryimage\"},\"image\":{\"@id\":\"https:\\\/\\\/theworldbilliards.com\\\/pt-pt\\\/produto\\\/bilhar-oslo\\\/#primaryimage\"},\"thumbnailUrl\":\"https:\\\/\\\/theworldbilliards.com\\\/wp-content\\\/uploads\\\/2020\\\/04\\\/oslo-bianco.jpg\",\"datePublished\":\"2020-04-03T05:19:17+00:00\",\"dateModified\":\"2025-09-26T10:45:21+00:00\",\"description\":\"O moderno bilhar Modelo Oslo tem uma linha extremamente minimalista e suave, de modo a torn\u00e1-lo um elemento que fornece \u00e0 sua casa uma eleg\u00e2ncia agrad\u00e1vel e uma t\u00e9cnica de jogo extraordinaria. Pano Simonis Kit de acess\u00f3rios Brunswick Centennial inclu\u00eddo As Bolas Centennial Pocket, s\u00e3o um padr\u00e3o de excelencia da industria, e s\u00e3o feitas com resina fen\u00f3lica de classe superior. Quatro Tacos Centennial, a grande qualidade num taco de duas pe\u00e7as, um n\u00edvel mais elevado de jogo. Taco pequeno de duas pe\u00e7as. Rebeca de duas pe\u00e7as. Cabe\u00e7a de lat\u00e3o da rebeca Tri\u00e2ngulo Big Break\u00ae de Pool Losango Nine-Ball Escova de mesa &nbsp; &nbsp; &nbsp; &nbsp; &nbsp; &nbsp; &nbsp; &nbsp; &nbsp; Fabricamos as nossas mesas Gold em bilhar em pool americano, snooker, piramid ruso, bilhar livre-carambola.\",\"breadcrumb\":{\"@id\":\"https:\\\/\\\/theworldbilliards.com\\\/pt-pt\\\/produto\\\/bilhar-oslo\\\/#breadcrumb\"},\"inLanguage\":\"pt-PT\",\"potentialAction\":[{\"@type\":\"ReadAction\",\"target\":[\"https:\\\/\\\/theworldbilliards.com\\\/pt-pt\\\/produto\\\/bilhar-oslo\\\/\"]}]},{\"@type\":\"ImageObject\",\"inLanguage\":\"pt-PT\",\"@id\":\"https:\\\/\\\/theworldbilliards.com\\\/pt-pt\\\/produto\\\/bilhar-oslo\\\/#primaryimage\",\"url\":\"https:\\\/\\\/theworldbilliards.com\\\/wp-content\\\/uploads\\\/2020\\\/04\\\/oslo-bianco.jpg\",\"contentUrl\":\"https:\\\/\\\/theworldbilliards.com\\\/wp-content\\\/uploads\\\/2020\\\/04\\\/oslo-bianco.jpg\",\"width\":1200,\"height\":636},{\"@type\":\"BreadcrumbList\",\"@id\":\"https:\\\/\\\/theworldbilliards.com\\\/pt-pt\\\/produto\\\/bilhar-oslo\\\/#breadcrumb\",\"itemListElement\":[{\"@type\":\"ListItem\",\"position\":1,\"name\":\"In\u00edcio\",\"item\":\"https:\\\/\\\/theworldbilliards.com\\\/pt-pt\\\/\"},{\"@type\":\"ListItem\",\"position\":2,\"name\":\"Loja online\",\"item\":\"https:\\\/\\\/theworldbilliards.com\\\/pt-pt\\\/loja-theworldbilliards\\\/\"},{\"@type\":\"ListItem\",\"position\":3,\"name\":\"Bilhar Oslo\"}]},{\"@type\":\"WebSite\",\"@id\":\"https:\\\/\\\/theworldbilliards.com\\\/pt-pt\\\/#website\",\"url\":\"https:\\\/\\\/theworldbilliards.com\\\/pt-pt\\\/\",\"name\":\"TheWorldBilliards\",\"description\":\"Compre aqui bilhar, matraquilho, t\u00eanis de mesa e bowling\",\"publisher\":{\"@id\":\"https:\\\/\\\/theworldbilliards.com\\\/pt-pt\\\/#organization\"},\"alternateName\":\"The world billiards\",\"potentialAction\":[{\"@type\":\"SearchAction\",\"target\":{\"@type\":\"EntryPoint\",\"urlTemplate\":\"https:\\\/\\\/theworldbilliards.com\\\/pt-pt\\\/?s={search_term_string}\"},\"query-input\":{\"@type\":\"PropertyValueSpecification\",\"valueRequired\":true,\"valueName\":\"search_term_string\"}}],\"inLanguage\":\"pt-PT\"},{\"@type\":\"Organization\",\"@id\":\"https:\\\/\\\/theworldbilliards.com\\\/pt-pt\\\/#organization\",\"name\":\"The World Billiards\",\"alternateName\":\"The World Billiards\",\"url\":\"https:\\\/\\\/theworldbilliards.com\\\/pt-pt\\\/\",\"logo\":{\"@type\":\"ImageObject\",\"inLanguage\":\"pt-PT\",\"@id\":\"https:\\\/\\\/theworldbilliards.com\\\/pt-pt\\\/#\\\/schema\\\/logo\\\/image\\\/\",\"url\":\"\",\"contentUrl\":\"\",\"caption\":\"The World Billiards\"},\"image\":{\"@id\":\"https:\\\/\\\/theworldbilliards.com\\\/pt-pt\\\/#\\\/schema\\\/logo\\\/image\\\/\"},\"sameAs\":[\"https:\\\/\\\/www.facebook.com\\\/baby.foot.superbes\",\"https:\\\/\\\/www.youtube.com\\\/channel\\\/UCIMuOVAaUcH6UpZcsZlH0Tg\",\"https:\\\/\\\/www.facebook.com\\\/people\\\/Brunswick-Billiards-EspaaPortugal\\\/100066446264309\\\/\",\"https:\\\/\\\/www.instagram.com\\\/the_world_billiards\\\/\",\"https:\\\/\\\/www.pinterest.es\\\/Theworldbilliards\\\/\"]}]}<\/script>\n<!-- \/ Yoast SEO plugin. -->","yoast_head_json":{"title":"Bilhar Oslo - The World Billiards","description":"O moderno bilhar Modelo Oslo tem uma linha extremamente minimalista e suave, de modo a torn\u00e1-lo um elemento que fornece \u00e0 sua casa uma eleg\u00e2ncia agrad\u00e1vel e uma t\u00e9cnica de jogo extraordinaria.  Pano Simonis   Kit de acess\u00f3rios Brunswick Centennial inclu\u00eddo    As Bolas Centennial Pocket, s\u00e3o um padr\u00e3o de excelencia da industria, e s\u00e3o feitas com resina fen\u00f3lica de classe superior.  Quatro Tacos Centennial, a grande qualidade num taco de duas pe\u00e7as, um n\u00edvel mais elevado de jogo.  Taco pequeno de duas pe\u00e7as.  Rebeca de duas pe\u00e7as.  Cabe\u00e7a de lat\u00e3o da rebeca  Tri\u00e2ngulo Big Break\u00ae de Pool  Losango Nine-Ball  Escova de mesa    &nbsp;  &nbsp;  &nbsp;  &nbsp;  &nbsp;  &nbsp;  &nbsp;  &nbsp;  &nbsp;  Fabricamos as nossas mesas Gold em bilhar em pool americano, snooker, piramid ruso, bilhar livre-carambola.","robots":{"index":"index","follow":"follow","max-snippet":"max-snippet:-1","max-image-preview":"max-image-preview:large","max-video-preview":"max-video-preview:-1"},"canonical":"https:\/\/theworldbilliards.com\/pt-pt\/produto\/bilhar-oslo\/","og_locale":"pt_PT","og_type":"article","og_title":"Bilhar Oslo - The World Billiards","og_description":"O moderno bilhar Modelo Oslo tem uma linha extremamente minimalista e suave, de modo a torn\u00e1-lo um elemento que fornece \u00e0 sua casa uma eleg\u00e2ncia agrad\u00e1vel e uma t\u00e9cnica de jogo extraordinaria.  Pano Simonis   Kit de acess\u00f3rios Brunswick Centennial inclu\u00eddo    As Bolas Centennial Pocket, s\u00e3o um padr\u00e3o de excelencia da industria, e s\u00e3o feitas com resina fen\u00f3lica de classe superior.  Quatro Tacos Centennial, a grande qualidade num taco de duas pe\u00e7as, um n\u00edvel mais elevado de jogo.  Taco pequeno de duas pe\u00e7as.  Rebeca de duas pe\u00e7as.  Cabe\u00e7a de lat\u00e3o da rebeca  Tri\u00e2ngulo Big Break\u00ae de Pool  Losango Nine-Ball  Escova de mesa    &nbsp;  &nbsp;  &nbsp;  &nbsp;  &nbsp;  &nbsp;  &nbsp;  &nbsp;  &nbsp;  Fabricamos as nossas mesas Gold em bilhar em pool americano, snooker, piramid ruso, bilhar livre-carambola.","og_url":"https:\/\/theworldbilliards.com\/pt-pt\/produto\/bilhar-oslo\/","og_site_name":"The World Billiards","article_publisher":"https:\/\/www.facebook.com\/baby.foot.superbes","article_modified_time":"2025-09-26T10:45:21+00:00","og_image":[{"width":1200,"height":636,"url":"https:\/\/theworldbilliards.com\/wp-content\/uploads\/2020\/04\/oslo-bianco.jpg","type":"image\/jpeg"}],"twitter_card":"summary_large_image","twitter_misc":{"Tempo estimado de leitura":"2 minutos"},"schema":{"@context":"https:\/\/schema.org","@graph":[{"@type":"WebPage","@id":"https:\/\/theworldbilliards.com\/pt-pt\/produto\/bilhar-oslo\/","url":"https:\/\/theworldbilliards.com\/pt-pt\/produto\/bilhar-oslo\/","name":"Bilhar Oslo - The World Billiards","isPartOf":{"@id":"https:\/\/theworldbilliards.com\/pt-pt\/#website"},"primaryImageOfPage":{"@id":"https:\/\/theworldbilliards.com\/pt-pt\/produto\/bilhar-oslo\/#primaryimage"},"image":{"@id":"https:\/\/theworldbilliards.com\/pt-pt\/produto\/bilhar-oslo\/#primaryimage"},"thumbnailUrl":"https:\/\/theworldbilliards.com\/wp-content\/uploads\/2020\/04\/oslo-bianco.jpg","datePublished":"2020-04-03T05:19:17+00:00","dateModified":"2025-09-26T10:45:21+00:00","description":"O moderno bilhar Modelo Oslo tem uma linha extremamente minimalista e suave, de modo a torn\u00e1-lo um elemento que fornece \u00e0 sua casa uma eleg\u00e2ncia agrad\u00e1vel e uma t\u00e9cnica de jogo extraordinaria. Pano Simonis Kit de acess\u00f3rios Brunswick Centennial inclu\u00eddo As Bolas Centennial Pocket, s\u00e3o um padr\u00e3o de excelencia da industria, e s\u00e3o feitas com resina fen\u00f3lica de classe superior. Quatro Tacos Centennial, a grande qualidade num taco de duas pe\u00e7as, um n\u00edvel mais elevado de jogo. Taco pequeno de duas pe\u00e7as. Rebeca de duas pe\u00e7as. Cabe\u00e7a de lat\u00e3o da rebeca Tri\u00e2ngulo Big Break\u00ae de Pool Losango Nine-Ball Escova de mesa &nbsp; &nbsp; &nbsp; &nbsp; &nbsp; &nbsp; &nbsp; &nbsp; &nbsp; Fabricamos as nossas mesas Gold em bilhar em pool americano, snooker, piramid ruso, bilhar livre-carambola.","breadcrumb":{"@id":"https:\/\/theworldbilliards.com\/pt-pt\/produto\/bilhar-oslo\/#breadcrumb"},"inLanguage":"pt-PT","potentialAction":[{"@type":"ReadAction","target":["https:\/\/theworldbilliards.com\/pt-pt\/produto\/bilhar-oslo\/"]}]},{"@type":"ImageObject","inLanguage":"pt-PT","@id":"https:\/\/theworldbilliards.com\/pt-pt\/produto\/bilhar-oslo\/#primaryimage","url":"https:\/\/theworldbilliards.com\/wp-content\/uploads\/2020\/04\/oslo-bianco.jpg","contentUrl":"https:\/\/theworldbilliards.com\/wp-content\/uploads\/2020\/04\/oslo-bianco.jpg","width":1200,"height":636},{"@type":"BreadcrumbList","@id":"https:\/\/theworldbilliards.com\/pt-pt\/produto\/bilhar-oslo\/#breadcrumb","itemListElement":[{"@type":"ListItem","position":1,"name":"In\u00edcio","item":"https:\/\/theworldbilliards.com\/pt-pt\/"},{"@type":"ListItem","position":2,"name":"Loja online","item":"https:\/\/theworldbilliards.com\/pt-pt\/loja-theworldbilliards\/"},{"@type":"ListItem","position":3,"name":"Bilhar Oslo"}]},{"@type":"WebSite","@id":"https:\/\/theworldbilliards.com\/pt-pt\/#website","url":"https:\/\/theworldbilliards.com\/pt-pt\/","name":"TheWorldBilliards","description":"Compre aqui bilhar, matraquilho, t\u00eanis de mesa e bowling","publisher":{"@id":"https:\/\/theworldbilliards.com\/pt-pt\/#organization"},"alternateName":"The world billiards","potentialAction":[{"@type":"SearchAction","target":{"@type":"EntryPoint","urlTemplate":"https:\/\/theworldbilliards.com\/pt-pt\/?s={search_term_string}"},"query-input":{"@type":"PropertyValueSpecification","valueRequired":true,"valueName":"search_term_string"}}],"inLanguage":"pt-PT"},{"@type":"Organization","@id":"https:\/\/theworldbilliards.com\/pt-pt\/#organization","name":"The World Billiards","alternateName":"The World Billiards","url":"https:\/\/theworldbilliards.com\/pt-pt\/","logo":{"@type":"ImageObject","inLanguage":"pt-PT","@id":"https:\/\/theworldbilliards.com\/pt-pt\/#\/schema\/logo\/image\/","url":"","contentUrl":"","caption":"The World Billiards"},"image":{"@id":"https:\/\/theworldbilliards.com\/pt-pt\/#\/schema\/logo\/image\/"},"sameAs":["https:\/\/www.facebook.com\/baby.foot.superbes","https:\/\/www.youtube.com\/channel\/UCIMuOVAaUcH6UpZcsZlH0Tg","https:\/\/www.facebook.com\/people\/Brunswick-Billiards-EspaaPortugal\/100066446264309\/","https:\/\/www.instagram.com\/the_world_billiards\/","https:\/\/www.pinterest.es\/Theworldbilliards\/"]}]}},"_links":{"self":[{"href":"https:\/\/theworldbilliards.com\/pt-pt\/wp-json\/wp\/v2\/product\/73333","targetHints":{"allow":["GET"]}}],"collection":[{"href":"https:\/\/theworldbilliards.com\/pt-pt\/wp-json\/wp\/v2\/product"}],"about":[{"href":"https:\/\/theworldbilliards.com\/pt-pt\/wp-json\/wp\/v2\/types\/product"}],"wp:featuredmedia":[{"embeddable":true,"href":"https:\/\/theworldbilliards.com\/pt-pt\/wp-json\/wp\/v2\/media\/73337"}],"wp:attachment":[{"href":"https:\/\/theworldbilliards.com\/pt-pt\/wp-json\/wp\/v2\/media?parent=73333"}],"wp:term":[{"taxonomy":"product_brand","embeddable":true,"href":"https:\/\/theworldbilliards.com\/pt-pt\/wp-json\/wp\/v2\/product_brand?post=73333"},{"taxonomy":"product_cat","embeddable":true,"href":"https:\/\/theworldbilliards.com\/pt-pt\/wp-json\/wp\/v2\/product_cat?post=73333"},{"taxonomy":"product_tag","embeddable":true,"href":"https:\/\/theworldbilliards.com\/pt-pt\/wp-json\/wp\/v2\/product_tag?post=73333"}],"curies":[{"name":"wp","href":"https:\/\/api.w.org\/{rel}","templated":true}]}}