{"id":74022,"date":"2020-04-17T08:51:09","date_gmt":"2020-04-17T06:51:09","guid":{"rendered":"https:\/\/theworldbilliards.com\/?post_type=product&#038;p=74022"},"modified":"2023-07-03T12:01:19","modified_gmt":"2023-07-03T10:01:19","slug":"mesa-de-jogo-brunswick-centennial","status":"publish","type":"product","link":"https:\/\/theworldbilliards.com\/pt-pt\/produto\/mesa-de-jogo-brunswick-centennial\/","title":{"rendered":"Mesa de jogo Brunswick Centennial"},"content":{"rendered":"<p><span class=\"tlid-translation translation\" lang=\"pt\"><span class=\"\" title=\"\">Como ter duas mesas em uma, quando n\u00e3o estiver em uso para jogos, o tampo da mesa de jogos do Centennial pode ser virado para revelar uma bela superf\u00edcie de jantar. No lado dos jogos, esta mesa apresenta uma superf\u00edcie de jogo luxuosa, por\u00e9m resistente a derramamentos, suportes para bebidas profundas completos com bases para copos Brunswick, suportes para chips generosos e um conveniente compartimento interno para todos os acess\u00f3rios de jogos. Cadeiras de jogos vendidas separadamente.<\/span><\/span><\/p>\n","protected":false},"excerpt":{"rendered":"<p>Como ter duas mesas em uma, quando n\u00e3o estiver em uso para jogos, o tampo da mesa de jogos do [&hellip;]<\/p>\n","protected":false},"featured_media":74018,"template":"","meta":{"site-sidebar-layout":"default","site-content-layout":"","ast-site-content-layout":"default","site-content-style":"default","site-sidebar-style":"default","ast-global-header-display":"","ast-banner-title-visibility":"","ast-main-header-display":"","ast-hfb-above-header-display":"","ast-hfb-below-header-display":"","ast-hfb-mobile-header-display":"","site-post-title":"","ast-breadcrumbs-content":"","ast-featured-img":"","footer-sml-layout":"","ast-disable-related-posts":"","theme-transparent-header-meta":"default","adv-header-id-meta":"","stick-header-meta":"","header-above-stick-meta":"","header-main-stick-meta":"","header-below-stick-meta":"","astra-migrate-meta-layouts":"default","ast-page-background-enabled":"default","ast-page-background-meta":{"desktop":{"background-color":"var(--ast-global-color-4)","background-image":"","background-repeat":"repeat","background-position":"center center","background-size":"auto","background-attachment":"scroll","background-type":"","background-media":"","overlay-type":"","overlay-color":"","overlay-opacity":"","overlay-gradient":""},"tablet":{"background-color":"","background-image":"","background-repeat":"repeat","background-position":"center center","background-size":"auto","background-attachment":"scroll","background-type":"","background-media":"","overlay-type":"","overlay-color":"","overlay-opacity":"","overlay-gradient":""},"mobile":{"background-color":"","background-image":"","background-repeat":"repeat","background-position":"center center","background-size":"auto","background-attachment":"scroll","background-type":"","background-media":"","overlay-type":"","overlay-color":"","overlay-opacity":"","overlay-gradient":""}},"ast-content-background-meta":{"desktop":{"background-color":"var(--ast-global-color-5)","background-image":"","background-repeat":"repeat","background-position":"center center","background-size":"auto","background-attachment":"scroll","background-type":"","background-media":"","overlay-type":"","overlay-color":"","overlay-opacity":"","overlay-gradient":""},"tablet":{"background-color":"var(--ast-global-color-5)","background-image":"","background-repeat":"repeat","background-position":"center center","background-size":"auto","background-attachment":"scroll","background-type":"","background-media":"","overlay-type":"","overlay-color":"","overlay-opacity":"","overlay-gradient":""},"mobile":{"background-color":"var(--ast-global-color-5)","background-image":"","background-repeat":"repeat","background-position":"center center","background-size":"auto","background-attachment":"scroll","background-type":"","background-media":"","overlay-type":"","overlay-color":"","overlay-opacity":"","overlay-gradient":""}}},"product_brand":[5199],"product_cat":[4947,4094],"product_tag":[],"class_list":{"0":"post-74022","1":"product","2":"type-product","3":"status-publish","4":"has-post-thumbnail","6":"product_brand-brunswick-billiards-pt-pt","7":"product_cat-acessorios-bilhar-brunswick","8":"product_cat-moveis","9":"product_shipping_class-matraquilhos-grandes","10":"desktop-align-center","11":"tablet-align-left","12":"mobile-align-left","14":"first","15":"onbackorder","16":"taxable","17":"shipping-taxable","18":"purchasable","19":"product-type-variable"},"yoast_head":"<!-- This site is optimized with the Yoast SEO plugin v27.5 - https:\/\/yoast.com\/product\/yoast-seo-wordpress\/ -->\n<title>Mesa de jogo Brunswick Centennial - The World Billiards<\/title>\n<meta name=\"description\" content=\"Como ter duas mesas em uma, quando n\u00e3o estiver em uso para jogos, o tampo da mesa de jogos do Centennial pode ser virado para revelar uma bela superf\u00edcie de jantar. No lado dos jogos, esta mesa apresenta uma superf\u00edcie de jogo luxuosa, por\u00e9m resistente a derramamentos, suportes para bebidas profundas completos com bases para copos Brunswick, suportes para chips generosos e um conveniente compartimento interno para todos os acess\u00f3rios de jogos. Cadeiras de jogos vendidas separadamente.\" \/>\n<meta name=\"robots\" content=\"index, follow, max-snippet:-1, max-image-preview:large, max-video-preview:-1\" \/>\n<link rel=\"canonical\" href=\"https:\/\/theworldbilliards.com\/pt-pt\/produto\/mesa-de-jogo-brunswick-centennial\/\" \/>\n<meta property=\"og:locale\" content=\"pt_PT\" \/>\n<meta property=\"og:type\" content=\"article\" \/>\n<meta property=\"og:title\" content=\"Mesa de jogo Brunswick Centennial - The World Billiards\" \/>\n<meta property=\"og:description\" content=\"Como ter duas mesas em uma, quando n\u00e3o estiver em uso para jogos, o tampo da mesa de jogos do Centennial pode ser virado para revelar uma bela superf\u00edcie de jantar. No lado dos jogos, esta mesa apresenta uma superf\u00edcie de jogo luxuosa, por\u00e9m resistente a derramamentos, suportes para bebidas profundas completos com bases para copos Brunswick, suportes para chips generosos e um conveniente compartimento interno para todos os acess\u00f3rios de jogos. Cadeiras de jogos vendidas separadamente.\" \/>\n<meta property=\"og:url\" content=\"https:\/\/theworldbilliards.com\/pt-pt\/produto\/mesa-de-jogo-brunswick-centennial\/\" \/>\n<meta property=\"og:site_name\" content=\"The World Billiards\" \/>\n<meta property=\"article:publisher\" content=\"https:\/\/www.facebook.com\/baby.foot.superbes\" \/>\n<meta property=\"article:modified_time\" content=\"2023-07-03T10:01:19+00:00\" \/>\n<meta property=\"og:image\" content=\"https:\/\/theworldbilliards.com\/wp-content\/uploads\/2020\/04\/game_table_centennial_espresso-1.png\" \/>\n\t<meta property=\"og:image:width\" content=\"739\" \/>\n\t<meta property=\"og:image:height\" content=\"739\" \/>\n\t<meta property=\"og:image:type\" content=\"image\/png\" \/>\n<meta name=\"twitter:card\" content=\"summary_large_image\" \/>\n<script type=\"application\/ld+json\" class=\"yoast-schema-graph\">{\"@context\":\"https:\\\/\\\/schema.org\",\"@graph\":[{\"@type\":\"WebPage\",\"@id\":\"https:\\\/\\\/theworldbilliards.com\\\/pt-pt\\\/produto\\\/mesa-de-jogo-brunswick-centennial\\\/\",\"url\":\"https:\\\/\\\/theworldbilliards.com\\\/pt-pt\\\/produto\\\/mesa-de-jogo-brunswick-centennial\\\/\",\"name\":\"Mesa de jogo Brunswick Centennial - The World Billiards\",\"isPartOf\":{\"@id\":\"https:\\\/\\\/theworldbilliards.com\\\/pt-pt\\\/#website\"},\"primaryImageOfPage\":{\"@id\":\"https:\\\/\\\/theworldbilliards.com\\\/pt-pt\\\/produto\\\/mesa-de-jogo-brunswick-centennial\\\/#primaryimage\"},\"image\":{\"@id\":\"https:\\\/\\\/theworldbilliards.com\\\/pt-pt\\\/produto\\\/mesa-de-jogo-brunswick-centennial\\\/#primaryimage\"},\"thumbnailUrl\":\"https:\\\/\\\/theworldbilliards.com\\\/wp-content\\\/uploads\\\/2020\\\/04\\\/game_table_centennial_espresso-1.png\",\"datePublished\":\"2020-04-17T06:51:09+00:00\",\"dateModified\":\"2023-07-03T10:01:19+00:00\",\"description\":\"Como ter duas mesas em uma, quando n\u00e3o estiver em uso para jogos, o tampo da mesa de jogos do Centennial pode ser virado para revelar uma bela superf\u00edcie de jantar. No lado dos jogos, esta mesa apresenta uma superf\u00edcie de jogo luxuosa, por\u00e9m resistente a derramamentos, suportes para bebidas profundas completos com bases para copos Brunswick, suportes para chips generosos e um conveniente compartimento interno para todos os acess\u00f3rios de jogos. Cadeiras de jogos vendidas separadamente.\",\"breadcrumb\":{\"@id\":\"https:\\\/\\\/theworldbilliards.com\\\/pt-pt\\\/produto\\\/mesa-de-jogo-brunswick-centennial\\\/#breadcrumb\"},\"inLanguage\":\"pt-PT\",\"potentialAction\":[{\"@type\":\"ReadAction\",\"target\":[\"https:\\\/\\\/theworldbilliards.com\\\/pt-pt\\\/produto\\\/mesa-de-jogo-brunswick-centennial\\\/\"]}]},{\"@type\":\"ImageObject\",\"inLanguage\":\"pt-PT\",\"@id\":\"https:\\\/\\\/theworldbilliards.com\\\/pt-pt\\\/produto\\\/mesa-de-jogo-brunswick-centennial\\\/#primaryimage\",\"url\":\"https:\\\/\\\/theworldbilliards.com\\\/wp-content\\\/uploads\\\/2020\\\/04\\\/game_table_centennial_espresso-1.png\",\"contentUrl\":\"https:\\\/\\\/theworldbilliards.com\\\/wp-content\\\/uploads\\\/2020\\\/04\\\/game_table_centennial_espresso-1.png\",\"width\":739,\"height\":739},{\"@type\":\"BreadcrumbList\",\"@id\":\"https:\\\/\\\/theworldbilliards.com\\\/pt-pt\\\/produto\\\/mesa-de-jogo-brunswick-centennial\\\/#breadcrumb\",\"itemListElement\":[{\"@type\":\"ListItem\",\"position\":1,\"name\":\"In\u00edcio\",\"item\":\"https:\\\/\\\/theworldbilliards.com\\\/pt-pt\\\/\"},{\"@type\":\"ListItem\",\"position\":2,\"name\":\"Loja online\",\"item\":\"https:\\\/\\\/theworldbilliards.com\\\/pt-pt\\\/loja-theworldbilliards\\\/\"},{\"@type\":\"ListItem\",\"position\":3,\"name\":\"Mesa de jogo Brunswick Centennial\"}]},{\"@type\":\"WebSite\",\"@id\":\"https:\\\/\\\/theworldbilliards.com\\\/pt-pt\\\/#website\",\"url\":\"https:\\\/\\\/theworldbilliards.com\\\/pt-pt\\\/\",\"name\":\"TheWorldBilliards\",\"description\":\"Compre aqui bilhar, matraquilho, t\u00eanis de mesa e bowling\",\"publisher\":{\"@id\":\"https:\\\/\\\/theworldbilliards.com\\\/pt-pt\\\/#organization\"},\"alternateName\":\"The world billiards\",\"potentialAction\":[{\"@type\":\"SearchAction\",\"target\":{\"@type\":\"EntryPoint\",\"urlTemplate\":\"https:\\\/\\\/theworldbilliards.com\\\/pt-pt\\\/?s={search_term_string}\"},\"query-input\":{\"@type\":\"PropertyValueSpecification\",\"valueRequired\":true,\"valueName\":\"search_term_string\"}}],\"inLanguage\":\"pt-PT\"},{\"@type\":\"Organization\",\"@id\":\"https:\\\/\\\/theworldbilliards.com\\\/pt-pt\\\/#organization\",\"name\":\"The World Billiards\",\"alternateName\":\"The World Billiards\",\"url\":\"https:\\\/\\\/theworldbilliards.com\\\/pt-pt\\\/\",\"logo\":{\"@type\":\"ImageObject\",\"inLanguage\":\"pt-PT\",\"@id\":\"https:\\\/\\\/theworldbilliards.com\\\/pt-pt\\\/#\\\/schema\\\/logo\\\/image\\\/\",\"url\":\"\",\"contentUrl\":\"\",\"caption\":\"The World Billiards\"},\"image\":{\"@id\":\"https:\\\/\\\/theworldbilliards.com\\\/pt-pt\\\/#\\\/schema\\\/logo\\\/image\\\/\"},\"sameAs\":[\"https:\\\/\\\/www.facebook.com\\\/baby.foot.superbes\",\"https:\\\/\\\/www.youtube.com\\\/channel\\\/UCIMuOVAaUcH6UpZcsZlH0Tg\",\"https:\\\/\\\/www.facebook.com\\\/people\\\/Brunswick-Billiards-EspaaPortugal\\\/100066446264309\\\/\",\"https:\\\/\\\/www.instagram.com\\\/the_world_billiards\\\/\",\"https:\\\/\\\/www.pinterest.es\\\/Theworldbilliards\\\/\"]}]}<\/script>\n<!-- \/ Yoast SEO plugin. -->","yoast_head_json":{"title":"Mesa de jogo Brunswick Centennial - The World Billiards","description":"Como ter duas mesas em uma, quando n\u00e3o estiver em uso para jogos, o tampo da mesa de jogos do Centennial pode ser virado para revelar uma bela superf\u00edcie de jantar. No lado dos jogos, esta mesa apresenta uma superf\u00edcie de jogo luxuosa, por\u00e9m resistente a derramamentos, suportes para bebidas profundas completos com bases para copos Brunswick, suportes para chips generosos e um conveniente compartimento interno para todos os acess\u00f3rios de jogos. Cadeiras de jogos vendidas separadamente.","robots":{"index":"index","follow":"follow","max-snippet":"max-snippet:-1","max-image-preview":"max-image-preview:large","max-video-preview":"max-video-preview:-1"},"canonical":"https:\/\/theworldbilliards.com\/pt-pt\/produto\/mesa-de-jogo-brunswick-centennial\/","og_locale":"pt_PT","og_type":"article","og_title":"Mesa de jogo Brunswick Centennial - The World Billiards","og_description":"Como ter duas mesas em uma, quando n\u00e3o estiver em uso para jogos, o tampo da mesa de jogos do Centennial pode ser virado para revelar uma bela superf\u00edcie de jantar. No lado dos jogos, esta mesa apresenta uma superf\u00edcie de jogo luxuosa, por\u00e9m resistente a derramamentos, suportes para bebidas profundas completos com bases para copos Brunswick, suportes para chips generosos e um conveniente compartimento interno para todos os acess\u00f3rios de jogos. Cadeiras de jogos vendidas separadamente.","og_url":"https:\/\/theworldbilliards.com\/pt-pt\/produto\/mesa-de-jogo-brunswick-centennial\/","og_site_name":"The World Billiards","article_publisher":"https:\/\/www.facebook.com\/baby.foot.superbes","article_modified_time":"2023-07-03T10:01:19+00:00","og_image":[{"width":739,"height":739,"url":"https:\/\/theworldbilliards.com\/wp-content\/uploads\/2020\/04\/game_table_centennial_espresso-1.png","type":"image\/png"}],"twitter_card":"summary_large_image","schema":{"@context":"https:\/\/schema.org","@graph":[{"@type":"WebPage","@id":"https:\/\/theworldbilliards.com\/pt-pt\/produto\/mesa-de-jogo-brunswick-centennial\/","url":"https:\/\/theworldbilliards.com\/pt-pt\/produto\/mesa-de-jogo-brunswick-centennial\/","name":"Mesa de jogo Brunswick Centennial - The World Billiards","isPartOf":{"@id":"https:\/\/theworldbilliards.com\/pt-pt\/#website"},"primaryImageOfPage":{"@id":"https:\/\/theworldbilliards.com\/pt-pt\/produto\/mesa-de-jogo-brunswick-centennial\/#primaryimage"},"image":{"@id":"https:\/\/theworldbilliards.com\/pt-pt\/produto\/mesa-de-jogo-brunswick-centennial\/#primaryimage"},"thumbnailUrl":"https:\/\/theworldbilliards.com\/wp-content\/uploads\/2020\/04\/game_table_centennial_espresso-1.png","datePublished":"2020-04-17T06:51:09+00:00","dateModified":"2023-07-03T10:01:19+00:00","description":"Como ter duas mesas em uma, quando n\u00e3o estiver em uso para jogos, o tampo da mesa de jogos do Centennial pode ser virado para revelar uma bela superf\u00edcie de jantar. No lado dos jogos, esta mesa apresenta uma superf\u00edcie de jogo luxuosa, por\u00e9m resistente a derramamentos, suportes para bebidas profundas completos com bases para copos Brunswick, suportes para chips generosos e um conveniente compartimento interno para todos os acess\u00f3rios de jogos. Cadeiras de jogos vendidas separadamente.","breadcrumb":{"@id":"https:\/\/theworldbilliards.com\/pt-pt\/produto\/mesa-de-jogo-brunswick-centennial\/#breadcrumb"},"inLanguage":"pt-PT","potentialAction":[{"@type":"ReadAction","target":["https:\/\/theworldbilliards.com\/pt-pt\/produto\/mesa-de-jogo-brunswick-centennial\/"]}]},{"@type":"ImageObject","inLanguage":"pt-PT","@id":"https:\/\/theworldbilliards.com\/pt-pt\/produto\/mesa-de-jogo-brunswick-centennial\/#primaryimage","url":"https:\/\/theworldbilliards.com\/wp-content\/uploads\/2020\/04\/game_table_centennial_espresso-1.png","contentUrl":"https:\/\/theworldbilliards.com\/wp-content\/uploads\/2020\/04\/game_table_centennial_espresso-1.png","width":739,"height":739},{"@type":"BreadcrumbList","@id":"https:\/\/theworldbilliards.com\/pt-pt\/produto\/mesa-de-jogo-brunswick-centennial\/#breadcrumb","itemListElement":[{"@type":"ListItem","position":1,"name":"In\u00edcio","item":"https:\/\/theworldbilliards.com\/pt-pt\/"},{"@type":"ListItem","position":2,"name":"Loja online","item":"https:\/\/theworldbilliards.com\/pt-pt\/loja-theworldbilliards\/"},{"@type":"ListItem","position":3,"name":"Mesa de jogo Brunswick Centennial"}]},{"@type":"WebSite","@id":"https:\/\/theworldbilliards.com\/pt-pt\/#website","url":"https:\/\/theworldbilliards.com\/pt-pt\/","name":"TheWorldBilliards","description":"Compre aqui bilhar, matraquilho, t\u00eanis de mesa e bowling","publisher":{"@id":"https:\/\/theworldbilliards.com\/pt-pt\/#organization"},"alternateName":"The world billiards","potentialAction":[{"@type":"SearchAction","target":{"@type":"EntryPoint","urlTemplate":"https:\/\/theworldbilliards.com\/pt-pt\/?s={search_term_string}"},"query-input":{"@type":"PropertyValueSpecification","valueRequired":true,"valueName":"search_term_string"}}],"inLanguage":"pt-PT"},{"@type":"Organization","@id":"https:\/\/theworldbilliards.com\/pt-pt\/#organization","name":"The World Billiards","alternateName":"The World Billiards","url":"https:\/\/theworldbilliards.com\/pt-pt\/","logo":{"@type":"ImageObject","inLanguage":"pt-PT","@id":"https:\/\/theworldbilliards.com\/pt-pt\/#\/schema\/logo\/image\/","url":"","contentUrl":"","caption":"The World Billiards"},"image":{"@id":"https:\/\/theworldbilliards.com\/pt-pt\/#\/schema\/logo\/image\/"},"sameAs":["https:\/\/www.facebook.com\/baby.foot.superbes","https:\/\/www.youtube.com\/channel\/UCIMuOVAaUcH6UpZcsZlH0Tg","https:\/\/www.facebook.com\/people\/Brunswick-Billiards-EspaaPortugal\/100066446264309\/","https:\/\/www.instagram.com\/the_world_billiards\/","https:\/\/www.pinterest.es\/Theworldbilliards\/"]}]}},"_links":{"self":[{"href":"https:\/\/theworldbilliards.com\/pt-pt\/wp-json\/wp\/v2\/product\/74022","targetHints":{"allow":["GET"]}}],"collection":[{"href":"https:\/\/theworldbilliards.com\/pt-pt\/wp-json\/wp\/v2\/product"}],"about":[{"href":"https:\/\/theworldbilliards.com\/pt-pt\/wp-json\/wp\/v2\/types\/product"}],"wp:featuredmedia":[{"embeddable":true,"href":"https:\/\/theworldbilliards.com\/pt-pt\/wp-json\/wp\/v2\/media\/74018"}],"wp:attachment":[{"href":"https:\/\/theworldbilliards.com\/pt-pt\/wp-json\/wp\/v2\/media?parent=74022"}],"wp:term":[{"taxonomy":"product_brand","embeddable":true,"href":"https:\/\/theworldbilliards.com\/pt-pt\/wp-json\/wp\/v2\/product_brand?post=74022"},{"taxonomy":"product_cat","embeddable":true,"href":"https:\/\/theworldbilliards.com\/pt-pt\/wp-json\/wp\/v2\/product_cat?post=74022"},{"taxonomy":"product_tag","embeddable":true,"href":"https:\/\/theworldbilliards.com\/pt-pt\/wp-json\/wp\/v2\/product_tag?post=74022"}],"curies":[{"name":"wp","href":"https:\/\/api.w.org\/{rel}","templated":true}]}}