{"id":85601,"date":"2021-10-20T09:33:17","date_gmt":"2021-10-20T07:33:17","guid":{"rendered":"https:\/\/theworldbilliards.com\/?post_type=product&#038;p=85601"},"modified":"2024-01-15T12:29:06","modified_gmt":"2024-01-15T11:29:06","slug":"matraquilho-de-exterior-roberto-sport-summer-cover-sem-moedeiro","status":"publish","type":"product","link":"https:\/\/theworldbilliards.com\/pt-pt\/produto\/matraquilho-de-exterior-roberto-sport-summer-cover-sem-moedeiro\/","title":{"rendered":"Matraquilho de exterior Roberto Sport Summer Cover sem moedeiro"},"content":{"rendered":"<p>Estrutura em monobloco em choupo marinho multicamadas recoberto por pl\u00e1stico laminado 10\/10.<\/p>\n<p>Um tampo de alum\u00ednio anodizado extrudado forma uma barreira protetora contra infiltra\u00e7\u00f5es de \u00e1gua, preservando a mesa da umidade e da luz solar.<\/p>\n<p>Pernas de alum\u00ednio anodizado<\/p>\n<p>Os p\u00e9s s\u00e3o feitos de um material pl\u00e1stico macio especial que garante a ader\u00eancia ao solo<\/p>\n<p>Campo de jogos em vidro temperado e envernizado verde de 5 mm que n\u00e3o \u00e9 afetado pelo sol ou umidade.<\/p>\n<p>Vidro de cobertura superior inquebr\u00e1vel para evitar danos ao campo de jogo ou roubo de bolas e para diminuir o ru\u00eddo durante o jogo<\/p>\n<p>Var\u00f5es telesc\u00f3picas de a\u00e7o inoxid\u00e1vel diam. 18 mm com punhos de pl\u00e1stico r\u00edgido.<\/p>\n<p>Especifica\u00e7\u00f5es:<\/p>\n<ul>\n<li>Peso 52,3 Kgs.<\/li>\n<li>Campo de jogo 111 x 70\u00a0cm<\/li>\n<li>Dimens\u00f5es Embalagem 138cm x 80cm x 25<\/li>\n<li>Dimens\u00e3o constru\u00eddo 135cm x 110cm x 90cm<\/li>\n<\/ul>\n<p>&nbsp;<\/p>\n","protected":false},"excerpt":{"rendered":"<p>Estrutura em monobloco em choupo marinho multicamadas recoberto por pl\u00e1stico laminado 10\/10. Um tampo de alum\u00ednio anodizado extrudado forma uma [&hellip;]<\/p>\n","protected":false},"featured_media":107080,"template":"","meta":{"site-sidebar-layout":"default","site-content-layout":"","ast-site-content-layout":"default","site-content-style":"default","site-sidebar-style":"default","ast-global-header-display":"","ast-banner-title-visibility":"","ast-main-header-display":"","ast-hfb-above-header-display":"","ast-hfb-below-header-display":"","ast-hfb-mobile-header-display":"","site-post-title":"","ast-breadcrumbs-content":"","ast-featured-img":"","footer-sml-layout":"","ast-disable-related-posts":"","theme-transparent-header-meta":"default","adv-header-id-meta":"","stick-header-meta":"","header-above-stick-meta":"","header-main-stick-meta":"","header-below-stick-meta":"","astra-migrate-meta-layouts":"default","ast-page-background-enabled":"default","ast-page-background-meta":{"desktop":{"background-color":"var(--ast-global-color-4)","background-image":"","background-repeat":"repeat","background-position":"center center","background-size":"auto","background-attachment":"scroll","background-type":"","background-media":"","overlay-type":"","overlay-color":"","overlay-opacity":"","overlay-gradient":""},"tablet":{"background-color":"","background-image":"","background-repeat":"repeat","background-position":"center center","background-size":"auto","background-attachment":"scroll","background-type":"","background-media":"","overlay-type":"","overlay-color":"","overlay-opacity":"","overlay-gradient":""},"mobile":{"background-color":"","background-image":"","background-repeat":"repeat","background-position":"center center","background-size":"auto","background-attachment":"scroll","background-type":"","background-media":"","overlay-type":"","overlay-color":"","overlay-opacity":"","overlay-gradient":""}},"ast-content-background-meta":{"desktop":{"background-color":"var(--ast-global-color-5)","background-image":"","background-repeat":"repeat","background-position":"center center","background-size":"auto","background-attachment":"scroll","background-type":"","background-media":"","overlay-type":"","overlay-color":"","overlay-opacity":"","overlay-gradient":""},"tablet":{"background-color":"var(--ast-global-color-5)","background-image":"","background-repeat":"repeat","background-position":"center center","background-size":"auto","background-attachment":"scroll","background-type":"","background-media":"","overlay-type":"","overlay-color":"","overlay-opacity":"","overlay-gradient":""},"mobile":{"background-color":"var(--ast-global-color-5)","background-image":"","background-repeat":"repeat","background-position":"center center","background-size":"auto","background-attachment":"scroll","background-type":"","background-media":"","overlay-type":"","overlay-color":"","overlay-opacity":"","overlay-gradient":""}}},"product_brand":[5227],"product_cat":[3447,1124],"product_tag":[],"class_list":{"0":"post-85601","1":"product","2":"type-product","3":"status-publish","4":"has-post-thumbnail","6":"product_brand-roberto-sport-pt-pt","7":"product_cat-jogos-de-exterior","8":"product_cat-matraquilhos-sem-moedeiro","9":"product_shipping_class-matraquilhos","10":"desktop-align-center","11":"tablet-align-left","12":"mobile-align-left","14":"first","15":"instock","16":"taxable","17":"shipping-taxable","18":"purchasable","19":"product-type-simple"},"yoast_head":"<!-- This site is optimized with the Yoast SEO plugin v27.4 - https:\/\/yoast.com\/product\/yoast-seo-wordpress\/ -->\n<title>Matraquilho de exterior Roberto Sport Summer Cover sem moedeiro - The World Billiards<\/title>\n<meta name=\"description\" content=\"Estrutura em monobloco em choupo marinho multicamadas recoberto por pl\u00e1stico laminado 10\/10.  Um tampo de alum\u00ednio anodizado extrudado forma uma barreira protetora contra infiltra\u00e7\u00f5es de \u00e1gua, preservando a mesa da umidade e da luz solar.  Pernas de alum\u00ednio anodizado  Os p\u00e9s s\u00e3o feitos de um material pl\u00e1stico macio especial que garante a ader\u00eancia ao solo  Campo de jogos em vidro temperado e envernizado verde de 5 mm que n\u00e3o \u00e9 afetado pelo sol ou umidade.  Vidro de cobertura superior inquebr\u00e1vel para evitar danos ao campo de jogo ou roubo de bolas e para diminuir o ru\u00eddo durante o jogo  Var\u00f5es telesc\u00f3picas de a\u00e7o inoxid\u00e1vel diam. 18 mm com punhos de pl\u00e1stico r\u00edgido.  Especifica\u00e7\u00f5es:   Peso 52,3 Kgs.  Campo de jogo 111 x 70\u00a0cm  Dimens\u00f5es Embalagem 138cm x 80cm x 25  Dimens\u00e3o constru\u00eddo 135cm x 110cm x 90cm  &nbsp;\" \/>\n<meta name=\"robots\" content=\"index, follow, max-snippet:-1, max-image-preview:large, max-video-preview:-1\" \/>\n<link rel=\"canonical\" href=\"https:\/\/theworldbilliards.com\/pt-pt\/produto\/matraquilho-de-exterior-roberto-sport-summer-cover-sem-moedeiro\/\" \/>\n<meta property=\"og:locale\" content=\"pt_PT\" \/>\n<meta property=\"og:type\" content=\"article\" \/>\n<meta property=\"og:title\" content=\"Matraquilho de exterior Roberto Sport Summer Cover sem moedeiro - The World Billiards\" \/>\n<meta property=\"og:description\" content=\"Estrutura em monobloco em choupo marinho multicamadas recoberto por pl\u00e1stico laminado 10\/10.  Um tampo de alum\u00ednio anodizado extrudado forma uma barreira protetora contra infiltra\u00e7\u00f5es de \u00e1gua, preservando a mesa da umidade e da luz solar.  Pernas de alum\u00ednio anodizado  Os p\u00e9s s\u00e3o feitos de um material pl\u00e1stico macio especial que garante a ader\u00eancia ao solo  Campo de jogos em vidro temperado e envernizado verde de 5 mm que n\u00e3o \u00e9 afetado pelo sol ou umidade.  Vidro de cobertura superior inquebr\u00e1vel para evitar danos ao campo de jogo ou roubo de bolas e para diminuir o ru\u00eddo durante o jogo  Var\u00f5es telesc\u00f3picas de a\u00e7o inoxid\u00e1vel diam. 18 mm com punhos de pl\u00e1stico r\u00edgido.  Especifica\u00e7\u00f5es:   Peso 52,3 Kgs.  Campo de jogo 111 x 70\u00a0cm  Dimens\u00f5es Embalagem 138cm x 80cm x 25  Dimens\u00e3o constru\u00eddo 135cm x 110cm x 90cm  &nbsp;\" \/>\n<meta property=\"og:url\" content=\"https:\/\/theworldbilliards.com\/pt-pt\/produto\/matraquilho-de-exterior-roberto-sport-summer-cover-sem-moedeiro\/\" \/>\n<meta property=\"og:site_name\" content=\"The World Billiards\" \/>\n<meta property=\"article:publisher\" content=\"https:\/\/www.facebook.com\/baby.foot.superbes\" \/>\n<meta property=\"article:modified_time\" content=\"2024-01-15T11:29:06+00:00\" \/>\n<meta property=\"og:image\" content=\"https:\/\/theworldbilliards.com\/wp-content\/uploads\/2021\/10\/summerFreeCover.jpg\" \/>\n\t<meta property=\"og:image:width\" content=\"800\" \/>\n\t<meta property=\"og:image:height\" content=\"800\" \/>\n\t<meta property=\"og:image:type\" content=\"image\/jpeg\" \/>\n<meta name=\"twitter:card\" content=\"summary_large_image\" \/>\n<script type=\"application\/ld+json\" class=\"yoast-schema-graph\">{\"@context\":\"https:\\\/\\\/schema.org\",\"@graph\":[{\"@type\":\"WebPage\",\"@id\":\"https:\\\/\\\/theworldbilliards.com\\\/pt-pt\\\/produto\\\/matraquilho-de-exterior-roberto-sport-summer-cover-sem-moedeiro\\\/\",\"url\":\"https:\\\/\\\/theworldbilliards.com\\\/pt-pt\\\/produto\\\/matraquilho-de-exterior-roberto-sport-summer-cover-sem-moedeiro\\\/\",\"name\":\"Matraquilho de exterior Roberto Sport Summer Cover sem moedeiro - The World Billiards\",\"isPartOf\":{\"@id\":\"https:\\\/\\\/theworldbilliards.com\\\/pt-pt\\\/#website\"},\"primaryImageOfPage\":{\"@id\":\"https:\\\/\\\/theworldbilliards.com\\\/pt-pt\\\/produto\\\/matraquilho-de-exterior-roberto-sport-summer-cover-sem-moedeiro\\\/#primaryimage\"},\"image\":{\"@id\":\"https:\\\/\\\/theworldbilliards.com\\\/pt-pt\\\/produto\\\/matraquilho-de-exterior-roberto-sport-summer-cover-sem-moedeiro\\\/#primaryimage\"},\"thumbnailUrl\":\"https:\\\/\\\/theworldbilliards.com\\\/wp-content\\\/uploads\\\/2021\\\/10\\\/summerFreeCover-RobertoSport-1.webp\",\"datePublished\":\"2021-10-20T07:33:17+00:00\",\"dateModified\":\"2024-01-15T11:29:06+00:00\",\"description\":\"Estrutura em monobloco em choupo marinho multicamadas recoberto por pl\u00e1stico laminado 10\\\/10. Um tampo de alum\u00ednio anodizado extrudado forma uma barreira protetora contra infiltra\u00e7\u00f5es de \u00e1gua, preservando a mesa da umidade e da luz solar. Pernas de alum\u00ednio anodizado Os p\u00e9s s\u00e3o feitos de um material pl\u00e1stico macio especial que garante a ader\u00eancia ao solo Campo de jogos em vidro temperado e envernizado verde de 5 mm que n\u00e3o \u00e9 afetado pelo sol ou umidade. Vidro de cobertura superior inquebr\u00e1vel para evitar danos ao campo de jogo ou roubo de bolas e para diminuir o ru\u00eddo durante o jogo Var\u00f5es telesc\u00f3picas de a\u00e7o inoxid\u00e1vel diam. 18 mm com punhos de pl\u00e1stico r\u00edgido. Especifica\u00e7\u00f5es: Peso 52,3 Kgs. Campo de jogo 111 x 70\u00a0cm Dimens\u00f5es Embalagem 138cm x 80cm x 25 Dimens\u00e3o constru\u00eddo 135cm x 110cm x 90cm &nbsp;\",\"breadcrumb\":{\"@id\":\"https:\\\/\\\/theworldbilliards.com\\\/pt-pt\\\/produto\\\/matraquilho-de-exterior-roberto-sport-summer-cover-sem-moedeiro\\\/#breadcrumb\"},\"inLanguage\":\"pt-PT\",\"potentialAction\":[{\"@type\":\"ReadAction\",\"target\":[\"https:\\\/\\\/theworldbilliards.com\\\/pt-pt\\\/produto\\\/matraquilho-de-exterior-roberto-sport-summer-cover-sem-moedeiro\\\/\"]}]},{\"@type\":\"ImageObject\",\"inLanguage\":\"pt-PT\",\"@id\":\"https:\\\/\\\/theworldbilliards.com\\\/pt-pt\\\/produto\\\/matraquilho-de-exterior-roberto-sport-summer-cover-sem-moedeiro\\\/#primaryimage\",\"url\":\"https:\\\/\\\/theworldbilliards.com\\\/wp-content\\\/uploads\\\/2021\\\/10\\\/summerFreeCover-RobertoSport-1.webp\",\"contentUrl\":\"https:\\\/\\\/theworldbilliards.com\\\/wp-content\\\/uploads\\\/2021\\\/10\\\/summerFreeCover-RobertoSport-1.webp\",\"width\":410,\"height\":410},{\"@type\":\"BreadcrumbList\",\"@id\":\"https:\\\/\\\/theworldbilliards.com\\\/pt-pt\\\/produto\\\/matraquilho-de-exterior-roberto-sport-summer-cover-sem-moedeiro\\\/#breadcrumb\",\"itemListElement\":[{\"@type\":\"ListItem\",\"position\":1,\"name\":\"In\u00edcio\",\"item\":\"https:\\\/\\\/theworldbilliards.com\\\/pt-pt\\\/\"},{\"@type\":\"ListItem\",\"position\":2,\"name\":\"Loja online\",\"item\":\"https:\\\/\\\/theworldbilliards.com\\\/pt-pt\\\/loja-theworldbilliards\\\/\"},{\"@type\":\"ListItem\",\"position\":3,\"name\":\"Matraquilho de exterior Roberto Sport Summer Cover sem moedeiro\"}]},{\"@type\":\"WebSite\",\"@id\":\"https:\\\/\\\/theworldbilliards.com\\\/pt-pt\\\/#website\",\"url\":\"https:\\\/\\\/theworldbilliards.com\\\/pt-pt\\\/\",\"name\":\"TheWorldBilliards\",\"description\":\"Compre aqui bilhar, matraquilho, t\u00eanis de mesa e bowling\",\"publisher\":{\"@id\":\"https:\\\/\\\/theworldbilliards.com\\\/pt-pt\\\/#organization\"},\"alternateName\":\"The world billiards\",\"potentialAction\":[{\"@type\":\"SearchAction\",\"target\":{\"@type\":\"EntryPoint\",\"urlTemplate\":\"https:\\\/\\\/theworldbilliards.com\\\/pt-pt\\\/?s={search_term_string}\"},\"query-input\":{\"@type\":\"PropertyValueSpecification\",\"valueRequired\":true,\"valueName\":\"search_term_string\"}}],\"inLanguage\":\"pt-PT\"},{\"@type\":\"Organization\",\"@id\":\"https:\\\/\\\/theworldbilliards.com\\\/pt-pt\\\/#organization\",\"name\":\"The World Billiards\",\"alternateName\":\"The World Billiards\",\"url\":\"https:\\\/\\\/theworldbilliards.com\\\/pt-pt\\\/\",\"logo\":{\"@type\":\"ImageObject\",\"inLanguage\":\"pt-PT\",\"@id\":\"https:\\\/\\\/theworldbilliards.com\\\/pt-pt\\\/#\\\/schema\\\/logo\\\/image\\\/\",\"url\":\"\",\"contentUrl\":\"\",\"caption\":\"The World Billiards\"},\"image\":{\"@id\":\"https:\\\/\\\/theworldbilliards.com\\\/pt-pt\\\/#\\\/schema\\\/logo\\\/image\\\/\"},\"sameAs\":[\"https:\\\/\\\/www.facebook.com\\\/baby.foot.superbes\",\"https:\\\/\\\/www.youtube.com\\\/channel\\\/UCIMuOVAaUcH6UpZcsZlH0Tg\",\"https:\\\/\\\/www.facebook.com\\\/people\\\/Brunswick-Billiards-EspaaPortugal\\\/100066446264309\\\/\",\"https:\\\/\\\/www.instagram.com\\\/the_world_billiards\\\/\",\"https:\\\/\\\/www.pinterest.es\\\/Theworldbilliards\\\/\"]}]}<\/script>\n<!-- \/ Yoast SEO plugin. -->","yoast_head_json":{"title":"Matraquilho de exterior Roberto Sport Summer Cover sem moedeiro - The World Billiards","description":"Estrutura em monobloco em choupo marinho multicamadas recoberto por pl\u00e1stico laminado 10\/10.  Um tampo de alum\u00ednio anodizado extrudado forma uma barreira protetora contra infiltra\u00e7\u00f5es de \u00e1gua, preservando a mesa da umidade e da luz solar.  Pernas de alum\u00ednio anodizado  Os p\u00e9s s\u00e3o feitos de um material pl\u00e1stico macio especial que garante a ader\u00eancia ao solo  Campo de jogos em vidro temperado e envernizado verde de 5 mm que n\u00e3o \u00e9 afetado pelo sol ou umidade.  Vidro de cobertura superior inquebr\u00e1vel para evitar danos ao campo de jogo ou roubo de bolas e para diminuir o ru\u00eddo durante o jogo  Var\u00f5es telesc\u00f3picas de a\u00e7o inoxid\u00e1vel diam. 18 mm com punhos de pl\u00e1stico r\u00edgido.  Especifica\u00e7\u00f5es:   Peso 52,3 Kgs.  Campo de jogo 111 x 70\u00a0cm  Dimens\u00f5es Embalagem 138cm x 80cm x 25  Dimens\u00e3o constru\u00eddo 135cm x 110cm x 90cm  &nbsp;","robots":{"index":"index","follow":"follow","max-snippet":"max-snippet:-1","max-image-preview":"max-image-preview:large","max-video-preview":"max-video-preview:-1"},"canonical":"https:\/\/theworldbilliards.com\/pt-pt\/produto\/matraquilho-de-exterior-roberto-sport-summer-cover-sem-moedeiro\/","og_locale":"pt_PT","og_type":"article","og_title":"Matraquilho de exterior Roberto Sport Summer Cover sem moedeiro - The World Billiards","og_description":"Estrutura em monobloco em choupo marinho multicamadas recoberto por pl\u00e1stico laminado 10\/10.  Um tampo de alum\u00ednio anodizado extrudado forma uma barreira protetora contra infiltra\u00e7\u00f5es de \u00e1gua, preservando a mesa da umidade e da luz solar.  Pernas de alum\u00ednio anodizado  Os p\u00e9s s\u00e3o feitos de um material pl\u00e1stico macio especial que garante a ader\u00eancia ao solo  Campo de jogos em vidro temperado e envernizado verde de 5 mm que n\u00e3o \u00e9 afetado pelo sol ou umidade.  Vidro de cobertura superior inquebr\u00e1vel para evitar danos ao campo de jogo ou roubo de bolas e para diminuir o ru\u00eddo durante o jogo  Var\u00f5es telesc\u00f3picas de a\u00e7o inoxid\u00e1vel diam. 18 mm com punhos de pl\u00e1stico r\u00edgido.  Especifica\u00e7\u00f5es:   Peso 52,3 Kgs.  Campo de jogo 111 x 70\u00a0cm  Dimens\u00f5es Embalagem 138cm x 80cm x 25  Dimens\u00e3o constru\u00eddo 135cm x 110cm x 90cm  &nbsp;","og_url":"https:\/\/theworldbilliards.com\/pt-pt\/produto\/matraquilho-de-exterior-roberto-sport-summer-cover-sem-moedeiro\/","og_site_name":"The World Billiards","article_publisher":"https:\/\/www.facebook.com\/baby.foot.superbes","article_modified_time":"2024-01-15T11:29:06+00:00","og_image":[{"width":800,"height":800,"url":"https:\/\/theworldbilliards.com\/wp-content\/uploads\/2021\/10\/summerFreeCover.jpg","type":"image\/jpeg"}],"twitter_card":"summary_large_image","schema":{"@context":"https:\/\/schema.org","@graph":[{"@type":"WebPage","@id":"https:\/\/theworldbilliards.com\/pt-pt\/produto\/matraquilho-de-exterior-roberto-sport-summer-cover-sem-moedeiro\/","url":"https:\/\/theworldbilliards.com\/pt-pt\/produto\/matraquilho-de-exterior-roberto-sport-summer-cover-sem-moedeiro\/","name":"Matraquilho de exterior Roberto Sport Summer Cover sem moedeiro - The World Billiards","isPartOf":{"@id":"https:\/\/theworldbilliards.com\/pt-pt\/#website"},"primaryImageOfPage":{"@id":"https:\/\/theworldbilliards.com\/pt-pt\/produto\/matraquilho-de-exterior-roberto-sport-summer-cover-sem-moedeiro\/#primaryimage"},"image":{"@id":"https:\/\/theworldbilliards.com\/pt-pt\/produto\/matraquilho-de-exterior-roberto-sport-summer-cover-sem-moedeiro\/#primaryimage"},"thumbnailUrl":"https:\/\/theworldbilliards.com\/wp-content\/uploads\/2021\/10\/summerFreeCover-RobertoSport-1.webp","datePublished":"2021-10-20T07:33:17+00:00","dateModified":"2024-01-15T11:29:06+00:00","description":"Estrutura em monobloco em choupo marinho multicamadas recoberto por pl\u00e1stico laminado 10\/10. Um tampo de alum\u00ednio anodizado extrudado forma uma barreira protetora contra infiltra\u00e7\u00f5es de \u00e1gua, preservando a mesa da umidade e da luz solar. Pernas de alum\u00ednio anodizado Os p\u00e9s s\u00e3o feitos de um material pl\u00e1stico macio especial que garante a ader\u00eancia ao solo Campo de jogos em vidro temperado e envernizado verde de 5 mm que n\u00e3o \u00e9 afetado pelo sol ou umidade. Vidro de cobertura superior inquebr\u00e1vel para evitar danos ao campo de jogo ou roubo de bolas e para diminuir o ru\u00eddo durante o jogo Var\u00f5es telesc\u00f3picas de a\u00e7o inoxid\u00e1vel diam. 18 mm com punhos de pl\u00e1stico r\u00edgido. Especifica\u00e7\u00f5es: Peso 52,3 Kgs. Campo de jogo 111 x 70\u00a0cm Dimens\u00f5es Embalagem 138cm x 80cm x 25 Dimens\u00e3o constru\u00eddo 135cm x 110cm x 90cm &nbsp;","breadcrumb":{"@id":"https:\/\/theworldbilliards.com\/pt-pt\/produto\/matraquilho-de-exterior-roberto-sport-summer-cover-sem-moedeiro\/#breadcrumb"},"inLanguage":"pt-PT","potentialAction":[{"@type":"ReadAction","target":["https:\/\/theworldbilliards.com\/pt-pt\/produto\/matraquilho-de-exterior-roberto-sport-summer-cover-sem-moedeiro\/"]}]},{"@type":"ImageObject","inLanguage":"pt-PT","@id":"https:\/\/theworldbilliards.com\/pt-pt\/produto\/matraquilho-de-exterior-roberto-sport-summer-cover-sem-moedeiro\/#primaryimage","url":"https:\/\/theworldbilliards.com\/wp-content\/uploads\/2021\/10\/summerFreeCover-RobertoSport-1.webp","contentUrl":"https:\/\/theworldbilliards.com\/wp-content\/uploads\/2021\/10\/summerFreeCover-RobertoSport-1.webp","width":410,"height":410},{"@type":"BreadcrumbList","@id":"https:\/\/theworldbilliards.com\/pt-pt\/produto\/matraquilho-de-exterior-roberto-sport-summer-cover-sem-moedeiro\/#breadcrumb","itemListElement":[{"@type":"ListItem","position":1,"name":"In\u00edcio","item":"https:\/\/theworldbilliards.com\/pt-pt\/"},{"@type":"ListItem","position":2,"name":"Loja online","item":"https:\/\/theworldbilliards.com\/pt-pt\/loja-theworldbilliards\/"},{"@type":"ListItem","position":3,"name":"Matraquilho de exterior Roberto Sport Summer Cover sem moedeiro"}]},{"@type":"WebSite","@id":"https:\/\/theworldbilliards.com\/pt-pt\/#website","url":"https:\/\/theworldbilliards.com\/pt-pt\/","name":"TheWorldBilliards","description":"Compre aqui bilhar, matraquilho, t\u00eanis de mesa e bowling","publisher":{"@id":"https:\/\/theworldbilliards.com\/pt-pt\/#organization"},"alternateName":"The world billiards","potentialAction":[{"@type":"SearchAction","target":{"@type":"EntryPoint","urlTemplate":"https:\/\/theworldbilliards.com\/pt-pt\/?s={search_term_string}"},"query-input":{"@type":"PropertyValueSpecification","valueRequired":true,"valueName":"search_term_string"}}],"inLanguage":"pt-PT"},{"@type":"Organization","@id":"https:\/\/theworldbilliards.com\/pt-pt\/#organization","name":"The World Billiards","alternateName":"The World Billiards","url":"https:\/\/theworldbilliards.com\/pt-pt\/","logo":{"@type":"ImageObject","inLanguage":"pt-PT","@id":"https:\/\/theworldbilliards.com\/pt-pt\/#\/schema\/logo\/image\/","url":"","contentUrl":"","caption":"The World Billiards"},"image":{"@id":"https:\/\/theworldbilliards.com\/pt-pt\/#\/schema\/logo\/image\/"},"sameAs":["https:\/\/www.facebook.com\/baby.foot.superbes","https:\/\/www.youtube.com\/channel\/UCIMuOVAaUcH6UpZcsZlH0Tg","https:\/\/www.facebook.com\/people\/Brunswick-Billiards-EspaaPortugal\/100066446264309\/","https:\/\/www.instagram.com\/the_world_billiards\/","https:\/\/www.pinterest.es\/Theworldbilliards\/"]}]}},"_links":{"self":[{"href":"https:\/\/theworldbilliards.com\/pt-pt\/wp-json\/wp\/v2\/product\/85601","targetHints":{"allow":["GET"]}}],"collection":[{"href":"https:\/\/theworldbilliards.com\/pt-pt\/wp-json\/wp\/v2\/product"}],"about":[{"href":"https:\/\/theworldbilliards.com\/pt-pt\/wp-json\/wp\/v2\/types\/product"}],"wp:featuredmedia":[{"embeddable":true,"href":"https:\/\/theworldbilliards.com\/pt-pt\/wp-json\/wp\/v2\/media\/107080"}],"wp:attachment":[{"href":"https:\/\/theworldbilliards.com\/pt-pt\/wp-json\/wp\/v2\/media?parent=85601"}],"wp:term":[{"taxonomy":"product_brand","embeddable":true,"href":"https:\/\/theworldbilliards.com\/pt-pt\/wp-json\/wp\/v2\/product_brand?post=85601"},{"taxonomy":"product_cat","embeddable":true,"href":"https:\/\/theworldbilliards.com\/pt-pt\/wp-json\/wp\/v2\/product_cat?post=85601"},{"taxonomy":"product_tag","embeddable":true,"href":"https:\/\/theworldbilliards.com\/pt-pt\/wp-json\/wp\/v2\/product_tag?post=85601"}],"curies":[{"name":"wp","href":"https:\/\/api.w.org\/{rel}","templated":true}]}}