{"id":88971,"date":"2022-06-30T11:47:55","date_gmt":"2022-06-30T09:47:55","guid":{"rendered":"https:\/\/theworldbilliards.com\/?post_type=product&#038;p=88971"},"modified":"2025-01-23T10:47:20","modified_gmt":"2025-01-23T09:47:20","slug":"bilhar-piramide-russo-snooker-ingles-saint-christophe-ii","status":"publish","type":"product","link":"https:\/\/theworldbilliards.com\/pt-pt\/produto\/bilhar-piramide-russo-snooker-ingles-saint-christophe-ii\/","title":{"rendered":"Bilhar Piramide Russo \/ Snooker Ingles Saint Christophe II"},"content":{"rendered":"<p>Mesa de Piramide Russo ou Snooker fabricada com os melhores materiais minuciosamente escolhidos, com design \u00a0moderno e elegante para integrar perfeitamente na sua decora\u00e7ao.<\/p>\n<p>Mesa dotada de uma t\u00e9cnica de jogo extraordin\u00e1ria.<\/p>\n<p>Acabamento \u00e1 escolha do cliente.<\/p>\n<p>Bolsas de entrada das bolas em pele.<\/p>\n<p>Ard\u00f3sia de alta qualidade<\/p>\n<p>12ft<\/p>\n<p>Pano especial English snooker incluido (vers\u00e3o snooker)<br \/>\nPano especial Piramide incluido (vers\u00e3o bilhar russo)<\/p>\n","protected":false},"excerpt":{"rendered":"<p>Mesa de Piramide Russo ou Snooker fabricada com os melhores materiais minuciosamente escolhidos, com design \u00a0moderno e elegante para integrar [&hellip;]<\/p>\n","protected":false},"featured_media":89008,"template":"","meta":{"site-sidebar-layout":"default","site-content-layout":"","ast-site-content-layout":"default","site-content-style":"default","site-sidebar-style":"default","ast-global-header-display":"","ast-banner-title-visibility":"","ast-main-header-display":"","ast-hfb-above-header-display":"","ast-hfb-below-header-display":"","ast-hfb-mobile-header-display":"","site-post-title":"","ast-breadcrumbs-content":"","ast-featured-img":"","footer-sml-layout":"","ast-disable-related-posts":"","theme-transparent-header-meta":"default","adv-header-id-meta":"","stick-header-meta":"","header-above-stick-meta":"","header-main-stick-meta":"","header-below-stick-meta":"","astra-migrate-meta-layouts":"default","ast-page-background-enabled":"default","ast-page-background-meta":{"desktop":{"background-color":"var(--ast-global-color-4)","background-image":"","background-repeat":"repeat","background-position":"center center","background-size":"auto","background-attachment":"scroll","background-type":"","background-media":"","overlay-type":"","overlay-color":"","overlay-opacity":"","overlay-gradient":""},"tablet":{"background-color":"","background-image":"","background-repeat":"repeat","background-position":"center center","background-size":"auto","background-attachment":"scroll","background-type":"","background-media":"","overlay-type":"","overlay-color":"","overlay-opacity":"","overlay-gradient":""},"mobile":{"background-color":"","background-image":"","background-repeat":"repeat","background-position":"center center","background-size":"auto","background-attachment":"scroll","background-type":"","background-media":"","overlay-type":"","overlay-color":"","overlay-opacity":"","overlay-gradient":""}},"ast-content-background-meta":{"desktop":{"background-color":"var(--ast-global-color-5)","background-image":"","background-repeat":"repeat","background-position":"center center","background-size":"auto","background-attachment":"scroll","background-type":"","background-media":"","overlay-type":"","overlay-color":"","overlay-opacity":"","overlay-gradient":""},"tablet":{"background-color":"var(--ast-global-color-5)","background-image":"","background-repeat":"repeat","background-position":"center center","background-size":"auto","background-attachment":"scroll","background-type":"","background-media":"","overlay-type":"","overlay-color":"","overlay-opacity":"","overlay-gradient":""},"mobile":{"background-color":"var(--ast-global-color-5)","background-image":"","background-repeat":"repeat","background-position":"center center","background-size":"auto","background-attachment":"scroll","background-type":"","background-media":"","overlay-type":"","overlay-color":"","overlay-opacity":"","overlay-gradient":""}}},"product_brand":[5219],"product_cat":[1153],"product_tag":[],"class_list":{"0":"post-88971","1":"product","2":"type-product","3":"status-publish","4":"has-post-thumbnail","6":"product_brand-twb-the-world-billiards-pt-pt","7":"product_cat-snooker-ingles-e-piramide-russo","8":"product_shipping_class-bilhares-grandes","9":"desktop-align-center","10":"tablet-align-left","11":"mobile-align-left","13":"first","14":"instock","15":"taxable","16":"shipping-taxable","17":"purchasable","18":"product-type-variable"},"yoast_head":"<!-- This site is optimized with the Yoast SEO plugin v27.4 - https:\/\/yoast.com\/product\/yoast-seo-wordpress\/ -->\n<title>Bilhar Piramide Russo \/ Snooker Ingles Saint Christophe II - The World Billiards<\/title>\n<meta name=\"description\" content=\"Mesa de Piramide Russo ou Snooker fabricada com os melhores materiais minuciosamente escolhidos, com design \u00a0moderno e elegante para integrar perfeitamente na sua decora\u00e7ao.  Mesa dotada de uma t\u00e9cnica de jogo extraordin\u00e1ria.  Acabamento \u00e1 escolha do cliente.  Bolsas de entrada das bolas em pele.  Ard\u00f3sia de alta qualidade  12ft  Pano especial English snooker incluido (vers\u00e3o snooker) Pano especial Piramide incluido (vers\u00e3o bilhar russo)\" \/>\n<meta name=\"robots\" content=\"index, follow, max-snippet:-1, max-image-preview:large, max-video-preview:-1\" \/>\n<link rel=\"canonical\" href=\"https:\/\/theworldbilliards.com\/pt-pt\/produto\/bilhar-piramide-russo-snooker-ingles-saint-christophe-ii\/\" \/>\n<meta property=\"og:locale\" content=\"pt_PT\" \/>\n<meta property=\"og:type\" content=\"article\" \/>\n<meta property=\"og:title\" content=\"Bilhar Piramide Russo \/ Snooker Ingles Saint Christophe II - The World Billiards\" \/>\n<meta property=\"og:description\" content=\"Mesa de Piramide Russo ou Snooker fabricada com os melhores materiais minuciosamente escolhidos, com design \u00a0moderno e elegante para integrar perfeitamente na sua decora\u00e7ao.  Mesa dotada de uma t\u00e9cnica de jogo extraordin\u00e1ria.  Acabamento \u00e1 escolha do cliente.  Bolsas de entrada das bolas em pele.  Ard\u00f3sia de alta qualidade  12ft  Pano especial English snooker incluido (vers\u00e3o snooker) Pano especial Piramide incluido (vers\u00e3o bilhar russo)\" \/>\n<meta property=\"og:url\" content=\"https:\/\/theworldbilliards.com\/pt-pt\/produto\/bilhar-piramide-russo-snooker-ingles-saint-christophe-ii\/\" \/>\n<meta property=\"og:site_name\" content=\"The World Billiards\" \/>\n<meta property=\"article:publisher\" content=\"https:\/\/www.facebook.com\/baby.foot.superbes\" \/>\n<meta property=\"article:modified_time\" content=\"2025-01-23T09:47:20+00:00\" \/>\n<meta property=\"og:image\" content=\"https:\/\/theworldbilliards.com\/wp-content\/uploads\/2022\/06\/saint-christophe-snooker.png\" \/>\n\t<meta property=\"og:image:width\" content=\"1583\" \/>\n\t<meta property=\"og:image:height\" content=\"1583\" \/>\n\t<meta property=\"og:image:type\" content=\"image\/png\" \/>\n<meta name=\"twitter:card\" content=\"summary_large_image\" \/>\n<meta name=\"twitter:label1\" content=\"Tempo estimado de leitura\" \/>\n\t<meta name=\"twitter:data1\" content=\"1 minuto\" \/>\n<script type=\"application\/ld+json\" class=\"yoast-schema-graph\">{\"@context\":\"https:\\\/\\\/schema.org\",\"@graph\":[{\"@type\":\"WebPage\",\"@id\":\"https:\\\/\\\/theworldbilliards.com\\\/pt-pt\\\/produto\\\/bilhar-piramide-russo-snooker-ingles-saint-christophe-ii\\\/\",\"url\":\"https:\\\/\\\/theworldbilliards.com\\\/pt-pt\\\/produto\\\/bilhar-piramide-russo-snooker-ingles-saint-christophe-ii\\\/\",\"name\":\"Bilhar Piramide Russo \\\/ Snooker Ingles Saint Christophe II - The World Billiards\",\"isPartOf\":{\"@id\":\"https:\\\/\\\/theworldbilliards.com\\\/pt-pt\\\/#website\"},\"primaryImageOfPage\":{\"@id\":\"https:\\\/\\\/theworldbilliards.com\\\/pt-pt\\\/produto\\\/bilhar-piramide-russo-snooker-ingles-saint-christophe-ii\\\/#primaryimage\"},\"image\":{\"@id\":\"https:\\\/\\\/theworldbilliards.com\\\/pt-pt\\\/produto\\\/bilhar-piramide-russo-snooker-ingles-saint-christophe-ii\\\/#primaryimage\"},\"thumbnailUrl\":\"https:\\\/\\\/theworldbilliards.com\\\/wp-content\\\/uploads\\\/2022\\\/06\\\/saint-christophe-snooker.png\",\"datePublished\":\"2022-06-30T09:47:55+00:00\",\"dateModified\":\"2025-01-23T09:47:20+00:00\",\"description\":\"Mesa de Piramide Russo ou Snooker fabricada com os melhores materiais minuciosamente escolhidos, com design \u00a0moderno e elegante para integrar perfeitamente na sua decora\u00e7ao. Mesa dotada de uma t\u00e9cnica de jogo extraordin\u00e1ria. Acabamento \u00e1 escolha do cliente. Bolsas de entrada das bolas em pele. Ard\u00f3sia de alta qualidade 12ft Pano especial English snooker incluido (vers\u00e3o snooker) Pano especial Piramide incluido (vers\u00e3o bilhar russo)\",\"breadcrumb\":{\"@id\":\"https:\\\/\\\/theworldbilliards.com\\\/pt-pt\\\/produto\\\/bilhar-piramide-russo-snooker-ingles-saint-christophe-ii\\\/#breadcrumb\"},\"inLanguage\":\"pt-PT\",\"potentialAction\":[{\"@type\":\"ReadAction\",\"target\":[\"https:\\\/\\\/theworldbilliards.com\\\/pt-pt\\\/produto\\\/bilhar-piramide-russo-snooker-ingles-saint-christophe-ii\\\/\"]}]},{\"@type\":\"ImageObject\",\"inLanguage\":\"pt-PT\",\"@id\":\"https:\\\/\\\/theworldbilliards.com\\\/pt-pt\\\/produto\\\/bilhar-piramide-russo-snooker-ingles-saint-christophe-ii\\\/#primaryimage\",\"url\":\"https:\\\/\\\/theworldbilliards.com\\\/wp-content\\\/uploads\\\/2022\\\/06\\\/saint-christophe-snooker.png\",\"contentUrl\":\"https:\\\/\\\/theworldbilliards.com\\\/wp-content\\\/uploads\\\/2022\\\/06\\\/saint-christophe-snooker.png\",\"width\":1583,\"height\":1583},{\"@type\":\"BreadcrumbList\",\"@id\":\"https:\\\/\\\/theworldbilliards.com\\\/pt-pt\\\/produto\\\/bilhar-piramide-russo-snooker-ingles-saint-christophe-ii\\\/#breadcrumb\",\"itemListElement\":[{\"@type\":\"ListItem\",\"position\":1,\"name\":\"In\u00edcio\",\"item\":\"https:\\\/\\\/theworldbilliards.com\\\/pt-pt\\\/\"},{\"@type\":\"ListItem\",\"position\":2,\"name\":\"Loja online\",\"item\":\"https:\\\/\\\/theworldbilliards.com\\\/pt-pt\\\/loja-theworldbilliards\\\/\"},{\"@type\":\"ListItem\",\"position\":3,\"name\":\"Bilhar Piramide Russo \\\/ Snooker Ingles Saint Christophe II\"}]},{\"@type\":\"WebSite\",\"@id\":\"https:\\\/\\\/theworldbilliards.com\\\/pt-pt\\\/#website\",\"url\":\"https:\\\/\\\/theworldbilliards.com\\\/pt-pt\\\/\",\"name\":\"TheWorldBilliards\",\"description\":\"Compre aqui bilhar, matraquilho, t\u00eanis de mesa e bowling\",\"publisher\":{\"@id\":\"https:\\\/\\\/theworldbilliards.com\\\/pt-pt\\\/#organization\"},\"alternateName\":\"The world billiards\",\"potentialAction\":[{\"@type\":\"SearchAction\",\"target\":{\"@type\":\"EntryPoint\",\"urlTemplate\":\"https:\\\/\\\/theworldbilliards.com\\\/pt-pt\\\/?s={search_term_string}\"},\"query-input\":{\"@type\":\"PropertyValueSpecification\",\"valueRequired\":true,\"valueName\":\"search_term_string\"}}],\"inLanguage\":\"pt-PT\"},{\"@type\":\"Organization\",\"@id\":\"https:\\\/\\\/theworldbilliards.com\\\/pt-pt\\\/#organization\",\"name\":\"The World Billiards\",\"alternateName\":\"The World Billiards\",\"url\":\"https:\\\/\\\/theworldbilliards.com\\\/pt-pt\\\/\",\"logo\":{\"@type\":\"ImageObject\",\"inLanguage\":\"pt-PT\",\"@id\":\"https:\\\/\\\/theworldbilliards.com\\\/pt-pt\\\/#\\\/schema\\\/logo\\\/image\\\/\",\"url\":\"\",\"contentUrl\":\"\",\"caption\":\"The World Billiards\"},\"image\":{\"@id\":\"https:\\\/\\\/theworldbilliards.com\\\/pt-pt\\\/#\\\/schema\\\/logo\\\/image\\\/\"},\"sameAs\":[\"https:\\\/\\\/www.facebook.com\\\/baby.foot.superbes\",\"https:\\\/\\\/www.youtube.com\\\/channel\\\/UCIMuOVAaUcH6UpZcsZlH0Tg\",\"https:\\\/\\\/www.facebook.com\\\/people\\\/Brunswick-Billiards-EspaaPortugal\\\/100066446264309\\\/\",\"https:\\\/\\\/www.instagram.com\\\/the_world_billiards\\\/\",\"https:\\\/\\\/www.pinterest.es\\\/Theworldbilliards\\\/\"]}]}<\/script>\n<!-- \/ Yoast SEO plugin. -->","yoast_head_json":{"title":"Bilhar Piramide Russo \/ Snooker Ingles Saint Christophe II - The World Billiards","description":"Mesa de Piramide Russo ou Snooker fabricada com os melhores materiais minuciosamente escolhidos, com design \u00a0moderno e elegante para integrar perfeitamente na sua decora\u00e7ao.  Mesa dotada de uma t\u00e9cnica de jogo extraordin\u00e1ria.  Acabamento \u00e1 escolha do cliente.  Bolsas de entrada das bolas em pele.  Ard\u00f3sia de alta qualidade  12ft  Pano especial English snooker incluido (vers\u00e3o snooker) Pano especial Piramide incluido (vers\u00e3o bilhar russo)","robots":{"index":"index","follow":"follow","max-snippet":"max-snippet:-1","max-image-preview":"max-image-preview:large","max-video-preview":"max-video-preview:-1"},"canonical":"https:\/\/theworldbilliards.com\/pt-pt\/produto\/bilhar-piramide-russo-snooker-ingles-saint-christophe-ii\/","og_locale":"pt_PT","og_type":"article","og_title":"Bilhar Piramide Russo \/ Snooker Ingles Saint Christophe II - The World Billiards","og_description":"Mesa de Piramide Russo ou Snooker fabricada com os melhores materiais minuciosamente escolhidos, com design \u00a0moderno e elegante para integrar perfeitamente na sua decora\u00e7ao.  Mesa dotada de uma t\u00e9cnica de jogo extraordin\u00e1ria.  Acabamento \u00e1 escolha do cliente.  Bolsas de entrada das bolas em pele.  Ard\u00f3sia de alta qualidade  12ft  Pano especial English snooker incluido (vers\u00e3o snooker) Pano especial Piramide incluido (vers\u00e3o bilhar russo)","og_url":"https:\/\/theworldbilliards.com\/pt-pt\/produto\/bilhar-piramide-russo-snooker-ingles-saint-christophe-ii\/","og_site_name":"The World Billiards","article_publisher":"https:\/\/www.facebook.com\/baby.foot.superbes","article_modified_time":"2025-01-23T09:47:20+00:00","og_image":[{"width":1583,"height":1583,"url":"https:\/\/theworldbilliards.com\/wp-content\/uploads\/2022\/06\/saint-christophe-snooker.png","type":"image\/png"}],"twitter_card":"summary_large_image","twitter_misc":{"Tempo estimado de leitura":"1 minuto"},"schema":{"@context":"https:\/\/schema.org","@graph":[{"@type":"WebPage","@id":"https:\/\/theworldbilliards.com\/pt-pt\/produto\/bilhar-piramide-russo-snooker-ingles-saint-christophe-ii\/","url":"https:\/\/theworldbilliards.com\/pt-pt\/produto\/bilhar-piramide-russo-snooker-ingles-saint-christophe-ii\/","name":"Bilhar Piramide Russo \/ Snooker Ingles Saint Christophe II - The World Billiards","isPartOf":{"@id":"https:\/\/theworldbilliards.com\/pt-pt\/#website"},"primaryImageOfPage":{"@id":"https:\/\/theworldbilliards.com\/pt-pt\/produto\/bilhar-piramide-russo-snooker-ingles-saint-christophe-ii\/#primaryimage"},"image":{"@id":"https:\/\/theworldbilliards.com\/pt-pt\/produto\/bilhar-piramide-russo-snooker-ingles-saint-christophe-ii\/#primaryimage"},"thumbnailUrl":"https:\/\/theworldbilliards.com\/wp-content\/uploads\/2022\/06\/saint-christophe-snooker.png","datePublished":"2022-06-30T09:47:55+00:00","dateModified":"2025-01-23T09:47:20+00:00","description":"Mesa de Piramide Russo ou Snooker fabricada com os melhores materiais minuciosamente escolhidos, com design \u00a0moderno e elegante para integrar perfeitamente na sua decora\u00e7ao. Mesa dotada de uma t\u00e9cnica de jogo extraordin\u00e1ria. Acabamento \u00e1 escolha do cliente. Bolsas de entrada das bolas em pele. Ard\u00f3sia de alta qualidade 12ft Pano especial English snooker incluido (vers\u00e3o snooker) Pano especial Piramide incluido (vers\u00e3o bilhar russo)","breadcrumb":{"@id":"https:\/\/theworldbilliards.com\/pt-pt\/produto\/bilhar-piramide-russo-snooker-ingles-saint-christophe-ii\/#breadcrumb"},"inLanguage":"pt-PT","potentialAction":[{"@type":"ReadAction","target":["https:\/\/theworldbilliards.com\/pt-pt\/produto\/bilhar-piramide-russo-snooker-ingles-saint-christophe-ii\/"]}]},{"@type":"ImageObject","inLanguage":"pt-PT","@id":"https:\/\/theworldbilliards.com\/pt-pt\/produto\/bilhar-piramide-russo-snooker-ingles-saint-christophe-ii\/#primaryimage","url":"https:\/\/theworldbilliards.com\/wp-content\/uploads\/2022\/06\/saint-christophe-snooker.png","contentUrl":"https:\/\/theworldbilliards.com\/wp-content\/uploads\/2022\/06\/saint-christophe-snooker.png","width":1583,"height":1583},{"@type":"BreadcrumbList","@id":"https:\/\/theworldbilliards.com\/pt-pt\/produto\/bilhar-piramide-russo-snooker-ingles-saint-christophe-ii\/#breadcrumb","itemListElement":[{"@type":"ListItem","position":1,"name":"In\u00edcio","item":"https:\/\/theworldbilliards.com\/pt-pt\/"},{"@type":"ListItem","position":2,"name":"Loja online","item":"https:\/\/theworldbilliards.com\/pt-pt\/loja-theworldbilliards\/"},{"@type":"ListItem","position":3,"name":"Bilhar Piramide Russo \/ Snooker Ingles Saint Christophe II"}]},{"@type":"WebSite","@id":"https:\/\/theworldbilliards.com\/pt-pt\/#website","url":"https:\/\/theworldbilliards.com\/pt-pt\/","name":"TheWorldBilliards","description":"Compre aqui bilhar, matraquilho, t\u00eanis de mesa e bowling","publisher":{"@id":"https:\/\/theworldbilliards.com\/pt-pt\/#organization"},"alternateName":"The world billiards","potentialAction":[{"@type":"SearchAction","target":{"@type":"EntryPoint","urlTemplate":"https:\/\/theworldbilliards.com\/pt-pt\/?s={search_term_string}"},"query-input":{"@type":"PropertyValueSpecification","valueRequired":true,"valueName":"search_term_string"}}],"inLanguage":"pt-PT"},{"@type":"Organization","@id":"https:\/\/theworldbilliards.com\/pt-pt\/#organization","name":"The World Billiards","alternateName":"The World Billiards","url":"https:\/\/theworldbilliards.com\/pt-pt\/","logo":{"@type":"ImageObject","inLanguage":"pt-PT","@id":"https:\/\/theworldbilliards.com\/pt-pt\/#\/schema\/logo\/image\/","url":"","contentUrl":"","caption":"The World Billiards"},"image":{"@id":"https:\/\/theworldbilliards.com\/pt-pt\/#\/schema\/logo\/image\/"},"sameAs":["https:\/\/www.facebook.com\/baby.foot.superbes","https:\/\/www.youtube.com\/channel\/UCIMuOVAaUcH6UpZcsZlH0Tg","https:\/\/www.facebook.com\/people\/Brunswick-Billiards-EspaaPortugal\/100066446264309\/","https:\/\/www.instagram.com\/the_world_billiards\/","https:\/\/www.pinterest.es\/Theworldbilliards\/"]}]}},"_links":{"self":[{"href":"https:\/\/theworldbilliards.com\/pt-pt\/wp-json\/wp\/v2\/product\/88971","targetHints":{"allow":["GET"]}}],"collection":[{"href":"https:\/\/theworldbilliards.com\/pt-pt\/wp-json\/wp\/v2\/product"}],"about":[{"href":"https:\/\/theworldbilliards.com\/pt-pt\/wp-json\/wp\/v2\/types\/product"}],"wp:featuredmedia":[{"embeddable":true,"href":"https:\/\/theworldbilliards.com\/pt-pt\/wp-json\/wp\/v2\/media\/89008"}],"wp:attachment":[{"href":"https:\/\/theworldbilliards.com\/pt-pt\/wp-json\/wp\/v2\/media?parent=88971"}],"wp:term":[{"taxonomy":"product_brand","embeddable":true,"href":"https:\/\/theworldbilliards.com\/pt-pt\/wp-json\/wp\/v2\/product_brand?post=88971"},{"taxonomy":"product_cat","embeddable":true,"href":"https:\/\/theworldbilliards.com\/pt-pt\/wp-json\/wp\/v2\/product_cat?post=88971"},{"taxonomy":"product_tag","embeddable":true,"href":"https:\/\/theworldbilliards.com\/pt-pt\/wp-json\/wp\/v2\/product_tag?post=88971"}],"curies":[{"name":"wp","href":"https:\/\/api.w.org\/{rel}","templated":true}]}}