{"id":92813,"date":"2023-06-28T11:58:03","date_gmt":"2023-06-28T09:58:03","guid":{"rendered":"https:\/\/theworldbilliards.com\/?post_type=product&#038;p=92813"},"modified":"2023-06-28T11:58:04","modified_gmt":"2023-06-28T09:58:04","slug":"balanco","status":"publish","type":"product","link":"https:\/\/theworldbilliards.com\/pt-pt\/produto\/balanco\/","title":{"rendered":"Balan\u00e7o"},"content":{"rendered":"<p>Ambos os assentos e al\u00e7as s\u00e3o feitos de pl\u00e1stico moldado de alta qualidade.<br \/>\nInclui pinos de aterramento para ancorar firmemente a gangorra no solo.<br \/>\nC\u00edrculo de giro de 360 graus.<br \/>\nC\u00edrculo de viragem 195 cm<br \/>\nm\u00e1x. peso recomendado do usu\u00e1rio 35 kg por assento<br \/>\nPeso m\u00e1ximo do usu\u00e1rio 70 kg<br \/>\nIdade recomendada A partir de 3 anos<br \/>\nCor Natural<br \/>\nCor de destaque Turquesa<br \/>\nMaterial Madeira<\/p>\n","protected":false},"excerpt":{"rendered":"<p>Ambos os assentos e al\u00e7as s\u00e3o feitos de pl\u00e1stico moldado de alta qualidade. Inclui pinos de aterramento para ancorar firmemente [&hellip;]<\/p>\n","protected":false},"featured_media":92814,"template":"","meta":{"site-sidebar-layout":"default","site-content-layout":"","ast-site-content-layout":"default","site-content-style":"default","site-sidebar-style":"default","ast-global-header-display":"","ast-banner-title-visibility":"","ast-main-header-display":"","ast-hfb-above-header-display":"","ast-hfb-below-header-display":"","ast-hfb-mobile-header-display":"","site-post-title":"","ast-breadcrumbs-content":"","ast-featured-img":"","footer-sml-layout":"","ast-disable-related-posts":"","theme-transparent-header-meta":"","adv-header-id-meta":"","stick-header-meta":"","header-above-stick-meta":"","header-main-stick-meta":"","header-below-stick-meta":"","astra-migrate-meta-layouts":"default","ast-page-background-enabled":"default","ast-page-background-meta":{"desktop":{"background-color":"var(--ast-global-color-4)","background-image":"","background-repeat":"repeat","background-position":"center center","background-size":"auto","background-attachment":"scroll","background-type":"","background-media":"","overlay-type":"","overlay-color":"","overlay-opacity":"","overlay-gradient":""},"tablet":{"background-color":"","background-image":"","background-repeat":"repeat","background-position":"center center","background-size":"auto","background-attachment":"scroll","background-type":"","background-media":"","overlay-type":"","overlay-color":"","overlay-opacity":"","overlay-gradient":""},"mobile":{"background-color":"","background-image":"","background-repeat":"repeat","background-position":"center center","background-size":"auto","background-attachment":"scroll","background-type":"","background-media":"","overlay-type":"","overlay-color":"","overlay-opacity":"","overlay-gradient":""}},"ast-content-background-meta":{"desktop":{"background-color":"var(--ast-global-color-5)","background-image":"","background-repeat":"repeat","background-position":"center center","background-size":"auto","background-attachment":"scroll","background-type":"","background-media":"","overlay-type":"","overlay-color":"","overlay-opacity":"","overlay-gradient":""},"tablet":{"background-color":"var(--ast-global-color-5)","background-image":"","background-repeat":"repeat","background-position":"center center","background-size":"auto","background-attachment":"scroll","background-type":"","background-media":"","overlay-type":"","overlay-color":"","overlay-opacity":"","overlay-gradient":""},"mobile":{"background-color":"var(--ast-global-color-5)","background-image":"","background-repeat":"repeat","background-position":"center center","background-size":"auto","background-attachment":"scroll","background-type":"","background-media":"","overlay-type":"","overlay-color":"","overlay-opacity":"","overlay-gradient":""}}},"product_brand":[],"product_cat":[3447],"product_tag":[],"class_list":{"0":"post-92813","1":"product","2":"type-product","3":"status-publish","4":"has-post-thumbnail","6":"product_cat-jogos-de-exterior","7":"product_shipping_class-acessorios","8":"desktop-align-center","9":"tablet-align-left","10":"mobile-align-left","12":"first","13":"instock","14":"taxable","15":"shipping-taxable","16":"purchasable","17":"product-type-simple"},"yoast_head":"<!-- This site is optimized with the Yoast SEO plugin v27.4 - https:\/\/yoast.com\/product\/yoast-seo-wordpress\/ -->\n<title>Balan\u00e7o - The World Billiards<\/title>\n<meta name=\"description\" content=\"Ambos os assentos e al\u00e7as s\u00e3o feitos de pl\u00e1stico moldado de alta qualidade. Inclui pinos de aterramento para ancorar firmemente a gangorra no solo. C\u00edrculo de giro de 360 graus. C\u00edrculo de viragem 195 cm m\u00e1x. peso recomendado do usu\u00e1rio 35 kg por assento Peso m\u00e1ximo do usu\u00e1rio 70 kg Idade recomendada A partir de 3 anos Cor Natural Cor de destaque Turquesa Material Madeira\" \/>\n<meta name=\"robots\" content=\"index, follow, max-snippet:-1, max-image-preview:large, max-video-preview:-1\" \/>\n<link rel=\"canonical\" href=\"https:\/\/theworldbilliards.com\/pt-pt\/produto\/balanco\/\" \/>\n<meta property=\"og:locale\" content=\"pt_PT\" \/>\n<meta property=\"og:type\" content=\"article\" \/>\n<meta property=\"og:title\" content=\"Balan\u00e7o - The World Billiards\" \/>\n<meta property=\"og:description\" content=\"Ambos os assentos e al\u00e7as s\u00e3o feitos de pl\u00e1stico moldado de alta qualidade. Inclui pinos de aterramento para ancorar firmemente a gangorra no solo. C\u00edrculo de giro de 360 graus. C\u00edrculo de viragem 195 cm m\u00e1x. peso recomendado do usu\u00e1rio 35 kg por assento Peso m\u00e1ximo do usu\u00e1rio 70 kg Idade recomendada A partir de 3 anos Cor Natural Cor de destaque Turquesa Material Madeira\" \/>\n<meta property=\"og:url\" content=\"https:\/\/theworldbilliards.com\/pt-pt\/produto\/balanco\/\" \/>\n<meta property=\"og:site_name\" content=\"The World Billiards\" \/>\n<meta property=\"article:publisher\" content=\"https:\/\/www.facebook.com\/baby.foot.superbes\" \/>\n<meta property=\"article:modified_time\" content=\"2023-06-28T09:58:04+00:00\" \/>\n<meta property=\"og:image\" content=\"https:\/\/theworldbilliards.com\/wp-content\/uploads\/2023\/06\/Balancin.jpg\" \/>\n\t<meta property=\"og:image:width\" content=\"700\" \/>\n\t<meta property=\"og:image:height\" content=\"700\" \/>\n\t<meta property=\"og:image:type\" content=\"image\/jpeg\" \/>\n<meta name=\"twitter:card\" content=\"summary_large_image\" \/>\n<meta name=\"twitter:label1\" content=\"Tempo estimado de leitura\" \/>\n\t<meta name=\"twitter:data1\" content=\"1 minuto\" \/>\n<script type=\"application\/ld+json\" class=\"yoast-schema-graph\">{\"@context\":\"https:\\\/\\\/schema.org\",\"@graph\":[{\"@type\":\"WebPage\",\"@id\":\"https:\\\/\\\/theworldbilliards.com\\\/pt-pt\\\/produto\\\/balanco\\\/\",\"url\":\"https:\\\/\\\/theworldbilliards.com\\\/pt-pt\\\/produto\\\/balanco\\\/\",\"name\":\"Balan\u00e7o - The World Billiards\",\"isPartOf\":{\"@id\":\"https:\\\/\\\/theworldbilliards.com\\\/pt-pt\\\/#website\"},\"primaryImageOfPage\":{\"@id\":\"https:\\\/\\\/theworldbilliards.com\\\/pt-pt\\\/produto\\\/balanco\\\/#primaryimage\"},\"image\":{\"@id\":\"https:\\\/\\\/theworldbilliards.com\\\/pt-pt\\\/produto\\\/balanco\\\/#primaryimage\"},\"thumbnailUrl\":\"https:\\\/\\\/theworldbilliards.com\\\/wp-content\\\/uploads\\\/2023\\\/06\\\/Balancin.jpg\",\"datePublished\":\"2023-06-28T09:58:03+00:00\",\"dateModified\":\"2023-06-28T09:58:04+00:00\",\"description\":\"Ambos os assentos e al\u00e7as s\u00e3o feitos de pl\u00e1stico moldado de alta qualidade. Inclui pinos de aterramento para ancorar firmemente a gangorra no solo. C\u00edrculo de giro de 360 graus. C\u00edrculo de viragem 195 cm m\u00e1x. peso recomendado do usu\u00e1rio 35 kg por assento Peso m\u00e1ximo do usu\u00e1rio 70 kg Idade recomendada A partir de 3 anos Cor Natural Cor de destaque Turquesa Material Madeira\",\"breadcrumb\":{\"@id\":\"https:\\\/\\\/theworldbilliards.com\\\/pt-pt\\\/produto\\\/balanco\\\/#breadcrumb\"},\"inLanguage\":\"pt-PT\",\"potentialAction\":[{\"@type\":\"ReadAction\",\"target\":[\"https:\\\/\\\/theworldbilliards.com\\\/pt-pt\\\/produto\\\/balanco\\\/\"]}]},{\"@type\":\"ImageObject\",\"inLanguage\":\"pt-PT\",\"@id\":\"https:\\\/\\\/theworldbilliards.com\\\/pt-pt\\\/produto\\\/balanco\\\/#primaryimage\",\"url\":\"https:\\\/\\\/theworldbilliards.com\\\/wp-content\\\/uploads\\\/2023\\\/06\\\/Balancin.jpg\",\"contentUrl\":\"https:\\\/\\\/theworldbilliards.com\\\/wp-content\\\/uploads\\\/2023\\\/06\\\/Balancin.jpg\",\"width\":700,\"height\":700},{\"@type\":\"BreadcrumbList\",\"@id\":\"https:\\\/\\\/theworldbilliards.com\\\/pt-pt\\\/produto\\\/balanco\\\/#breadcrumb\",\"itemListElement\":[{\"@type\":\"ListItem\",\"position\":1,\"name\":\"In\u00edcio\",\"item\":\"https:\\\/\\\/theworldbilliards.com\\\/pt-pt\\\/\"},{\"@type\":\"ListItem\",\"position\":2,\"name\":\"Loja online\",\"item\":\"https:\\\/\\\/theworldbilliards.com\\\/pt-pt\\\/loja-theworldbilliards\\\/\"},{\"@type\":\"ListItem\",\"position\":3,\"name\":\"Balan\u00e7o\"}]},{\"@type\":\"WebSite\",\"@id\":\"https:\\\/\\\/theworldbilliards.com\\\/pt-pt\\\/#website\",\"url\":\"https:\\\/\\\/theworldbilliards.com\\\/pt-pt\\\/\",\"name\":\"TheWorldBilliards\",\"description\":\"Compre aqui bilhar, matraquilho, t\u00eanis de mesa e bowling\",\"publisher\":{\"@id\":\"https:\\\/\\\/theworldbilliards.com\\\/pt-pt\\\/#organization\"},\"alternateName\":\"The world billiards\",\"potentialAction\":[{\"@type\":\"SearchAction\",\"target\":{\"@type\":\"EntryPoint\",\"urlTemplate\":\"https:\\\/\\\/theworldbilliards.com\\\/pt-pt\\\/?s={search_term_string}\"},\"query-input\":{\"@type\":\"PropertyValueSpecification\",\"valueRequired\":true,\"valueName\":\"search_term_string\"}}],\"inLanguage\":\"pt-PT\"},{\"@type\":\"Organization\",\"@id\":\"https:\\\/\\\/theworldbilliards.com\\\/pt-pt\\\/#organization\",\"name\":\"The World Billiards\",\"alternateName\":\"The World Billiards\",\"url\":\"https:\\\/\\\/theworldbilliards.com\\\/pt-pt\\\/\",\"logo\":{\"@type\":\"ImageObject\",\"inLanguage\":\"pt-PT\",\"@id\":\"https:\\\/\\\/theworldbilliards.com\\\/pt-pt\\\/#\\\/schema\\\/logo\\\/image\\\/\",\"url\":\"\",\"contentUrl\":\"\",\"caption\":\"The World Billiards\"},\"image\":{\"@id\":\"https:\\\/\\\/theworldbilliards.com\\\/pt-pt\\\/#\\\/schema\\\/logo\\\/image\\\/\"},\"sameAs\":[\"https:\\\/\\\/www.facebook.com\\\/baby.foot.superbes\",\"https:\\\/\\\/www.youtube.com\\\/channel\\\/UCIMuOVAaUcH6UpZcsZlH0Tg\",\"https:\\\/\\\/www.facebook.com\\\/people\\\/Brunswick-Billiards-EspaaPortugal\\\/100066446264309\\\/\",\"https:\\\/\\\/www.instagram.com\\\/the_world_billiards\\\/\",\"https:\\\/\\\/www.pinterest.es\\\/Theworldbilliards\\\/\"]}]}<\/script>\n<!-- \/ Yoast SEO plugin. -->","yoast_head_json":{"title":"Balan\u00e7o - The World Billiards","description":"Ambos os assentos e al\u00e7as s\u00e3o feitos de pl\u00e1stico moldado de alta qualidade. Inclui pinos de aterramento para ancorar firmemente a gangorra no solo. C\u00edrculo de giro de 360 graus. C\u00edrculo de viragem 195 cm m\u00e1x. peso recomendado do usu\u00e1rio 35 kg por assento Peso m\u00e1ximo do usu\u00e1rio 70 kg Idade recomendada A partir de 3 anos Cor Natural Cor de destaque Turquesa Material Madeira","robots":{"index":"index","follow":"follow","max-snippet":"max-snippet:-1","max-image-preview":"max-image-preview:large","max-video-preview":"max-video-preview:-1"},"canonical":"https:\/\/theworldbilliards.com\/pt-pt\/produto\/balanco\/","og_locale":"pt_PT","og_type":"article","og_title":"Balan\u00e7o - The World Billiards","og_description":"Ambos os assentos e al\u00e7as s\u00e3o feitos de pl\u00e1stico moldado de alta qualidade. Inclui pinos de aterramento para ancorar firmemente a gangorra no solo. C\u00edrculo de giro de 360 graus. C\u00edrculo de viragem 195 cm m\u00e1x. peso recomendado do usu\u00e1rio 35 kg por assento Peso m\u00e1ximo do usu\u00e1rio 70 kg Idade recomendada A partir de 3 anos Cor Natural Cor de destaque Turquesa Material Madeira","og_url":"https:\/\/theworldbilliards.com\/pt-pt\/produto\/balanco\/","og_site_name":"The World Billiards","article_publisher":"https:\/\/www.facebook.com\/baby.foot.superbes","article_modified_time":"2023-06-28T09:58:04+00:00","og_image":[{"width":700,"height":700,"url":"https:\/\/theworldbilliards.com\/wp-content\/uploads\/2023\/06\/Balancin.jpg","type":"image\/jpeg"}],"twitter_card":"summary_large_image","twitter_misc":{"Tempo estimado de leitura":"1 minuto"},"schema":{"@context":"https:\/\/schema.org","@graph":[{"@type":"WebPage","@id":"https:\/\/theworldbilliards.com\/pt-pt\/produto\/balanco\/","url":"https:\/\/theworldbilliards.com\/pt-pt\/produto\/balanco\/","name":"Balan\u00e7o - The World Billiards","isPartOf":{"@id":"https:\/\/theworldbilliards.com\/pt-pt\/#website"},"primaryImageOfPage":{"@id":"https:\/\/theworldbilliards.com\/pt-pt\/produto\/balanco\/#primaryimage"},"image":{"@id":"https:\/\/theworldbilliards.com\/pt-pt\/produto\/balanco\/#primaryimage"},"thumbnailUrl":"https:\/\/theworldbilliards.com\/wp-content\/uploads\/2023\/06\/Balancin.jpg","datePublished":"2023-06-28T09:58:03+00:00","dateModified":"2023-06-28T09:58:04+00:00","description":"Ambos os assentos e al\u00e7as s\u00e3o feitos de pl\u00e1stico moldado de alta qualidade. Inclui pinos de aterramento para ancorar firmemente a gangorra no solo. C\u00edrculo de giro de 360 graus. C\u00edrculo de viragem 195 cm m\u00e1x. peso recomendado do usu\u00e1rio 35 kg por assento Peso m\u00e1ximo do usu\u00e1rio 70 kg Idade recomendada A partir de 3 anos Cor Natural Cor de destaque Turquesa Material Madeira","breadcrumb":{"@id":"https:\/\/theworldbilliards.com\/pt-pt\/produto\/balanco\/#breadcrumb"},"inLanguage":"pt-PT","potentialAction":[{"@type":"ReadAction","target":["https:\/\/theworldbilliards.com\/pt-pt\/produto\/balanco\/"]}]},{"@type":"ImageObject","inLanguage":"pt-PT","@id":"https:\/\/theworldbilliards.com\/pt-pt\/produto\/balanco\/#primaryimage","url":"https:\/\/theworldbilliards.com\/wp-content\/uploads\/2023\/06\/Balancin.jpg","contentUrl":"https:\/\/theworldbilliards.com\/wp-content\/uploads\/2023\/06\/Balancin.jpg","width":700,"height":700},{"@type":"BreadcrumbList","@id":"https:\/\/theworldbilliards.com\/pt-pt\/produto\/balanco\/#breadcrumb","itemListElement":[{"@type":"ListItem","position":1,"name":"In\u00edcio","item":"https:\/\/theworldbilliards.com\/pt-pt\/"},{"@type":"ListItem","position":2,"name":"Loja online","item":"https:\/\/theworldbilliards.com\/pt-pt\/loja-theworldbilliards\/"},{"@type":"ListItem","position":3,"name":"Balan\u00e7o"}]},{"@type":"WebSite","@id":"https:\/\/theworldbilliards.com\/pt-pt\/#website","url":"https:\/\/theworldbilliards.com\/pt-pt\/","name":"TheWorldBilliards","description":"Compre aqui bilhar, matraquilho, t\u00eanis de mesa e bowling","publisher":{"@id":"https:\/\/theworldbilliards.com\/pt-pt\/#organization"},"alternateName":"The world billiards","potentialAction":[{"@type":"SearchAction","target":{"@type":"EntryPoint","urlTemplate":"https:\/\/theworldbilliards.com\/pt-pt\/?s={search_term_string}"},"query-input":{"@type":"PropertyValueSpecification","valueRequired":true,"valueName":"search_term_string"}}],"inLanguage":"pt-PT"},{"@type":"Organization","@id":"https:\/\/theworldbilliards.com\/pt-pt\/#organization","name":"The World Billiards","alternateName":"The World Billiards","url":"https:\/\/theworldbilliards.com\/pt-pt\/","logo":{"@type":"ImageObject","inLanguage":"pt-PT","@id":"https:\/\/theworldbilliards.com\/pt-pt\/#\/schema\/logo\/image\/","url":"","contentUrl":"","caption":"The World Billiards"},"image":{"@id":"https:\/\/theworldbilliards.com\/pt-pt\/#\/schema\/logo\/image\/"},"sameAs":["https:\/\/www.facebook.com\/baby.foot.superbes","https:\/\/www.youtube.com\/channel\/UCIMuOVAaUcH6UpZcsZlH0Tg","https:\/\/www.facebook.com\/people\/Brunswick-Billiards-EspaaPortugal\/100066446264309\/","https:\/\/www.instagram.com\/the_world_billiards\/","https:\/\/www.pinterest.es\/Theworldbilliards\/"]}]}},"_links":{"self":[{"href":"https:\/\/theworldbilliards.com\/pt-pt\/wp-json\/wp\/v2\/product\/92813","targetHints":{"allow":["GET"]}}],"collection":[{"href":"https:\/\/theworldbilliards.com\/pt-pt\/wp-json\/wp\/v2\/product"}],"about":[{"href":"https:\/\/theworldbilliards.com\/pt-pt\/wp-json\/wp\/v2\/types\/product"}],"wp:featuredmedia":[{"embeddable":true,"href":"https:\/\/theworldbilliards.com\/pt-pt\/wp-json\/wp\/v2\/media\/92814"}],"wp:attachment":[{"href":"https:\/\/theworldbilliards.com\/pt-pt\/wp-json\/wp\/v2\/media?parent=92813"}],"wp:term":[{"taxonomy":"product_brand","embeddable":true,"href":"https:\/\/theworldbilliards.com\/pt-pt\/wp-json\/wp\/v2\/product_brand?post=92813"},{"taxonomy":"product_cat","embeddable":true,"href":"https:\/\/theworldbilliards.com\/pt-pt\/wp-json\/wp\/v2\/product_cat?post=92813"},{"taxonomy":"product_tag","embeddable":true,"href":"https:\/\/theworldbilliards.com\/pt-pt\/wp-json\/wp\/v2\/product_tag?post=92813"}],"curies":[{"name":"wp","href":"https:\/\/api.w.org\/{rel}","templated":true}]}}