{"id":95669,"date":"2023-12-07T12:24:56","date_gmt":"2023-12-07T11:24:56","guid":{"rendered":"https:\/\/theworldbilliards.com\/?post_type=product&#038;p=95669"},"modified":"2025-01-27T12:16:42","modified_gmt":"2025-01-27T11:16:42","slug":"pano-de-bilhar-z9","status":"publish","type":"product","link":"https:\/\/theworldbilliards.com\/pt-pt\/produto\/pano-de-bilhar-z9\/","title":{"rendered":"Pano de bilhar Z9"},"content":{"rendered":"<p>Z9 BilliardCloth\u00ae \u00e9 o pano de bilhar moderno e sofisticado fabricado na Alemanha. Desde 1998, \u00e9 desenvolvido e fabricado na Alemanha com fios e acabamentos especiais. Este produto de qualidade impressiona pela sua rela\u00e7\u00e3o pre\u00e7o-desempenho imbat\u00edvel. O objetivo \u00e9 desenvolver constantemente o Z9 BilliardCloth\u00ae e adapt\u00e1-lo \u00e0s necessidades dos jogadores de bilhar atuais. Este tecido moderno, dur\u00e1vel e de alta qualidade atende \u00e0s exig\u00eancias do ambicioso desportista de bilhar. Corresponde \u00e0 procura de uma \u00f3tima jogabilidade, mantendo a longevidade.<br \/>\nCaracter\u00edsticas do Z9 BilliardCloth\u00ae:<br \/>\n\u2022 Dur\u00e1vel (dura mais que o dobro do tecido do l\u00edder de mercado)<br \/>\n\u2022 Comportamento adesivo ideal<br \/>\n\u2022 Caracter\u00edsticas uniformes de funcionamento<br \/>\n\u2022 Baixa manuten\u00e7\u00e3o<br \/>\n\u2022 Renderiza\u00e7\u00e3o de cores reais<br \/>\n\u2022 Tecido muito dur\u00e1vel de fio de pente (740g\/rm)<br \/>\n\u2022 80 l\u00e3\/20 n\u00e1ilon<br \/>\n\u2022 Fabricado na Alemanha (DIN 9001)<\/p>\n<p>Como a largura real dos rolos de tecido Z9 \u00e9 de 170 cm e o tecido Z9 \u00e9 agradavelmente el\u00e1stico, tamb\u00e9m \u00e9 muito f\u00e1cil de montar em mesas de bilhar de 10 p\u00e9s<\/p>\n<p>Pre\u00e7o por metro<\/p>\n","protected":false},"excerpt":{"rendered":"<p>Z9 BilliardCloth\u00ae \u00e9 o pano de bilhar moderno e sofisticado fabricado na Alemanha. Desde 1998, \u00e9 desenvolvido e fabricado na [&hellip;]<\/p>\n","protected":false},"featured_media":95679,"template":"","meta":{"site-sidebar-layout":"default","site-content-layout":"","ast-site-content-layout":"default","site-content-style":"default","site-sidebar-style":"default","ast-global-header-display":"","ast-banner-title-visibility":"","ast-main-header-display":"","ast-hfb-above-header-display":"","ast-hfb-below-header-display":"","ast-hfb-mobile-header-display":"","site-post-title":"","ast-breadcrumbs-content":"","ast-featured-img":"","footer-sml-layout":"","ast-disable-related-posts":"","theme-transparent-header-meta":"default","adv-header-id-meta":"","stick-header-meta":"","header-above-stick-meta":"","header-main-stick-meta":"","header-below-stick-meta":"","astra-migrate-meta-layouts":"default","ast-page-background-enabled":"default","ast-page-background-meta":{"desktop":{"background-color":"var(--ast-global-color-4)","background-image":"","background-repeat":"repeat","background-position":"center center","background-size":"auto","background-attachment":"scroll","background-type":"","background-media":"","overlay-type":"","overlay-color":"","overlay-opacity":"","overlay-gradient":""},"tablet":{"background-color":"","background-image":"","background-repeat":"repeat","background-position":"center center","background-size":"auto","background-attachment":"scroll","background-type":"","background-media":"","overlay-type":"","overlay-color":"","overlay-opacity":"","overlay-gradient":""},"mobile":{"background-color":"","background-image":"","background-repeat":"repeat","background-position":"center center","background-size":"auto","background-attachment":"scroll","background-type":"","background-media":"","overlay-type":"","overlay-color":"","overlay-opacity":"","overlay-gradient":""}},"ast-content-background-meta":{"desktop":{"background-color":"var(--ast-global-color-5)","background-image":"","background-repeat":"repeat","background-position":"center center","background-size":"auto","background-attachment":"scroll","background-type":"","background-media":"","overlay-type":"","overlay-color":"","overlay-opacity":"","overlay-gradient":""},"tablet":{"background-color":"var(--ast-global-color-5)","background-image":"","background-repeat":"repeat","background-position":"center center","background-size":"auto","background-attachment":"scroll","background-type":"","background-media":"","overlay-type":"","overlay-color":"","overlay-opacity":"","overlay-gradient":""},"mobile":{"background-color":"var(--ast-global-color-5)","background-image":"","background-repeat":"repeat","background-position":"center center","background-size":"auto","background-attachment":"scroll","background-type":"","background-media":"","overlay-type":"","overlay-color":"","overlay-opacity":"","overlay-gradient":""}}},"product_brand":[5243],"product_cat":[1157],"product_tag":[],"class_list":{"0":"post-95669","1":"product","2":"type-product","3":"status-publish","4":"has-post-thumbnail","6":"product_brand-z9-billiardcloth-pt-pt","7":"product_cat-pano-de-bilhar","8":"product_shipping_class-acessorios-texido","9":"desktop-align-center","10":"tablet-align-left","11":"mobile-align-left","13":"first","14":"instock","15":"taxable","16":"shipping-taxable","17":"product-type-simple"},"yoast_head":"<!-- This site is optimized with the Yoast SEO plugin v27.4 - https:\/\/yoast.com\/product\/yoast-seo-wordpress\/ -->\n<title>Pano de bilhar Z9 - The World Billiards<\/title>\n<meta name=\"description\" content=\"Z9 BilliardCloth\u00ae \u00e9 o pano de bilhar moderno e sofisticado fabricado na Alemanha. Desde 1998, \u00e9 desenvolvido e fabricado na Alemanha com fios e acabamentos especiais. Este produto de qualidade impressiona pela sua rela\u00e7\u00e3o pre\u00e7o-desempenho imbat\u00edvel. O objetivo \u00e9 desenvolver constantemente o Z9 BilliardCloth\u00ae e adapt\u00e1-lo \u00e0s necessidades dos jogadores de bilhar atuais. Este tecido moderno, dur\u00e1vel e de alta qualidade atende \u00e0s exig\u00eancias do ambicioso desportista de bilhar. Corresponde \u00e0 procura de uma \u00f3tima jogabilidade, mantendo a longevidade. Caracter\u00edsticas do Z9 BilliardCloth\u00ae: \u2022 Dur\u00e1vel (dura mais que o dobro do tecido do l\u00edder de mercado) \u2022 Comportamento adesivo ideal \u2022 Caracter\u00edsticas uniformes de funcionamento \u2022 Baixa manuten\u00e7\u00e3o \u2022 Renderiza\u00e7\u00e3o de cores reais \u2022 Tecido muito dur\u00e1vel de fio de pente (740g\/rm) \u2022 80 l\u00e3\/20 n\u00e1ilon \u2022 Fabricado na Alemanha (DIN 9001)  Como a largura real dos rolos de tecido Z9 \u00e9 de 170 cm e o tecido Z9 \u00e9 agradavelmente el\u00e1stico, tamb\u00e9m \u00e9 muito f\u00e1cil de montar em mesas de bilhar de 10 p\u00e9s  Pre\u00e7o por metro\" \/>\n<meta name=\"robots\" content=\"index, follow, max-snippet:-1, max-image-preview:large, max-video-preview:-1\" \/>\n<link rel=\"canonical\" href=\"https:\/\/theworldbilliards.com\/pt-pt\/produto\/pano-de-bilhar-z9\/\" \/>\n<meta property=\"og:locale\" content=\"pt_PT\" \/>\n<meta property=\"og:type\" content=\"article\" \/>\n<meta property=\"og:title\" content=\"Pano de bilhar Z9 - The World Billiards\" \/>\n<meta property=\"og:description\" content=\"Z9 BilliardCloth\u00ae \u00e9 o pano de bilhar moderno e sofisticado fabricado na Alemanha. Desde 1998, \u00e9 desenvolvido e fabricado na Alemanha com fios e acabamentos especiais. Este produto de qualidade impressiona pela sua rela\u00e7\u00e3o pre\u00e7o-desempenho imbat\u00edvel. O objetivo \u00e9 desenvolver constantemente o Z9 BilliardCloth\u00ae e adapt\u00e1-lo \u00e0s necessidades dos jogadores de bilhar atuais. Este tecido moderno, dur\u00e1vel e de alta qualidade atende \u00e0s exig\u00eancias do ambicioso desportista de bilhar. Corresponde \u00e0 procura de uma \u00f3tima jogabilidade, mantendo a longevidade. Caracter\u00edsticas do Z9 BilliardCloth\u00ae: \u2022 Dur\u00e1vel (dura mais que o dobro do tecido do l\u00edder de mercado) \u2022 Comportamento adesivo ideal \u2022 Caracter\u00edsticas uniformes de funcionamento \u2022 Baixa manuten\u00e7\u00e3o \u2022 Renderiza\u00e7\u00e3o de cores reais \u2022 Tecido muito dur\u00e1vel de fio de pente (740g\/rm) \u2022 80 l\u00e3\/20 n\u00e1ilon \u2022 Fabricado na Alemanha (DIN 9001)  Como a largura real dos rolos de tecido Z9 \u00e9 de 170 cm e o tecido Z9 \u00e9 agradavelmente el\u00e1stico, tamb\u00e9m \u00e9 muito f\u00e1cil de montar em mesas de bilhar de 10 p\u00e9s  Pre\u00e7o por metro\" \/>\n<meta property=\"og:url\" content=\"https:\/\/theworldbilliards.com\/pt-pt\/produto\/pano-de-bilhar-z9\/\" \/>\n<meta property=\"og:site_name\" content=\"The World Billiards\" \/>\n<meta property=\"article:publisher\" content=\"https:\/\/www.facebook.com\/baby.foot.superbes\" \/>\n<meta property=\"article:modified_time\" content=\"2025-01-27T11:16:42+00:00\" \/>\n<meta property=\"og:image\" content=\"https:\/\/theworldbilliards.com\/wp-content\/uploads\/2023\/12\/Logo-z9-1-scaled-e1701948672987.jpg\" \/>\n\t<meta property=\"og:image:width\" content=\"1000\" \/>\n\t<meta property=\"og:image:height\" content=\"976\" \/>\n\t<meta property=\"og:image:type\" content=\"image\/jpeg\" \/>\n<meta name=\"twitter:card\" content=\"summary_large_image\" \/>\n<script type=\"application\/ld+json\" class=\"yoast-schema-graph\">{\"@context\":\"https:\\\/\\\/schema.org\",\"@graph\":[{\"@type\":\"WebPage\",\"@id\":\"https:\\\/\\\/theworldbilliards.com\\\/pt-pt\\\/produto\\\/pano-de-bilhar-z9\\\/\",\"url\":\"https:\\\/\\\/theworldbilliards.com\\\/pt-pt\\\/produto\\\/pano-de-bilhar-z9\\\/\",\"name\":\"Pano de bilhar Z9 - The World Billiards\",\"isPartOf\":{\"@id\":\"https:\\\/\\\/theworldbilliards.com\\\/pt-pt\\\/#website\"},\"primaryImageOfPage\":{\"@id\":\"https:\\\/\\\/theworldbilliards.com\\\/pt-pt\\\/produto\\\/pano-de-bilhar-z9\\\/#primaryimage\"},\"image\":{\"@id\":\"https:\\\/\\\/theworldbilliards.com\\\/pt-pt\\\/produto\\\/pano-de-bilhar-z9\\\/#primaryimage\"},\"thumbnailUrl\":\"https:\\\/\\\/theworldbilliards.com\\\/wp-content\\\/uploads\\\/2023\\\/12\\\/Logo-z9-1-scaled-e1701948672987.jpg\",\"datePublished\":\"2023-12-07T11:24:56+00:00\",\"dateModified\":\"2025-01-27T11:16:42+00:00\",\"description\":\"Z9 BilliardCloth\u00ae \u00e9 o pano de bilhar moderno e sofisticado fabricado na Alemanha. Desde 1998, \u00e9 desenvolvido e fabricado na Alemanha com fios e acabamentos especiais. Este produto de qualidade impressiona pela sua rela\u00e7\u00e3o pre\u00e7o-desempenho imbat\u00edvel. O objetivo \u00e9 desenvolver constantemente o Z9 BilliardCloth\u00ae e adapt\u00e1-lo \u00e0s necessidades dos jogadores de bilhar atuais. Este tecido moderno, dur\u00e1vel e de alta qualidade atende \u00e0s exig\u00eancias do ambicioso desportista de bilhar. Corresponde \u00e0 procura de uma \u00f3tima jogabilidade, mantendo a longevidade. Caracter\u00edsticas do Z9 BilliardCloth\u00ae: \u2022 Dur\u00e1vel (dura mais que o dobro do tecido do l\u00edder de mercado) \u2022 Comportamento adesivo ideal \u2022 Caracter\u00edsticas uniformes de funcionamento \u2022 Baixa manuten\u00e7\u00e3o \u2022 Renderiza\u00e7\u00e3o de cores reais \u2022 Tecido muito dur\u00e1vel de fio de pente (740g\\\/rm) \u2022 80 l\u00e3\\\/20 n\u00e1ilon \u2022 Fabricado na Alemanha (DIN 9001) Como a largura real dos rolos de tecido Z9 \u00e9 de 170 cm e o tecido Z9 \u00e9 agradavelmente el\u00e1stico, tamb\u00e9m \u00e9 muito f\u00e1cil de montar em mesas de bilhar de 10 p\u00e9s Pre\u00e7o por metro\",\"breadcrumb\":{\"@id\":\"https:\\\/\\\/theworldbilliards.com\\\/pt-pt\\\/produto\\\/pano-de-bilhar-z9\\\/#breadcrumb\"},\"inLanguage\":\"pt-PT\",\"potentialAction\":[{\"@type\":\"ReadAction\",\"target\":[\"https:\\\/\\\/theworldbilliards.com\\\/pt-pt\\\/produto\\\/pano-de-bilhar-z9\\\/\"]}]},{\"@type\":\"ImageObject\",\"inLanguage\":\"pt-PT\",\"@id\":\"https:\\\/\\\/theworldbilliards.com\\\/pt-pt\\\/produto\\\/pano-de-bilhar-z9\\\/#primaryimage\",\"url\":\"https:\\\/\\\/theworldbilliards.com\\\/wp-content\\\/uploads\\\/2023\\\/12\\\/Logo-z9-1-scaled-e1701948672987.jpg\",\"contentUrl\":\"https:\\\/\\\/theworldbilliards.com\\\/wp-content\\\/uploads\\\/2023\\\/12\\\/Logo-z9-1-scaled-e1701948672987.jpg\",\"width\":1000,\"height\":976},{\"@type\":\"BreadcrumbList\",\"@id\":\"https:\\\/\\\/theworldbilliards.com\\\/pt-pt\\\/produto\\\/pano-de-bilhar-z9\\\/#breadcrumb\",\"itemListElement\":[{\"@type\":\"ListItem\",\"position\":1,\"name\":\"In\u00edcio\",\"item\":\"https:\\\/\\\/theworldbilliards.com\\\/pt-pt\\\/\"},{\"@type\":\"ListItem\",\"position\":2,\"name\":\"Loja online\",\"item\":\"https:\\\/\\\/theworldbilliards.com\\\/pt-pt\\\/loja-theworldbilliards\\\/\"},{\"@type\":\"ListItem\",\"position\":3,\"name\":\"Pano de bilhar Z9\"}]},{\"@type\":\"WebSite\",\"@id\":\"https:\\\/\\\/theworldbilliards.com\\\/pt-pt\\\/#website\",\"url\":\"https:\\\/\\\/theworldbilliards.com\\\/pt-pt\\\/\",\"name\":\"TheWorldBilliards\",\"description\":\"Compre aqui bilhar, matraquilho, t\u00eanis de mesa e bowling\",\"publisher\":{\"@id\":\"https:\\\/\\\/theworldbilliards.com\\\/pt-pt\\\/#organization\"},\"alternateName\":\"The world billiards\",\"potentialAction\":[{\"@type\":\"SearchAction\",\"target\":{\"@type\":\"EntryPoint\",\"urlTemplate\":\"https:\\\/\\\/theworldbilliards.com\\\/pt-pt\\\/?s={search_term_string}\"},\"query-input\":{\"@type\":\"PropertyValueSpecification\",\"valueRequired\":true,\"valueName\":\"search_term_string\"}}],\"inLanguage\":\"pt-PT\"},{\"@type\":\"Organization\",\"@id\":\"https:\\\/\\\/theworldbilliards.com\\\/pt-pt\\\/#organization\",\"name\":\"The World Billiards\",\"alternateName\":\"The World Billiards\",\"url\":\"https:\\\/\\\/theworldbilliards.com\\\/pt-pt\\\/\",\"logo\":{\"@type\":\"ImageObject\",\"inLanguage\":\"pt-PT\",\"@id\":\"https:\\\/\\\/theworldbilliards.com\\\/pt-pt\\\/#\\\/schema\\\/logo\\\/image\\\/\",\"url\":\"\",\"contentUrl\":\"\",\"caption\":\"The World Billiards\"},\"image\":{\"@id\":\"https:\\\/\\\/theworldbilliards.com\\\/pt-pt\\\/#\\\/schema\\\/logo\\\/image\\\/\"},\"sameAs\":[\"https:\\\/\\\/www.facebook.com\\\/baby.foot.superbes\",\"https:\\\/\\\/www.youtube.com\\\/channel\\\/UCIMuOVAaUcH6UpZcsZlH0Tg\",\"https:\\\/\\\/www.facebook.com\\\/people\\\/Brunswick-Billiards-EspaaPortugal\\\/100066446264309\\\/\",\"https:\\\/\\\/www.instagram.com\\\/the_world_billiards\\\/\",\"https:\\\/\\\/www.pinterest.es\\\/Theworldbilliards\\\/\"]}]}<\/script>\n<!-- \/ Yoast SEO plugin. -->","yoast_head_json":{"title":"Pano de bilhar Z9 - The World Billiards","description":"Z9 BilliardCloth\u00ae \u00e9 o pano de bilhar moderno e sofisticado fabricado na Alemanha. Desde 1998, \u00e9 desenvolvido e fabricado na Alemanha com fios e acabamentos especiais. Este produto de qualidade impressiona pela sua rela\u00e7\u00e3o pre\u00e7o-desempenho imbat\u00edvel. O objetivo \u00e9 desenvolver constantemente o Z9 BilliardCloth\u00ae e adapt\u00e1-lo \u00e0s necessidades dos jogadores de bilhar atuais. Este tecido moderno, dur\u00e1vel e de alta qualidade atende \u00e0s exig\u00eancias do ambicioso desportista de bilhar. Corresponde \u00e0 procura de uma \u00f3tima jogabilidade, mantendo a longevidade. Caracter\u00edsticas do Z9 BilliardCloth\u00ae: \u2022 Dur\u00e1vel (dura mais que o dobro do tecido do l\u00edder de mercado) \u2022 Comportamento adesivo ideal \u2022 Caracter\u00edsticas uniformes de funcionamento \u2022 Baixa manuten\u00e7\u00e3o \u2022 Renderiza\u00e7\u00e3o de cores reais \u2022 Tecido muito dur\u00e1vel de fio de pente (740g\/rm) \u2022 80 l\u00e3\/20 n\u00e1ilon \u2022 Fabricado na Alemanha (DIN 9001)  Como a largura real dos rolos de tecido Z9 \u00e9 de 170 cm e o tecido Z9 \u00e9 agradavelmente el\u00e1stico, tamb\u00e9m \u00e9 muito f\u00e1cil de montar em mesas de bilhar de 10 p\u00e9s  Pre\u00e7o por metro","robots":{"index":"index","follow":"follow","max-snippet":"max-snippet:-1","max-image-preview":"max-image-preview:large","max-video-preview":"max-video-preview:-1"},"canonical":"https:\/\/theworldbilliards.com\/pt-pt\/produto\/pano-de-bilhar-z9\/","og_locale":"pt_PT","og_type":"article","og_title":"Pano de bilhar Z9 - The World Billiards","og_description":"Z9 BilliardCloth\u00ae \u00e9 o pano de bilhar moderno e sofisticado fabricado na Alemanha. Desde 1998, \u00e9 desenvolvido e fabricado na Alemanha com fios e acabamentos especiais. Este produto de qualidade impressiona pela sua rela\u00e7\u00e3o pre\u00e7o-desempenho imbat\u00edvel. O objetivo \u00e9 desenvolver constantemente o Z9 BilliardCloth\u00ae e adapt\u00e1-lo \u00e0s necessidades dos jogadores de bilhar atuais. Este tecido moderno, dur\u00e1vel e de alta qualidade atende \u00e0s exig\u00eancias do ambicioso desportista de bilhar. Corresponde \u00e0 procura de uma \u00f3tima jogabilidade, mantendo a longevidade. Caracter\u00edsticas do Z9 BilliardCloth\u00ae: \u2022 Dur\u00e1vel (dura mais que o dobro do tecido do l\u00edder de mercado) \u2022 Comportamento adesivo ideal \u2022 Caracter\u00edsticas uniformes de funcionamento \u2022 Baixa manuten\u00e7\u00e3o \u2022 Renderiza\u00e7\u00e3o de cores reais \u2022 Tecido muito dur\u00e1vel de fio de pente (740g\/rm) \u2022 80 l\u00e3\/20 n\u00e1ilon \u2022 Fabricado na Alemanha (DIN 9001)  Como a largura real dos rolos de tecido Z9 \u00e9 de 170 cm e o tecido Z9 \u00e9 agradavelmente el\u00e1stico, tamb\u00e9m \u00e9 muito f\u00e1cil de montar em mesas de bilhar de 10 p\u00e9s  Pre\u00e7o por metro","og_url":"https:\/\/theworldbilliards.com\/pt-pt\/produto\/pano-de-bilhar-z9\/","og_site_name":"The World Billiards","article_publisher":"https:\/\/www.facebook.com\/baby.foot.superbes","article_modified_time":"2025-01-27T11:16:42+00:00","og_image":[{"width":1000,"height":976,"url":"https:\/\/theworldbilliards.com\/wp-content\/uploads\/2023\/12\/Logo-z9-1-scaled-e1701948672987.jpg","type":"image\/jpeg"}],"twitter_card":"summary_large_image","schema":{"@context":"https:\/\/schema.org","@graph":[{"@type":"WebPage","@id":"https:\/\/theworldbilliards.com\/pt-pt\/produto\/pano-de-bilhar-z9\/","url":"https:\/\/theworldbilliards.com\/pt-pt\/produto\/pano-de-bilhar-z9\/","name":"Pano de bilhar Z9 - The World Billiards","isPartOf":{"@id":"https:\/\/theworldbilliards.com\/pt-pt\/#website"},"primaryImageOfPage":{"@id":"https:\/\/theworldbilliards.com\/pt-pt\/produto\/pano-de-bilhar-z9\/#primaryimage"},"image":{"@id":"https:\/\/theworldbilliards.com\/pt-pt\/produto\/pano-de-bilhar-z9\/#primaryimage"},"thumbnailUrl":"https:\/\/theworldbilliards.com\/wp-content\/uploads\/2023\/12\/Logo-z9-1-scaled-e1701948672987.jpg","datePublished":"2023-12-07T11:24:56+00:00","dateModified":"2025-01-27T11:16:42+00:00","description":"Z9 BilliardCloth\u00ae \u00e9 o pano de bilhar moderno e sofisticado fabricado na Alemanha. Desde 1998, \u00e9 desenvolvido e fabricado na Alemanha com fios e acabamentos especiais. Este produto de qualidade impressiona pela sua rela\u00e7\u00e3o pre\u00e7o-desempenho imbat\u00edvel. O objetivo \u00e9 desenvolver constantemente o Z9 BilliardCloth\u00ae e adapt\u00e1-lo \u00e0s necessidades dos jogadores de bilhar atuais. Este tecido moderno, dur\u00e1vel e de alta qualidade atende \u00e0s exig\u00eancias do ambicioso desportista de bilhar. Corresponde \u00e0 procura de uma \u00f3tima jogabilidade, mantendo a longevidade. Caracter\u00edsticas do Z9 BilliardCloth\u00ae: \u2022 Dur\u00e1vel (dura mais que o dobro do tecido do l\u00edder de mercado) \u2022 Comportamento adesivo ideal \u2022 Caracter\u00edsticas uniformes de funcionamento \u2022 Baixa manuten\u00e7\u00e3o \u2022 Renderiza\u00e7\u00e3o de cores reais \u2022 Tecido muito dur\u00e1vel de fio de pente (740g\/rm) \u2022 80 l\u00e3\/20 n\u00e1ilon \u2022 Fabricado na Alemanha (DIN 9001) Como a largura real dos rolos de tecido Z9 \u00e9 de 170 cm e o tecido Z9 \u00e9 agradavelmente el\u00e1stico, tamb\u00e9m \u00e9 muito f\u00e1cil de montar em mesas de bilhar de 10 p\u00e9s Pre\u00e7o por metro","breadcrumb":{"@id":"https:\/\/theworldbilliards.com\/pt-pt\/produto\/pano-de-bilhar-z9\/#breadcrumb"},"inLanguage":"pt-PT","potentialAction":[{"@type":"ReadAction","target":["https:\/\/theworldbilliards.com\/pt-pt\/produto\/pano-de-bilhar-z9\/"]}]},{"@type":"ImageObject","inLanguage":"pt-PT","@id":"https:\/\/theworldbilliards.com\/pt-pt\/produto\/pano-de-bilhar-z9\/#primaryimage","url":"https:\/\/theworldbilliards.com\/wp-content\/uploads\/2023\/12\/Logo-z9-1-scaled-e1701948672987.jpg","contentUrl":"https:\/\/theworldbilliards.com\/wp-content\/uploads\/2023\/12\/Logo-z9-1-scaled-e1701948672987.jpg","width":1000,"height":976},{"@type":"BreadcrumbList","@id":"https:\/\/theworldbilliards.com\/pt-pt\/produto\/pano-de-bilhar-z9\/#breadcrumb","itemListElement":[{"@type":"ListItem","position":1,"name":"In\u00edcio","item":"https:\/\/theworldbilliards.com\/pt-pt\/"},{"@type":"ListItem","position":2,"name":"Loja online","item":"https:\/\/theworldbilliards.com\/pt-pt\/loja-theworldbilliards\/"},{"@type":"ListItem","position":3,"name":"Pano de bilhar Z9"}]},{"@type":"WebSite","@id":"https:\/\/theworldbilliards.com\/pt-pt\/#website","url":"https:\/\/theworldbilliards.com\/pt-pt\/","name":"TheWorldBilliards","description":"Compre aqui bilhar, matraquilho, t\u00eanis de mesa e bowling","publisher":{"@id":"https:\/\/theworldbilliards.com\/pt-pt\/#organization"},"alternateName":"The world billiards","potentialAction":[{"@type":"SearchAction","target":{"@type":"EntryPoint","urlTemplate":"https:\/\/theworldbilliards.com\/pt-pt\/?s={search_term_string}"},"query-input":{"@type":"PropertyValueSpecification","valueRequired":true,"valueName":"search_term_string"}}],"inLanguage":"pt-PT"},{"@type":"Organization","@id":"https:\/\/theworldbilliards.com\/pt-pt\/#organization","name":"The World Billiards","alternateName":"The World Billiards","url":"https:\/\/theworldbilliards.com\/pt-pt\/","logo":{"@type":"ImageObject","inLanguage":"pt-PT","@id":"https:\/\/theworldbilliards.com\/pt-pt\/#\/schema\/logo\/image\/","url":"","contentUrl":"","caption":"The World Billiards"},"image":{"@id":"https:\/\/theworldbilliards.com\/pt-pt\/#\/schema\/logo\/image\/"},"sameAs":["https:\/\/www.facebook.com\/baby.foot.superbes","https:\/\/www.youtube.com\/channel\/UCIMuOVAaUcH6UpZcsZlH0Tg","https:\/\/www.facebook.com\/people\/Brunswick-Billiards-EspaaPortugal\/100066446264309\/","https:\/\/www.instagram.com\/the_world_billiards\/","https:\/\/www.pinterest.es\/Theworldbilliards\/"]}]}},"_links":{"self":[{"href":"https:\/\/theworldbilliards.com\/pt-pt\/wp-json\/wp\/v2\/product\/95669","targetHints":{"allow":["GET"]}}],"collection":[{"href":"https:\/\/theworldbilliards.com\/pt-pt\/wp-json\/wp\/v2\/product"}],"about":[{"href":"https:\/\/theworldbilliards.com\/pt-pt\/wp-json\/wp\/v2\/types\/product"}],"wp:featuredmedia":[{"embeddable":true,"href":"https:\/\/theworldbilliards.com\/pt-pt\/wp-json\/wp\/v2\/media\/95679"}],"wp:attachment":[{"href":"https:\/\/theworldbilliards.com\/pt-pt\/wp-json\/wp\/v2\/media?parent=95669"}],"wp:term":[{"taxonomy":"product_brand","embeddable":true,"href":"https:\/\/theworldbilliards.com\/pt-pt\/wp-json\/wp\/v2\/product_brand?post=95669"},{"taxonomy":"product_cat","embeddable":true,"href":"https:\/\/theworldbilliards.com\/pt-pt\/wp-json\/wp\/v2\/product_cat?post=95669"},{"taxonomy":"product_tag","embeddable":true,"href":"https:\/\/theworldbilliards.com\/pt-pt\/wp-json\/wp\/v2\/product_tag?post=95669"}],"curies":[{"name":"wp","href":"https:\/\/api.w.org\/{rel}","templated":true}]}}